{"id":57428,"date":"2015-12-02T09:11:09","date_gmt":"2015-12-02T08:11:09","guid":{"rendered":"https:\/\/beta-site.mopinion.com\/management\/"},"modified":"2026-04-07T09:44:33","modified_gmt":"2026-04-07T08:44:33","slug":"management","status":"publish","type":"page","link":"https:\/\/mopinion.com\/de\/kompanie\/management\/","title":{"rendered":"Management"},"content":{"rendered":"<section class=\"header-light\">\n<div class=\"container-lg\">\n<div class=\"row align-items-center\">\n<div class=\"col-10 mx-auto col-md-5 col-lg-6 xs-mb-40 header-text-container-top__new\">\n<div class=\"header-text-content-top__new text-center text-md-start\">\n<h1>Management<\/h1>\n<h3 class=\"xs-mb-30\">Wir haben kein Firmenmaskottchen. Daf\u00fcr haben wir aber unsere Leidenschaft f\u00fcr Data Science<\/h3>\n<div class=\"header-cta\"> \n    <div class=\"row\">\n        <div class=\"col-12\">\n            <div class=\"header-btn-wrapper justify-content-center justify-content-md-start header-cta cta-light gap-3 px-0\">\n                <a href=\"https:\/\/app.mopinion.com\/account\/sign-up\/\" id=\"get-started-header-cta\" class=\"btn btn-request btn-md btn-outline-primary uppercase\">Direkt loslegen<\/a>\n                \n                <a id=\"demo-header-cta\" class=\"btn btn-request btn-md btn-primary uppercase\" href=\"https:\/\/mopinion.com\/de\/beantragen-sie-eine-personalisierte-demo\/\">Demo beantragen<\/a>\n            <\/div>\n        <\/div>\n    <\/div>\n<\/div><\/div>\n<\/p><\/div>\n<div class=\"col-12 col-md-7 col-lg-6\">\n\t\t\t\t<img decoding=\"async\" src=\"https:\/\/media.mopinion.com\/wp-content\/uploads\/2021\/04\/28084107\/management-580x550.png\" alt=\"Mopinion Management\">\n            <\/div>\n<\/p><\/div>\n<\/p><\/div>\n<\/section>\n<section id=\"\" class=\"xs-mt-60\">\n<div class=\"container xs-pt-30 xs-pb-30\">\n<div class=\"row\">\n<div class=\"col-sm-10 col-sm-offset-1\">\n<h2 class=\"text-center\">Vorstand<\/h2>\n<p class=\"lead text-center\">Vor allem wenn viele R\u00fcckmeldedaten zu verarbeiten sind. Unsere Teams bestehen aus \u00fcber 30 Kundenfeedback-Begeisterten. Das F\u00fchrungsteam hat folgende Mitglieder mit jeweils einem eigenen Kompetenzbereich:<\/p>\n<\/p><\/div>\n<\/p><\/div>\n<\/p><\/div>\n<div class=\"container xs-pt-30 xs-pb-30\">\n<div class=\"row\">\n<div class=\"col-md-4 col-xs-12 text-center xs-mb-30 feat-management\">\n<div class=\"inter-wrapper inter-wrapper-1\">\n\t\t\t\t\t<img decoding=\"async\" class=\"img-circle\" style=\"max-width: 140px;\" src=\"https:\/\/media.mopinion.com\/wp-content\/uploads\/2024\/04\/18114836\/udesh.jpg\" alt=\"Udesh Jadnanansing - Revenue &amp; Growth\" \/><\/p>\n<div class=\"title xs-mt-15 xs-mb-15\">\n<h4 class=\"xs-mb-0\">Udesh Jadnanansing<\/h4>\n<p>\t\t\t\t\t\t<span class=\"fw-400\">Umsatz &#038; Wachstum<\/span>\n\t\t\t\t\t<\/div>\n<p class=\"fw-400\">Udesh erhielt seinen Titel der Fakult\u00e4t \u2018Marketing- und Kommunikationswissenschaften\u2019 an der Universiteit van Amsterdam. Unmittelbar nach seinem Studium gr\u00fcndete er sein erstes Unternehmen. Dar\u00fcber hinaus arbeitete er in der Werbebranche sowie als Online-Markth\u00e4ndler. Er liebt Erfindungen und Oldtimer.<\/p>\n<\/p><\/div>\n<\/p><\/div>\n<div class=\"col-md-4 col-xs-12 text-center md-mb-0 xs-mb-30 feat-management\">\n<div class=\"inter-wrapper inter-wrapper-1\">\n\t\t\t\t\t<img decoding=\"async\" class=\"img-circle\" style=\"max-width: 140px;\" src=\"https:\/\/media.mopinion.com\/wp-content\/uploads\/2024\/04\/18114818\/flo.jpg\" alt=\"Floris Snuif - Data science and development\" \/><\/p>\n<div class=\"title xs-mt-15 xs-mb-15\">\n<h4 class=\"xs-mb-0\">Floris Snuif<\/h4>\n<p>\t\t\t\t\t\t<span class=\"fw-400\">Data Science &#038; Datenentwicklung<\/span>\n\t\t\t\t\t<\/div>\n<p class=\"fw-400\">Floris hat viel Erfahrung in der Web- und Applikationsentwicklung. Er arbeitete f\u00fcr verschiedene Tech-Unternehmen und Webunternehmen. Er liebt seine Hunde aus Mexiko (Chihuahuas), kauft Pkws und M\u00f6bel lieber in Schweden.<\/p>\n<\/p><\/div>\n<\/p><\/div>\n<div class=\"col-md-4 text-center col-xs-12 md-mb-0 xs-mb-30 feat-management\">\n<div class=\"inter-wrapper inter-wrapper-1\">\n\t\t\t\t\t<img decoding=\"async\" class=\"img-circle\" style=\"max-width: 140px;\" src=\"https:\/\/media.mopinion.com\/wp-content\/uploads\/2024\/04\/18114823\/kees.jpg\" alt=\"Kees Wolters - Product and marketing\" \/><\/p>\n<div class=\"title xs-mt-15 xs-mb-15\">\n<h4 class=\"xs-mb-0\">Kees Wolters<\/h4>\n<p>\t\t\t\t\t\t<span class=\"fw-400\">Produkt &#038; Marketing<\/span>\n\t\t\t\t\t<\/div>\n<p class=\"fw-400\">Kees hat viel Erfahrung im Webdesign und mit UX. Nach seiner Arbeit f\u00fcr mehrere Webunternehmen verrichtete er digitale Marketing-Arbeit f\u00fcr u.a. Philips und USG Marketing. Auf der Gitarre ist er zwar auch nicht ganz ohne, aber diese Kompetenz ist hier weniger relevant.<\/p>\n<\/p><\/div>\n<\/p><\/div>\n<div class=\"col-md-4 col-xs-12 text-center xs-mt-40 md-mb-0 xs-mb-30 feat-management\">\n<div class=\"inter-wrapper inter-wrapper-3\">\n\t\t\t\t\t<img decoding=\"async\" class=\"img-circle\" style=\"max-width: 140px;\" src=\"https:\/\/media.mopinion.com\/wp-content\/uploads\/2024\/04\/18114831\/rachid.jpg\" alt=\"Rachid Saddrati - Chief Financial Officer\" \/><\/p>\n<div class=\"title xs-mt-15 xs-mb-15\">\n<h4 class=\"xs-mb-0\">Rachid Saddrati<\/h4>\n<p>\t\t\t\t\t\t<span class=\"fw-400\">Chief Financial Officer<\/span>\n\t\t\t\t\t<\/div>\n<p class=\"fw-400\">Rachid hat einen Hintergrund in Finanzen und Wirtschaft. Er hat im Laufe der Jahre f\u00fcr verschiedene Marketing- und Kreativagenturen gearbeitet. Der Amsterdamer verbringt seine Freizeit mit der Familie oder mit Freunden, schaut die eine oder andere Serie auf Netflix oder verfolgt Sportarten wie Kickboxen, Tennis und Fu\u00dfball in der ersten Liga.<\/p>\n<\/p><\/div>\n<\/p><\/div>\n<\/p><\/div>\n<\/p><\/div>\n<\/section>\n<section id=\"\" class=\"xs-mt-60\">\n<div class=\"container xs-pt-30 xs-pb-30\">\n<div class=\"row\">\n<div class=\"col-sm-10 col-sm-offset-1\">\n<h2 class=\"text-center\">Management<\/h2>\n<\/p><\/div>\n<\/p><\/div>\n<\/p><\/div>\n<div class=\"container xs-pt-30 xs-pb-30\">\n<div class=\"row\">\n<div class=\"col-md-4 col-xs-12 text-center md-mb-0 xs-mb-30 feat-management\">\n<div class=\"inter-wrapper inter-wrapper-3\">\n\t\t\t\t\t<img decoding=\"async\" class=\"img-circle\" style=\"max-width: 140px;\" src=\"https:\/\/media.mopinion.com\/wp-content\/uploads\/2024\/04\/18114825\/luke.jpg\" alt=\"Luke Price - Head of Sales\" \/><\/p>\n<div class=\"title xs-mt-15 xs-mb-15\">\n<h4 class=\"xs-mb-0\">Luke Price<\/h4>\n<p>\t\t\t\t\t\t<span class=\"fw-400\">Head of Sales<\/span>\n\t\t\t\t\t<\/div>\n<p class=\"fw-400\">Luke hat einen Hintergrund in Sales und Beratung. Seit seiner Auswanderung in die Niederlande hat Luke eine Karriere in der SaaS -Beratung gestartet und bei vielen internationalen Unternehmen wie zum Beispiel SAP, Microsoft und Samsung gearbeitet. Er geh\u00f6rt seit 2016 zu Mopinion und er liebt Schokolade und Uhren.<\/p>\n<\/p><\/div>\n<\/p><\/div>\n<div class=\"col-md-4 col-xs-12 text-center md-mb-0 xs-mb-30 feat-management\">\n<div class=\"inter-wrapper inter-wrapper-3\">\n\t\t\t\t\t<img decoding=\"async\" class=\"img-circle\" style=\"max-width: 140px;\" src=\"https:\/\/media.mopinion.com\/wp-content\/uploads\/2024\/04\/18114833\/rudo.jpg\" alt=\"Rudo de Graaf - Head of Customer Success\" \/><\/p>\n<div class=\"title xs-mt-15 xs-mb-15\">\n<h4 class=\"xs-mb-0\">Rudo de Graaf<\/h4>\n<p>\t\t\t\t\t\t<span class=\"fw-400\">Head of Customer Success<\/span>\n\t\t\t\t\t<\/div>\n<p class=\"fw-400\">Rudo hat in verschiedenen internationalen Branchen in kundenorientierten und vertrieblichen Funktionen gearbeitet. Er m\u00f6chte allen unseren Kunden Freude und Zufriedenheit bringen. In seiner Freizeit findet man ihn beim Kochen, Trinken oder Reisen.<\/p>\n<\/p><\/div>\n<\/p><\/div>\n<div class=\"col-md-4 text-center col-xs-12 md-mb-0 xs-mb-30 feat-management\">\n<div class=\"inter-wrapper inter-wrapper-3\">\n\t\t\t\t\t<img decoding=\"async\" class=\"img-circle\" style=\"max-width: 140px;\" src=\"https:\/\/media.mopinion.com\/wp-content\/uploads\/2024\/07\/15135403\/pieter-1.jpg\" alt=\"Pieter Hotke - Head of Customer Support\" \/><\/p>\n<div class=\"title xs-mt-15 xs-mb-15\">\n<h4 class=\"xs-mb-0\">Pieter Hotke<\/h4>\n<p>\t\t\t\t\t\t<span class=\"fw-400\">Head of Customer Support<\/span>\n\t\t\t\t\t<\/div>\n<p class=\"fw-400\">Nach seinem Bachelor-Abschluss in Betriebswirtschaftslehre und einer kurzen T\u00e4tigkeit im Finanzsektor wechselte Pieter zu Mopinion. In seiner Freizeit ist er auf dem Hockeyfeld, sowohl als Spieler als auch als Unterst\u00fctzer seiner beiden T\u00f6chter. Er ist auch der Besitzer von Mopinions beliebtem Maskottchen und B\u00fcrohund Bobby.<\/p>\n<\/p><\/div>\n<\/p><\/div>\n<div class=\"col-md-4 col-xs-12 text-center md-mb-0 xs-mt-40 xs-mb-30 feat-management\">\n<div class=\"inter-wrapper inter-wrapper-3\">\n\t\t\t\t\t<img decoding=\"async\" class=\"img-circle\" style=\"max-width: 140px;\" src=\"https:\/\/media.mopinion.com\/wp-content\/uploads\/2024\/04\/22123009\/anwar.jpg\" alt=\"Anwar Jebali - Head of Development\" \/><\/p>\n<div class=\"title xs-mt-15 xs-mb-15\">\n<h4 class=\"xs-mb-0\">Anwar Jebali<\/h4>\n<p>\t\t\t\t\t\t<span class=\"fw-400\">Head of Development<\/span>\n\t\t\t\t\t<\/div>\n<p class=\"fw-400\">Anwar hat einen Hintergrund in User Experience Design und Frontend-Development. W\u00e4hrend seiner Zeit bei Mopinion hat er sich dem Full-Stack-Development zugewandt und ist seit Mopinion\u2019s Gr\u00fcndung im Unternehmen mit dabei. Er hat eine Leidenschaft f\u00fcr alles mit Tech.\n\t\t\t\t\t<\/p>\n<\/p><\/div>\n<\/p><\/div>\n<div class=\"col-md-4 col-xs-12 text-center xs-mt-40 md-mb-0 xs-mb-30 feat-management\">\n<div class=\"inter-wrapper inter-wrapper-3\">\n\t\t\t\t\t<img decoding=\"async\" class=\"img-circle\" style=\"max-width: 140px;\" src=\"https:\/\/media.mopinion.com\/wp-content\/uploads\/2024\/04\/18114820\/jos.jpg\" alt=\"Jos van der Kooij - Head of Product\" \/><\/p>\n<div class=\"title xs-mt-15 xs-mb-15\">\n<h4 class=\"xs-mb-0\">Jos van der Kooij<\/h4>\n<p>\t\t\t\t\t\t<span class=\"fw-400\">Head of Product<\/span>\n\t\t\t\t\t<\/div>\n<p class=\"fw-400\">Jos ist Meister des Rechts, hat sich aber schnell f\u00fcr Inhalte und digitale Produkte begeistert. Er hat in verschiedenen kaufm\u00e4nnischen Positionen in Start-up- und Scale-up-SaaS-Umgebungen gearbeitet, immer mit dem Fokus auf das Produkt. Jos ist der gr\u00f6\u00dfte Verfechter von GIFs, die Sie bei Mopinion finden k\u00f6nnen, und liebt Themenparks. <\/p>\n<\/p><\/div>\n<\/p><\/div>\n<\/p><\/div>\n<\/p><\/div>\n<\/section>\n<section id=\"\" class=\"clearfix join-mopinion xs-mt-60 oflow-hid light-bg rel-pos\">\n<p>\t<!--\n\n<div class=\"parallax-img\" data-src=\"img\/desk.jpg\"><\/div>\n\n--><\/p>\n<div class=\"container xs-pt-60 xs-pb-60\">\n<div class=\"row\">\n<div class=\"col-sm-6 xs-mt-60\">\n<h2 class=\"serif\">Interessieren Sie sich f\u00fcr Online-Kundenfeedback? Verst\u00e4rken Sie unser Team\u2026<\/h2>\n<p class=\"fw-400\">M\u00f6chten Sie n\u00fctzlich mitwirken? Sind Sie gut ausgebildet? Haben Sie Sinn f\u00fcr Humor? M\u00f6gen Sie leckere Snacks und gem\u00fctliche Feiern? Wenn Sie erfahren m\u00f6chten, wie es ist, f\u00fcr ein schnell wachsendes Software-Unternehmen zu arbeiten, kontaktieren Sie uns dann. Wir begr\u00fc\u00dfen Sie gerne.<\/p>\n<p>\t\t\t\t<a role=\"button\" href=\"https:\/\/jobs.mopinion.com\/\" class=\"btn btn-primary xs-mt-30 xs-mb-20\">Kontaktieren Sie uns<\/a>\n\t\t\t<\/div>\n<div class=\"col-sm-6\">\n<div class=\"owl-carousel\" id=\"quote-slider-product\">\n<div class=\"item\"><img decoding=\"async\" src=\"https:\/\/mopinion.com\/wp-content\/themes\/Mopinionated\/images\/about\/teamphoto5.jpg\" alt=\"Mopinion Team\"><\/div>\n<div class=\"item\"><img decoding=\"async\" src=\"https:\/\/mopinion.com\/wp-content\/themes\/Mopinionated\/images\/about\/teamphoto6.jpg\" alt=\"Mopinion Team\"><\/div>\n<div class=\"item\"><img decoding=\"async\" src=\"https:\/\/mopinion.com\/wp-content\/themes\/Mopinionated\/images\/about\/teamphoto4.jpg\" alt=\"Mopinion Team\"><\/div>\n<\/p><\/div>\n<\/p><\/div>\n<\/p><\/div>\n<\/p><\/div>\n<\/section>\n<section id=\"\" class=\"cta-section\">\n<div class=\"container xs-pt-30 xs-pb-30\">\n<div class=\"row\">\n<div class=\"col-sm-10 col-sm-offset-1 text-center\">\n<h2 class=\"xs-mt-30 xs-mb-30 text-center text-inverse\">Setzen Sie sich doch mit uns in Verbindung.<\/h2>\n<p class=\"lead text-inverse\">M\u00f6chten Sie genauer wissen, was uns antreibt? Lassen Sie uns dann schnell einen Termin ausmachen! Wir w\u00fcrden gerne Ihre Geschichte erfahren.<\/p>\n<p>\t\t\t\t<a id=\"\" class=\"btn btn-primary-inverse btn-lg xs-mt-20 xs-mb-50\" href=\"https:\/\/mopinion.com\/de\/kompanie\/kontakt\/\">Kontaktieren Sie uns<\/a><\/p><\/div>\n<\/p><\/div>\n<\/p><\/div>\n<\/section>\n","protected":false},"excerpt":{"rendered":"<p>Management Wir haben kein Firmenmaskottchen. Daf\u00fcr haben wir aber unsere Leidenschaft f\u00fcr Data Science Vorstand Vor allem wenn viele R\u00fcckmeldedaten zu verarbeiten sind. Unsere Teams bestehen aus \u00fcber 30 Kundenfeedback-Begeisterten. Das F\u00fchrungsteam hat folgende Mitglieder mit jeweils einem eigenen Kompetenzbereich: Udesh Jadnanansing Umsatz &#038; Wachstum Udesh erhielt seinen Titel der Fakult\u00e4t \u2018Marketing- und Kommunikationswissenschaften\u2019 an [&hellip;]<\/p>\n","protected":false},"author":1,"featured_media":0,"parent":79754,"menu_order":0,"comment_status":"closed","ping_status":"closed","template":"","meta":{"_acf_changed":false,"footnotes":""},"categories":[],"tags":[],"class_list":["post-57428","page","type-page","status-publish","hentry"],"acf":[],"yoast_head":"<!-- This site is optimized with the Yoast SEO plugin v24.9 - https:\/\/yoast.com\/wordpress\/plugins\/seo\/ -->\n<title>Management - Mopinion<\/title>\n<meta name=\"description\" content=\"Wir haben kein Firmenmaskottchen. Was wir haben, ist eine Leidenschaft f\u00fcr das Kundenerlebnis.\" \/>\n<meta name=\"robots\" content=\"index, follow, max-snippet:-1, max-image-preview:large, max-video-preview:-1\" \/>\n<link rel=\"canonical\" href=\"https:\/\/mopinion.com\/de\/kompanie\/management\/\" \/>\n<meta property=\"og:locale\" content=\"de_DE\" \/>\n<meta property=\"og:type\" content=\"article\" \/>\n<meta property=\"og:title\" content=\"Management - Mopinion\" \/>\n<meta property=\"og:description\" content=\"Wir haben kein Firmenmaskottchen. Was wir haben, ist eine Leidenschaft f\u00fcr das Kundenerlebnis.\" \/>\n<meta property=\"og:url\" content=\"https:\/\/mopinion.com\/de\/kompanie\/management\/\" \/>\n<meta property=\"og:site_name\" content=\"Mopinion\" \/>\n<meta property=\"article:modified_time\" content=\"2026-04-07T08:44:33+00:00\" \/>\n<meta property=\"og:image\" content=\"https:\/\/mopinion.com\/wp-content\/uploads\/2021\/04\/management-580x550.png\" \/>\n<meta name=\"twitter:card\" content=\"summary_large_image\" \/>\n<meta name=\"twitter:label1\" content=\"Est. reading time\" \/>\n\t<meta name=\"twitter:data1\" content=\"6 Minuten\" \/>\n<script type=\"application\/ld+json\" class=\"yoast-schema-graph\">{\"@context\":\"https:\/\/schema.org\",\"@graph\":[{\"@type\":\"WebPage\",\"@id\":\"https:\/\/mopinion.com\/de\/kompanie\/management\/\",\"url\":\"https:\/\/mopinion.com\/de\/kompanie\/management\/\",\"name\":\"Management - Mopinion\",\"isPartOf\":{\"@id\":\"https:\/\/mopinion.com\/de\/#website\"},\"primaryImageOfPage\":{\"@id\":\"https:\/\/mopinion.com\/de\/kompanie\/management\/#primaryimage\"},\"image\":{\"@id\":\"https:\/\/mopinion.com\/de\/kompanie\/management\/#primaryimage\"},\"thumbnailUrl\":\"https:\/\/mopinion.com\/wp-content\/uploads\/2021\/04\/management-580x550.png\",\"datePublished\":\"2015-12-02T08:11:09+00:00\",\"dateModified\":\"2026-04-07T08:44:33+00:00\",\"description\":\"Wir haben kein Firmenmaskottchen. Was wir haben, ist eine Leidenschaft f\u00fcr das Kundenerlebnis.\",\"breadcrumb\":{\"@id\":\"https:\/\/mopinion.com\/de\/kompanie\/management\/#breadcrumb\"},\"inLanguage\":\"de-DE\",\"potentialAction\":[{\"@type\":\"ReadAction\",\"target\":[\"https:\/\/mopinion.com\/de\/kompanie\/management\/\"]}]},{\"@type\":\"ImageObject\",\"inLanguage\":\"de-DE\",\"@id\":\"https:\/\/mopinion.com\/de\/kompanie\/management\/#primaryimage\",\"url\":\"https:\/\/mopinion.com\/wp-content\/uploads\/2021\/04\/management-580x550.png\",\"contentUrl\":\"https:\/\/mopinion.com\/wp-content\/uploads\/2021\/04\/management-580x550.png\"},{\"@type\":\"BreadcrumbList\",\"@id\":\"https:\/\/mopinion.com\/de\/kompanie\/management\/#breadcrumb\",\"itemListElement\":[{\"@type\":\"ListItem\",\"position\":1,\"name\":\"Home\",\"item\":\"https:\/\/mopinion.com\/de\/\"},{\"@type\":\"ListItem\",\"position\":2,\"name\":\"Kompanie\",\"item\":\"https:\/\/mopinion.com\/de\/kompanie\/\"},{\"@type\":\"ListItem\",\"position\":3,\"name\":\"Management\"}]},{\"@type\":\"WebSite\",\"@id\":\"https:\/\/mopinion.com\/de\/#website\",\"url\":\"https:\/\/mopinion.com\/de\/\",\"name\":\"Mopinion\",\"description\":\"Customer Feedback Intelligence For Digital Enterprises\",\"publisher\":{\"@id\":\"https:\/\/mopinion.com\/de\/#organization\"},\"potentialAction\":[{\"@type\":\"SearchAction\",\"target\":{\"@type\":\"EntryPoint\",\"urlTemplate\":\"https:\/\/mopinion.com\/de\/?s={search_term_string}\"},\"query-input\":{\"@type\":\"PropertyValueSpecification\",\"valueRequired\":true,\"valueName\":\"search_term_string\"}}],\"inLanguage\":\"de-DE\"},{\"@type\":\"Organization\",\"@id\":\"https:\/\/mopinion.com\/de\/#organization\",\"name\":\"Mopinion\",\"url\":\"https:\/\/mopinion.com\/de\/\",\"logo\":{\"@type\":\"ImageObject\",\"inLanguage\":\"de-DE\",\"@id\":\"https:\/\/mopinion.com\/de\/#\/schema\/logo\/image\/\",\"url\":\"https:\/\/media.mopinion.com\/wp-content\/uploads\/2015\/12\/28084926\/m_icon.png\",\"contentUrl\":\"https:\/\/media.mopinion.com\/wp-content\/uploads\/2015\/12\/28084926\/m_icon.png\",\"width\":140,\"height\":140,\"caption\":\"Mopinion\"},\"image\":{\"@id\":\"https:\/\/mopinion.com\/de\/#\/schema\/logo\/image\/\"}}]}<\/script>\n<!-- \/ Yoast SEO plugin. -->","yoast_head_json":{"title":"Management - Mopinion","description":"Wir haben kein Firmenmaskottchen. Was wir haben, ist eine Leidenschaft f\u00fcr das Kundenerlebnis.","robots":{"index":"index","follow":"follow","max-snippet":"max-snippet:-1","max-image-preview":"max-image-preview:large","max-video-preview":"max-video-preview:-1"},"canonical":"https:\/\/mopinion.com\/de\/kompanie\/management\/","og_locale":"de_DE","og_type":"article","og_title":"Management - Mopinion","og_description":"Wir haben kein Firmenmaskottchen. Was wir haben, ist eine Leidenschaft f\u00fcr das Kundenerlebnis.","og_url":"https:\/\/mopinion.com\/de\/kompanie\/management\/","og_site_name":"Mopinion","article_modified_time":"2026-04-07T08:44:33+00:00","og_image":[{"url":"https:\/\/mopinion.com\/wp-content\/uploads\/2021\/04\/management-580x550.png","type":"","width":"","height":""}],"twitter_card":"summary_large_image","twitter_misc":{"Est. reading time":"6 Minuten"},"schema":{"@context":"https:\/\/schema.org","@graph":[{"@type":"WebPage","@id":"https:\/\/mopinion.com\/de\/kompanie\/management\/","url":"https:\/\/mopinion.com\/de\/kompanie\/management\/","name":"Management - Mopinion","isPartOf":{"@id":"https:\/\/mopinion.com\/de\/#website"},"primaryImageOfPage":{"@id":"https:\/\/mopinion.com\/de\/kompanie\/management\/#primaryimage"},"image":{"@id":"https:\/\/mopinion.com\/de\/kompanie\/management\/#primaryimage"},"thumbnailUrl":"https:\/\/mopinion.com\/wp-content\/uploads\/2021\/04\/management-580x550.png","datePublished":"2015-12-02T08:11:09+00:00","dateModified":"2026-04-07T08:44:33+00:00","description":"Wir haben kein Firmenmaskottchen. Was wir haben, ist eine Leidenschaft f\u00fcr das Kundenerlebnis.","breadcrumb":{"@id":"https:\/\/mopinion.com\/de\/kompanie\/management\/#breadcrumb"},"inLanguage":"de-DE","potentialAction":[{"@type":"ReadAction","target":["https:\/\/mopinion.com\/de\/kompanie\/management\/"]}]},{"@type":"ImageObject","inLanguage":"de-DE","@id":"https:\/\/mopinion.com\/de\/kompanie\/management\/#primaryimage","url":"https:\/\/mopinion.com\/wp-content\/uploads\/2021\/04\/management-580x550.png","contentUrl":"https:\/\/mopinion.com\/wp-content\/uploads\/2021\/04\/management-580x550.png"},{"@type":"BreadcrumbList","@id":"https:\/\/mopinion.com\/de\/kompanie\/management\/#breadcrumb","itemListElement":[{"@type":"ListItem","position":1,"name":"Home","item":"https:\/\/mopinion.com\/de\/"},{"@type":"ListItem","position":2,"name":"Kompanie","item":"https:\/\/mopinion.com\/de\/kompanie\/"},{"@type":"ListItem","position":3,"name":"Management"}]},{"@type":"WebSite","@id":"https:\/\/mopinion.com\/de\/#website","url":"https:\/\/mopinion.com\/de\/","name":"Mopinion","description":"Customer Feedback Intelligence For Digital Enterprises","publisher":{"@id":"https:\/\/mopinion.com\/de\/#organization"},"potentialAction":[{"@type":"SearchAction","target":{"@type":"EntryPoint","urlTemplate":"https:\/\/mopinion.com\/de\/?s={search_term_string}"},"query-input":{"@type":"PropertyValueSpecification","valueRequired":true,"valueName":"search_term_string"}}],"inLanguage":"de-DE"},{"@type":"Organization","@id":"https:\/\/mopinion.com\/de\/#organization","name":"Mopinion","url":"https:\/\/mopinion.com\/de\/","logo":{"@type":"ImageObject","inLanguage":"de-DE","@id":"https:\/\/mopinion.com\/de\/#\/schema\/logo\/image\/","url":"https:\/\/media.mopinion.com\/wp-content\/uploads\/2015\/12\/28084926\/m_icon.png","contentUrl":"https:\/\/media.mopinion.com\/wp-content\/uploads\/2015\/12\/28084926\/m_icon.png","width":140,"height":140,"caption":"Mopinion"},"image":{"@id":"https:\/\/mopinion.com\/de\/#\/schema\/logo\/image\/"}}]}},"rttpg_featured_image_url":null,"rttpg_author":{"display_name":"Mopinion","author_link":"https:\/\/mopinion.com\/de\/author\/mopinion\/"},"rttpg_comment":0,"rttpg_category":false,"rttpg_excerpt":"Management Wir haben kein Firmenmaskottchen. Daf\u00fcr haben wir aber unsere Leidenschaft f\u00fcr Data Science Vorstand Vor allem wenn viele R\u00fcckmeldedaten zu verarbeiten sind. Unsere Teams bestehen aus \u00fcber 30 Kundenfeedback-Begeisterten. Das F\u00fchrungsteam hat folgende Mitglieder mit jeweils einem eigenen Kompetenzbereich: Udesh Jadnanansing Umsatz &#038; Wachstum Udesh erhielt seinen Titel der Fakult\u00e4t \u2018Marketing- und Kommunikationswissenschaften\u2019 an&hellip;","_links":{"self":[{"href":"https:\/\/mopinion.com\/de\/wp-json\/wp\/v2\/pages\/57428","targetHints":{"allow":["GET"]}}],"collection":[{"href":"https:\/\/mopinion.com\/de\/wp-json\/wp\/v2\/pages"}],"about":[{"href":"https:\/\/mopinion.com\/de\/wp-json\/wp\/v2\/types\/page"}],"author":[{"embeddable":true,"href":"https:\/\/mopinion.com\/de\/wp-json\/wp\/v2\/users\/1"}],"replies":[{"embeddable":true,"href":"https:\/\/mopinion.com\/de\/wp-json\/wp\/v2\/comments?post=57428"}],"version-history":[{"count":15,"href":"https:\/\/mopinion.com\/de\/wp-json\/wp\/v2\/pages\/57428\/revisions"}],"predecessor-version":[{"id":102280,"href":"https:\/\/mopinion.com\/de\/wp-json\/wp\/v2\/pages\/57428\/revisions\/102280"}],"up":[{"embeddable":true,"href":"https:\/\/mopinion.com\/de\/wp-json\/wp\/v2\/pages\/79754"}],"wp:attachment":[{"href":"https:\/\/mopinion.com\/de\/wp-json\/wp\/v2\/media?parent=57428"}],"wp:term":[{"taxonomy":"category","embeddable":true,"href":"https:\/\/mopinion.com\/de\/wp-json\/wp\/v2\/categories?post=57428"},{"taxonomy":"post_tag","embeddable":true,"href":"https:\/\/mopinion.com\/de\/wp-json\/wp\/v2\/tags?post=57428"}],"curies":[{"name":"wp","href":"https:\/\/api.w.org\/{rel}","templated":true}]}}