{"id":57457,"date":"2015-12-02T09:11:38","date_gmt":"2015-12-02T08:11:38","guid":{"rendered":"https:\/\/beta-site.mopinion.com\/wir-moechten-sie-gerne-kennenlernen\/"},"modified":"2025-06-11T09:02:38","modified_gmt":"2025-06-11T08:02:38","slug":"kontakt","status":"publish","type":"page","link":"https:\/\/mopinion.com\/de\/kompanie\/kontakt\/","title":{"rendered":"Wir m\u00f6chten Sie gerne kennenlernen"},"content":{"rendered":"<div class=\"company__contact\">\n<section class=\"header-light\">\n<div class=\"container\">\n<div class=\"row\">\n<div class=\"col-sm-6 offset-sm-0 col-10 offset-1 xs-pt-20 xs-pb-0 order-1 order-sm-0 col-lg-6 offset-lg-1\">\n<div id=\"surveyContent\" class=\"shadow\"><\/div>\n<\/p><\/div>\n<div class=\"col-sm-6 offset-sm-0 col-10 offset-1 col-lg-4\">\n<div class=\"d-flex justify-content-center flex-column mt-4\">\n<h1 class=\"text-center text-sm-start\">Wir m\u00f6chten Sie gerne kennenlernen<\/h1>\n<h3 class=\"text-center text-sm-start mg-bt-35\">Haben Sie eine Frage? Oder m\u00f6chten Sie vielleicht einfach nur \u201aHallo\u2018 sagen?<\/h3>\n<\/p><\/div>\n<\/p><\/div>\n<\/p><\/div>\n<\/p><\/div>\n<\/section>\n<section class=\"offices xs-mt-40\">\n<div class=\"containter\">\n<div class=\"row\">\n<div class=\"col-sm-6 text-center hq-wrap\">\n\t\t\t\t\t<img decoding=\"async\" src=\"https:\/\/mopinion.com\/wp-content\/themes\/Mopinionated\/images\/offices\/rotterdam_skyline.svg\" class=\"lg-office-img\" alt=\"Rotterdam Office\"\/><\/p>\n<div class=\"adress-wrap\">\n<h4 class=\"bold\">Rotterdam (HQ)<\/h4>\n<p>Mariniersweg 151-01<\/p>\n<p>3011 NK, Rotterdam<\/p>\n<p>The Netherlands<\/p>\n<p>+31 10 8200075<\/p>\n<\/p><\/div>\n<\/p><\/div>\n<div class=\"col-sm-6 text-center map-wrap\">\n<div class=\"map-holder\"><\/div>\n<\/p><\/div>\n<\/p><\/div>\n<div class=\"row md-pt-60 office-panels-wrap\">\n<div class=\"col-md-4 text-center\">\n\t\t\t\t\t<img decoding=\"async\" src=\"https:\/\/mopinion.com\/wp-content\/themes\/Mopinionated\/images\/offices\/london_skyline_white.svg\" alt=\"London Office\"\/><\/p>\n<div class=\"adress-wrap adress-wrap-inverse\">\n<h4 class=\"bold\">St Albans<\/h4>\n<p>Hart House, 6 London Road<\/p>\n<p>AL1 1NG<\/p>\n<p>United Kingdom<\/p>\n<p>+44 (0) 20 3095 3225<\/p>\n<\/p><\/div>\n<\/p><\/div>\n<div class=\"col-md-4 text-center\">\n\t\t\t\t\t<img decoding=\"async\" src=\"https:\/\/mopinion.com\/wp-content\/themes\/Mopinionated\/images\/offices\/dusseldorf_skyline_white.svg\" alt=\"Dusseldorf Office\"\/><\/p>\n<div class=\"adress-wrap adress-wrap-inverse\">\n<h4 class=\"bold\">Dusseldorf<\/h4>\n<p>Graf-Adolf-Platz 15<\/p>\n<p>DE 40213<\/p>\n<p>Germany<\/p>\n<p>+31 10 8200075<\/p>\n<\/p><\/div>\n<\/p><\/div>\n<div class=\"col-md-4 text-center\">\n\t\t\t\t\t<img decoding=\"async\" src=\"https:\/\/mopinion.com\/wp-content\/themes\/Mopinionated\/images\/offices\/paris_skyline_white.svg\" alt=\"Paris Office\"\/><\/p>\n<div class=\"adress-wrap adress-wrap-inverse\">\n<h4 class=\"bold\">Paris<\/h4>\n<p>Place de la Madeleine 25-27<\/p>\n<p>FR 75008<\/p>\n<p>France<\/p>\n<p>+33 170 060 135<\/p>\n<\/p><\/div>\n<\/p><\/div>\n<\/p><\/div>\n<\/p><\/div>\n<\/section>\n<section id=\"\" class=\"clearfix join-mopinion oflow-hid light-bg rel-pos xs-pb-40\">\n<div class=\"container\">\n<div class=\"row\">\n<div class=\"col-md-6 xs-mt-60\">\n<h2 class=\"serif\">Verst\u00e4rken Sie unser Team\u2026<\/h2>\n<p class=\"fw-400\">M\u00f6chten Sie n\u00fctzlich mitwirken? Sind Sie gut ausgebildet? Haben Sie Sinn f\u00fcr Humor? M\u00f6gen Sie leckere Snacks und gem\u00fctliche Feiern? Wenn Sie erfahren m\u00f6chten, wie es ist, f\u00fcr ein schnell wachsendes Software-Unternehmen zu arbeiten, kontaktieren Sie uns dann. Wir begr\u00fc\u00dfen Sie gerne.<\/p>\n<p>\t\t\t\t\t<a role=\"button\" href=\"https:\/\/jobs.mopinion.com\" class=\"btn btn-primary xs-mt-30 xs-mb-20\">Kontaktieren Sie uns<\/a>\n\t\t\t\t<\/div>\n<div class=\"col-md-6\">\n<div class=\"owl-carousel\" id=\"quote-slider-product\">\n<div class=\"item\"><img decoding=\"async\" src=\"https:\/\/mopinion.com\/wp-content\/themes\/Mopinionated\/images\/about\/teamphoto5.jpg\" alt=\"Mopinion Team\"><\/div>\n<div class=\"item\"><img decoding=\"async\" src=\"https:\/\/mopinion.com\/wp-content\/themes\/Mopinionated\/images\/about\/teamphoto6.jpg\" alt=\"Mopinion Team\"><\/div>\n<div class=\"item\"><img decoding=\"async\" src=\"https:\/\/mopinion.com\/wp-content\/themes\/Mopinionated\/images\/about\/teamphoto4.jpg\" alt=\"Mopinion Team\"><\/div>\n<\/p><\/div>\n<\/p><\/div>\n<\/p><\/div>\n<\/p><\/div>\n<\/section>\n<\/div>\n","protected":false},"excerpt":{"rendered":"<p>Wir m\u00f6chten Sie gerne kennenlernen Haben Sie eine Frage? Oder m\u00f6chten Sie vielleicht einfach nur \u201aHallo\u2018 sagen? Rotterdam (HQ) Mariniersweg 151-01 3011 NK, Rotterdam The Netherlands +31 10 8200075 St Albans Hart House, 6 London Road AL1 1NG United Kingdom +44 (0) 20 3095 3225 Dusseldorf Graf-Adolf-Platz 15 DE 40213 Germany +31 10 8200075 Paris [&hellip;]<\/p>\n","protected":false},"author":1,"featured_media":0,"parent":79754,"menu_order":0,"comment_status":"closed","ping_status":"closed","template":"","meta":{"_acf_changed":false,"footnotes":""},"categories":[],"tags":[],"class_list":["post-57457","page","type-page","status-publish","hentry"],"acf":[],"yoast_head":"<!-- This site is optimized with the Yoast SEO plugin v24.9 - https:\/\/yoast.com\/wordpress\/plugins\/seo\/ -->\n<title>Wir m\u00f6chten Sie gerne kennenlernen - Mopinion<\/title>\n<meta name=\"description\" content=\"Eine Frage haben? Vielleicht m\u00f6chten Sie einfach nur Hallo sagen? Kontaktiere uns! Wir w\u00fcrden uns freuen, von Ihnen zu h\u00f6ren.\" \/>\n<meta name=\"robots\" content=\"index, follow, max-snippet:-1, max-image-preview:large, max-video-preview:-1\" \/>\n<link rel=\"canonical\" href=\"https:\/\/mopinion.com\/de\/kompanie\/kontakt\/\" \/>\n<meta property=\"og:locale\" content=\"de_DE\" \/>\n<meta property=\"og:type\" content=\"article\" \/>\n<meta property=\"og:title\" content=\"Wir m\u00f6chten Sie gerne kennenlernen - Mopinion\" \/>\n<meta property=\"og:description\" content=\"Eine Frage haben? Vielleicht m\u00f6chten Sie einfach nur Hallo sagen? Kontaktiere uns! Wir w\u00fcrden uns freuen, von Ihnen zu h\u00f6ren.\" \/>\n<meta property=\"og:url\" content=\"https:\/\/mopinion.com\/de\/kompanie\/kontakt\/\" \/>\n<meta property=\"og:site_name\" content=\"Mopinion\" \/>\n<meta property=\"article:modified_time\" content=\"2025-06-11T08:02:38+00:00\" \/>\n<meta property=\"og:image\" content=\"https:\/\/mopinion.com\/wp-content\/themes\/Mopinionated\/images\/offices\/rotterdam_skyline.svg\" \/>\n<meta name=\"twitter:card\" content=\"summary_large_image\" \/>\n<meta name=\"twitter:label1\" content=\"Est. reading time\" \/>\n\t<meta name=\"twitter:data1\" content=\"2 Minuten\" \/>\n<script type=\"application\/ld+json\" class=\"yoast-schema-graph\">{\"@context\":\"https:\/\/schema.org\",\"@graph\":[{\"@type\":\"WebPage\",\"@id\":\"https:\/\/mopinion.com\/de\/kompanie\/kontakt\/\",\"url\":\"https:\/\/mopinion.com\/de\/kompanie\/kontakt\/\",\"name\":\"Wir m\u00f6chten Sie gerne kennenlernen - Mopinion\",\"isPartOf\":{\"@id\":\"https:\/\/mopinion.com\/de\/#website\"},\"primaryImageOfPage\":{\"@id\":\"https:\/\/mopinion.com\/de\/kompanie\/kontakt\/#primaryimage\"},\"image\":{\"@id\":\"https:\/\/mopinion.com\/de\/kompanie\/kontakt\/#primaryimage\"},\"thumbnailUrl\":\"https:\/\/mopinion.com\/wp-content\/themes\/Mopinionated\/images\/offices\/rotterdam_skyline.svg\",\"datePublished\":\"2015-12-02T08:11:38+00:00\",\"dateModified\":\"2025-06-11T08:02:38+00:00\",\"description\":\"Eine Frage haben? Vielleicht m\u00f6chten Sie einfach nur Hallo sagen? Kontaktiere uns! Wir w\u00fcrden uns freuen, von Ihnen zu h\u00f6ren.\",\"breadcrumb\":{\"@id\":\"https:\/\/mopinion.com\/de\/kompanie\/kontakt\/#breadcrumb\"},\"inLanguage\":\"de-DE\",\"potentialAction\":[{\"@type\":\"ReadAction\",\"target\":[\"https:\/\/mopinion.com\/de\/kompanie\/kontakt\/\"]}]},{\"@type\":\"ImageObject\",\"inLanguage\":\"de-DE\",\"@id\":\"https:\/\/mopinion.com\/de\/kompanie\/kontakt\/#primaryimage\",\"url\":\"https:\/\/mopinion.com\/wp-content\/themes\/Mopinionated\/images\/offices\/rotterdam_skyline.svg\",\"contentUrl\":\"https:\/\/mopinion.com\/wp-content\/themes\/Mopinionated\/images\/offices\/rotterdam_skyline.svg\"},{\"@type\":\"BreadcrumbList\",\"@id\":\"https:\/\/mopinion.com\/de\/kompanie\/kontakt\/#breadcrumb\",\"itemListElement\":[{\"@type\":\"ListItem\",\"position\":1,\"name\":\"Home\",\"item\":\"https:\/\/mopinion.com\/de\/\"},{\"@type\":\"ListItem\",\"position\":2,\"name\":\"Kompanie\",\"item\":\"https:\/\/mopinion.com\/de\/kompanie\/\"},{\"@type\":\"ListItem\",\"position\":3,\"name\":\"Wir m\u00f6chten Sie gerne kennenlernen\"}]},{\"@type\":\"WebSite\",\"@id\":\"https:\/\/mopinion.com\/de\/#website\",\"url\":\"https:\/\/mopinion.com\/de\/\",\"name\":\"Mopinion\",\"description\":\"Customer Feedback Intelligence For Digital Enterprises\",\"publisher\":{\"@id\":\"https:\/\/mopinion.com\/de\/#organization\"},\"potentialAction\":[{\"@type\":\"SearchAction\",\"target\":{\"@type\":\"EntryPoint\",\"urlTemplate\":\"https:\/\/mopinion.com\/de\/?s={search_term_string}\"},\"query-input\":{\"@type\":\"PropertyValueSpecification\",\"valueRequired\":true,\"valueName\":\"search_term_string\"}}],\"inLanguage\":\"de-DE\"},{\"@type\":\"Organization\",\"@id\":\"https:\/\/mopinion.com\/de\/#organization\",\"name\":\"Mopinion\",\"url\":\"https:\/\/mopinion.com\/de\/\",\"logo\":{\"@type\":\"ImageObject\",\"inLanguage\":\"de-DE\",\"@id\":\"https:\/\/mopinion.com\/de\/#\/schema\/logo\/image\/\",\"url\":\"https:\/\/media.mopinion.com\/wp-content\/uploads\/2015\/12\/28084926\/m_icon.png\",\"contentUrl\":\"https:\/\/media.mopinion.com\/wp-content\/uploads\/2015\/12\/28084926\/m_icon.png\",\"width\":140,\"height\":140,\"caption\":\"Mopinion\"},\"image\":{\"@id\":\"https:\/\/mopinion.com\/de\/#\/schema\/logo\/image\/\"}}]}<\/script>\n<!-- \/ Yoast SEO plugin. -->","yoast_head_json":{"title":"Wir m\u00f6chten Sie gerne kennenlernen - Mopinion","description":"Eine Frage haben? Vielleicht m\u00f6chten Sie einfach nur Hallo sagen? Kontaktiere uns! Wir w\u00fcrden uns freuen, von Ihnen zu h\u00f6ren.","robots":{"index":"index","follow":"follow","max-snippet":"max-snippet:-1","max-image-preview":"max-image-preview:large","max-video-preview":"max-video-preview:-1"},"canonical":"https:\/\/mopinion.com\/de\/kompanie\/kontakt\/","og_locale":"de_DE","og_type":"article","og_title":"Wir m\u00f6chten Sie gerne kennenlernen - Mopinion","og_description":"Eine Frage haben? Vielleicht m\u00f6chten Sie einfach nur Hallo sagen? Kontaktiere uns! Wir w\u00fcrden uns freuen, von Ihnen zu h\u00f6ren.","og_url":"https:\/\/mopinion.com\/de\/kompanie\/kontakt\/","og_site_name":"Mopinion","article_modified_time":"2025-06-11T08:02:38+00:00","og_image":[{"url":"https:\/\/mopinion.com\/wp-content\/themes\/Mopinionated\/images\/offices\/rotterdam_skyline.svg","type":"","width":"","height":""}],"twitter_card":"summary_large_image","twitter_misc":{"Est. reading time":"2 Minuten"},"schema":{"@context":"https:\/\/schema.org","@graph":[{"@type":"WebPage","@id":"https:\/\/mopinion.com\/de\/kompanie\/kontakt\/","url":"https:\/\/mopinion.com\/de\/kompanie\/kontakt\/","name":"Wir m\u00f6chten Sie gerne kennenlernen - Mopinion","isPartOf":{"@id":"https:\/\/mopinion.com\/de\/#website"},"primaryImageOfPage":{"@id":"https:\/\/mopinion.com\/de\/kompanie\/kontakt\/#primaryimage"},"image":{"@id":"https:\/\/mopinion.com\/de\/kompanie\/kontakt\/#primaryimage"},"thumbnailUrl":"https:\/\/mopinion.com\/wp-content\/themes\/Mopinionated\/images\/offices\/rotterdam_skyline.svg","datePublished":"2015-12-02T08:11:38+00:00","dateModified":"2025-06-11T08:02:38+00:00","description":"Eine Frage haben? Vielleicht m\u00f6chten Sie einfach nur Hallo sagen? Kontaktiere uns! Wir w\u00fcrden uns freuen, von Ihnen zu h\u00f6ren.","breadcrumb":{"@id":"https:\/\/mopinion.com\/de\/kompanie\/kontakt\/#breadcrumb"},"inLanguage":"de-DE","potentialAction":[{"@type":"ReadAction","target":["https:\/\/mopinion.com\/de\/kompanie\/kontakt\/"]}]},{"@type":"ImageObject","inLanguage":"de-DE","@id":"https:\/\/mopinion.com\/de\/kompanie\/kontakt\/#primaryimage","url":"https:\/\/mopinion.com\/wp-content\/themes\/Mopinionated\/images\/offices\/rotterdam_skyline.svg","contentUrl":"https:\/\/mopinion.com\/wp-content\/themes\/Mopinionated\/images\/offices\/rotterdam_skyline.svg"},{"@type":"BreadcrumbList","@id":"https:\/\/mopinion.com\/de\/kompanie\/kontakt\/#breadcrumb","itemListElement":[{"@type":"ListItem","position":1,"name":"Home","item":"https:\/\/mopinion.com\/de\/"},{"@type":"ListItem","position":2,"name":"Kompanie","item":"https:\/\/mopinion.com\/de\/kompanie\/"},{"@type":"ListItem","position":3,"name":"Wir m\u00f6chten Sie gerne kennenlernen"}]},{"@type":"WebSite","@id":"https:\/\/mopinion.com\/de\/#website","url":"https:\/\/mopinion.com\/de\/","name":"Mopinion","description":"Customer Feedback Intelligence For Digital Enterprises","publisher":{"@id":"https:\/\/mopinion.com\/de\/#organization"},"potentialAction":[{"@type":"SearchAction","target":{"@type":"EntryPoint","urlTemplate":"https:\/\/mopinion.com\/de\/?s={search_term_string}"},"query-input":{"@type":"PropertyValueSpecification","valueRequired":true,"valueName":"search_term_string"}}],"inLanguage":"de-DE"},{"@type":"Organization","@id":"https:\/\/mopinion.com\/de\/#organization","name":"Mopinion","url":"https:\/\/mopinion.com\/de\/","logo":{"@type":"ImageObject","inLanguage":"de-DE","@id":"https:\/\/mopinion.com\/de\/#\/schema\/logo\/image\/","url":"https:\/\/media.mopinion.com\/wp-content\/uploads\/2015\/12\/28084926\/m_icon.png","contentUrl":"https:\/\/media.mopinion.com\/wp-content\/uploads\/2015\/12\/28084926\/m_icon.png","width":140,"height":140,"caption":"Mopinion"},"image":{"@id":"https:\/\/mopinion.com\/de\/#\/schema\/logo\/image\/"}}]}},"rttpg_featured_image_url":null,"rttpg_author":{"display_name":"Mopinion","author_link":"https:\/\/mopinion.com\/de\/author\/mopinion\/"},"rttpg_comment":0,"rttpg_category":false,"rttpg_excerpt":"Wir m\u00f6chten Sie gerne kennenlernen Haben Sie eine Frage? Oder m\u00f6chten Sie vielleicht einfach nur \u201aHallo\u2018 sagen? Rotterdam (HQ) Mariniersweg 151-01 3011 NK, Rotterdam The Netherlands +31 10 8200075 St Albans Hart House, 6 London Road AL1 1NG United Kingdom +44 (0) 20 3095 3225 Dusseldorf Graf-Adolf-Platz 15 DE 40213 Germany +31 10 8200075 Paris&hellip;","_links":{"self":[{"href":"https:\/\/mopinion.com\/de\/wp-json\/wp\/v2\/pages\/57457","targetHints":{"allow":["GET"]}}],"collection":[{"href":"https:\/\/mopinion.com\/de\/wp-json\/wp\/v2\/pages"}],"about":[{"href":"https:\/\/mopinion.com\/de\/wp-json\/wp\/v2\/types\/page"}],"author":[{"embeddable":true,"href":"https:\/\/mopinion.com\/de\/wp-json\/wp\/v2\/users\/1"}],"replies":[{"embeddable":true,"href":"https:\/\/mopinion.com\/de\/wp-json\/wp\/v2\/comments?post=57457"}],"version-history":[{"count":9,"href":"https:\/\/mopinion.com\/de\/wp-json\/wp\/v2\/pages\/57457\/revisions"}],"predecessor-version":[{"id":96957,"href":"https:\/\/mopinion.com\/de\/wp-json\/wp\/v2\/pages\/57457\/revisions\/96957"}],"up":[{"embeddable":true,"href":"https:\/\/mopinion.com\/de\/wp-json\/wp\/v2\/pages\/79754"}],"wp:attachment":[{"href":"https:\/\/mopinion.com\/de\/wp-json\/wp\/v2\/media?parent=57457"}],"wp:term":[{"taxonomy":"category","embeddable":true,"href":"https:\/\/mopinion.com\/de\/wp-json\/wp\/v2\/categories?post=57457"},{"taxonomy":"post_tag","embeddable":true,"href":"https:\/\/mopinion.com\/de\/wp-json\/wp\/v2\/tags?post=57457"}],"curies":[{"name":"wp","href":"https:\/\/api.w.org\/{rel}","templated":true}]}}