{"id":57665,"date":"2016-07-11T11:36:28","date_gmt":"2016-07-11T10:36:28","guid":{"rendered":"https:\/\/beta-site.mopinion.com\/video-testimonial-interpolis\/"},"modified":"2023-03-30T09:20:04","modified_gmt":"2023-03-30T08:20:04","slug":"video-testimonial-interpolis","status":"publish","type":"page","link":"https:\/\/mopinion.com\/de\/video-testimonial-interpolis\/","title":{"rendered":"Video testimonial: Interpolis"},"content":{"rendered":"<section>\n<div class=\"container xs-pt-60 xs-pb-30\">\n<div class=\"row\">\n<div class=\"col-sm-10 col-sm-offset-1\">\n<div class=\" text-center\"><img decoding=\"async\" src=\"https:\/\/mopinion.com\/wp-content\/themes\/Mopinionated\/images\/customers\/logos\/interpolis-color.svg\" alt=\"Interpolis Logo\" \/><\/div>\n<\/div>\n<\/div>\n<\/div>\n<\/section>\n<section>\n<div class=\"container xs-pt-30 xs-pb-30\">\n<div class=\"row\">\n<div class=\"col-sm-push-8 order-sm-2 col-sm-4 xs-mb-30 md-mb-0\"><img decoding=\"async\" src=\"https:\/\/mopinion.com\/wp-content\/themes\/Mopinionated\/images\/customers\/interpolis-quote.png\"  alt=\"Christiaan Buitenhuis - Senior Market Researcher\"\/><\/div>\n<div class=\"col-sm-7 col-sm-pull-4\">\n<h1>Warum Interpolis Feedback nutzt&#8230;<\/h1>\n<h2>um das Kundenerlebnis zu verbessern<\/h2>\n<h4 class=\"serif fw-400 \" style=\"line-height: 1.8;\">&#8222;Wir halten es f\u00fcr logisch, dass Kundenfeedback n\u00fctzlich ist. Bisher arbeiteten wir mit einem Unternehmen zusammen und mussten eigentlich alles selbst und manuell erledigen. Ein Beispiel: Ich musste Excel \u00f6ffnen und darin die Kalkulationen vornehmen, um die Net Promoter-Trefferquote zu erhalten. Die Mopinion-Software f\u00fchrt solche Kalkulationen automatisch durch. Das ist einfacher und besser f\u00fcr mich und das Unternehmen. Das ist besonders vorteilhaft und der Grund, weshalb wir umgestiegen sind.&#8220;<\/h4>\n<div>\n<h4 class=\"text-muted xs-mb-10\"><strong>Christiaan Buitenhuis<\/strong><\/h4>\n<h5 class=\"fw-400\">Senior Market Researcher<\/h5>\n<\/div>\n<\/div>\n<\/div>\n<\/div>\n<\/section>\n<p><section class=\"xs-mt-60\" style=\"\"><video id=\"\" class=\"video-js center-block\" controls preload=\"auto\" poster=\"https:\/\/mopinion.s3-eu-west-1.amazonaws.com\/video\/posters\/interpolis_poster.png\" data-setup=\"{}\">\n\t\t\t\t\t\t\t\t\t<source src=\"https:\/\/mopinion.s3-eu-west-1.amazonaws.com\/video\/full\/Mopinion_Interpolis.mp4\" type=\"video\/mp4\">\n\t\t\t\t\t\t\t\t\t<source src=\"https:\/\/mopinion.s3-eu-west-1.amazonaws.com\/video\/full\/Mopinion_Interpolis.webm\" type=\"video\/webm\">\n\t\t\t\t\t\t\t\t\t<source src=\"https:\/\/mopinion.s3-eu-west-1.amazonaws.com\/video\/full\/Mopinion_Interpolis.ogv\" type=\"video\/ogg\">\n\t\t\t\t\t\t\t\t\t<p class=\"vjs-no-js\">\n\t\t\t\t\t\t\t\t\tTo view this video please enable JavaScript, and consider upgrading to a web browser that\n\t\t\t\t\t\t\t\t\t<a href=\"https:\/\/videojs.com\/html5-video-support\/\" target=\"_blank\">supports HTML5 video<\/a>\n\t\t\t\t\t\t\t\t\t<\/p>\n\t\t\t\t\t\t\t\t<\/video><\/section><br \/>\n\n<section class=\"cta-section\">\n\t<div class=\"container cta-content text-inverse\">\n\t\t<div class=\"row\">\n\t\t\t<div class=\"col-sm-12\">\n\t\t\t\t<h2 class=\"xs-mb-20 text-center\">Teste es jetzt!<\/h2>\n\t\t\t<\/div>\n\t\t<\/div>\n\t\t<div class=\"row text-center cta-btn-container\">\n\t\t\t<div class=\"col-12\">\n\t\t\t\t<a href=\"https:\/\/app.mopinion.com\/account\/sign-up?track=tomtom-vid-de\">\n\t\t\t\t\t<button id=\"button-CTA-trial-footer\" class=\"btn btn-primary btn-lg\">Direkt loslegen<\/button>\n\t\t\t\t<\/a>\n\t\t\t<\/div>\n\t\t<\/div>\n\t\t<div class=\" row cta-section-bulletpoints\">\n\t\t\t<div class=\"col-md-12\">\n\t\t\t\t<ul class=\"stagger bulletlist dark-trial-form\" style=\"opacity: 1; transform: matrix(1, 0, 0, 1, 0, 0);\">\n\t\t\t\t\t<li style=\"padding-left:0px;\">Immer kostenlos<\/li>\n\t\t\t\t\t<li><i class=\"fa fa-circle fontawesome\"><\/i><\/li>\n\t\t\t\t\t<li>Schnelle Installation<\/li>\n\t\t\t\t\t<li><i class=\"fa fa-circle fontawesome\"><\/i><\/li>\n\t\t\t\t\t<li>Einfache K\u00fcndigung<\/li>\n\t\t\t\t<\/ul>\n\t\t\t<\/div>\n\t\t<\/div>\n\t<\/div> \n<\/section>\n <\/p>\n","protected":false},"excerpt":{"rendered":"<p>Warum Interpolis Feedback nutzt&#8230; um das Kundenerlebnis zu verbessern &#8222;Wir halten es f\u00fcr logisch, dass Kundenfeedback n\u00fctzlich ist. Bisher arbeiteten wir mit einem Unternehmen zusammen und mussten eigentlich alles selbst und manuell erledigen. Ein Beispiel: Ich musste Excel \u00f6ffnen und darin die Kalkulationen vornehmen, um die Net Promoter-Trefferquote zu erhalten. Die Mopinion-Software f\u00fchrt solche Kalkulationen [&hellip;]<\/p>\n","protected":false},"author":1,"featured_media":53199,"parent":0,"menu_order":0,"comment_status":"closed","ping_status":"closed","template":"","meta":{"_acf_changed":false,"footnotes":""},"categories":[8],"tags":[],"class_list":["post-57665","page","type-page","status-publish","has-post-thumbnail","hentry","category-blog"],"acf":[],"yoast_head":"<!-- This site is optimized with the Yoast SEO plugin v24.9 - https:\/\/yoast.com\/wordpress\/plugins\/seo\/ -->\n<title>Video testimonial: Interpolis - Mopinion<\/title>\n<meta name=\"description\" content=\"um das Kundenerlebnis zu verbessern \u201eWir halten es f\u00fcr logisch, dass Kundenfeedback n\u00fctzlich ist. Bisher arbeiteten wir mit einem Unternehmen zusammen und mussten eigentlich alles selbst und manuell erledigen.\" \/>\n<meta name=\"robots\" content=\"index, follow, max-snippet:-1, max-image-preview:large, max-video-preview:-1\" \/>\n<link rel=\"canonical\" href=\"https:\/\/mopinion.com\/de\/video-testimonial-interpolis\/\" \/>\n<meta property=\"og:locale\" content=\"de_DE\" \/>\n<meta property=\"og:type\" content=\"article\" \/>\n<meta property=\"og:title\" content=\"Video testimonial: Interpolis - Mopinion\" \/>\n<meta property=\"og:description\" content=\"um das Kundenerlebnis zu verbessern \u201eWir halten es f\u00fcr logisch, dass Kundenfeedback n\u00fctzlich ist. Bisher arbeiteten wir mit einem Unternehmen zusammen und mussten eigentlich alles selbst und manuell erledigen.\" \/>\n<meta property=\"og:url\" content=\"https:\/\/mopinion.com\/de\/video-testimonial-interpolis\/\" \/>\n<meta property=\"og:site_name\" content=\"Mopinion\" \/>\n<meta property=\"article:modified_time\" content=\"2023-03-30T08:20:04+00:00\" \/>\n<meta property=\"og:image\" content=\"https:\/\/mopinion.com\/wp-content\/uploads\/2016\/07\/interpolis-testimonial-bg.png\" \/>\n\t<meta property=\"og:image:width\" content=\"1920\" \/>\n\t<meta property=\"og:image:height\" content=\"1080\" \/>\n\t<meta property=\"og:image:type\" content=\"image\/png\" \/>\n<meta name=\"twitter:card\" content=\"summary_large_image\" \/>\n<meta name=\"twitter:label1\" content=\"Est. reading time\" \/>\n\t<meta name=\"twitter:data1\" content=\"1 Minute\" \/>\n<script type=\"application\/ld+json\" class=\"yoast-schema-graph\">{\"@context\":\"https:\/\/schema.org\",\"@graph\":[{\"@type\":\"WebPage\",\"@id\":\"https:\/\/mopinion.com\/de\/video-testimonial-interpolis\/\",\"url\":\"https:\/\/mopinion.com\/de\/video-testimonial-interpolis\/\",\"name\":\"Video testimonial: Interpolis - Mopinion\",\"isPartOf\":{\"@id\":\"https:\/\/mopinion.com\/de\/#website\"},\"primaryImageOfPage\":{\"@id\":\"https:\/\/mopinion.com\/de\/video-testimonial-interpolis\/#primaryimage\"},\"image\":{\"@id\":\"https:\/\/mopinion.com\/de\/video-testimonial-interpolis\/#primaryimage\"},\"thumbnailUrl\":\"https:\/\/media.mopinion.com\/wp-content\/uploads\/2016\/07\/28083403\/interpolis-testimonial-bg.png\",\"datePublished\":\"2016-07-11T10:36:28+00:00\",\"dateModified\":\"2023-03-30T08:20:04+00:00\",\"description\":\"um das Kundenerlebnis zu verbessern \u201eWir halten es f\u00fcr logisch, dass Kundenfeedback n\u00fctzlich ist. Bisher arbeiteten wir mit einem Unternehmen zusammen und mussten eigentlich alles selbst und manuell erledigen.\",\"breadcrumb\":{\"@id\":\"https:\/\/mopinion.com\/de\/video-testimonial-interpolis\/#breadcrumb\"},\"inLanguage\":\"de-DE\",\"potentialAction\":[{\"@type\":\"ReadAction\",\"target\":[\"https:\/\/mopinion.com\/de\/video-testimonial-interpolis\/\"]}]},{\"@type\":\"ImageObject\",\"inLanguage\":\"de-DE\",\"@id\":\"https:\/\/mopinion.com\/de\/video-testimonial-interpolis\/#primaryimage\",\"url\":\"https:\/\/media.mopinion.com\/wp-content\/uploads\/2016\/07\/28083403\/interpolis-testimonial-bg.png\",\"contentUrl\":\"https:\/\/media.mopinion.com\/wp-content\/uploads\/2016\/07\/28083403\/interpolis-testimonial-bg.png\",\"width\":1920,\"height\":1080},{\"@type\":\"BreadcrumbList\",\"@id\":\"https:\/\/mopinion.com\/de\/video-testimonial-interpolis\/#breadcrumb\",\"itemListElement\":[{\"@type\":\"ListItem\",\"position\":1,\"name\":\"Home\",\"item\":\"https:\/\/mopinion.com\/de\/\"},{\"@type\":\"ListItem\",\"position\":2,\"name\":\"Video testimonial: Interpolis\"}]},{\"@type\":\"WebSite\",\"@id\":\"https:\/\/mopinion.com\/de\/#website\",\"url\":\"https:\/\/mopinion.com\/de\/\",\"name\":\"Mopinion\",\"description\":\"Customer Feedback Intelligence For Digital Enterprises\",\"publisher\":{\"@id\":\"https:\/\/mopinion.com\/de\/#organization\"},\"potentialAction\":[{\"@type\":\"SearchAction\",\"target\":{\"@type\":\"EntryPoint\",\"urlTemplate\":\"https:\/\/mopinion.com\/de\/?s={search_term_string}\"},\"query-input\":{\"@type\":\"PropertyValueSpecification\",\"valueRequired\":true,\"valueName\":\"search_term_string\"}}],\"inLanguage\":\"de-DE\"},{\"@type\":\"Organization\",\"@id\":\"https:\/\/mopinion.com\/de\/#organization\",\"name\":\"Mopinion\",\"url\":\"https:\/\/mopinion.com\/de\/\",\"logo\":{\"@type\":\"ImageObject\",\"inLanguage\":\"de-DE\",\"@id\":\"https:\/\/mopinion.com\/de\/#\/schema\/logo\/image\/\",\"url\":\"https:\/\/media.mopinion.com\/wp-content\/uploads\/2015\/12\/28084926\/m_icon.png\",\"contentUrl\":\"https:\/\/media.mopinion.com\/wp-content\/uploads\/2015\/12\/28084926\/m_icon.png\",\"width\":140,\"height\":140,\"caption\":\"Mopinion\"},\"image\":{\"@id\":\"https:\/\/mopinion.com\/de\/#\/schema\/logo\/image\/\"}}]}<\/script>\n<!-- \/ Yoast SEO plugin. -->","yoast_head_json":{"title":"Video testimonial: Interpolis - Mopinion","description":"um das Kundenerlebnis zu verbessern \u201eWir halten es f\u00fcr logisch, dass Kundenfeedback n\u00fctzlich ist. Bisher arbeiteten wir mit einem Unternehmen zusammen und mussten eigentlich alles selbst und manuell erledigen.","robots":{"index":"index","follow":"follow","max-snippet":"max-snippet:-1","max-image-preview":"max-image-preview:large","max-video-preview":"max-video-preview:-1"},"canonical":"https:\/\/mopinion.com\/de\/video-testimonial-interpolis\/","og_locale":"de_DE","og_type":"article","og_title":"Video testimonial: Interpolis - Mopinion","og_description":"um das Kundenerlebnis zu verbessern \u201eWir halten es f\u00fcr logisch, dass Kundenfeedback n\u00fctzlich ist. Bisher arbeiteten wir mit einem Unternehmen zusammen und mussten eigentlich alles selbst und manuell erledigen.","og_url":"https:\/\/mopinion.com\/de\/video-testimonial-interpolis\/","og_site_name":"Mopinion","article_modified_time":"2023-03-30T08:20:04+00:00","og_image":[{"width":1920,"height":1080,"url":"https:\/\/mopinion.com\/wp-content\/uploads\/2016\/07\/interpolis-testimonial-bg.png","type":"image\/png"}],"twitter_card":"summary_large_image","twitter_misc":{"Est. reading time":"1 Minute"},"schema":{"@context":"https:\/\/schema.org","@graph":[{"@type":"WebPage","@id":"https:\/\/mopinion.com\/de\/video-testimonial-interpolis\/","url":"https:\/\/mopinion.com\/de\/video-testimonial-interpolis\/","name":"Video testimonial: Interpolis - Mopinion","isPartOf":{"@id":"https:\/\/mopinion.com\/de\/#website"},"primaryImageOfPage":{"@id":"https:\/\/mopinion.com\/de\/video-testimonial-interpolis\/#primaryimage"},"image":{"@id":"https:\/\/mopinion.com\/de\/video-testimonial-interpolis\/#primaryimage"},"thumbnailUrl":"https:\/\/media.mopinion.com\/wp-content\/uploads\/2016\/07\/28083403\/interpolis-testimonial-bg.png","datePublished":"2016-07-11T10:36:28+00:00","dateModified":"2023-03-30T08:20:04+00:00","description":"um das Kundenerlebnis zu verbessern \u201eWir halten es f\u00fcr logisch, dass Kundenfeedback n\u00fctzlich ist. Bisher arbeiteten wir mit einem Unternehmen zusammen und mussten eigentlich alles selbst und manuell erledigen.","breadcrumb":{"@id":"https:\/\/mopinion.com\/de\/video-testimonial-interpolis\/#breadcrumb"},"inLanguage":"de-DE","potentialAction":[{"@type":"ReadAction","target":["https:\/\/mopinion.com\/de\/video-testimonial-interpolis\/"]}]},{"@type":"ImageObject","inLanguage":"de-DE","@id":"https:\/\/mopinion.com\/de\/video-testimonial-interpolis\/#primaryimage","url":"https:\/\/media.mopinion.com\/wp-content\/uploads\/2016\/07\/28083403\/interpolis-testimonial-bg.png","contentUrl":"https:\/\/media.mopinion.com\/wp-content\/uploads\/2016\/07\/28083403\/interpolis-testimonial-bg.png","width":1920,"height":1080},{"@type":"BreadcrumbList","@id":"https:\/\/mopinion.com\/de\/video-testimonial-interpolis\/#breadcrumb","itemListElement":[{"@type":"ListItem","position":1,"name":"Home","item":"https:\/\/mopinion.com\/de\/"},{"@type":"ListItem","position":2,"name":"Video testimonial: Interpolis"}]},{"@type":"WebSite","@id":"https:\/\/mopinion.com\/de\/#website","url":"https:\/\/mopinion.com\/de\/","name":"Mopinion","description":"Customer Feedback Intelligence For Digital Enterprises","publisher":{"@id":"https:\/\/mopinion.com\/de\/#organization"},"potentialAction":[{"@type":"SearchAction","target":{"@type":"EntryPoint","urlTemplate":"https:\/\/mopinion.com\/de\/?s={search_term_string}"},"query-input":{"@type":"PropertyValueSpecification","valueRequired":true,"valueName":"search_term_string"}}],"inLanguage":"de-DE"},{"@type":"Organization","@id":"https:\/\/mopinion.com\/de\/#organization","name":"Mopinion","url":"https:\/\/mopinion.com\/de\/","logo":{"@type":"ImageObject","inLanguage":"de-DE","@id":"https:\/\/mopinion.com\/de\/#\/schema\/logo\/image\/","url":"https:\/\/media.mopinion.com\/wp-content\/uploads\/2015\/12\/28084926\/m_icon.png","contentUrl":"https:\/\/media.mopinion.com\/wp-content\/uploads\/2015\/12\/28084926\/m_icon.png","width":140,"height":140,"caption":"Mopinion"},"image":{"@id":"https:\/\/mopinion.com\/de\/#\/schema\/logo\/image\/"}}]}},"rttpg_featured_image_url":{"full":["https:\/\/media.mopinion.com\/wp-content\/uploads\/2016\/07\/28083403\/interpolis-testimonial-bg.png",1920,1080,false],"landscape":["https:\/\/media.mopinion.com\/wp-content\/uploads\/2016\/07\/28083403\/interpolis-testimonial-bg.png",1920,1080,false],"portraits":["https:\/\/media.mopinion.com\/wp-content\/uploads\/2016\/07\/28083403\/interpolis-testimonial-bg.png",1920,1080,false],"thumbnail":["https:\/\/media.mopinion.com\/wp-content\/uploads\/2016\/07\/28083403\/interpolis-testimonial-bg-150x150.png",150,150,true],"medium":["https:\/\/media.mopinion.com\/wp-content\/uploads\/2016\/07\/28083403\/interpolis-testimonial-bg-300x169.png",300,169,true],"large":["https:\/\/media.mopinion.com\/wp-content\/uploads\/2016\/07\/28083403\/interpolis-testimonial-bg-1024x576.png",1024,576,true],"1536x1536":["https:\/\/media.mopinion.com\/wp-content\/uploads\/2016\/07\/28083403\/interpolis-testimonial-bg.png",1536,864,false],"2048x2048":["https:\/\/media.mopinion.com\/wp-content\/uploads\/2016\/07\/28083403\/interpolis-testimonial-bg.png",1920,1080,false]},"rttpg_author":{"display_name":"Mopinion","author_link":"https:\/\/mopinion.com\/de\/author\/mopinion\/"},"rttpg_comment":0,"rttpg_category":" <a href=\"https:\/\/mopinion.com\/category\/blog\/\" rel=\"tag\">Default Blog<\/a>","rttpg_excerpt":"Warum Interpolis Feedback nutzt&#8230; um das Kundenerlebnis zu verbessern &#8222;Wir halten es f\u00fcr logisch, dass Kundenfeedback n\u00fctzlich ist. Bisher arbeiteten wir mit einem Unternehmen zusammen und mussten eigentlich alles selbst und manuell erledigen. Ein Beispiel: Ich musste Excel \u00f6ffnen und darin die Kalkulationen vornehmen, um die Net Promoter-Trefferquote zu erhalten. Die Mopinion-Software f\u00fchrt solche Kalkulationen&hellip;","_links":{"self":[{"href":"https:\/\/mopinion.com\/de\/wp-json\/wp\/v2\/pages\/57665","targetHints":{"allow":["GET"]}}],"collection":[{"href":"https:\/\/mopinion.com\/de\/wp-json\/wp\/v2\/pages"}],"about":[{"href":"https:\/\/mopinion.com\/de\/wp-json\/wp\/v2\/types\/page"}],"author":[{"embeddable":true,"href":"https:\/\/mopinion.com\/de\/wp-json\/wp\/v2\/users\/1"}],"replies":[{"embeddable":true,"href":"https:\/\/mopinion.com\/de\/wp-json\/wp\/v2\/comments?post=57665"}],"version-history":[{"count":7,"href":"https:\/\/mopinion.com\/de\/wp-json\/wp\/v2\/pages\/57665\/revisions"}],"predecessor-version":[{"id":85032,"href":"https:\/\/mopinion.com\/de\/wp-json\/wp\/v2\/pages\/57665\/revisions\/85032"}],"wp:featuredmedia":[{"embeddable":true,"href":"https:\/\/mopinion.com\/de\/wp-json\/wp\/v2\/media\/53199"}],"wp:attachment":[{"href":"https:\/\/mopinion.com\/de\/wp-json\/wp\/v2\/media?parent=57665"}],"wp:term":[{"taxonomy":"category","embeddable":true,"href":"https:\/\/mopinion.com\/de\/wp-json\/wp\/v2\/categories?post=57665"},{"taxonomy":"post_tag","embeddable":true,"href":"https:\/\/mopinion.com\/de\/wp-json\/wp\/v2\/tags?post=57665"}],"curies":[{"name":"wp","href":"https:\/\/api.w.org\/{rel}","templated":true}]}}