{"id":57694,"date":"2016-07-11T11:39:06","date_gmt":"2016-07-11T10:39:06","guid":{"rendered":"https:\/\/beta-site.mopinion.com\/video-testimonial-tomtom\/"},"modified":"2023-03-30T09:34:25","modified_gmt":"2023-03-30T08:34:25","slug":"tomtom","status":"publish","type":"page","link":"https:\/\/mopinion.com\/de\/tomtom\/","title":{"rendered":"Video Testimonial: TomTom"},"content":{"rendered":"<section>\n<div class=\"container xs-pt-60 xs-pb-30 xs-mt-30\">\n<div class=\"row\">\n<div class=\"col-sm-10 col-sm-offset-1\">\n<div class=\" text-center\"><img decoding=\"async\" src=\"https:\/\/mopinion.com\/wp-content\/themes\/Mopinionated\/images\/customers\/Customer_logos_175x70\/svg\/logo_tomtom.svg\" alt=\"Tomtom Logo\" width=\"250\"><\/div>\n<\/div>\n<\/div>\n<\/div>\n<\/section>\n<section>\n<div class=\"container xs-pt-30 xs-pb-30\">\n<div class=\"row\">\n<div class=\"col-sm-push-8 order-sm-2 col-sm-4 xs-mb-30 md-mb-0\"><img decoding=\"async\" src=\"https:\/\/mopinion.com\/wp-content\/themes\/Mopinionated\/images\/customers\/tomtom-quote.png\" alt=\"\" \/><\/div>\n<div class=\"col-sm-7 col-sm-pull-4\">\n<h1>Warum TomTom Feedback nutzt&#8230;<br \/>\num das Kundenerlebnis zu verbessern<\/h1>\n<h4 class=\"serif fw-400 \" style=\"line-height: 1.8;\">&#8222;Ausschlie\u00dflich die Kundenzufriedenheit zu erfragen ist zu einfach. Einer der Hauptgr\u00fcnde, weshalb wir uns f\u00fcr Mopinion entschieden haben, ist, weil es wichtig ist, R\u00fcckmeldungen auf Seitenebene und bez\u00fcglich bestimmter Website-Teile zu erfassen. Eine allgemeine Trefferquote der Website zu erfassen, ist f\u00fcr mich weniger wichtig, weil die Trefferquote uns nicht dazu anspornt, aktiv zu werden. Die Trefferquote einer bestimmten Seite oder Seitengruppe ist jedoch wichtig, weil man dann diese Seiten oder Bestandteile besser vergleichen und somit aufdecken kann, welche Bestandteile geringe Trefferquoten erzielen. &#8222;<\/h4>\n<div>\n<h4 class=\"text-muted xs-mb-10\"><strong>Remko Strik<\/strong><\/h4>\n<h5 class=\"fw-400\">Manager Post-Purchase &amp; CRM<\/h5>\n<\/div>\n<\/div>\n<\/div>\n<\/div>\n<\/section>\n<p><section class=\"xs-mt-60\" style=\"\"><video id=\"\" class=\"video-js center-block\" controls preload=\"auto\" poster=\"https:\/\/mopinion.s3-eu-west-1.amazonaws.com\/video\/posters\/tomtom_poster.png\" data-setup=\"{}\">\n\t\t\t\t\t\t\t\t\t<source src=\"https:\/\/mopinion.s3-eu-west-1.amazonaws.com\/video\/full\/Mopinion_TomTom.mp4\" type=\"video\/mp4\">\n\t\t\t\t\t\t\t\t\t<source src=\"https:\/\/mopinion.s3-eu-west-1.amazonaws.com\/video\/full\/Mopinion_TomTom.webm\" type=\"video\/webm\">\n\t\t\t\t\t\t\t\t\t<source src=\"https:\/\/mopinion.s3-eu-west-1.amazonaws.com\/video\/full\/Mopinion_TomTom.ogv\" type=\"video\/ogg\">\n\t\t\t\t\t\t\t\t\t<p class=\"vjs-no-js\">\n\t\t\t\t\t\t\t\t\tTo view this video please enable JavaScript, and consider upgrading to a web browser that\n\t\t\t\t\t\t\t\t\t<a href=\"https:\/\/videojs.com\/html5-video-support\/\" target=\"_blank\">supports HTML5 video<\/a>\n\t\t\t\t\t\t\t\t\t<\/p>\n\t\t\t\t\t\t\t\t<\/video><\/section><br \/>\n\n<section class=\"cta-section\">\n\t<div class=\"container cta-content text-inverse\">\n\t\t<div class=\"row\">\n\t\t\t<div class=\"col-sm-12\">\n\t\t\t\t<h2 class=\"xs-mb-20 text-center\">Teste es jetzt!<\/h2>\n\t\t\t<\/div>\n\t\t<\/div>\n\t\t<div class=\"row text-center cta-btn-container\">\n\t\t\t<div class=\"col-12\">\n\t\t\t\t<a href=\"https:\/\/app.mopinion.com\/account\/sign-up?track=tomtom-vid-de\">\n\t\t\t\t\t<button id=\"button-CTA-trial-footer\" class=\"btn btn-primary btn-lg\">Direkt loslegen<\/button>\n\t\t\t\t<\/a>\n\t\t\t<\/div>\n\t\t<\/div>\n\t\t<div class=\" row cta-section-bulletpoints\">\n\t\t\t<div class=\"col-md-12\">\n\t\t\t\t<ul class=\"stagger bulletlist dark-trial-form\" style=\"opacity: 1; transform: matrix(1, 0, 0, 1, 0, 0);\">\n\t\t\t\t\t<li style=\"padding-left:0px;\">Immer kostenlos<\/li>\n\t\t\t\t\t<li><i class=\"fa fa-circle fontawesome\"><\/i><\/li>\n\t\t\t\t\t<li>Schnelle Installation<\/li>\n\t\t\t\t\t<li><i class=\"fa fa-circle fontawesome\"><\/i><\/li>\n\t\t\t\t\t<li>Einfache K\u00fcndigung<\/li>\n\t\t\t\t<\/ul>\n\t\t\t<\/div>\n\t\t<\/div>\n\t<\/div> \n<\/section>\n <\/p>\n","protected":false},"excerpt":{"rendered":"<p>Warum TomTom Feedback nutzt&#8230; um das Kundenerlebnis zu verbessern &#8222;Ausschlie\u00dflich die Kundenzufriedenheit zu erfragen ist zu einfach. Einer der Hauptgr\u00fcnde, weshalb wir uns f\u00fcr Mopinion entschieden haben, ist, weil es wichtig ist, R\u00fcckmeldungen auf Seitenebene und bez\u00fcglich bestimmter Website-Teile zu erfassen. Eine allgemeine Trefferquote der Website zu erfassen, ist f\u00fcr mich weniger wichtig, weil die [&hellip;]<\/p>\n","protected":false},"author":1,"featured_media":53203,"parent":0,"menu_order":0,"comment_status":"closed","ping_status":"closed","template":"","meta":{"_acf_changed":false,"footnotes":""},"categories":[8],"tags":[],"class_list":["post-57694","page","type-page","status-publish","has-post-thumbnail","hentry","category-blog"],"acf":[],"yoast_head":"<!-- This site is optimized with the Yoast SEO plugin v24.9 - https:\/\/yoast.com\/wordpress\/plugins\/seo\/ -->\n<title>Video Testimonial: TomTom - Mopinion<\/title>\n<meta name=\"description\" content=\"um das Kundenerlebnis zu verbessern \u201eAusschlie\u00dflich die Kundenzufriedenheit zu erfragen ist zu einfach. Einer der Hauptgr\u00fcnde, weshalb wir uns f\u00fcr Mopinion entschieden haben, ist, weil es wichtig ist, R\u00fcckmeldungen auf Seitenebene und bez\u00fcglich bestimmter Website-Teile zu erfassen.\" \/>\n<meta name=\"robots\" content=\"index, follow, max-snippet:-1, max-image-preview:large, max-video-preview:-1\" \/>\n<link rel=\"canonical\" href=\"https:\/\/mopinion.com\/de\/tomtom\/\" \/>\n<meta property=\"og:locale\" content=\"de_DE\" \/>\n<meta property=\"og:type\" content=\"article\" \/>\n<meta property=\"og:title\" content=\"Video Testimonial: TomTom - Mopinion\" \/>\n<meta property=\"og:description\" content=\"um das Kundenerlebnis zu verbessern \u201eAusschlie\u00dflich die Kundenzufriedenheit zu erfragen ist zu einfach. Einer der Hauptgr\u00fcnde, weshalb wir uns f\u00fcr Mopinion entschieden haben, ist, weil es wichtig ist, R\u00fcckmeldungen auf Seitenebene und bez\u00fcglich bestimmter Website-Teile zu erfassen.\" \/>\n<meta property=\"og:url\" content=\"https:\/\/mopinion.com\/de\/tomtom\/\" \/>\n<meta property=\"og:site_name\" content=\"Mopinion\" \/>\n<meta property=\"article:modified_time\" content=\"2023-03-30T08:34:25+00:00\" \/>\n<meta property=\"og:image\" content=\"https:\/\/mopinion.com\/wp-content\/uploads\/2016\/07\/tomtom-testimonial-bg.jpg\" \/>\n\t<meta property=\"og:image:width\" content=\"1600\" \/>\n\t<meta property=\"og:image:height\" content=\"800\" \/>\n\t<meta property=\"og:image:type\" content=\"image\/jpeg\" \/>\n<meta name=\"twitter:card\" content=\"summary_large_image\" \/>\n<meta name=\"twitter:label1\" content=\"Est. reading time\" \/>\n\t<meta name=\"twitter:data1\" content=\"1 Minute\" \/>\n<script type=\"application\/ld+json\" class=\"yoast-schema-graph\">{\"@context\":\"https:\/\/schema.org\",\"@graph\":[{\"@type\":\"WebPage\",\"@id\":\"https:\/\/mopinion.com\/de\/tomtom\/\",\"url\":\"https:\/\/mopinion.com\/de\/tomtom\/\",\"name\":\"Video Testimonial: TomTom - Mopinion\",\"isPartOf\":{\"@id\":\"https:\/\/mopinion.com\/de\/#website\"},\"primaryImageOfPage\":{\"@id\":\"https:\/\/mopinion.com\/de\/tomtom\/#primaryimage\"},\"image\":{\"@id\":\"https:\/\/mopinion.com\/de\/tomtom\/#primaryimage\"},\"thumbnailUrl\":\"https:\/\/media.mopinion.com\/wp-content\/uploads\/2016\/07\/28124118\/tomtom-testimonial-bg.jpg\",\"datePublished\":\"2016-07-11T10:39:06+00:00\",\"dateModified\":\"2023-03-30T08:34:25+00:00\",\"description\":\"um das Kundenerlebnis zu verbessern \u201eAusschlie\u00dflich die Kundenzufriedenheit zu erfragen ist zu einfach. Einer der Hauptgr\u00fcnde, weshalb wir uns f\u00fcr Mopinion entschieden haben, ist, weil es wichtig ist, R\u00fcckmeldungen auf Seitenebene und bez\u00fcglich bestimmter Website-Teile zu erfassen.\",\"breadcrumb\":{\"@id\":\"https:\/\/mopinion.com\/de\/tomtom\/#breadcrumb\"},\"inLanguage\":\"de-DE\",\"potentialAction\":[{\"@type\":\"ReadAction\",\"target\":[\"https:\/\/mopinion.com\/de\/tomtom\/\"]}]},{\"@type\":\"ImageObject\",\"inLanguage\":\"de-DE\",\"@id\":\"https:\/\/mopinion.com\/de\/tomtom\/#primaryimage\",\"url\":\"https:\/\/media.mopinion.com\/wp-content\/uploads\/2016\/07\/28124118\/tomtom-testimonial-bg.jpg\",\"contentUrl\":\"https:\/\/media.mopinion.com\/wp-content\/uploads\/2016\/07\/28124118\/tomtom-testimonial-bg.jpg\",\"width\":1600,\"height\":800},{\"@type\":\"BreadcrumbList\",\"@id\":\"https:\/\/mopinion.com\/de\/tomtom\/#breadcrumb\",\"itemListElement\":[{\"@type\":\"ListItem\",\"position\":1,\"name\":\"Home\",\"item\":\"https:\/\/mopinion.com\/de\/\"},{\"@type\":\"ListItem\",\"position\":2,\"name\":\"Video Testimonial: TomTom\"}]},{\"@type\":\"WebSite\",\"@id\":\"https:\/\/mopinion.com\/de\/#website\",\"url\":\"https:\/\/mopinion.com\/de\/\",\"name\":\"Mopinion\",\"description\":\"Customer Feedback Intelligence For Digital Enterprises\",\"publisher\":{\"@id\":\"https:\/\/mopinion.com\/de\/#organization\"},\"potentialAction\":[{\"@type\":\"SearchAction\",\"target\":{\"@type\":\"EntryPoint\",\"urlTemplate\":\"https:\/\/mopinion.com\/de\/?s={search_term_string}\"},\"query-input\":{\"@type\":\"PropertyValueSpecification\",\"valueRequired\":true,\"valueName\":\"search_term_string\"}}],\"inLanguage\":\"de-DE\"},{\"@type\":\"Organization\",\"@id\":\"https:\/\/mopinion.com\/de\/#organization\",\"name\":\"Mopinion\",\"url\":\"https:\/\/mopinion.com\/de\/\",\"logo\":{\"@type\":\"ImageObject\",\"inLanguage\":\"de-DE\",\"@id\":\"https:\/\/mopinion.com\/de\/#\/schema\/logo\/image\/\",\"url\":\"https:\/\/media.mopinion.com\/wp-content\/uploads\/2015\/12\/28084926\/m_icon.png\",\"contentUrl\":\"https:\/\/media.mopinion.com\/wp-content\/uploads\/2015\/12\/28084926\/m_icon.png\",\"width\":140,\"height\":140,\"caption\":\"Mopinion\"},\"image\":{\"@id\":\"https:\/\/mopinion.com\/de\/#\/schema\/logo\/image\/\"}}]}<\/script>\n<!-- \/ Yoast SEO plugin. -->","yoast_head_json":{"title":"Video Testimonial: TomTom - Mopinion","description":"um das Kundenerlebnis zu verbessern \u201eAusschlie\u00dflich die Kundenzufriedenheit zu erfragen ist zu einfach. Einer der Hauptgr\u00fcnde, weshalb wir uns f\u00fcr Mopinion entschieden haben, ist, weil es wichtig ist, R\u00fcckmeldungen auf Seitenebene und bez\u00fcglich bestimmter Website-Teile zu erfassen.","robots":{"index":"index","follow":"follow","max-snippet":"max-snippet:-1","max-image-preview":"max-image-preview:large","max-video-preview":"max-video-preview:-1"},"canonical":"https:\/\/mopinion.com\/de\/tomtom\/","og_locale":"de_DE","og_type":"article","og_title":"Video Testimonial: TomTom - Mopinion","og_description":"um das Kundenerlebnis zu verbessern \u201eAusschlie\u00dflich die Kundenzufriedenheit zu erfragen ist zu einfach. Einer der Hauptgr\u00fcnde, weshalb wir uns f\u00fcr Mopinion entschieden haben, ist, weil es wichtig ist, R\u00fcckmeldungen auf Seitenebene und bez\u00fcglich bestimmter Website-Teile zu erfassen.","og_url":"https:\/\/mopinion.com\/de\/tomtom\/","og_site_name":"Mopinion","article_modified_time":"2023-03-30T08:34:25+00:00","og_image":[{"width":1600,"height":800,"url":"https:\/\/mopinion.com\/wp-content\/uploads\/2016\/07\/tomtom-testimonial-bg.jpg","type":"image\/jpeg"}],"twitter_card":"summary_large_image","twitter_misc":{"Est. reading time":"1 Minute"},"schema":{"@context":"https:\/\/schema.org","@graph":[{"@type":"WebPage","@id":"https:\/\/mopinion.com\/de\/tomtom\/","url":"https:\/\/mopinion.com\/de\/tomtom\/","name":"Video Testimonial: TomTom - Mopinion","isPartOf":{"@id":"https:\/\/mopinion.com\/de\/#website"},"primaryImageOfPage":{"@id":"https:\/\/mopinion.com\/de\/tomtom\/#primaryimage"},"image":{"@id":"https:\/\/mopinion.com\/de\/tomtom\/#primaryimage"},"thumbnailUrl":"https:\/\/media.mopinion.com\/wp-content\/uploads\/2016\/07\/28124118\/tomtom-testimonial-bg.jpg","datePublished":"2016-07-11T10:39:06+00:00","dateModified":"2023-03-30T08:34:25+00:00","description":"um das Kundenerlebnis zu verbessern \u201eAusschlie\u00dflich die Kundenzufriedenheit zu erfragen ist zu einfach. Einer der Hauptgr\u00fcnde, weshalb wir uns f\u00fcr Mopinion entschieden haben, ist, weil es wichtig ist, R\u00fcckmeldungen auf Seitenebene und bez\u00fcglich bestimmter Website-Teile zu erfassen.","breadcrumb":{"@id":"https:\/\/mopinion.com\/de\/tomtom\/#breadcrumb"},"inLanguage":"de-DE","potentialAction":[{"@type":"ReadAction","target":["https:\/\/mopinion.com\/de\/tomtom\/"]}]},{"@type":"ImageObject","inLanguage":"de-DE","@id":"https:\/\/mopinion.com\/de\/tomtom\/#primaryimage","url":"https:\/\/media.mopinion.com\/wp-content\/uploads\/2016\/07\/28124118\/tomtom-testimonial-bg.jpg","contentUrl":"https:\/\/media.mopinion.com\/wp-content\/uploads\/2016\/07\/28124118\/tomtom-testimonial-bg.jpg","width":1600,"height":800},{"@type":"BreadcrumbList","@id":"https:\/\/mopinion.com\/de\/tomtom\/#breadcrumb","itemListElement":[{"@type":"ListItem","position":1,"name":"Home","item":"https:\/\/mopinion.com\/de\/"},{"@type":"ListItem","position":2,"name":"Video Testimonial: TomTom"}]},{"@type":"WebSite","@id":"https:\/\/mopinion.com\/de\/#website","url":"https:\/\/mopinion.com\/de\/","name":"Mopinion","description":"Customer Feedback Intelligence For Digital Enterprises","publisher":{"@id":"https:\/\/mopinion.com\/de\/#organization"},"potentialAction":[{"@type":"SearchAction","target":{"@type":"EntryPoint","urlTemplate":"https:\/\/mopinion.com\/de\/?s={search_term_string}"},"query-input":{"@type":"PropertyValueSpecification","valueRequired":true,"valueName":"search_term_string"}}],"inLanguage":"de-DE"},{"@type":"Organization","@id":"https:\/\/mopinion.com\/de\/#organization","name":"Mopinion","url":"https:\/\/mopinion.com\/de\/","logo":{"@type":"ImageObject","inLanguage":"de-DE","@id":"https:\/\/mopinion.com\/de\/#\/schema\/logo\/image\/","url":"https:\/\/media.mopinion.com\/wp-content\/uploads\/2015\/12\/28084926\/m_icon.png","contentUrl":"https:\/\/media.mopinion.com\/wp-content\/uploads\/2015\/12\/28084926\/m_icon.png","width":140,"height":140,"caption":"Mopinion"},"image":{"@id":"https:\/\/mopinion.com\/de\/#\/schema\/logo\/image\/"}}]}},"rttpg_featured_image_url":{"full":["https:\/\/media.mopinion.com\/wp-content\/uploads\/2016\/07\/28124118\/tomtom-testimonial-bg.jpg",1600,800,false],"landscape":["https:\/\/media.mopinion.com\/wp-content\/uploads\/2016\/07\/28124118\/tomtom-testimonial-bg.jpg",1600,800,false],"portraits":["https:\/\/media.mopinion.com\/wp-content\/uploads\/2016\/07\/28124118\/tomtom-testimonial-bg.jpg",1600,800,false],"thumbnail":["https:\/\/media.mopinion.com\/wp-content\/uploads\/2016\/07\/28124118\/tomtom-testimonial-bg-150x150.jpg",150,150,true],"medium":["https:\/\/media.mopinion.com\/wp-content\/uploads\/2016\/07\/28124118\/tomtom-testimonial-bg-300x150.jpg",300,150,true],"large":["https:\/\/media.mopinion.com\/wp-content\/uploads\/2016\/07\/28124118\/tomtom-testimonial-bg-1024x512.jpg",1024,512,true],"1536x1536":["https:\/\/media.mopinion.com\/wp-content\/uploads\/2016\/07\/28124118\/tomtom-testimonial-bg.jpg",1536,768,false],"2048x2048":["https:\/\/media.mopinion.com\/wp-content\/uploads\/2016\/07\/28124118\/tomtom-testimonial-bg.jpg",1600,800,false]},"rttpg_author":{"display_name":"Mopinion","author_link":"https:\/\/mopinion.com\/de\/author\/mopinion\/"},"rttpg_comment":0,"rttpg_category":" <a href=\"https:\/\/mopinion.com\/category\/blog\/\" rel=\"tag\">Default Blog<\/a>","rttpg_excerpt":"Warum TomTom Feedback nutzt&#8230; um das Kundenerlebnis zu verbessern &#8222;Ausschlie\u00dflich die Kundenzufriedenheit zu erfragen ist zu einfach. Einer der Hauptgr\u00fcnde, weshalb wir uns f\u00fcr Mopinion entschieden haben, ist, weil es wichtig ist, R\u00fcckmeldungen auf Seitenebene und bez\u00fcglich bestimmter Website-Teile zu erfassen. Eine allgemeine Trefferquote der Website zu erfassen, ist f\u00fcr mich weniger wichtig, weil die&hellip;","_links":{"self":[{"href":"https:\/\/mopinion.com\/de\/wp-json\/wp\/v2\/pages\/57694","targetHints":{"allow":["GET"]}}],"collection":[{"href":"https:\/\/mopinion.com\/de\/wp-json\/wp\/v2\/pages"}],"about":[{"href":"https:\/\/mopinion.com\/de\/wp-json\/wp\/v2\/types\/page"}],"author":[{"embeddable":true,"href":"https:\/\/mopinion.com\/de\/wp-json\/wp\/v2\/users\/1"}],"replies":[{"embeddable":true,"href":"https:\/\/mopinion.com\/de\/wp-json\/wp\/v2\/comments?post=57694"}],"version-history":[{"count":4,"href":"https:\/\/mopinion.com\/de\/wp-json\/wp\/v2\/pages\/57694\/revisions"}],"predecessor-version":[{"id":85037,"href":"https:\/\/mopinion.com\/de\/wp-json\/wp\/v2\/pages\/57694\/revisions\/85037"}],"wp:featuredmedia":[{"embeddable":true,"href":"https:\/\/mopinion.com\/de\/wp-json\/wp\/v2\/media\/53203"}],"wp:attachment":[{"href":"https:\/\/mopinion.com\/de\/wp-json\/wp\/v2\/media?parent=57694"}],"wp:term":[{"taxonomy":"category","embeddable":true,"href":"https:\/\/mopinion.com\/de\/wp-json\/wp\/v2\/categories?post=57694"},{"taxonomy":"post_tag","embeddable":true,"href":"https:\/\/mopinion.com\/de\/wp-json\/wp\/v2\/tags?post=57694"}],"curies":[{"name":"wp","href":"https:\/\/api.w.org\/{rel}","templated":true}]}}