{"id":87923,"date":"2021-05-20T13:55:21","date_gmt":"2021-05-20T12:55:21","guid":{"rendered":"https:\/\/mopinion.com\/?page_id=87923"},"modified":"2024-09-17T07:54:10","modified_gmt":"2024-09-17T06:54:10","slug":"form-referral-product","status":"publish","type":"page","link":"https:\/\/mopinion.com\/de\/form-referral-product\/","title":{"rendered":"Form Referral Product"},"content":{"rendered":"<div class=\"text-center\">\n\t<img decoding=\"async\" src=\"https:\/\/media.mopinion.com\/wp-content\/uploads\/2021\/04\/28082828\/home-iso-img-sm-3.png\" class=\"header-fg\" alt=\"Mopinion for Websites, Apps and Email\">\n<\/div>\n<section class=\"homepage-header\">\n<div class=\"container\">\n<div class=\"row\">\n<div class=\"col-md-5 header-text-container\">\n<div class=\"header-text-content\">\n<h1 class=\"text-inverse\">Gestalten Sie eine <br \/>reibungslose digitale Erfahrung<\/h1>\n<h3 class=\"mg-bt-35 text-inverse\">All-in-one User Feedback Software f\u00fcr digitale Kan\u00e4le<\/h3>\n<section class=\"header-cta\"> \n\t\t\t\t\t<div class=\"row\">\n\t\t\t\t\t\t<div class=\"header-btn-wrapper\">\n\t\t\t\t\t\t\t<a href=\"https:\/\/mopinion.com\/de\/demo\/?track=form_referral_landing_de\" id=\"demo-header-cta\" class=\"btn btn-request btn-md btn-primary-inverse\">DEMO BEANTRAGEN<\/a>\n\t\t\t\t\t\t\t<a href=\"https:\/\/app.mopinion.com\/account\/sign-up?track=form_referral_landing_de\" id=\"get-started-header-cta\" class=\"btn btn-request btn-md btn-secondary-inverse\">Teste es jetzt!<\/a>\n\t\t\t\t\t\t<\/div>\n\t\t\t\t\t<\/div>\n\t\t\t\t<\/section><\/div>\n<\/p><\/div>\n<\/p><\/div>\n<\/p><\/div>\n<\/section>\n<section class=\"product-usp md-mt-60\">\n<div class=\"container\">\n<div class=\"row\">\n<div class=\"col-sm-4 text-center\">\n<div class=\"usp-icon\">\n\t\t  \t<img decoding=\"async\" src=\"https:\/\/mopinion.com\/wp-content\/themes\/Mopinionated\/images\/flat-icons\/eye-icon.svg\" alt=\"Gain meaningful CX insights\">\n\t\t  <\/div>\n<p class=\"usp-title xs-mt-20 fw-600\">Gewinnen Sie aussagekr\u00e4ftige CX-Einblicke<\/p>\n<\/p><\/div>\n<div class=\"col-sm-4 text-center\">\n<div class=\"usp-icon\">\n\t\t  \t<img decoding=\"async\" src=\"https:\/\/mopinion.com\/wp-content\/themes\/Mopinionated\/images\/flat-icons\/boost-sdk-icon.svg\" alt=\"Boosts Conversions\">\n\t\t<\/div>\n<p class=\"usp-title xs-mt-20 fw-600\">Steigert die Konversionen<\/p>\n<\/p><\/div>\n<div class=\"col-sm-4 text-center\">\n<div class=\"usp-icon\">\n\t\t  \t<img decoding=\"async\" src=\"https:\/\/mopinion.com\/wp-content\/themes\/Mopinionated\/images\/flat-icons\/loyalty.svg\"  alt=\"Improve customer loyalty\">\n\t\t  <\/div>\n<p class=\"usp-title xs-mt-20 fw-600\">Verbessern Sie die Kundentreue<\/p>\n<\/p><\/div>\n<\/p><\/div>\n<\/p><\/div>\n<\/section>\n<section class=\"product-section\">\n<div class=\"xs-pt-60 xs-pb-60 container-fluid\">\n<div class=\"row channel-container first-channel-container\">\n<div class=\"col-md-6 product-img text-center product-img-left\">\n\t\t\t<img decoding=\"async\" src=\"https:\/\/mopinion.com\/wp-content\/themes\/Mopinionated\/images\/solutions\/mobile-marketeer\/channels.svg\" alt=\"Fine-tune across all digital channels\">\n          <\/div>\n<div class=\"col-md-5 product-text-container\">\n<div class=\"product-text-content\">\n<h4>Feedback \u00fcber alle digitalen Kan\u00e4le sammeln<\/h4>\n<p>Nutzen Sie Ihre Echtzeit-Nutzerdaten, um fundierte Entscheidungen zu treffen. Unsere Software hilft Ihnen und Ihrem Team, L\u00fccken im Nutzererlebnis zu identifizieren, sodass Sie Ihr Nutzererlebnis \u00fcber Ihre E-Mail-, Website- und App-Kan\u00e4le hinweg kontinuierlich optimieren k\u00f6nnen.\n\t\t\t\t   <\/p>\n<\/p><\/div>\n<\/p><\/div>\n<\/p><\/div>\n<div class=\"row channel-container light-bg skewed\">\n<div class=\"col-md-5  left-container  product-text-container\">\n<div class=\"product-text-content  product-text-left\">\n<h4>Erkunden Sie Ihre Daten<\/h4>\n<p>Vereinfachen Sie Ihre Forschung mit spielerischer Datenexploration. Visualisieren Sie Ihre Berechnungen in personalisierten Diagrammen und vergleichen Sie Datens\u00e4tze und Ergebnisse in einer \u00dcbersicht. Dann gehen Sie noch einen Schritt weiter und tauchen Sie mit der Text- und Stimmungsanalyse von Mopinion in die Emotionen Ihrer Besucher ein.\n\t\t\t\t\t   <\/p>\n<\/p><\/div>\n<\/p><\/div>\n<div class=\"col-md-6  product-img text-center product-img-right\">\n\t\t\t\t<img decoding=\"async\" src=\"https:\/\/mopinion.com\/wp-content\/themes\/Mopinionated\/images\/solutions\/analysts\/data-explorer.svg\" alt=\"Explore your data\">\n\t\t\t  <\/div>\n<\/p><\/div>\n<div class=\"row channel-container\">\n<div class=\"col-md-6 product-img text-center product-img-left\">\n\t\t\t\t<img decoding=\"async\" src=\"https:\/\/mopinion.com\/wp-content\/themes\/Mopinionated\/images\/solutions\/cxprof\/bar-graph-responses-v2.svg\" alt=\"Make data-informed decisions\">\n\t\t\t  <\/div>\n<div class=\"col-md-5 product-text-container\">\n<div class=\"product-text-content\">\n<h4>Treffen Sie datengest\u00fctzte Entscheidungen<\/h4>\n<p>Gehen Sie von &#8222;wir denken&#8220; zu &#8222;wir wissen&#8220; \u00fcber und treffen Sie datengest\u00fctzte Entscheidungen mit allen Analysetools in Ihrem Werkzeugkasten. Zus\u00e4tzlich zu unserer fortschrittlichen Feedback-Analysel\u00f6sung l\u00e4sst sich Mopinion auch in eine Vielzahl von Webanalysetools integrieren, um den Analyseprozess weiter zu vereinfachen.\n\t\t\t\t\t   <\/p>\n<\/p><\/div>\n<\/p><\/div>\n<\/p><\/div>\n<\/p><\/div>\n<\/section>\n<section class=\"xs-mt-60\" id=\"\">\n<div class=\"container xs-pt-30 xs-pb-30\">\n<div class=\"row\">\n<div class=\"col-sm-10 col-sm-offset-1\">\n<h2 class=\"text-center\">\n\t\t\t\t\tMarktf\u00fchrer vertrauen Mopinion<br \/>\n\t\t\t\t<\/h2>\n<ul class=\"client-logos\">\n\t\t\t<li><img decoding=\"async\" class=\"client-logo greyscale\" alt=\"Pon Logo\" src=\"https:\/\/media.mopinion.com\/wp-content\/themes\/Mopinionated\/images\/customers\/Customer_logos_175x70\/logo_pon.png\"><\/li>\n\t\t\t<li><img decoding=\"async\" class=\"client-logo greyscale\" alt=\"Gazelle Logo\" src=\"https:\/\/media.mopinion.com\/wp-content\/themes\/Mopinionated\/images\/customers\/Customer_logos_175x70\/logo_gazelle.png\"><\/li>\n\t\t\t<li><img decoding=\"async\" class=\"client-logo greyscale\" alt=\"DPG Logo\" src=\"https:\/\/media.mopinion.com\/wp-content\/themes\/Mopinionated\/images\/customers\/Customer_logos_175x70\/logo_dpg.png\"><\/li>\n\t\n\t\t\t<li><img decoding=\"async\" class=\"client-logo greyscale\" alt=\"KLM Logo\" src=\"https:\/\/media.mopinion.com\/wp-content\/themes\/Mopinionated\/images\/customers\/Customer_logos_175x70\/logo_klm.png\"><\/li>\n\t\t\t<li><img decoding=\"async\" class=\"client-logo greyscale\" alt=\"Decathlon Logo\" src=\"https:\/\/media.mopinion.com\/wp-content\/themes\/Mopinionated\/images\/customers\/Customer_logos_175x70\/logo_decathlon.png\"><\/li>\n\t\t\t<li><img decoding=\"async\" class=\"client-logo greyscale\" alt=\"OKCupid Logo\" src=\"https:\/\/media.mopinion.com\/wp-content\/themes\/Mopinionated\/images\/customers\/Customer_logos_175x70\/logo_okcupid.png\"><\/li>\n\t\t<\/ul>\n\t\t\n\t\t<ul class=\"client-logos\">\n\t\t\t<li><img decoding=\"async\" class=\"client-logo greyscale\" alt=\"iRobot Logo\" src=\"https:\/\/media.mopinion.com\/wp-content\/themes\/Mopinionated\/images\/customers\/Customer_logos_175x70\/logo_irobot.png\"><\/li>\n\t\t\t<li><img decoding=\"async\" class=\"client-logo greyscale\" alt=\"Hunkemoller Logo\" src=\"https:\/\/media.mopinion.com\/wp-content\/themes\/Mopinionated\/images\/customers\/Customer_logos_175x70\/logo_hunkemoller.png\"><\/li>\n\t\t\t<li><img decoding=\"async\" class=\"client-logo greyscale\" alt=\"Zuora Logo\" src=\"https:\/\/media.mopinion.com\/wp-content\/themes\/Mopinionated\/images\/customers\/Customer_logos_175x70\/logo_zuora.png\"><\/li>\n\t\n\t\t\t<li><img decoding=\"async\" class=\"client-logo greyscale\" alt=\"Vodafone Logo\" src=\"https:\/\/media.mopinion.com\/wp-content\/themes\/Mopinionated\/images\/customers\/Customer_logos_175x70\/logo_vodafone.png\"><\/li>\n\t\t\t<li><img decoding=\"async\" class=\"client-logo greyscale\" alt=\"Adeo Logo\" src=\"https:\/\/media.mopinion.com\/wp-content\/themes\/Mopinionated\/images\/customers\/Customer_logos_175x70\/logo_adeo.png\"><\/li>\n\t\t\t<li><img decoding=\"async\" class=\"client-logo greyscale\" alt=\"Grohe Logo\" src=\"https:\/\/media.mopinion.com\/wp-content\/themes\/Mopinionated\/images\/customers\/Customer_logos_175x70\/logo_grohe.png\"><\/li>\n\t\t<\/ul>\n\t\t\n\t\t<ul class=\"client-logos\">\n\t\t\t<li><img decoding=\"async\" class=\"client-logo greyscale\" alt=\"DHL Logo\" src=\"https:\/\/media.mopinion.com\/wp-content\/themes\/Mopinionated\/images\/customers\/Customer_logos_175x70\/logo_dhl.png\"><\/li>\n\t\t\t<li><img decoding=\"async\" class=\"client-logo greyscale\" alt=\"Tommy Hilfiger Logo\" src=\"https:\/\/media.mopinion.com\/wp-content\/themes\/Mopinionated\/images\/customers\/Customer_logos_175x70\/logo_tommyhilfiger.png\"><\/li>\n\t\t\t<li><img decoding=\"async\" class=\"client-logo greyscale\" alt=\"Colgate Logo\" src=\"https:\/\/media.mopinion.com\/wp-content\/themes\/Mopinionated\/images\/customers\/Customer_logos_175x70\/logo_colgate.png\"><\/li>\n\t\n\t\t\t<li><img decoding=\"async\" class=\"client-logo greyscale\" alt=\"Toyota Logo\" src=\"https:\/\/media.mopinion.com\/wp-content\/themes\/Mopinionated\/images\/customers\/Customer_logos_175x70\/logo_toyota.png\"><\/li>\n\t\t\t<li><img decoding=\"async\" class=\"client-logo greyscale\" alt=\"Hema Logo\" src=\"https:\/\/media.mopinion.com\/wp-content\/themes\/Mopinionated\/images\/customers\/Customer_logos_175x70\/logo_hema.png\"><\/li>\n\t\t\t<li><img decoding=\"async\" class=\"client-logo greyscale\" alt=\"Conrad Logo\" src=\"https:\/\/media.mopinion.com\/wp-content\/themes\/Mopinionated\/images\/customers\/Customer_logos_175x70\/logo_conrad.png\"><\/li>\n\t\t<\/ul>\n\t\t\n\t\t<ul class=\"client-logos\">\n\t\t\t<li><img decoding=\"async\" class=\"client-logo greyscale\" alt=\"TomTom Logo\" src=\"https:\/\/media.mopinion.com\/wp-content\/themes\/Mopinionated\/images\/customers\/Customer_logos_175x70\/logo_tomtom.png\"><\/li>\n\t\t\t<li><img decoding=\"async\" class=\"client-logo greyscale\" alt=\"T-Mobile Logo\" src=\"https:\/\/media.mopinion.com\/wp-content\/themes\/Mopinionated\/images\/customers\/Customer_logos_175x70\/logo_odido.png\"><\/li>\n\t\t\t<li><img decoding=\"async\" class=\"client-logo greyscale\" alt=\"Randstad Logo\" src=\"https:\/\/media.mopinion.com\/wp-content\/themes\/Mopinionated\/images\/customers\/Customer_logos_175x70\/logo_randstad.png\"><\/li>\n\t\n\t\t\t<li><img decoding=\"async\" class=\"client-logo greyscale\" alt=\"KPN Logo\" src=\"https:\/\/media.mopinion.com\/wp-content\/themes\/Mopinionated\/images\/customers\/Customer_logos_175x70\/logo_kpn.png\"><\/li>\n\t\t\t<li><img decoding=\"async\" class=\"client-logo greyscale\" alt=\"Bijenkorf Logo\" src=\"https:\/\/media.mopinion.com\/wp-content\/themes\/Mopinionated\/images\/customers\/Customer_logos_175x70\/logo_bijenkorf.png\"><\/li>\n\t\t\t<li><img decoding=\"async\" class=\"client-logo greyscale\" alt=\"De Lijn Logo\" src=\"https:\/\/media.mopinion.com\/wp-content\/themes\/Mopinionated\/images\/customers\/Customer_logos_175x70\/logo_delijn.png\"><\/li>\n\t\t<\/ul>\n\t\t\n\t\t<ul class=\"client-logos\">\n\t\t\t<li><img decoding=\"async\" class=\"client-logo greyscale\" alt=\"Accor Logo\" src=\"https:\/\/media.mopinion.com\/wp-content\/themes\/Mopinionated\/images\/customers\/Customer_logos_175x70\/logo_accor.png\"><\/li>\n\t\t\t<li><img decoding=\"async\" class=\"client-logo greyscale\" alt=\"Jimdo Logo\" src=\"https:\/\/media.mopinion.com\/wp-content\/themes\/Mopinionated\/images\/customers\/Customer_logos_175x70\/logo_jimdo.png\"><\/li>\n\t\t\t<li><img decoding=\"async\" class=\"client-logo greyscale\" alt=\"CSS Logo\" src=\"https:\/\/media.mopinion.com\/wp-content\/themes\/Mopinionated\/images\/customers\/Customer_logos_175x70\/logo_css.png\"><\/li>\n\t\n\t\t\t<li><img decoding=\"async\" class=\"client-logo greyscale\" alt=\"Campina Logo\" src=\"https:\/\/media.mopinion.com\/wp-content\/themes\/Mopinionated\/images\/customers\/Customer_logos_175x70\/logo_campina.png\"><\/li>\n\t\t\t<li><img decoding=\"async\" class=\"client-logo greyscale\" alt=\"Action Logo\" src=\"https:\/\/media.mopinion.com\/wp-content\/themes\/Mopinionated\/images\/customers\/Customer_logos_175x70\/logo_action.png\"><\/li>\n\t\t\t<li><img decoding=\"async\" class=\"client-logo greyscale\" alt=\"Del Haize Logo\" src=\"https:\/\/media.mopinion.com\/wp-content\/themes\/Mopinionated\/images\/customers\/Customer_logos_175x70\/logo_delhaize.png\"><\/li>\n\t\t<\/ul>\n\t\t\n\t\t<ul class=\"client-logos\">\n\t\t\t<li><img decoding=\"async\" class=\"client-logo greyscale\" alt=\"Ahold Logo\" src=\"https:\/\/media.mopinion.com\/wp-content\/themes\/Mopinionated\/images\/customers\/Customer_logos_175x70\/logo_ahold.png\"><\/li>\n\t\t\t<li><img decoding=\"async\" class=\"client-logo greyscale\" alt=\"TNO Logo\" src=\"https:\/\/media.mopinion.com\/wp-content\/themes\/Mopinionated\/images\/customers\/Customer_logos_175x70\/logo_tno.png\"><\/li>\n\t\t\t<li><img decoding=\"async\" class=\"client-logo greyscale\" alt=\"Scania Logo\" src=\"https:\/\/media.mopinion.com\/wp-content\/themes\/Mopinionated\/images\/customers\/Customer_logos_175x70\/logo_scania.png\"><\/li>\n\t\n\t\t\t<li><img decoding=\"async\" class=\"client-logo greyscale\" alt=\"Zeeman Logo\" src=\"https:\/\/media.mopinion.com\/wp-content\/themes\/Mopinionated\/images\/customers\/Customer_logos_175x70\/logo_zeeman.png\"><\/li>\n\t\t\t<li><img decoding=\"async\" class=\"client-logo greyscale\" alt=\"Efteling Logo\" src=\"https:\/\/media.mopinion.com\/wp-content\/themes\/Mopinionated\/images\/customers\/Customer_logos_175x70\/logo_efteling.png\"><\/li>\n\t\t\t<li><img decoding=\"async\" class=\"client-logo greyscale\" alt=\"Bridgestone Logo\" src=\"https:\/\/media.mopinion.com\/wp-content\/themes\/Mopinionated\/images\/customers\/Customer_logos_175x70\/logo_bridgestone.png\"><\/li>\n\t\t<\/ul>\n\t\t<\/div>\n<\/p><\/div>\n<\/p><\/div>\n<\/section>\n<section class=\"embed-cta\">\n<div class=\"container xs-pt-60 xs-mt-40\">\n<div class=\"row\">\n<div class=\"col-xs-offset-2 col-xs-8 xs-pt-40 xs-pb-20\">\n<p class=\"text-inverse text-center\">Mit Hilfe von Echtzeit-Feedback-Dashboards k\u00f6nnen wir leicht erkennen, an welchen Problemen wir arbeiten m\u00fcssen, um die Online Reise und Kundenzufriedenheit zu verbessern. Diese Erkenntnisse werden intern mit verschiedenen spezialisierten Teams geteilt, die an den spezifischen Feedbackpunkten arbeiten.<\/p>\n<div class=\"float-right\">\n<p class=\"text-inverse\"><strong>Rosanne Heijligers,<\/strong> Customer Experience Analytikerin<\/p>\n<p>\t\t\t\t\t\t<img decoding=\"async\" src=\"https:\/\/mopinion.com\/wp-content\/themes\/Mopinionated\/images\/customers\/white\/ahold_logo.svg\" width=\"100\" alt=\"ahold logo\" class=\"float-right\">\n\t\t\t\t\t<\/div>\n<\/p><\/div>\n<\/p><\/div>\n\n\t\t\t<div class=\"row\">\n\t\t\t\t<div class=\"col-xl-6 col-md-8 col-xs-10 xs-pt-20 xs-pb-20 seeitlive-form-wrap cta-wrap-inverse\">\n\t\t\t\t\t<div class=\"form-wrap\">\n\t\t\t\t\t<h3 class=\"bold text-center text-inverse\">Sehen Sie, was Mopinion f\u00fcr Ihr Unternehmen tun kann<\/h3>\n\t\t\t\t\t\t\n\t\t\t\t\t\t\t<div class=\"text-center cta-btn-container\">\n\t\t\t\t\t\t\t\t<a href=\"https:\/\/mopinion.com\/de\/demo\/\">\n\t\t\t\t\t\t\t\t\t<div id=\"button-CTA-demo-footer\" class=\"btn btn-primary btn-lg\">DEMO BEANTRAGEN<\/div>\n\t\t\t\t\t\t\t\t<\/a>\n\t\t\t\t\t\t\t\t<a href=\"https:\/\/app.mopinion.com\/account\/sign-up\">\n\t\t\t\t\t\t\t\t\t<div id=\"button-CTA-trial-footer\" class=\"btn cta-btn-secondary btn-secondary btn-lg\">Direkt loslegen<\/div>\n\t\t\t\t\t\t\t\t<\/a>\n\t\t\t\t\t\t\t<\/div>\n\t\t\t\t\t\t\t<div class=\"row cta-section-bulletpoints text-inverse\">\n\t\t\t\t\t\t\t\t<div class=\"col-md-12\">\n\t\t\t\t\t\t\t\t\t<ul class=\"stagger bulletlist dark-trial-form\" style=\"opacity: 1; transform: matrix(1, 0, 0, 1, 0, 0);\">\n\t\t\t\t\t\t\t\t\t\t<li style=\"padding-left:0px;\">Immer kostenlos<\/li>\n\t\t\t\t\t\t\t\t\t\t<li><i class=\"fas fa-circle fontawesome\"><\/i><\/li>\n\t\t\t\t\t\t\t\t\t\t<li>Schnelle Installation<\/li>\n\t\t\t\t\t\t\t\t\t\t<li><i class=\"fas fa-circle fontawesome\"><\/i><\/li>\n\t\t\t\t\t\t\t\t\t\t<li>Einfache K\u00fcndigung<\/li>\n\t\t\t\t\t\t\t\t\t<\/ul>\n\t\t\t\t\t\t\t\t<\/div>\n\t\t\t\t\t\t\t<\/div>\n\t\t\t\t\t\t\n\t\t\t\t\t<\/div>\n\t\t\t\t<\/div>\n\t\t\t<\/div>\n\t\t\t<\/div>\n<\/section>\n","protected":false},"excerpt":{"rendered":"<p>Gestalten Sie eine reibungslose digitale Erfahrung All-in-one User Feedback Software f\u00fcr digitale Kan\u00e4le Gewinnen Sie aussagekr\u00e4ftige CX-Einblicke Steigert die Konversionen Verbessern Sie die Kundentreue Feedback \u00fcber alle digitalen Kan\u00e4le sammeln Nutzen Sie Ihre Echtzeit-Nutzerdaten, um fundierte Entscheidungen zu treffen. Unsere Software hilft Ihnen und Ihrem Team, L\u00fccken im Nutzererlebnis zu identifizieren, sodass Sie Ihr Nutzererlebnis [&hellip;]<\/p>\n","protected":false},"author":39,"featured_media":0,"parent":0,"menu_order":0,"comment_status":"closed","ping_status":"closed","template":"","meta":{"_acf_changed":false,"footnotes":""},"categories":[],"tags":[],"class_list":["post-87923","page","type-page","status-publish","hentry"],"acf":[],"yoast_head":"<!-- This site is optimized with the Yoast SEO plugin v24.9 - https:\/\/yoast.com\/wordpress\/plugins\/seo\/ -->\n<title>Form Referral Product - Mopinion<\/title>\n<meta name=\"description\" content=\"Schaffen Sie eine nahtlose digitale Erfahrung mit Mopinion\u2019s All-in-One-Feedback-Software f\u00fcr digitale Kan\u00e4le.\" \/>\n<meta name=\"robots\" content=\"index, follow, max-snippet:-1, max-image-preview:large, max-video-preview:-1\" \/>\n<link rel=\"canonical\" href=\"https:\/\/mopinion.com\/de\/form-referral-product\/\" \/>\n<meta property=\"og:locale\" content=\"de_DE\" \/>\n<meta property=\"og:type\" content=\"article\" \/>\n<meta property=\"og:title\" content=\"Form Referral Product - Mopinion\" \/>\n<meta property=\"og:description\" content=\"Schaffen Sie eine nahtlose digitale Erfahrung mit Mopinion\u2019s All-in-One-Feedback-Software f\u00fcr digitale Kan\u00e4le.\" \/>\n<meta property=\"og:url\" content=\"https:\/\/mopinion.com\/de\/form-referral-product\/\" \/>\n<meta property=\"og:site_name\" content=\"Mopinion\" \/>\n<meta property=\"article:modified_time\" content=\"2024-09-17T06:54:10+00:00\" \/>\n<meta property=\"og:image\" content=\"https:\/\/mopinion.com\/wp-content\/uploads\/2021\/04\/home-iso-img-sm-3.png\" \/>\n<meta name=\"twitter:card\" content=\"summary_large_image\" \/>\n<meta name=\"twitter:label1\" content=\"Est. reading time\" \/>\n\t<meta name=\"twitter:data1\" content=\"3 Minuten\" \/>\n<script type=\"application\/ld+json\" class=\"yoast-schema-graph\">{\"@context\":\"https:\/\/schema.org\",\"@graph\":[{\"@type\":\"WebPage\",\"@id\":\"https:\/\/mopinion.com\/de\/form-referral-product\/\",\"url\":\"https:\/\/mopinion.com\/de\/form-referral-product\/\",\"name\":\"Form Referral Product - Mopinion\",\"isPartOf\":{\"@id\":\"https:\/\/mopinion.com\/de\/#website\"},\"primaryImageOfPage\":{\"@id\":\"https:\/\/mopinion.com\/de\/form-referral-product\/#primaryimage\"},\"image\":{\"@id\":\"https:\/\/mopinion.com\/de\/form-referral-product\/#primaryimage\"},\"thumbnailUrl\":\"https:\/\/mopinion.com\/wp-content\/uploads\/2021\/04\/home-iso-img-sm-3.png\",\"datePublished\":\"2021-05-20T12:55:21+00:00\",\"dateModified\":\"2024-09-17T06:54:10+00:00\",\"description\":\"Schaffen Sie eine nahtlose digitale Erfahrung mit Mopinion\u2019s All-in-One-Feedback-Software f\u00fcr digitale Kan\u00e4le.\",\"breadcrumb\":{\"@id\":\"https:\/\/mopinion.com\/de\/form-referral-product\/#breadcrumb\"},\"inLanguage\":\"de-DE\",\"potentialAction\":[{\"@type\":\"ReadAction\",\"target\":[\"https:\/\/mopinion.com\/de\/form-referral-product\/\"]}]},{\"@type\":\"ImageObject\",\"inLanguage\":\"de-DE\",\"@id\":\"https:\/\/mopinion.com\/de\/form-referral-product\/#primaryimage\",\"url\":\"https:\/\/mopinion.com\/wp-content\/uploads\/2021\/04\/home-iso-img-sm-3.png\",\"contentUrl\":\"https:\/\/mopinion.com\/wp-content\/uploads\/2021\/04\/home-iso-img-sm-3.png\"},{\"@type\":\"BreadcrumbList\",\"@id\":\"https:\/\/mopinion.com\/de\/form-referral-product\/#breadcrumb\",\"itemListElement\":[{\"@type\":\"ListItem\",\"position\":1,\"name\":\"Home\",\"item\":\"https:\/\/mopinion.com\/de\/\"},{\"@type\":\"ListItem\",\"position\":2,\"name\":\"Form Referral Product\"}]},{\"@type\":\"WebSite\",\"@id\":\"https:\/\/mopinion.com\/de\/#website\",\"url\":\"https:\/\/mopinion.com\/de\/\",\"name\":\"Mopinion\",\"description\":\"Customer Feedback Intelligence For Digital Enterprises\",\"publisher\":{\"@id\":\"https:\/\/mopinion.com\/de\/#organization\"},\"potentialAction\":[{\"@type\":\"SearchAction\",\"target\":{\"@type\":\"EntryPoint\",\"urlTemplate\":\"https:\/\/mopinion.com\/de\/?s={search_term_string}\"},\"query-input\":{\"@type\":\"PropertyValueSpecification\",\"valueRequired\":true,\"valueName\":\"search_term_string\"}}],\"inLanguage\":\"de-DE\"},{\"@type\":\"Organization\",\"@id\":\"https:\/\/mopinion.com\/de\/#organization\",\"name\":\"Mopinion\",\"url\":\"https:\/\/mopinion.com\/de\/\",\"logo\":{\"@type\":\"ImageObject\",\"inLanguage\":\"de-DE\",\"@id\":\"https:\/\/mopinion.com\/de\/#\/schema\/logo\/image\/\",\"url\":\"https:\/\/media.mopinion.com\/wp-content\/uploads\/2015\/12\/28084926\/m_icon.png\",\"contentUrl\":\"https:\/\/media.mopinion.com\/wp-content\/uploads\/2015\/12\/28084926\/m_icon.png\",\"width\":140,\"height\":140,\"caption\":\"Mopinion\"},\"image\":{\"@id\":\"https:\/\/mopinion.com\/de\/#\/schema\/logo\/image\/\"}}]}<\/script>\n<!-- \/ Yoast SEO plugin. -->","yoast_head_json":{"title":"Form Referral Product - Mopinion","description":"Schaffen Sie eine nahtlose digitale Erfahrung mit Mopinion\u2019s All-in-One-Feedback-Software f\u00fcr digitale Kan\u00e4le.","robots":{"index":"index","follow":"follow","max-snippet":"max-snippet:-1","max-image-preview":"max-image-preview:large","max-video-preview":"max-video-preview:-1"},"canonical":"https:\/\/mopinion.com\/de\/form-referral-product\/","og_locale":"de_DE","og_type":"article","og_title":"Form Referral Product - Mopinion","og_description":"Schaffen Sie eine nahtlose digitale Erfahrung mit Mopinion\u2019s All-in-One-Feedback-Software f\u00fcr digitale Kan\u00e4le.","og_url":"https:\/\/mopinion.com\/de\/form-referral-product\/","og_site_name":"Mopinion","article_modified_time":"2024-09-17T06:54:10+00:00","og_image":[{"url":"https:\/\/mopinion.com\/wp-content\/uploads\/2021\/04\/home-iso-img-sm-3.png","type":"","width":"","height":""}],"twitter_card":"summary_large_image","twitter_misc":{"Est. reading time":"3 Minuten"},"schema":{"@context":"https:\/\/schema.org","@graph":[{"@type":"WebPage","@id":"https:\/\/mopinion.com\/de\/form-referral-product\/","url":"https:\/\/mopinion.com\/de\/form-referral-product\/","name":"Form Referral Product - Mopinion","isPartOf":{"@id":"https:\/\/mopinion.com\/de\/#website"},"primaryImageOfPage":{"@id":"https:\/\/mopinion.com\/de\/form-referral-product\/#primaryimage"},"image":{"@id":"https:\/\/mopinion.com\/de\/form-referral-product\/#primaryimage"},"thumbnailUrl":"https:\/\/mopinion.com\/wp-content\/uploads\/2021\/04\/home-iso-img-sm-3.png","datePublished":"2021-05-20T12:55:21+00:00","dateModified":"2024-09-17T06:54:10+00:00","description":"Schaffen Sie eine nahtlose digitale Erfahrung mit Mopinion\u2019s All-in-One-Feedback-Software f\u00fcr digitale Kan\u00e4le.","breadcrumb":{"@id":"https:\/\/mopinion.com\/de\/form-referral-product\/#breadcrumb"},"inLanguage":"de-DE","potentialAction":[{"@type":"ReadAction","target":["https:\/\/mopinion.com\/de\/form-referral-product\/"]}]},{"@type":"ImageObject","inLanguage":"de-DE","@id":"https:\/\/mopinion.com\/de\/form-referral-product\/#primaryimage","url":"https:\/\/mopinion.com\/wp-content\/uploads\/2021\/04\/home-iso-img-sm-3.png","contentUrl":"https:\/\/mopinion.com\/wp-content\/uploads\/2021\/04\/home-iso-img-sm-3.png"},{"@type":"BreadcrumbList","@id":"https:\/\/mopinion.com\/de\/form-referral-product\/#breadcrumb","itemListElement":[{"@type":"ListItem","position":1,"name":"Home","item":"https:\/\/mopinion.com\/de\/"},{"@type":"ListItem","position":2,"name":"Form Referral Product"}]},{"@type":"WebSite","@id":"https:\/\/mopinion.com\/de\/#website","url":"https:\/\/mopinion.com\/de\/","name":"Mopinion","description":"Customer Feedback Intelligence For Digital Enterprises","publisher":{"@id":"https:\/\/mopinion.com\/de\/#organization"},"potentialAction":[{"@type":"SearchAction","target":{"@type":"EntryPoint","urlTemplate":"https:\/\/mopinion.com\/de\/?s={search_term_string}"},"query-input":{"@type":"PropertyValueSpecification","valueRequired":true,"valueName":"search_term_string"}}],"inLanguage":"de-DE"},{"@type":"Organization","@id":"https:\/\/mopinion.com\/de\/#organization","name":"Mopinion","url":"https:\/\/mopinion.com\/de\/","logo":{"@type":"ImageObject","inLanguage":"de-DE","@id":"https:\/\/mopinion.com\/de\/#\/schema\/logo\/image\/","url":"https:\/\/media.mopinion.com\/wp-content\/uploads\/2015\/12\/28084926\/m_icon.png","contentUrl":"https:\/\/media.mopinion.com\/wp-content\/uploads\/2015\/12\/28084926\/m_icon.png","width":140,"height":140,"caption":"Mopinion"},"image":{"@id":"https:\/\/mopinion.com\/de\/#\/schema\/logo\/image\/"}}]}},"rttpg_featured_image_url":null,"rttpg_author":{"display_name":"Yannick Post","author_link":"https:\/\/mopinion.com\/de\/author\/yannick-post\/"},"rttpg_comment":0,"rttpg_category":false,"rttpg_excerpt":"Gestalten Sie eine reibungslose digitale Erfahrung All-in-one User Feedback Software f\u00fcr digitale Kan\u00e4le Gewinnen Sie aussagekr\u00e4ftige CX-Einblicke Steigert die Konversionen Verbessern Sie die Kundentreue Feedback \u00fcber alle digitalen Kan\u00e4le sammeln Nutzen Sie Ihre Echtzeit-Nutzerdaten, um fundierte Entscheidungen zu treffen. Unsere Software hilft Ihnen und Ihrem Team, L\u00fccken im Nutzererlebnis zu identifizieren, sodass Sie Ihr Nutzererlebnis&hellip;","_links":{"self":[{"href":"https:\/\/mopinion.com\/de\/wp-json\/wp\/v2\/pages\/87923","targetHints":{"allow":["GET"]}}],"collection":[{"href":"https:\/\/mopinion.com\/de\/wp-json\/wp\/v2\/pages"}],"about":[{"href":"https:\/\/mopinion.com\/de\/wp-json\/wp\/v2\/types\/page"}],"author":[{"embeddable":true,"href":"https:\/\/mopinion.com\/de\/wp-json\/wp\/v2\/users\/39"}],"replies":[{"embeddable":true,"href":"https:\/\/mopinion.com\/de\/wp-json\/wp\/v2\/comments?post=87923"}],"version-history":[{"count":1,"href":"https:\/\/mopinion.com\/de\/wp-json\/wp\/v2\/pages\/87923\/revisions"}],"predecessor-version":[{"id":87924,"href":"https:\/\/mopinion.com\/de\/wp-json\/wp\/v2\/pages\/87923\/revisions\/87924"}],"wp:attachment":[{"href":"https:\/\/mopinion.com\/de\/wp-json\/wp\/v2\/media?parent=87923"}],"wp:term":[{"taxonomy":"category","embeddable":true,"href":"https:\/\/mopinion.com\/de\/wp-json\/wp\/v2\/categories?post=87923"},{"taxonomy":"post_tag","embeddable":true,"href":"https:\/\/mopinion.com\/de\/wp-json\/wp\/v2\/tags?post=87923"}],"curies":[{"name":"wp","href":"https:\/\/api.w.org\/{rel}","templated":true}]}}