{"id":57442,"date":"2015-12-02T09:11:09","date_gmt":"2015-12-02T08:11:09","guid":{"rendered":"https:\/\/beta-site.mopinion.com\/la-gestion\/"},"modified":"2026-02-23T16:41:43","modified_gmt":"2026-02-23T15:41:43","slug":"gestion","status":"publish","type":"page","link":"https:\/\/mopinion.com\/es\/empresa\/gestion\/","title":{"rendered":"La gesti\u00f3n"},"content":{"rendered":"<section class=\"header-light\">\n<div class=\"container-lg\">\n<div class=\"row align-items-center\">\n<div class=\"col-10 mx-auto col-md-5 col-lg-6 xs-mb-40 header-text-container-top__new\">\n<div class=\"header-text-content-top__new text-center text-md-start\">\n<h1>El equipo ejecutivo<\/h1>\n<h3 class=\"xs-mb-30\">No tenemos una mascota de compa\u00f1\u00eda. Lo que s\u00ed tenemos es pasi\u00f3n por la ciencia de datos<\/h3>\n<div class=\"header-cta\"> \n    <div class=\"row\">\n        <div class=\"col-12\">\n            <div class=\"header-btn-wrapper justify-content-center justify-content-md-start header-cta cta-light gap-3 px-0\">\n                <a href=\"https:\/\/app.mopinion.com\/account\/sign-up\/\" id=\"get-started-header-cta\" class=\"btn btn-request btn-md btn-outline-primary uppercase\">Inscribirse<\/a>\n                \n                <a id=\"demo-header-cta\" class=\"btn btn-request btn-md btn-primary uppercase\" href=\"https:\/\/mopinion.com\/es\/solicita-una-demostracion-personalizada\/\">Solicitar demo<\/a>\n            <\/div>\n        <\/div>\n    <\/div>\n<\/div><\/div>\n<\/p><\/div>\n<div class=\"col-12 col-md-7 col-lg-6\">\n\t\t\t\t<img decoding=\"async\" src=\"https:\/\/media.mopinion.com\/wp-content\/uploads\/2021\/04\/28084107\/management-580x550.png\" alt=\"Mopinion Management\">\n            <\/div>\n<\/p><\/div>\n<\/p><\/div>\n<\/section>\n<section id=\"\" class=\"xs-mt-60\">\n<div class=\"container xs-pt-30 xs-pb-30\">\n<div class=\"row\">\n<div class=\"col-sm-10 col-sm-offset-1\">\n<h2 class=\"text-center\">Junta ejecutiva<\/h2>\n<p class=\"lead text-center\">Especialmente cuando se trata de grandes cantidades de datos de retroalimentaci\u00f3n. Nuestros equipos se componen de m\u00e1s de 40 entusiastas. El equipo ejecutivo est\u00e1 formado por los siguientes cuatro miembros, cada uno con su propio campo de experiencia:d\u2019expertise:<\/p>\n<\/p><\/div>\n<\/p><\/div>\n<\/p><\/div>\n<div class=\"container xs-pt-30 xs-pb-30\">\n<div class=\"row\">\n<div class=\"col-md-4 col-xs-12 text-center xs-mb-30 feat-management\">\n<div class=\"inter-wrapper inter-wrapper-1\">\n\t\t\t\t\t<img decoding=\"async\" class=\"img-circle\" style=\"max-width: 140px;\" src=\"https:\/\/media.mopinion.com\/wp-content\/uploads\/2024\/04\/18114836\/udesh.jpg\" alt=\"Udesh Jadnanansing - Revenue &amp; Growth\" \/><\/p>\n<div class=\"title xs-mt-15 xs-mb-15\">\n<h4 class=\"xs-mb-0\">Udesh Jadnanansing<\/h4>\n<p>\t\t\t\t\t\t<span class=\"fw-400\">Ventas y Crecimiento<\/span>\n\t\t\t\t\t<\/div>\n<p class=\"fw-400\">Udesh obtuvo su t\u00edtulo de \u2018Marketing y Ciencias de la Comunicaci\u00f3n\u2019 en la Universidad de Amsterdam. Inmediatamente despu\u00e9s de su per\u00edodo de estudiante, fund\u00f3 su primera compa\u00f1\u00eda. Tambi\u00e9n trabaj\u00f3 en la industria publicitaria y como vendedor en l\u00ednea. Le encantan los inventos y los oldtimers.<\/p>\n<\/p><\/div>\n<\/p><\/div>\n<div class=\"col-md-4 col-xs-12 text-center md-mb-0 xs-mb-30 feat-management\">\n<div class=\"inter-wrapper inter-wrapper-1\">\n\t\t\t\t\t<img decoding=\"async\" class=\"img-circle\" style=\"max-width: 140px;\" src=\"https:\/\/media.mopinion.com\/wp-content\/uploads\/2024\/04\/18114818\/flo.jpg\" alt=\"Floris Snuif - Data science and development\" \/><\/p>\n<div class=\"title xs-mt-15 xs-mb-15\">\n<h4 class=\"xs-mb-0\">Floris Snuif<\/h4>\n<p>\t\t\t\t\t\t<span class=\"fw-400\">Ciencia de datos y desarrollo<\/span>\n\t\t\t\t\t<\/div>\n<p class=\"fw-400\">Floris tiene experiencia en el desarrollo web y de aplicaciones. Ha trabajado para varias startups tecnol\u00f3gicas y agencias web. Ama a sus perros de M\u00e9xico (Chihuahuas), pero le gustan tambi\u00e9n sus coches y muebles de Suecia.<\/p>\n<\/p><\/div>\n<\/p><\/div>\n<div class=\"col-md-4 text-center col-xs-12 md-mb-0 xs-mb-30 feat-management\">\n<div class=\"inter-wrapper inter-wrapper-1\">\n\t\t\t\t\t<img decoding=\"async\" class=\"img-circle\" style=\"max-width: 140px;\" src=\"https:\/\/media.mopinion.com\/wp-content\/uploads\/2024\/04\/18114823\/kees.jpg\" alt=\"Kees Wolters - Product and marketing\" \/><\/p>\n<div class=\"title xs-mt-15 xs-mb-15\">\n<h4 class=\"xs-mb-0\">Kees Wolters<\/h4>\n<p>\t\t\t\t\t\t<span class=\"fw-400\">Producto y Marketing<\/span>\n\t\t\t\t\t<\/div>\n<p class=\"fw-400\">Kees tiene experiencia en el dise\u00f1o web y UX. Despu\u00e9s de trabajar para una serie de agencias web, ocup\u00f3 cargos de marketing digital en, entre otros, Philips y USG Marketing. Sus habilidades en la guitarra no son tan malas, pero ahora son menos \u00fatiles.<\/p>\n<\/p><\/div>\n<\/p><\/div>\n<div class=\"col-md-4 col-xs-12 text-center xs-mt-40 md-mb-0 xs-mb-30 feat-management\">\n<div class=\"inter-wrapper inter-wrapper-3\">\n\t\t\t\t\t<img decoding=\"async\" class=\"img-circle\" style=\"max-width: 140px;\" src=\"https:\/\/media.mopinion.com\/wp-content\/uploads\/2024\/04\/18114831\/rachid.jpg\" alt=\"Rachid Saddrati - Chief Financial Officer\" \/><\/p>\n<div class=\"title xs-mt-15 xs-mb-15\">\n<h4 class=\"xs-mb-0\">Rachid Saddrati<\/h4>\n<p>\t\t\t\t\t\t<span class=\"fw-400\">Chief Financial Officer<\/span>\n\t\t\t\t\t<\/div>\n<p class=\"fw-400\">Rachid tiene a\u00f1os de experiencia en finanzas y econom\u00eda adquirida en diversas agencias creativas y de marketing. A este Amsterdam\u00e9s le encanta pasar su tiempo con la familia y amigos, ya sea mirando series en Netflix o siguiendo deportes como el kickboxing, el tenis o la Premier League de f\u00fatbol.<\/p>\n<\/p><\/div>\n<\/p><\/div>\n<\/p><\/div>\n<\/p><\/div>\n<\/section>\n<section id=\"\" class=\"xs-mt-60\">\n<div class=\"container xs-pt-30 xs-pb-30\">\n<div class=\"row\">\n<div class=\"col-sm-10 col-sm-offset-1\">\n<h2 class=\"text-center\">Administraci\u00f3n<\/h2>\n<\/p><\/div>\n<\/p><\/div>\n<\/p><\/div>\n<div class=\"container xs-pt-30 xs-pb-30\">\n<div class=\"row\">\n<div class=\"col-md-4 col-xs-12 xs-mb-30 text-center feat-management\">\n<div class=\"inter-wrapper inter-wrapper-3\">\n\t\t\t\t\t<img decoding=\"async\" class=\"img-circle\" style=\"max-width: 140px;\" src=\"https:\/\/media.mopinion.com\/wp-content\/uploads\/2024\/04\/18114825\/luke.jpg\" alt=\"Luke Price - Head of Sales\" \/><\/p>\n<div class=\"title xs-mt-15 xs-mb-15\">\n<h4 class=\"xs-mb-0\">Luke Price<\/h4>\n<p>\t\t\t\t\t\t<span class=\"fw-400\">Director de venta<\/span>\n\t\t\t\t\t<\/div>\n<p class=\"fw-400\">Luke tiene experiencia en ventas y consultor\u00eda. Despu\u00e9s de emigrar a los Pa\u00edses Bajos, Luke forj\u00f3 una carrera en el espacio de consultor\u00eda SaaS con muchas empresas internacionales como SAP, Microsoft, Samsung y muchas m\u00e1s. Lleva en Mopinion desde 2016 y le encanta comer chocolate y hablar sobre relojes.<\/p>\n<\/p><\/div>\n<\/p><\/div>\n<div class=\"col-md-4 col-xs-12 text-center md-mb-0 xs-mb-30 feat-management\">\n<div class=\"inter-wrapper inter-wrapper-3\">\n\t\t\t\t\t<img decoding=\"async\" class=\"img-circle\" style=\"max-width: 140px;\" src=\"https:\/\/media.mopinion.com\/wp-content\/uploads\/2024\/04\/18114833\/rudo.jpg\" alt=\"Rudo de Graaf - Head of Customer Success\" \/><\/p>\n<div class=\"title xs-mt-15 xs-mb-15\">\n<h4 class=\"xs-mb-0\">Rudo de Graaf<\/h4>\n<p>\t\t\t\t\t\t<span class=\"fw-400\">Head of Customer Success<\/span>\n\t\t\t\t\t<\/div>\n<p class=\"fw-400\">Rudo ha trabajado en funciones centradas en el cliente y en ventas dentro de varias industrias internacionales. Tiene el deseo de aportar alegr\u00eda y satisfacci\u00f3n a todos nuestros clientes. En su tiempo libre lo encontrar\u00e1s cocinando, bebiendo, comiendo queso o viajando.<\/p>\n<\/p><\/div>\n<\/p><\/div>\n<div class=\"col-md-4 text-center col-xs-12 md-mb-0 xs-mb-30 feat-management\">\n<div class=\"inter-wrapper inter-wrapper-3\">\n\t\t\t\t\t<img decoding=\"async\" class=\"img-circle\" style=\"max-width: 140px;\" src=\"https:\/\/media.mopinion.com\/wp-content\/uploads\/2024\/07\/15135403\/pieter-1.jpg\" alt=\"Pieter Hotke - Head of Customer Support\" \/><\/p>\n<div class=\"title xs-mt-15 xs-mb-15\">\n<h4 class=\"xs-mb-0\">Pieter Hotke<\/h4>\n<p>\t\t\t\t\t\t<span class=\"fw-400\">Director de Atenci\u00f3n al Cliente<\/span>\n\t\t\t\t\t<\/div>\n<p class=\"fw-400\">Despu\u00e9s de graduarse con una licenciatura en Administraci\u00f3n de Empresas y trabajar brevemente en el sector financiero, Pieter se uni\u00f3 a Mopinion. En su tiempo libre, est\u00e1 en el campo de hockey, tanto como jugador como seguidor de sus dos hijas. Tambi\u00e9n es el due\u00f1o de la querida mascota y perro de la oficina de Mopinion, Bobby.<\/p>\n<\/p><\/div>\n<\/p><\/div>\n<div class=\"col-md-4 col-xs-12 text-center md-mb-0 xs-mt-40 xs-mb-30 feat-management\">\n<div class=\"inter-wrapper inter-wrapper-3\">\n\t\t\t\t\t<img decoding=\"async\" class=\"img-circle\" style=\"max-width: 140px;\" src=\"https:\/\/media.mopinion.com\/wp-content\/uploads\/2024\/04\/22123009\/anwar.jpg\" alt=\"Anwar Jebali - Head of Development\" \/><\/p>\n<div class=\"title xs-mt-15 xs-mb-15\">\n<h4 class=\"xs-mb-0\">Anwar Jebali<\/h4>\n<p>\t\t\t\t\t\t<span class=\"fw-400\">Director de Desarrollo<\/span>\n\t\t\t\t\t<\/div>\n<p class=\"fw-400\">Anwar tiene experiencia en dise\u00f1o de experiencia de usuario y desarrollo frontend. Se expandi\u00f3 al desarrollo Full Stack durante su tiempo en Mopinion y ha estado en la empresa desde inmediatamente despu\u00e9s de ser fundada. Le apasiona todo lo tecnol\u00f3gico.<\/p>\n<\/p><\/div>\n<\/p><\/div>\n<div class=\"col-md-4 col-xs-12 text-center xs-mt-40 md-mb-0 xs-mb-30 feat-management\">\n<div class=\"inter-wrapper inter-wrapper-3\">\n\t\t\t\t\t<img decoding=\"async\" class=\"img-circle\" style=\"max-width: 140px;\" src=\"https:\/\/media.mopinion.com\/wp-content\/uploads\/2024\/04\/18114820\/jos.jpg\" alt=\"Jos van der Kooij - Head of Product\" \/><\/p>\n<div class=\"title xs-mt-15 xs-mb-15\">\n<h4 class=\"xs-mb-0\">Jos van der Kooij<\/h4>\n<p>\t\t\t\t\t\t<span class=\"fw-400\">Responsable de Producto<\/span>\n\t\t\t\t\t<\/div>\n<p class=\"fw-400\">Jos es licenciado en Derecho; pero r\u00e1pidamente se decant\u00f3 por los contenidos y los productos digitales. Ha trabajado en diferentes puestos comerciales en entornos de SaaS de nueva creaci\u00f3n y de escala, siempre centrado en el producto. Jos es el mayor defensor de los GIFs que puedes encontrar en Mopinion y le encantan los parques tem\u00e1ticos.<\/p>\n<\/p><\/div>\n<\/p><\/div>\n<\/p><\/div>\n<\/p><\/div>\n<\/section>\n<section id=\"\" class=\"clearfix join-mopinion xs-mt-60 oflow-hid light-bg rel-pos\">\n<p>\t<!--\n\n<div class=\"parallax-img\" data-src=\"img\/desk.jpg\"><\/div>\n\n--><\/p>\n<div class=\"container xs-pt-60 xs-pb-60\">\n<div class=\"row\">\n<div class=\"col-sm-6 xs-mt-60\">\n<h2 class=\"serif\">\u00bfInteresado en los comentarios de los clientes en l\u00ednea? \u00danase a nuestro equipo \u2026<\/h2>\n<p class=\"fw-400\">Quiere construir algo \u00fatil? \u00bfTiene habilidades fuertes? Sentido del humor? \u00bfLe gustan las tapas y las reuniones acogedoras? Si desea saber c\u00f3mo es trabajar para una empresa de software de r\u00e1pido crecimiento, comun\u00edquese con nosotros. Nos encantar\u00eda saber de usted.<\/p>\n<p>\t\t\t\t<a role=\"button\" href=\"https:\/\/jobs.mopinion.com\/\" class=\"btn btn-primary xs-mt-30 xs-mb-20\">P\u00f3ngase en contacto con nosotros<\/a>\n\t\t\t<\/div>\n<div class=\"col-sm-6\">\n<div class=\"owl-carousel\" id=\"quote-slider-product\">\n<div class=\"item\"><img decoding=\"async\" src=\"https:\/\/mopinion.com\/wp-content\/themes\/Mopinionated\/images\/about\/teamphoto5.jpg\" alt=\"Mopinion Team\"><\/div>\n<div class=\"item\"><img decoding=\"async\" src=\"https:\/\/mopinion.com\/wp-content\/themes\/Mopinionated\/images\/about\/teamphoto6.jpg\" alt=\"Mopinion Team\"><\/div>\n<div class=\"item\"><img decoding=\"async\" src=\"https:\/\/mopinion.com\/wp-content\/themes\/Mopinionated\/images\/about\/teamphoto4.jpg\" alt=\"Mopinion Team\"><\/div>\n<\/p><\/div>\n<\/p><\/div>\n<\/p><\/div>\n<\/p><\/div>\n<\/section>\n<section id=\"\" class=\"cta-section\">\n<div class=\"container xs-pt-30 xs-pb-30\">\n<div class=\"row\">\n<div class=\"col-sm-10 col-sm-offset-1 text-center\">\n<h2 class=\"xs-mt-30 xs-mb-30 text-center text-inverse\">P\u00f3ngase en contacto con nosotros<\/h2>\n<p class=\"lead text-inverse\">\u00bfQuiere saber m\u00e1s sobre lo que nos impulsa? \u00a1Vamos a encontrarnos r\u00e1pidamente! Nos encantar\u00eda escuchar su historia.<\/p>\n<p>\t\t\t\t<a id=\"\" class=\"btn btn-primary-inverse btn-lg xs-mt-20 xs-mb-50\" href=\"https:\/\/mopinion.com\/es\/empresa\/contacto\/\">P\u00f3ngase en contacto con nosotros<\/a><\/p><\/div>\n<\/p><\/div>\n<\/p><\/div>\n<\/section>\n","protected":false},"excerpt":{"rendered":"<p>El equipo ejecutivo No tenemos una mascota de compa\u00f1\u00eda. Lo que s\u00ed tenemos es pasi\u00f3n por la ciencia de datos Junta ejecutiva Especialmente cuando se trata de grandes cantidades de datos de retroalimentaci\u00f3n. Nuestros equipos se componen de m\u00e1s de 40 entusiastas. El equipo ejecutivo est\u00e1 formado por los siguientes cuatro miembros, cada uno con [&hellip;]<\/p>\n","protected":false},"author":1,"featured_media":0,"parent":79760,"menu_order":0,"comment_status":"closed","ping_status":"closed","template":"","meta":{"_acf_changed":false,"footnotes":""},"categories":[],"tags":[],"class_list":["post-57442","page","type-page","status-publish","hentry"],"acf":[],"yoast_head":"<!-- This site is optimized with the Yoast SEO plugin v24.9 - https:\/\/yoast.com\/wordpress\/plugins\/seo\/ -->\n<title>La gesti\u00f3n - Mopinion<\/title>\n<meta name=\"description\" content=\"No tenemos mascota de compa\u00f1\u00eda. Lo que s\u00ed tenemos es pasi\u00f3n por la ciencia de datos. Especialmente cuando se trata de grandes cantidades de datos de retroalimentaci\u00f3n.\" \/>\n<meta name=\"robots\" content=\"index, follow, max-snippet:-1, max-image-preview:large, max-video-preview:-1\" \/>\n<link rel=\"canonical\" href=\"https:\/\/mopinion.com\/es\/empresa\/gestion\/\" \/>\n<meta property=\"og:locale\" content=\"es_ES\" \/>\n<meta property=\"og:type\" content=\"article\" \/>\n<meta property=\"og:title\" content=\"La gesti\u00f3n - Mopinion\" \/>\n<meta property=\"og:description\" content=\"No tenemos mascota de compa\u00f1\u00eda. Lo que s\u00ed tenemos es pasi\u00f3n por la ciencia de datos. Especialmente cuando se trata de grandes cantidades de datos de retroalimentaci\u00f3n.\" \/>\n<meta property=\"og:url\" content=\"https:\/\/mopinion.com\/es\/empresa\/gestion\/\" \/>\n<meta property=\"og:site_name\" content=\"Mopinion\" \/>\n<meta property=\"article:modified_time\" content=\"2026-02-23T15:41:43+00:00\" \/>\n<meta property=\"og:image\" content=\"https:\/\/mopinion.com\/wp-content\/uploads\/2021\/04\/management-580x550.png\" \/>\n<meta name=\"twitter:card\" content=\"summary_large_image\" \/>\n<meta name=\"twitter:label1\" content=\"Est. reading time\" \/>\n\t<meta name=\"twitter:data1\" content=\"7 minutos\" \/>\n<script type=\"application\/ld+json\" class=\"yoast-schema-graph\">{\"@context\":\"https:\/\/schema.org\",\"@graph\":[{\"@type\":\"WebPage\",\"@id\":\"https:\/\/mopinion.com\/es\/empresa\/gestion\/\",\"url\":\"https:\/\/mopinion.com\/es\/empresa\/gestion\/\",\"name\":\"La gesti\u00f3n - Mopinion\",\"isPartOf\":{\"@id\":\"https:\/\/mopinion.com\/es\/#website\"},\"primaryImageOfPage\":{\"@id\":\"https:\/\/mopinion.com\/es\/empresa\/gestion\/#primaryimage\"},\"image\":{\"@id\":\"https:\/\/mopinion.com\/es\/empresa\/gestion\/#primaryimage\"},\"thumbnailUrl\":\"https:\/\/mopinion.com\/wp-content\/uploads\/2021\/04\/management-580x550.png\",\"datePublished\":\"2015-12-02T08:11:09+00:00\",\"dateModified\":\"2026-02-23T15:41:43+00:00\",\"description\":\"No tenemos mascota de compa\u00f1\u00eda. Lo que s\u00ed tenemos es pasi\u00f3n por la ciencia de datos. Especialmente cuando se trata de grandes cantidades de datos de retroalimentaci\u00f3n.\",\"breadcrumb\":{\"@id\":\"https:\/\/mopinion.com\/es\/empresa\/gestion\/#breadcrumb\"},\"inLanguage\":\"es\",\"potentialAction\":[{\"@type\":\"ReadAction\",\"target\":[\"https:\/\/mopinion.com\/es\/empresa\/gestion\/\"]}]},{\"@type\":\"ImageObject\",\"inLanguage\":\"es\",\"@id\":\"https:\/\/mopinion.com\/es\/empresa\/gestion\/#primaryimage\",\"url\":\"https:\/\/mopinion.com\/wp-content\/uploads\/2021\/04\/management-580x550.png\",\"contentUrl\":\"https:\/\/mopinion.com\/wp-content\/uploads\/2021\/04\/management-580x550.png\"},{\"@type\":\"BreadcrumbList\",\"@id\":\"https:\/\/mopinion.com\/es\/empresa\/gestion\/#breadcrumb\",\"itemListElement\":[{\"@type\":\"ListItem\",\"position\":1,\"name\":\"Home\",\"item\":\"https:\/\/mopinion.com\/es\/\"},{\"@type\":\"ListItem\",\"position\":2,\"name\":\"Empresa\",\"item\":\"https:\/\/mopinion.com\/es\/empresa\/\"},{\"@type\":\"ListItem\",\"position\":3,\"name\":\"La gesti\u00f3n\"}]},{\"@type\":\"WebSite\",\"@id\":\"https:\/\/mopinion.com\/es\/#website\",\"url\":\"https:\/\/mopinion.com\/es\/\",\"name\":\"Mopinion\",\"description\":\"Customer Feedback Intelligence For Digital Enterprises\",\"publisher\":{\"@id\":\"https:\/\/mopinion.com\/es\/#organization\"},\"potentialAction\":[{\"@type\":\"SearchAction\",\"target\":{\"@type\":\"EntryPoint\",\"urlTemplate\":\"https:\/\/mopinion.com\/es\/?s={search_term_string}\"},\"query-input\":{\"@type\":\"PropertyValueSpecification\",\"valueRequired\":true,\"valueName\":\"search_term_string\"}}],\"inLanguage\":\"es\"},{\"@type\":\"Organization\",\"@id\":\"https:\/\/mopinion.com\/es\/#organization\",\"name\":\"Mopinion\",\"url\":\"https:\/\/mopinion.com\/es\/\",\"logo\":{\"@type\":\"ImageObject\",\"inLanguage\":\"es\",\"@id\":\"https:\/\/mopinion.com\/es\/#\/schema\/logo\/image\/\",\"url\":\"https:\/\/media.mopinion.com\/wp-content\/uploads\/2015\/12\/28084926\/m_icon.png\",\"contentUrl\":\"https:\/\/media.mopinion.com\/wp-content\/uploads\/2015\/12\/28084926\/m_icon.png\",\"width\":140,\"height\":140,\"caption\":\"Mopinion\"},\"image\":{\"@id\":\"https:\/\/mopinion.com\/es\/#\/schema\/logo\/image\/\"}}]}<\/script>\n<!-- \/ Yoast SEO plugin. -->","yoast_head_json":{"title":"La gesti\u00f3n - Mopinion","description":"No tenemos mascota de compa\u00f1\u00eda. Lo que s\u00ed tenemos es pasi\u00f3n por la ciencia de datos. Especialmente cuando se trata de grandes cantidades de datos de retroalimentaci\u00f3n.","robots":{"index":"index","follow":"follow","max-snippet":"max-snippet:-1","max-image-preview":"max-image-preview:large","max-video-preview":"max-video-preview:-1"},"canonical":"https:\/\/mopinion.com\/es\/empresa\/gestion\/","og_locale":"es_ES","og_type":"article","og_title":"La gesti\u00f3n - Mopinion","og_description":"No tenemos mascota de compa\u00f1\u00eda. Lo que s\u00ed tenemos es pasi\u00f3n por la ciencia de datos. Especialmente cuando se trata de grandes cantidades de datos de retroalimentaci\u00f3n.","og_url":"https:\/\/mopinion.com\/es\/empresa\/gestion\/","og_site_name":"Mopinion","article_modified_time":"2026-02-23T15:41:43+00:00","og_image":[{"url":"https:\/\/mopinion.com\/wp-content\/uploads\/2021\/04\/management-580x550.png","type":"","width":"","height":""}],"twitter_card":"summary_large_image","twitter_misc":{"Est. reading time":"7 minutos"},"schema":{"@context":"https:\/\/schema.org","@graph":[{"@type":"WebPage","@id":"https:\/\/mopinion.com\/es\/empresa\/gestion\/","url":"https:\/\/mopinion.com\/es\/empresa\/gestion\/","name":"La gesti\u00f3n - Mopinion","isPartOf":{"@id":"https:\/\/mopinion.com\/es\/#website"},"primaryImageOfPage":{"@id":"https:\/\/mopinion.com\/es\/empresa\/gestion\/#primaryimage"},"image":{"@id":"https:\/\/mopinion.com\/es\/empresa\/gestion\/#primaryimage"},"thumbnailUrl":"https:\/\/mopinion.com\/wp-content\/uploads\/2021\/04\/management-580x550.png","datePublished":"2015-12-02T08:11:09+00:00","dateModified":"2026-02-23T15:41:43+00:00","description":"No tenemos mascota de compa\u00f1\u00eda. Lo que s\u00ed tenemos es pasi\u00f3n por la ciencia de datos. Especialmente cuando se trata de grandes cantidades de datos de retroalimentaci\u00f3n.","breadcrumb":{"@id":"https:\/\/mopinion.com\/es\/empresa\/gestion\/#breadcrumb"},"inLanguage":"es","potentialAction":[{"@type":"ReadAction","target":["https:\/\/mopinion.com\/es\/empresa\/gestion\/"]}]},{"@type":"ImageObject","inLanguage":"es","@id":"https:\/\/mopinion.com\/es\/empresa\/gestion\/#primaryimage","url":"https:\/\/mopinion.com\/wp-content\/uploads\/2021\/04\/management-580x550.png","contentUrl":"https:\/\/mopinion.com\/wp-content\/uploads\/2021\/04\/management-580x550.png"},{"@type":"BreadcrumbList","@id":"https:\/\/mopinion.com\/es\/empresa\/gestion\/#breadcrumb","itemListElement":[{"@type":"ListItem","position":1,"name":"Home","item":"https:\/\/mopinion.com\/es\/"},{"@type":"ListItem","position":2,"name":"Empresa","item":"https:\/\/mopinion.com\/es\/empresa\/"},{"@type":"ListItem","position":3,"name":"La gesti\u00f3n"}]},{"@type":"WebSite","@id":"https:\/\/mopinion.com\/es\/#website","url":"https:\/\/mopinion.com\/es\/","name":"Mopinion","description":"Customer Feedback Intelligence For Digital Enterprises","publisher":{"@id":"https:\/\/mopinion.com\/es\/#organization"},"potentialAction":[{"@type":"SearchAction","target":{"@type":"EntryPoint","urlTemplate":"https:\/\/mopinion.com\/es\/?s={search_term_string}"},"query-input":{"@type":"PropertyValueSpecification","valueRequired":true,"valueName":"search_term_string"}}],"inLanguage":"es"},{"@type":"Organization","@id":"https:\/\/mopinion.com\/es\/#organization","name":"Mopinion","url":"https:\/\/mopinion.com\/es\/","logo":{"@type":"ImageObject","inLanguage":"es","@id":"https:\/\/mopinion.com\/es\/#\/schema\/logo\/image\/","url":"https:\/\/media.mopinion.com\/wp-content\/uploads\/2015\/12\/28084926\/m_icon.png","contentUrl":"https:\/\/media.mopinion.com\/wp-content\/uploads\/2015\/12\/28084926\/m_icon.png","width":140,"height":140,"caption":"Mopinion"},"image":{"@id":"https:\/\/mopinion.com\/es\/#\/schema\/logo\/image\/"}}]}},"rttpg_featured_image_url":null,"rttpg_author":{"display_name":"Mopinion","author_link":"https:\/\/mopinion.com\/es\/author\/mopinion\/"},"rttpg_comment":0,"rttpg_category":false,"rttpg_excerpt":"El equipo ejecutivo No tenemos una mascota de compa\u00f1\u00eda. Lo que s\u00ed tenemos es pasi\u00f3n por la ciencia de datos Junta ejecutiva Especialmente cuando se trata de grandes cantidades de datos de retroalimentaci\u00f3n. Nuestros equipos se componen de m\u00e1s de 40 entusiastas. El equipo ejecutivo est\u00e1 formado por los siguientes cuatro miembros, cada uno con&hellip;","_links":{"self":[{"href":"https:\/\/mopinion.com\/es\/wp-json\/wp\/v2\/pages\/57442","targetHints":{"allow":["GET"]}}],"collection":[{"href":"https:\/\/mopinion.com\/es\/wp-json\/wp\/v2\/pages"}],"about":[{"href":"https:\/\/mopinion.com\/es\/wp-json\/wp\/v2\/types\/page"}],"author":[{"embeddable":true,"href":"https:\/\/mopinion.com\/es\/wp-json\/wp\/v2\/users\/1"}],"replies":[{"embeddable":true,"href":"https:\/\/mopinion.com\/es\/wp-json\/wp\/v2\/comments?post=57442"}],"version-history":[{"count":15,"href":"https:\/\/mopinion.com\/es\/wp-json\/wp\/v2\/pages\/57442\/revisions"}],"predecessor-version":[{"id":100848,"href":"https:\/\/mopinion.com\/es\/wp-json\/wp\/v2\/pages\/57442\/revisions\/100848"}],"up":[{"embeddable":true,"href":"https:\/\/mopinion.com\/es\/wp-json\/wp\/v2\/pages\/79760"}],"wp:attachment":[{"href":"https:\/\/mopinion.com\/es\/wp-json\/wp\/v2\/media?parent=57442"}],"wp:term":[{"taxonomy":"category","embeddable":true,"href":"https:\/\/mopinion.com\/es\/wp-json\/wp\/v2\/categories?post=57442"},{"taxonomy":"post_tag","embeddable":true,"href":"https:\/\/mopinion.com\/es\/wp-json\/wp\/v2\/tags?post=57442"}],"curies":[{"name":"wp","href":"https:\/\/api.w.org\/{rel}","templated":true}]}}