{"id":57467,"date":"2015-12-02T09:11:38","date_gmt":"2015-12-02T08:11:38","guid":{"rendered":"https:\/\/beta-site.mopinion.com\/pagina-de-contacto\/"},"modified":"2025-06-11T09:02:32","modified_gmt":"2025-06-11T08:02:32","slug":"contacto","status":"publish","type":"page","link":"https:\/\/mopinion.com\/es\/empresa\/contacto\/","title":{"rendered":"P\u00e1gina de contacto"},"content":{"rendered":"<div class=\"company__contact\">\n<section class=\"header-light\">\n<div class=\"container\">\n<div class=\"row\">\n<div class=\"col-sm-6 offset-sm-0 col-10 offset-1 xs-pt-20 xs-pb-0 order-1 order-sm-0 col-lg-6 offset-lg-1\">\n<div id=\"surveyContent\" class=\"shadow\"><\/div>\n<\/p><\/div>\n<div class=\"col-sm-6 offset-sm-0 col-10 offset-1 col-lg-4\">\n<div class=\"d-flex justify-content-center flex-column mt-4\">\n<h1 class=\"text-center text-sm-start\">Nos gustar\u00eda conocerle<\/h1>\n<h3 class=\"text-center text-sm-start mg-bt-35\">\u00bfTiene una pregunta? O, tal vez solo quiere decir hola?<\/h3>\n<\/p><\/div>\n<\/p><\/div>\n<\/p><\/div>\n<\/p><\/div>\n<\/section>\n<section class=\"offices xs-mt-40\">\n<div class=\"containter\">\n<div class=\"row\">\n<div class=\"col-sm-6 text-center hq-wrap\">\n\t\t\t\t\t<img decoding=\"async\" src=\"https:\/\/mopinion.com\/wp-content\/themes\/Mopinionated\/images\/offices\/rotterdam_skyline.svg\" class=\"lg-office-img\" alt=\"Rotterdam Office\"\/><\/p>\n<div class=\"adress-wrap\">\n<h4 class=\"bold\">Rotterdam (HQ)<\/h4>\n<p>Mariniersweg 151-01<\/p>\n<p>3011 NK, Rotterdam<\/p>\n<p>The Netherlands<\/p>\n<p>+31 10 8200075<\/p>\n<\/p><\/div>\n<\/p><\/div>\n<div class=\"col-sm-6 text-center map-wrap\">\n<div class=\"map-holder\"><\/div>\n<\/p><\/div>\n<\/p><\/div>\n<div class=\"row md-pt-60 office-panels-wrap\">\n<div class=\"col-md-4 text-center\">\n\t\t\t\t\t<img decoding=\"async\" src=\"https:\/\/mopinion.com\/wp-content\/themes\/Mopinionated\/images\/offices\/london_skyline_white.svg\" alt=\"London Office\"\/><\/p>\n<div class=\"adress-wrap adress-wrap-inverse\">\n<h4 class=\"bold\">St Albans<\/h4>\n<p>Hart House, 6 London Road<\/p>\n<p>AL1 1NG<\/p>\n<p>United Kingdom<\/p>\n<p>+44 (0) 20 3095 3225<\/p>\n<\/p><\/div>\n<\/p><\/div>\n<div class=\"col-md-4 text-center\">\n\t\t\t\t\t<img decoding=\"async\" src=\"https:\/\/mopinion.com\/wp-content\/themes\/Mopinionated\/images\/offices\/dusseldorf_skyline_white.svg\" alt=\"Dusseldorf Office\"\/><\/p>\n<div class=\"adress-wrap adress-wrap-inverse\">\n<h4 class=\"bold\">D\u00fcsseldorf<\/h4>\n<p>Graf-Adolf-Platz 15<\/p>\n<p>DE 40213<\/p>\n<p>Germany<\/p>\n<p>+31 10 8200075<\/p>\n<\/p><\/div>\n<\/p><\/div>\n<div class=\"col-md-4 text-center\">\n\t\t\t\t\t<img decoding=\"async\" src=\"https:\/\/mopinion.com\/wp-content\/themes\/Mopinionated\/images\/offices\/paris_skyline_white.svg\" alt=\"Paris Office\"\/><\/p>\n<div class=\"adress-wrap adress-wrap-inverse\">\n<h4 class=\"bold\">Paris<\/h4>\n<p>Place de la Madeleine 25-27<\/p>\n<p>FR 75008<\/p>\n<p>France<\/p>\n<p>+33 170 060 135<\/p>\n<\/p><\/div>\n<\/p><\/div>\n<\/p><\/div>\n<\/p><\/div>\n<\/section>\n<section id=\"\" class=\"clearfix join-mopinion oflow-hid light-bg rel-pos xs-pb-40\">\n<div class=\"container\">\n<div class=\"row\">\n<div class=\"col-md-6 xs-mt-60\">\n<h2 class=\"serif\">\u00bfInteresado en los comentarios de los clientes en l\u00ednea? \u00danase a nuestro equipo \u2026<\/h2>\n<p class=\"fw-400\">Quiere construir algo \u00fatil? \u00bfTiene habilidades fuertes? Sentido del humor? \u00bfLe gustan las tapas y las reuniones acogedoras? Si desea saber c\u00f3mo es trabajar para una empresa de software de r\u00e1pido crecimiento, comun\u00edquese con nosotros. Nos encantar\u00eda saber de usted.<\/p>\n<p>\t\t\t\t\t<a role=\"button\" href=\"https:\/\/jobs.mopinion.com\" class=\"btn btn-primary xs-mt-30 xs-mb-20\">P\u00f3ngase en contacto con nosotros<\/a>\n\t\t\t\t<\/div>\n<div class=\"col-md-6\">\n<div class=\"owl-carousel\" id=\"quote-slider-product\">\n<div class=\"item\"><img decoding=\"async\" src=\"https:\/\/mopinion.com\/wp-content\/themes\/Mopinionated\/images\/about\/teamphoto5.jpg\" alt=\"Mopinion Team\"><\/div>\n<div class=\"item\"><img decoding=\"async\" src=\"https:\/\/mopinion.com\/wp-content\/themes\/Mopinionated\/images\/about\/teamphoto6.jpg\" alt=\"Mopinion Team\"><\/div>\n<div class=\"item\"><img decoding=\"async\" src=\"https:\/\/mopinion.com\/wp-content\/themes\/Mopinionated\/images\/about\/teamphoto4.jpg\" alt=\"Mopinion Team\"><\/div>\n<\/p><\/div>\n<\/p><\/div>\n<\/p><\/div>\n<\/p><\/div>\n<\/section>\n<\/div>\n","protected":false},"excerpt":{"rendered":"<p>Nos gustar\u00eda conocerle \u00bfTiene una pregunta? O, tal vez solo quiere decir hola? Rotterdam (HQ) Mariniersweg 151-01 3011 NK, Rotterdam The Netherlands +31 10 8200075 St Albans Hart House, 6 London Road AL1 1NG United Kingdom +44 (0) 20 3095 3225 D\u00fcsseldorf Graf-Adolf-Platz 15 DE 40213 Germany +31 10 8200075 Paris Place de la Madeleine [&hellip;]<\/p>\n","protected":false},"author":1,"featured_media":0,"parent":79760,"menu_order":0,"comment_status":"closed","ping_status":"closed","template":"","meta":{"_acf_changed":false,"footnotes":""},"categories":[],"tags":[],"class_list":["post-57467","page","type-page","status-publish","hentry"],"acf":[],"yoast_head":"<!-- This site is optimized with the Yoast SEO plugin v24.9 - https:\/\/yoast.com\/wordpress\/plugins\/seo\/ -->\n<title>P\u00e1gina de contacto - Mopinion<\/title>\n<meta name=\"description\" content=\"\u00bfTengo una pregunta? \u00bfQuiz\u00e1s solo quieras saludar? \u00a1Cont\u00e1ctenos! Nos encantar\u00eda saber de ti.\" \/>\n<meta name=\"robots\" content=\"index, follow, max-snippet:-1, max-image-preview:large, max-video-preview:-1\" \/>\n<link rel=\"canonical\" href=\"https:\/\/mopinion.com\/es\/empresa\/contacto\/\" \/>\n<meta property=\"og:locale\" content=\"es_ES\" \/>\n<meta property=\"og:type\" content=\"article\" \/>\n<meta property=\"og:title\" content=\"P\u00e1gina de contacto - Mopinion\" \/>\n<meta property=\"og:description\" content=\"\u00bfTengo una pregunta? \u00bfQuiz\u00e1s solo quieras saludar? \u00a1Cont\u00e1ctenos! Nos encantar\u00eda saber de ti.\" \/>\n<meta property=\"og:url\" content=\"https:\/\/mopinion.com\/es\/empresa\/contacto\/\" \/>\n<meta property=\"og:site_name\" content=\"Mopinion\" \/>\n<meta property=\"article:modified_time\" content=\"2025-06-11T08:02:32+00:00\" \/>\n<meta property=\"og:image\" content=\"https:\/\/mopinion.com\/wp-content\/themes\/Mopinionated\/images\/offices\/rotterdam_skyline.svg\" \/>\n<meta name=\"twitter:card\" content=\"summary_large_image\" \/>\n<meta name=\"twitter:label1\" content=\"Est. reading time\" \/>\n\t<meta name=\"twitter:data1\" content=\"2 minutos\" \/>\n<script type=\"application\/ld+json\" class=\"yoast-schema-graph\">{\"@context\":\"https:\/\/schema.org\",\"@graph\":[{\"@type\":\"WebPage\",\"@id\":\"https:\/\/mopinion.com\/es\/empresa\/contacto\/\",\"url\":\"https:\/\/mopinion.com\/es\/empresa\/contacto\/\",\"name\":\"P\u00e1gina de contacto - Mopinion\",\"isPartOf\":{\"@id\":\"https:\/\/mopinion.com\/es\/#website\"},\"primaryImageOfPage\":{\"@id\":\"https:\/\/mopinion.com\/es\/empresa\/contacto\/#primaryimage\"},\"image\":{\"@id\":\"https:\/\/mopinion.com\/es\/empresa\/contacto\/#primaryimage\"},\"thumbnailUrl\":\"https:\/\/mopinion.com\/wp-content\/themes\/Mopinionated\/images\/offices\/rotterdam_skyline.svg\",\"datePublished\":\"2015-12-02T08:11:38+00:00\",\"dateModified\":\"2025-06-11T08:02:32+00:00\",\"description\":\"\u00bfTengo una pregunta? \u00bfQuiz\u00e1s solo quieras saludar? \u00a1Cont\u00e1ctenos! Nos encantar\u00eda saber de ti.\",\"breadcrumb\":{\"@id\":\"https:\/\/mopinion.com\/es\/empresa\/contacto\/#breadcrumb\"},\"inLanguage\":\"es\",\"potentialAction\":[{\"@type\":\"ReadAction\",\"target\":[\"https:\/\/mopinion.com\/es\/empresa\/contacto\/\"]}]},{\"@type\":\"ImageObject\",\"inLanguage\":\"es\",\"@id\":\"https:\/\/mopinion.com\/es\/empresa\/contacto\/#primaryimage\",\"url\":\"https:\/\/mopinion.com\/wp-content\/themes\/Mopinionated\/images\/offices\/rotterdam_skyline.svg\",\"contentUrl\":\"https:\/\/mopinion.com\/wp-content\/themes\/Mopinionated\/images\/offices\/rotterdam_skyline.svg\"},{\"@type\":\"BreadcrumbList\",\"@id\":\"https:\/\/mopinion.com\/es\/empresa\/contacto\/#breadcrumb\",\"itemListElement\":[{\"@type\":\"ListItem\",\"position\":1,\"name\":\"Home\",\"item\":\"https:\/\/mopinion.com\/es\/\"},{\"@type\":\"ListItem\",\"position\":2,\"name\":\"Empresa\",\"item\":\"https:\/\/mopinion.com\/es\/empresa\/\"},{\"@type\":\"ListItem\",\"position\":3,\"name\":\"P\u00e1gina de contacto\"}]},{\"@type\":\"WebSite\",\"@id\":\"https:\/\/mopinion.com\/es\/#website\",\"url\":\"https:\/\/mopinion.com\/es\/\",\"name\":\"Mopinion\",\"description\":\"Customer Feedback Intelligence For Digital Enterprises\",\"publisher\":{\"@id\":\"https:\/\/mopinion.com\/es\/#organization\"},\"potentialAction\":[{\"@type\":\"SearchAction\",\"target\":{\"@type\":\"EntryPoint\",\"urlTemplate\":\"https:\/\/mopinion.com\/es\/?s={search_term_string}\"},\"query-input\":{\"@type\":\"PropertyValueSpecification\",\"valueRequired\":true,\"valueName\":\"search_term_string\"}}],\"inLanguage\":\"es\"},{\"@type\":\"Organization\",\"@id\":\"https:\/\/mopinion.com\/es\/#organization\",\"name\":\"Mopinion\",\"url\":\"https:\/\/mopinion.com\/es\/\",\"logo\":{\"@type\":\"ImageObject\",\"inLanguage\":\"es\",\"@id\":\"https:\/\/mopinion.com\/es\/#\/schema\/logo\/image\/\",\"url\":\"https:\/\/media.mopinion.com\/wp-content\/uploads\/2015\/12\/28084926\/m_icon.png\",\"contentUrl\":\"https:\/\/media.mopinion.com\/wp-content\/uploads\/2015\/12\/28084926\/m_icon.png\",\"width\":140,\"height\":140,\"caption\":\"Mopinion\"},\"image\":{\"@id\":\"https:\/\/mopinion.com\/es\/#\/schema\/logo\/image\/\"}}]}<\/script>\n<!-- \/ Yoast SEO plugin. -->","yoast_head_json":{"title":"P\u00e1gina de contacto - Mopinion","description":"\u00bfTengo una pregunta? \u00bfQuiz\u00e1s solo quieras saludar? \u00a1Cont\u00e1ctenos! Nos encantar\u00eda saber de ti.","robots":{"index":"index","follow":"follow","max-snippet":"max-snippet:-1","max-image-preview":"max-image-preview:large","max-video-preview":"max-video-preview:-1"},"canonical":"https:\/\/mopinion.com\/es\/empresa\/contacto\/","og_locale":"es_ES","og_type":"article","og_title":"P\u00e1gina de contacto - Mopinion","og_description":"\u00bfTengo una pregunta? \u00bfQuiz\u00e1s solo quieras saludar? \u00a1Cont\u00e1ctenos! Nos encantar\u00eda saber de ti.","og_url":"https:\/\/mopinion.com\/es\/empresa\/contacto\/","og_site_name":"Mopinion","article_modified_time":"2025-06-11T08:02:32+00:00","og_image":[{"url":"https:\/\/mopinion.com\/wp-content\/themes\/Mopinionated\/images\/offices\/rotterdam_skyline.svg","type":"","width":"","height":""}],"twitter_card":"summary_large_image","twitter_misc":{"Est. reading time":"2 minutos"},"schema":{"@context":"https:\/\/schema.org","@graph":[{"@type":"WebPage","@id":"https:\/\/mopinion.com\/es\/empresa\/contacto\/","url":"https:\/\/mopinion.com\/es\/empresa\/contacto\/","name":"P\u00e1gina de contacto - Mopinion","isPartOf":{"@id":"https:\/\/mopinion.com\/es\/#website"},"primaryImageOfPage":{"@id":"https:\/\/mopinion.com\/es\/empresa\/contacto\/#primaryimage"},"image":{"@id":"https:\/\/mopinion.com\/es\/empresa\/contacto\/#primaryimage"},"thumbnailUrl":"https:\/\/mopinion.com\/wp-content\/themes\/Mopinionated\/images\/offices\/rotterdam_skyline.svg","datePublished":"2015-12-02T08:11:38+00:00","dateModified":"2025-06-11T08:02:32+00:00","description":"\u00bfTengo una pregunta? \u00bfQuiz\u00e1s solo quieras saludar? \u00a1Cont\u00e1ctenos! Nos encantar\u00eda saber de ti.","breadcrumb":{"@id":"https:\/\/mopinion.com\/es\/empresa\/contacto\/#breadcrumb"},"inLanguage":"es","potentialAction":[{"@type":"ReadAction","target":["https:\/\/mopinion.com\/es\/empresa\/contacto\/"]}]},{"@type":"ImageObject","inLanguage":"es","@id":"https:\/\/mopinion.com\/es\/empresa\/contacto\/#primaryimage","url":"https:\/\/mopinion.com\/wp-content\/themes\/Mopinionated\/images\/offices\/rotterdam_skyline.svg","contentUrl":"https:\/\/mopinion.com\/wp-content\/themes\/Mopinionated\/images\/offices\/rotterdam_skyline.svg"},{"@type":"BreadcrumbList","@id":"https:\/\/mopinion.com\/es\/empresa\/contacto\/#breadcrumb","itemListElement":[{"@type":"ListItem","position":1,"name":"Home","item":"https:\/\/mopinion.com\/es\/"},{"@type":"ListItem","position":2,"name":"Empresa","item":"https:\/\/mopinion.com\/es\/empresa\/"},{"@type":"ListItem","position":3,"name":"P\u00e1gina de contacto"}]},{"@type":"WebSite","@id":"https:\/\/mopinion.com\/es\/#website","url":"https:\/\/mopinion.com\/es\/","name":"Mopinion","description":"Customer Feedback Intelligence For Digital Enterprises","publisher":{"@id":"https:\/\/mopinion.com\/es\/#organization"},"potentialAction":[{"@type":"SearchAction","target":{"@type":"EntryPoint","urlTemplate":"https:\/\/mopinion.com\/es\/?s={search_term_string}"},"query-input":{"@type":"PropertyValueSpecification","valueRequired":true,"valueName":"search_term_string"}}],"inLanguage":"es"},{"@type":"Organization","@id":"https:\/\/mopinion.com\/es\/#organization","name":"Mopinion","url":"https:\/\/mopinion.com\/es\/","logo":{"@type":"ImageObject","inLanguage":"es","@id":"https:\/\/mopinion.com\/es\/#\/schema\/logo\/image\/","url":"https:\/\/media.mopinion.com\/wp-content\/uploads\/2015\/12\/28084926\/m_icon.png","contentUrl":"https:\/\/media.mopinion.com\/wp-content\/uploads\/2015\/12\/28084926\/m_icon.png","width":140,"height":140,"caption":"Mopinion"},"image":{"@id":"https:\/\/mopinion.com\/es\/#\/schema\/logo\/image\/"}}]}},"rttpg_featured_image_url":null,"rttpg_author":{"display_name":"Mopinion","author_link":"https:\/\/mopinion.com\/es\/author\/mopinion\/"},"rttpg_comment":0,"rttpg_category":false,"rttpg_excerpt":"Nos gustar\u00eda conocerle \u00bfTiene una pregunta? O, tal vez solo quiere decir hola? Rotterdam (HQ) Mariniersweg 151-01 3011 NK, Rotterdam The Netherlands +31 10 8200075 St Albans Hart House, 6 London Road AL1 1NG United Kingdom +44 (0) 20 3095 3225 D\u00fcsseldorf Graf-Adolf-Platz 15 DE 40213 Germany +31 10 8200075 Paris Place de la Madeleine&hellip;","_links":{"self":[{"href":"https:\/\/mopinion.com\/es\/wp-json\/wp\/v2\/pages\/57467","targetHints":{"allow":["GET"]}}],"collection":[{"href":"https:\/\/mopinion.com\/es\/wp-json\/wp\/v2\/pages"}],"about":[{"href":"https:\/\/mopinion.com\/es\/wp-json\/wp\/v2\/types\/page"}],"author":[{"embeddable":true,"href":"https:\/\/mopinion.com\/es\/wp-json\/wp\/v2\/users\/1"}],"replies":[{"embeddable":true,"href":"https:\/\/mopinion.com\/es\/wp-json\/wp\/v2\/comments?post=57467"}],"version-history":[{"count":10,"href":"https:\/\/mopinion.com\/es\/wp-json\/wp\/v2\/pages\/57467\/revisions"}],"predecessor-version":[{"id":96956,"href":"https:\/\/mopinion.com\/es\/wp-json\/wp\/v2\/pages\/57467\/revisions\/96956"}],"up":[{"embeddable":true,"href":"https:\/\/mopinion.com\/es\/wp-json\/wp\/v2\/pages\/79760"}],"wp:attachment":[{"href":"https:\/\/mopinion.com\/es\/wp-json\/wp\/v2\/media?parent=57467"}],"wp:term":[{"taxonomy":"category","embeddable":true,"href":"https:\/\/mopinion.com\/es\/wp-json\/wp\/v2\/categories?post=57467"},{"taxonomy":"post_tag","embeddable":true,"href":"https:\/\/mopinion.com\/es\/wp-json\/wp\/v2\/tags?post=57467"}],"curies":[{"name":"wp","href":"https:\/\/api.w.org\/{rel}","templated":true}]}}