{"id":57649,"date":"2016-07-11T09:24:52","date_gmt":"2016-07-11T08:24:52","guid":{"rendered":"https:\/\/beta-site.mopinion.com\/video-testimonial-kia\/"},"modified":"2016-07-11T09:24:52","modified_gmt":"2016-07-11T08:24:52","slug":"video-testimonial-kia","status":"publish","type":"page","link":"https:\/\/mopinion.com\/es\/nuestros-clientes\/video-testimonial-kia\/","title":{"rendered":"Video testimonial: Kia"},"content":{"rendered":"<br \/>\n<section>\n<div class=\"container xs-pt-60 xs-pb-30\">\n<div class=\"row\">\n<div class=\"col-sm-10 col-sm-offset-1\">\n<div class=\" text-center\"><img decoding=\"async\" src=\"https:\/\/mopinion.com\/wp-content\/themes\/Mopinionated\/images\/customers\/logos\/kia-color.svg\"><\/h1>\n<\/p><\/div>\n<\/p><\/div>\n<\/p><\/div>\n<\/section>\n<section>\n<div class=\"container xs-pt-30 xs-pb-30\">\n<div class=\"row\">\n<div class=\"col-sm-10 col-sm-offset-1 text-center-xs\">\n<div class=\"col-sm-push-8 col-sm-4 xs-mb-30 md-mb-0\">\n\t\t\t\t\t\t\t\t<img decoding=\"async\" src=\"https:\/\/mopinion.com\/wp-content\/themes\/Mopinionated\/images\/customers\/kia-quote.png\" style=\"\">\n\t\t\t\t\t\t\t<\/div>\n<div class=\"col-sm-7 col-sm-pull-4\">\n<h4 class=\"serif fw-400 \" style=\"line-height:1.8\">\n\t\t\t\t\t\t\t\t\t\u00abEst\u00e1bamos buscando una forma de recopilar comentarios y opiniones de nuestros clientes en el sitio web de Kia. Hemos elegido Mopinion porque su software tiene la mejor relaci\u00f3n precio \/ calidad, es f\u00e1cil de implementar y se puede adaptar f\u00e1cilmente a nuestros dise\u00f1os. Utilizamos la herramienta, entre otras cosas, para identificar r\u00e1pidamente problemas en el sitio web y mantenerlos disponibles y accesibles.\u00bb<br \/>\n\t\t\t\t\t\t\t\t<\/h4>\n<div>\n<h4 class=\"text-muted xs-mb-10\"><strong>Jorrit van Werven<\/strong><\/h4>\n<h5 class=\"fw-400\">Coordinador de Marketing Digital<\/h5>\n<\/p><\/div>\n<\/p><\/div>\n<\/p><\/div>\n<\/p><\/div>\n<\/p><\/div>\n<\/section>\n<p><section class=\"xs-mt-60\" style=\"\"><video id=\"\" class=\"video-js center-block\" controls preload=\"auto\" poster=\"https:\/\/mopinion.s3-eu-west-1.amazonaws.com\/video\/posters\/kia_poster.png\" data-setup=\"{}\">\n\t\t\t\t\t\t\t\t\t<source src=\"https:\/\/mopinion.s3-eu-west-1.amazonaws.com\/video\/full\/Mopinion_KIA.mp4\" type=\"video\/mp4\">\n\t\t\t\t\t\t\t\t\t<source src=\"https:\/\/mopinion.s3-eu-west-1.amazonaws.com\/video\/full\/Mopinion_KIA.webm\" type=\"video\/webm\">\n\t\t\t\t\t\t\t\t\t<source src=\"https:\/\/mopinion.s3-eu-west-1.amazonaws.com\/video\/full\/Mopinion_KIA.ogv\" type=\"video\/ogg\">\n\t\t\t\t\t\t\t\t\t<p class=\"vjs-no-js\">\n\t\t\t\t\t\t\t\t\tTo view this video please enable JavaScript, and consider upgrading to a web browser that\n\t\t\t\t\t\t\t\t\t<a href=\"https:\/\/videojs.com\/html5-video-support\/\" target=\"_blank\">supports HTML5 video<\/a>\n\t\t\t\t\t\t\t\t\t<\/p>\n\t\t\t\t\t\t\t\t<\/video><\/section><br \/>\n\n<section class=\"cta-section\">\n\t<div class=\"container cta-content text-inverse\">\n\t\t<div class=\"row\">\n\t\t\t<div class=\"col-sm-12\">\n\t\t\t\t<h2 class=\"xs-mb-20 text-center\">Pru\u00e9balo ahora!<\/h2>\n\t\t\t<\/div>\n\t\t<\/div>\n\t\t<div class=\"row text-center cta-btn-container\">\n\t\t\t<div class=\"col-12\">\n\t\t\t\t<a href=\"https:\/\/app.mopinion.com\/account\/sign-up?track=kia-vid-es\">\n\t\t\t\t\t<button id=\"button-CTA-trial-footer\" class=\"btn btn-primary btn-lg\">Inscribirse<\/button>\n\t\t\t\t<\/a>\n\t\t\t<\/div>\n\t\t<\/div>\n\t\t<div class=\" row cta-section-bulletpoints\">\n\t\t\t<div class=\"col-md-12\">\n\t\t\t\t<ul class=\"stagger bulletlist dark-trial-form\" style=\"opacity: 1; transform: matrix(1, 0, 0, 1, 0, 0);\">\n\t\t\t\t\t<li style=\"padding-left:0px;\">Gratis para siempre<\/li>\n\t\t\t\t\t<li><i class=\"fa fa-circle fontawesome\"><\/i><\/li>\n\t\t\t\t\t<li>R\u00e1pido de instalar<\/li>\n\t\t\t\t\t<li><i class=\"fa fa-circle fontawesome\"><\/i><\/li>\n\t\t\t\t\t<li>F\u00e1cil de cancelar<\/li>\n\t\t\t\t<\/ul>\n\t\t\t<\/div>\n\t\t<\/div>\n\t<\/div> \n<\/section>\n <\/p>\n","protected":false},"excerpt":{"rendered":"<p>\u00abEst\u00e1bamos buscando una forma de recopilar comentarios y opiniones de nuestros clientes en el sitio web de Kia. Hemos elegido Mopinion porque su software tiene la mejor relaci\u00f3n precio \/ calidad, es f\u00e1cil de implementar y se puede adaptar f\u00e1cilmente a nuestros dise\u00f1os. Utilizamos la herramienta, entre otras cosas, para identificar r\u00e1pidamente problemas en el [&hellip;]<\/p>\n","protected":false},"author":1,"featured_media":53196,"parent":57580,"menu_order":0,"comment_status":"closed","ping_status":"closed","template":"","meta":{"_acf_changed":false,"footnotes":""},"categories":[8],"tags":[],"class_list":["post-57649","page","type-page","status-publish","has-post-thumbnail","hentry","category-blog"],"acf":[],"yoast_head":"<!-- This site is optimized with the Yoast SEO plugin v24.9 - https:\/\/yoast.com\/wordpress\/plugins\/seo\/ -->\n<title>Video testimonial: Kia - Mopinion<\/title>\n<meta name=\"robots\" content=\"index, follow, max-snippet:-1, max-image-preview:large, max-video-preview:-1\" \/>\n<link rel=\"canonical\" href=\"https:\/\/mopinion.com\/es\/nuestros-clientes\/video-testimonial-kia\/\" \/>\n<meta property=\"og:locale\" content=\"es_ES\" \/>\n<meta property=\"og:type\" content=\"article\" \/>\n<meta property=\"og:title\" content=\"Video testimonial: Kia - Mopinion\" \/>\n<meta property=\"og:description\" content=\"\u00abEst\u00e1bamos buscando una forma de recopilar comentarios y opiniones de nuestros clientes en el sitio web de Kia. Hemos elegido Mopinion porque su software tiene la mejor relaci\u00f3n precio \/ calidad, es f\u00e1cil de implementar y se puede adaptar f\u00e1cilmente a nuestros dise\u00f1os. Utilizamos la herramienta, entre otras cosas, para identificar r\u00e1pidamente problemas en el [&hellip;]\" \/>\n<meta property=\"og:url\" content=\"https:\/\/mopinion.com\/es\/nuestros-clientes\/video-testimonial-kia\/\" \/>\n<meta property=\"og:site_name\" content=\"Mopinion\" \/>\n<meta property=\"og:image\" content=\"https:\/\/mopinion.com\/wp-content\/uploads\/2016\/07\/kia-testi.jpg\" \/>\n\t<meta property=\"og:image:width\" content=\"400\" \/>\n\t<meta property=\"og:image:height\" content=\"225\" \/>\n\t<meta property=\"og:image:type\" content=\"image\/jpeg\" \/>\n<meta name=\"twitter:card\" content=\"summary_large_image\" \/>\n<script type=\"application\/ld+json\" class=\"yoast-schema-graph\">{\"@context\":\"https:\/\/schema.org\",\"@graph\":[{\"@type\":\"WebPage\",\"@id\":\"https:\/\/mopinion.com\/es\/nuestros-clientes\/video-testimonial-kia\/\",\"url\":\"https:\/\/mopinion.com\/es\/nuestros-clientes\/video-testimonial-kia\/\",\"name\":\"Video testimonial: Kia - Mopinion\",\"isPartOf\":{\"@id\":\"https:\/\/mopinion.com\/es\/#website\"},\"primaryImageOfPage\":{\"@id\":\"https:\/\/mopinion.com\/es\/nuestros-clientes\/video-testimonial-kia\/#primaryimage\"},\"image\":{\"@id\":\"https:\/\/mopinion.com\/es\/nuestros-clientes\/video-testimonial-kia\/#primaryimage\"},\"thumbnailUrl\":\"https:\/\/media.mopinion.com\/wp-content\/uploads\/2016\/07\/28083556\/kia-testi.jpg\",\"datePublished\":\"2016-07-11T08:24:52+00:00\",\"breadcrumb\":{\"@id\":\"https:\/\/mopinion.com\/es\/nuestros-clientes\/video-testimonial-kia\/#breadcrumb\"},\"inLanguage\":\"es\",\"potentialAction\":[{\"@type\":\"ReadAction\",\"target\":[\"https:\/\/mopinion.com\/es\/nuestros-clientes\/video-testimonial-kia\/\"]}]},{\"@type\":\"ImageObject\",\"inLanguage\":\"es\",\"@id\":\"https:\/\/mopinion.com\/es\/nuestros-clientes\/video-testimonial-kia\/#primaryimage\",\"url\":\"https:\/\/media.mopinion.com\/wp-content\/uploads\/2016\/07\/28083556\/kia-testi.jpg\",\"contentUrl\":\"https:\/\/media.mopinion.com\/wp-content\/uploads\/2016\/07\/28083556\/kia-testi.jpg\",\"width\":400,\"height\":225,\"caption\":\"[:en]Kia Testimonial Mopinion Feedback[:]\"},{\"@type\":\"BreadcrumbList\",\"@id\":\"https:\/\/mopinion.com\/es\/nuestros-clientes\/video-testimonial-kia\/#breadcrumb\",\"itemListElement\":[{\"@type\":\"ListItem\",\"position\":1,\"name\":\"Home\",\"item\":\"https:\/\/mopinion.com\/es\/\"},{\"@type\":\"ListItem\",\"position\":2,\"name\":\"Empresas l\u00edderes conf\u00edan en nuestro software de feedback digital\",\"item\":\"https:\/\/mopinion.com\/es\/nuestros-clientes\/\"},{\"@type\":\"ListItem\",\"position\":3,\"name\":\"Video testimonial: Kia\"}]},{\"@type\":\"WebSite\",\"@id\":\"https:\/\/mopinion.com\/es\/#website\",\"url\":\"https:\/\/mopinion.com\/es\/\",\"name\":\"Mopinion\",\"description\":\"Customer Feedback Intelligence For Digital Enterprises\",\"publisher\":{\"@id\":\"https:\/\/mopinion.com\/es\/#organization\"},\"potentialAction\":[{\"@type\":\"SearchAction\",\"target\":{\"@type\":\"EntryPoint\",\"urlTemplate\":\"https:\/\/mopinion.com\/es\/?s={search_term_string}\"},\"query-input\":{\"@type\":\"PropertyValueSpecification\",\"valueRequired\":true,\"valueName\":\"search_term_string\"}}],\"inLanguage\":\"es\"},{\"@type\":\"Organization\",\"@id\":\"https:\/\/mopinion.com\/es\/#organization\",\"name\":\"Mopinion\",\"url\":\"https:\/\/mopinion.com\/es\/\",\"logo\":{\"@type\":\"ImageObject\",\"inLanguage\":\"es\",\"@id\":\"https:\/\/mopinion.com\/es\/#\/schema\/logo\/image\/\",\"url\":\"https:\/\/media.mopinion.com\/wp-content\/uploads\/2015\/12\/28084926\/m_icon.png\",\"contentUrl\":\"https:\/\/media.mopinion.com\/wp-content\/uploads\/2015\/12\/28084926\/m_icon.png\",\"width\":140,\"height\":140,\"caption\":\"Mopinion\"},\"image\":{\"@id\":\"https:\/\/mopinion.com\/es\/#\/schema\/logo\/image\/\"}}]}<\/script>\n<!-- \/ Yoast SEO plugin. -->","yoast_head_json":{"title":"Video testimonial: Kia - Mopinion","robots":{"index":"index","follow":"follow","max-snippet":"max-snippet:-1","max-image-preview":"max-image-preview:large","max-video-preview":"max-video-preview:-1"},"canonical":"https:\/\/mopinion.com\/es\/nuestros-clientes\/video-testimonial-kia\/","og_locale":"es_ES","og_type":"article","og_title":"Video testimonial: Kia - Mopinion","og_description":"\u00abEst\u00e1bamos buscando una forma de recopilar comentarios y opiniones de nuestros clientes en el sitio web de Kia. Hemos elegido Mopinion porque su software tiene la mejor relaci\u00f3n precio \/ calidad, es f\u00e1cil de implementar y se puede adaptar f\u00e1cilmente a nuestros dise\u00f1os. Utilizamos la herramienta, entre otras cosas, para identificar r\u00e1pidamente problemas en el [&hellip;]","og_url":"https:\/\/mopinion.com\/es\/nuestros-clientes\/video-testimonial-kia\/","og_site_name":"Mopinion","og_image":[{"width":400,"height":225,"url":"https:\/\/mopinion.com\/wp-content\/uploads\/2016\/07\/kia-testi.jpg","type":"image\/jpeg"}],"twitter_card":"summary_large_image","schema":{"@context":"https:\/\/schema.org","@graph":[{"@type":"WebPage","@id":"https:\/\/mopinion.com\/es\/nuestros-clientes\/video-testimonial-kia\/","url":"https:\/\/mopinion.com\/es\/nuestros-clientes\/video-testimonial-kia\/","name":"Video testimonial: Kia - Mopinion","isPartOf":{"@id":"https:\/\/mopinion.com\/es\/#website"},"primaryImageOfPage":{"@id":"https:\/\/mopinion.com\/es\/nuestros-clientes\/video-testimonial-kia\/#primaryimage"},"image":{"@id":"https:\/\/mopinion.com\/es\/nuestros-clientes\/video-testimonial-kia\/#primaryimage"},"thumbnailUrl":"https:\/\/media.mopinion.com\/wp-content\/uploads\/2016\/07\/28083556\/kia-testi.jpg","datePublished":"2016-07-11T08:24:52+00:00","breadcrumb":{"@id":"https:\/\/mopinion.com\/es\/nuestros-clientes\/video-testimonial-kia\/#breadcrumb"},"inLanguage":"es","potentialAction":[{"@type":"ReadAction","target":["https:\/\/mopinion.com\/es\/nuestros-clientes\/video-testimonial-kia\/"]}]},{"@type":"ImageObject","inLanguage":"es","@id":"https:\/\/mopinion.com\/es\/nuestros-clientes\/video-testimonial-kia\/#primaryimage","url":"https:\/\/media.mopinion.com\/wp-content\/uploads\/2016\/07\/28083556\/kia-testi.jpg","contentUrl":"https:\/\/media.mopinion.com\/wp-content\/uploads\/2016\/07\/28083556\/kia-testi.jpg","width":400,"height":225,"caption":"[:en]Kia Testimonial Mopinion Feedback[:]"},{"@type":"BreadcrumbList","@id":"https:\/\/mopinion.com\/es\/nuestros-clientes\/video-testimonial-kia\/#breadcrumb","itemListElement":[{"@type":"ListItem","position":1,"name":"Home","item":"https:\/\/mopinion.com\/es\/"},{"@type":"ListItem","position":2,"name":"Empresas l\u00edderes conf\u00edan en nuestro software de feedback digital","item":"https:\/\/mopinion.com\/es\/nuestros-clientes\/"},{"@type":"ListItem","position":3,"name":"Video testimonial: Kia"}]},{"@type":"WebSite","@id":"https:\/\/mopinion.com\/es\/#website","url":"https:\/\/mopinion.com\/es\/","name":"Mopinion","description":"Customer Feedback Intelligence For Digital Enterprises","publisher":{"@id":"https:\/\/mopinion.com\/es\/#organization"},"potentialAction":[{"@type":"SearchAction","target":{"@type":"EntryPoint","urlTemplate":"https:\/\/mopinion.com\/es\/?s={search_term_string}"},"query-input":{"@type":"PropertyValueSpecification","valueRequired":true,"valueName":"search_term_string"}}],"inLanguage":"es"},{"@type":"Organization","@id":"https:\/\/mopinion.com\/es\/#organization","name":"Mopinion","url":"https:\/\/mopinion.com\/es\/","logo":{"@type":"ImageObject","inLanguage":"es","@id":"https:\/\/mopinion.com\/es\/#\/schema\/logo\/image\/","url":"https:\/\/media.mopinion.com\/wp-content\/uploads\/2015\/12\/28084926\/m_icon.png","contentUrl":"https:\/\/media.mopinion.com\/wp-content\/uploads\/2015\/12\/28084926\/m_icon.png","width":140,"height":140,"caption":"Mopinion"},"image":{"@id":"https:\/\/mopinion.com\/es\/#\/schema\/logo\/image\/"}}]}},"rttpg_featured_image_url":{"full":["https:\/\/media.mopinion.com\/wp-content\/uploads\/2016\/07\/28083556\/kia-testi.jpg",400,225,false],"landscape":["https:\/\/media.mopinion.com\/wp-content\/uploads\/2016\/07\/28083556\/kia-testi.jpg",400,225,false],"portraits":["https:\/\/media.mopinion.com\/wp-content\/uploads\/2016\/07\/28083556\/kia-testi.jpg",400,225,false],"thumbnail":["https:\/\/media.mopinion.com\/wp-content\/uploads\/2016\/07\/28083556\/kia-testi-150x150.jpg",150,150,true],"medium":["https:\/\/media.mopinion.com\/wp-content\/uploads\/2016\/07\/28083556\/kia-testi-300x169.jpg",300,169,true],"large":["https:\/\/media.mopinion.com\/wp-content\/uploads\/2016\/07\/28083556\/kia-testi.jpg",400,225,false],"1536x1536":["https:\/\/media.mopinion.com\/wp-content\/uploads\/2016\/07\/28083556\/kia-testi.jpg",400,225,false],"2048x2048":["https:\/\/media.mopinion.com\/wp-content\/uploads\/2016\/07\/28083556\/kia-testi.jpg",400,225,false]},"rttpg_author":{"display_name":"Mopinion","author_link":"https:\/\/mopinion.com\/es\/author\/mopinion\/"},"rttpg_comment":0,"rttpg_category":" <a href=\"https:\/\/mopinion.com\/category\/blog\/\" rel=\"tag\">Default Blog<\/a>","rttpg_excerpt":"\u00abEst\u00e1bamos buscando una forma de recopilar comentarios y opiniones de nuestros clientes en el sitio web de Kia. Hemos elegido Mopinion porque su software tiene la mejor relaci\u00f3n precio \/ calidad, es f\u00e1cil de implementar y se puede adaptar f\u00e1cilmente a nuestros dise\u00f1os. Utilizamos la herramienta, entre otras cosas, para identificar r\u00e1pidamente problemas en el&hellip;","_links":{"self":[{"href":"https:\/\/mopinion.com\/es\/wp-json\/wp\/v2\/pages\/57649","targetHints":{"allow":["GET"]}}],"collection":[{"href":"https:\/\/mopinion.com\/es\/wp-json\/wp\/v2\/pages"}],"about":[{"href":"https:\/\/mopinion.com\/es\/wp-json\/wp\/v2\/types\/page"}],"author":[{"embeddable":true,"href":"https:\/\/mopinion.com\/es\/wp-json\/wp\/v2\/users\/1"}],"replies":[{"embeddable":true,"href":"https:\/\/mopinion.com\/es\/wp-json\/wp\/v2\/comments?post=57649"}],"version-history":[{"count":0,"href":"https:\/\/mopinion.com\/es\/wp-json\/wp\/v2\/pages\/57649\/revisions"}],"up":[{"embeddable":true,"href":"https:\/\/mopinion.com\/es\/wp-json\/wp\/v2\/pages\/57580"}],"wp:featuredmedia":[{"embeddable":true,"href":"https:\/\/mopinion.com\/es\/wp-json\/wp\/v2\/media\/53196"}],"wp:attachment":[{"href":"https:\/\/mopinion.com\/es\/wp-json\/wp\/v2\/media?parent=57649"}],"wp:term":[{"taxonomy":"category","embeddable":true,"href":"https:\/\/mopinion.com\/es\/wp-json\/wp\/v2\/categories?post=57649"},{"taxonomy":"post_tag","embeddable":true,"href":"https:\/\/mopinion.com\/es\/wp-json\/wp\/v2\/tags?post=57649"}],"curies":[{"name":"wp","href":"https:\/\/api.w.org\/{rel}","templated":true}]}}