{"id":57678,"date":"2016-07-11T11:36:28","date_gmt":"2016-07-11T10:36:28","guid":{"rendered":"https:\/\/beta-site.mopinion.com\/video-testimonial-interpolis\/"},"modified":"2023-03-30T09:24:58","modified_gmt":"2023-03-30T08:24:58","slug":"video-testimonial-interpolis","status":"publish","type":"page","link":"https:\/\/mopinion.com\/es\/video-testimonial-interpolis\/","title":{"rendered":"Video testimonial: Interpolis"},"content":{"rendered":"<br \/>\n<section>\n<div class=\"container xs-pt-60 xs-pb-30\">\n<div class=\"row\">\n<div class=\"col-sm-10 col-sm-offset-1\">\n<div class=\" text-center\"><img decoding=\"async\" src=\"https:\/\/mopinion.com\/wp-content\/themes\/Mopinionated\/images\/customers\/logos\/interpolis-color.svg\" alt=\"Interpolis Logo\">\n\t\t\t\t\t\t\t<\/div>\n<\/p><\/div>\n<\/p><\/div>\n<\/p><\/div>\n<\/section>\n<section>\n<div class=\"container xs-pt-30 xs-pb-30\">\n<div class=\"row\">\n<div class=\"col-sm-push-8 order-sm-2 col-sm-4 xs-mb-30 md-mb-0\">\n\t\t\t\t\t\t\t\t<img decoding=\"async\" src=\"https:\/\/mopinion.com\/wp-content\/themes\/Mopinionated\/images\/customers\/interpolis-quote.png\" style=\"\" alt=\"Christiaan Buitenhuis - Investigador Superior de Mercados\">\n\t\t\t\t\t\t\t<\/div>\n<div class=\"col-sm-7 col-sm-pull-4\">\n<h1>Por qu\u00e9 Interpolis utiliza los comentarios<\/h1>\n<h2>para mejorar la experiencia del cliente<\/h2>\n<h4 class=\"serif fw-400 \" style=\"line-height:1.8\">\n\t\t\t\t\t\t\t\t\t\u00abTiene sentido para nosotros que todos los comentarios de los clientes son \u00fatiles. Anteriormente trabajamos con una empresa, donde nosotros mismos ten\u00edamos que hacer todo de forma manual. Para dar un ejemplo: tuve que abrir Excel yo mismo y hacer los c\u00e1lculos para descubrir la puntuaci\u00f3n Net Promoter. El software Mopinion hace todos esos c\u00e1lculos autom\u00e1ticamente. Esto es m\u00e1s f\u00e1cil y mejor para m\u00ed y para la compa\u00f1\u00eda. Es una gran ventaja, y la raz\u00f3n por la que cambiamos.\u00bb\t\t\t\t\t\t\t\t<\/h4>\n<div>\n<h4 class=\"text-muted xs-mb-10\"><strong>Christiaan Buitenhuis<\/strong><\/h4>\n<h5 class=\"fw-400\">Investigador Superior de Mercados<\/h5>\n<\/p><\/div>\n<\/p><\/div>\n<\/p><\/div>\n<\/p><\/div>\n<\/section>\n<p><section class=\"xs-mt-60\" style=\"\"><video id=\"\" class=\"video-js center-block\" controls preload=\"auto\" poster=\"https:\/\/mopinion.s3-eu-west-1.amazonaws.com\/video\/posters\/interpolis_poster.png\" data-setup=\"{}\">\n\t\t\t\t\t\t\t\t\t<source src=\"https:\/\/mopinion.s3-eu-west-1.amazonaws.com\/video\/full\/Mopinion_Interpolis.mp4\" type=\"video\/mp4\">\n\t\t\t\t\t\t\t\t\t<source src=\"https:\/\/mopinion.s3-eu-west-1.amazonaws.com\/video\/full\/Mopinion_Interpolis.webm\" type=\"video\/webm\">\n\t\t\t\t\t\t\t\t\t<source src=\"https:\/\/mopinion.s3-eu-west-1.amazonaws.com\/video\/full\/Mopinion_Interpolis.ogv\" type=\"video\/ogg\">\n\t\t\t\t\t\t\t\t\t<p class=\"vjs-no-js\">\n\t\t\t\t\t\t\t\t\tTo view this video please enable JavaScript, and consider upgrading to a web browser that\n\t\t\t\t\t\t\t\t\t<a href=\"https:\/\/videojs.com\/html5-video-support\/\" target=\"_blank\">supports HTML5 video<\/a>\n\t\t\t\t\t\t\t\t\t<\/p>\n\t\t\t\t\t\t\t\t<\/video><\/section><br \/>\n\n<section class=\"cta-section\">\n\t<div class=\"container cta-content text-inverse\">\n\t\t<div class=\"row\">\n\t\t\t<div class=\"col-sm-12\">\n\t\t\t\t<h2 class=\"xs-mb-20 text-center\">Pru\u00e9balo ahora!<\/h2>\n\t\t\t<\/div>\n\t\t<\/div>\n\t\t<div class=\"row text-center cta-btn-container\">\n\t\t\t<div class=\"col-12\">\n\t\t\t\t<a href=\"https:\/\/app.mopinion.com\/account\/sign-up?track=tomtom-vid-es\">\n\t\t\t\t\t<button id=\"button-CTA-trial-footer\" class=\"btn btn-primary btn-lg\">Inscribirse<\/button>\n\t\t\t\t<\/a>\n\t\t\t<\/div>\n\t\t<\/div>\n\t\t<div class=\" row cta-section-bulletpoints\">\n\t\t\t<div class=\"col-md-12\">\n\t\t\t\t<ul class=\"stagger bulletlist dark-trial-form\" style=\"opacity: 1; transform: matrix(1, 0, 0, 1, 0, 0);\">\n\t\t\t\t\t<li style=\"padding-left:0px;\">Gratis para siempre<\/li>\n\t\t\t\t\t<li><i class=\"fa fa-circle fontawesome\"><\/i><\/li>\n\t\t\t\t\t<li>R\u00e1pido de instalar<\/li>\n\t\t\t\t\t<li><i class=\"fa fa-circle fontawesome\"><\/i><\/li>\n\t\t\t\t\t<li>F\u00e1cil de cancelar<\/li>\n\t\t\t\t<\/ul>\n\t\t\t<\/div>\n\t\t<\/div>\n\t<\/div> \n<\/section>\n <\/p>\n","protected":false},"excerpt":{"rendered":"<p>Por qu\u00e9 Interpolis utiliza los comentarios para mejorar la experiencia del cliente \u00abTiene sentido para nosotros que todos los comentarios de los clientes son \u00fatiles. Anteriormente trabajamos con una empresa, donde nosotros mismos ten\u00edamos que hacer todo de forma manual. Para dar un ejemplo: tuve que abrir Excel yo mismo y hacer los c\u00e1lculos para [&hellip;]<\/p>\n","protected":false},"author":1,"featured_media":53200,"parent":0,"menu_order":0,"comment_status":"closed","ping_status":"closed","template":"","meta":{"_acf_changed":false,"footnotes":""},"categories":[8],"tags":[],"class_list":["post-57678","page","type-page","status-publish","has-post-thumbnail","hentry","category-blog"],"acf":[],"yoast_head":"<!-- This site is optimized with the Yoast SEO plugin v24.9 - https:\/\/yoast.com\/wordpress\/plugins\/seo\/ -->\n<title>Video testimonial: Interpolis - Mopinion<\/title>\n<meta name=\"description\" content=\"Interpolis trabaja con Mopinion para recopilar comentarios de clientes espec\u00edficos y orientados a objetivos, obtener informaci\u00f3n valiosa sobre los clientes y aumentar la satisfacci\u00f3n del cliente.\" \/>\n<meta name=\"robots\" content=\"index, follow, max-snippet:-1, max-image-preview:large, max-video-preview:-1\" \/>\n<link rel=\"canonical\" href=\"https:\/\/mopinion.com\/es\/video-testimonial-interpolis\/\" \/>\n<meta property=\"og:locale\" content=\"es_ES\" \/>\n<meta property=\"og:type\" content=\"article\" \/>\n<meta property=\"og:title\" content=\"Video testimonial: Interpolis - Mopinion\" \/>\n<meta property=\"og:description\" content=\"Interpolis trabaja con Mopinion para recopilar comentarios de clientes espec\u00edficos y orientados a objetivos, obtener informaci\u00f3n valiosa sobre los clientes y aumentar la satisfacci\u00f3n del cliente.\" \/>\n<meta property=\"og:url\" content=\"https:\/\/mopinion.com\/es\/video-testimonial-interpolis\/\" \/>\n<meta property=\"og:site_name\" content=\"Mopinion\" \/>\n<meta property=\"article:modified_time\" content=\"2023-03-30T08:24:58+00:00\" \/>\n<meta property=\"og:image\" content=\"https:\/\/mopinion.com\/wp-content\/uploads\/2016\/07\/interpolis-testimonial-bg.png\" \/>\n\t<meta property=\"og:image:width\" content=\"1920\" \/>\n\t<meta property=\"og:image:height\" content=\"1080\" \/>\n\t<meta property=\"og:image:type\" content=\"image\/png\" \/>\n<meta name=\"twitter:card\" content=\"summary_large_image\" \/>\n<meta name=\"twitter:label1\" content=\"Est. reading time\" \/>\n\t<meta name=\"twitter:data1\" content=\"1 minuto\" \/>\n<script type=\"application\/ld+json\" class=\"yoast-schema-graph\">{\"@context\":\"https:\/\/schema.org\",\"@graph\":[{\"@type\":\"WebPage\",\"@id\":\"https:\/\/mopinion.com\/es\/video-testimonial-interpolis\/\",\"url\":\"https:\/\/mopinion.com\/es\/video-testimonial-interpolis\/\",\"name\":\"Video testimonial: Interpolis - Mopinion\",\"isPartOf\":{\"@id\":\"https:\/\/mopinion.com\/es\/#website\"},\"primaryImageOfPage\":{\"@id\":\"https:\/\/mopinion.com\/es\/video-testimonial-interpolis\/#primaryimage\"},\"image\":{\"@id\":\"https:\/\/mopinion.com\/es\/video-testimonial-interpolis\/#primaryimage\"},\"thumbnailUrl\":\"https:\/\/media.mopinion.com\/wp-content\/uploads\/2016\/07\/28083403\/interpolis-testimonial-bg.png\",\"datePublished\":\"2016-07-11T10:36:28+00:00\",\"dateModified\":\"2023-03-30T08:24:58+00:00\",\"description\":\"Interpolis trabaja con Mopinion para recopilar comentarios de clientes espec\u00edficos y orientados a objetivos, obtener informaci\u00f3n valiosa sobre los clientes y aumentar la satisfacci\u00f3n del cliente.\",\"breadcrumb\":{\"@id\":\"https:\/\/mopinion.com\/es\/video-testimonial-interpolis\/#breadcrumb\"},\"inLanguage\":\"es\",\"potentialAction\":[{\"@type\":\"ReadAction\",\"target\":[\"https:\/\/mopinion.com\/es\/video-testimonial-interpolis\/\"]}]},{\"@type\":\"ImageObject\",\"inLanguage\":\"es\",\"@id\":\"https:\/\/mopinion.com\/es\/video-testimonial-interpolis\/#primaryimage\",\"url\":\"https:\/\/media.mopinion.com\/wp-content\/uploads\/2016\/07\/28083403\/interpolis-testimonial-bg.png\",\"contentUrl\":\"https:\/\/media.mopinion.com\/wp-content\/uploads\/2016\/07\/28083403\/interpolis-testimonial-bg.png\",\"width\":1920,\"height\":1080},{\"@type\":\"BreadcrumbList\",\"@id\":\"https:\/\/mopinion.com\/es\/video-testimonial-interpolis\/#breadcrumb\",\"itemListElement\":[{\"@type\":\"ListItem\",\"position\":1,\"name\":\"Home\",\"item\":\"https:\/\/mopinion.com\/es\/\"},{\"@type\":\"ListItem\",\"position\":2,\"name\":\"Video testimonial: Interpolis\"}]},{\"@type\":\"WebSite\",\"@id\":\"https:\/\/mopinion.com\/es\/#website\",\"url\":\"https:\/\/mopinion.com\/es\/\",\"name\":\"Mopinion\",\"description\":\"Customer Feedback Intelligence For Digital Enterprises\",\"publisher\":{\"@id\":\"https:\/\/mopinion.com\/es\/#organization\"},\"potentialAction\":[{\"@type\":\"SearchAction\",\"target\":{\"@type\":\"EntryPoint\",\"urlTemplate\":\"https:\/\/mopinion.com\/es\/?s={search_term_string}\"},\"query-input\":{\"@type\":\"PropertyValueSpecification\",\"valueRequired\":true,\"valueName\":\"search_term_string\"}}],\"inLanguage\":\"es\"},{\"@type\":\"Organization\",\"@id\":\"https:\/\/mopinion.com\/es\/#organization\",\"name\":\"Mopinion\",\"url\":\"https:\/\/mopinion.com\/es\/\",\"logo\":{\"@type\":\"ImageObject\",\"inLanguage\":\"es\",\"@id\":\"https:\/\/mopinion.com\/es\/#\/schema\/logo\/image\/\",\"url\":\"https:\/\/media.mopinion.com\/wp-content\/uploads\/2015\/12\/28084926\/m_icon.png\",\"contentUrl\":\"https:\/\/media.mopinion.com\/wp-content\/uploads\/2015\/12\/28084926\/m_icon.png\",\"width\":140,\"height\":140,\"caption\":\"Mopinion\"},\"image\":{\"@id\":\"https:\/\/mopinion.com\/es\/#\/schema\/logo\/image\/\"}}]}<\/script>\n<!-- \/ Yoast SEO plugin. -->","yoast_head_json":{"title":"Video testimonial: Interpolis - Mopinion","description":"Interpolis trabaja con Mopinion para recopilar comentarios de clientes espec\u00edficos y orientados a objetivos, obtener informaci\u00f3n valiosa sobre los clientes y aumentar la satisfacci\u00f3n del cliente.","robots":{"index":"index","follow":"follow","max-snippet":"max-snippet:-1","max-image-preview":"max-image-preview:large","max-video-preview":"max-video-preview:-1"},"canonical":"https:\/\/mopinion.com\/es\/video-testimonial-interpolis\/","og_locale":"es_ES","og_type":"article","og_title":"Video testimonial: Interpolis - Mopinion","og_description":"Interpolis trabaja con Mopinion para recopilar comentarios de clientes espec\u00edficos y orientados a objetivos, obtener informaci\u00f3n valiosa sobre los clientes y aumentar la satisfacci\u00f3n del cliente.","og_url":"https:\/\/mopinion.com\/es\/video-testimonial-interpolis\/","og_site_name":"Mopinion","article_modified_time":"2023-03-30T08:24:58+00:00","og_image":[{"width":1920,"height":1080,"url":"https:\/\/mopinion.com\/wp-content\/uploads\/2016\/07\/interpolis-testimonial-bg.png","type":"image\/png"}],"twitter_card":"summary_large_image","twitter_misc":{"Est. reading time":"1 minuto"},"schema":{"@context":"https:\/\/schema.org","@graph":[{"@type":"WebPage","@id":"https:\/\/mopinion.com\/es\/video-testimonial-interpolis\/","url":"https:\/\/mopinion.com\/es\/video-testimonial-interpolis\/","name":"Video testimonial: Interpolis - Mopinion","isPartOf":{"@id":"https:\/\/mopinion.com\/es\/#website"},"primaryImageOfPage":{"@id":"https:\/\/mopinion.com\/es\/video-testimonial-interpolis\/#primaryimage"},"image":{"@id":"https:\/\/mopinion.com\/es\/video-testimonial-interpolis\/#primaryimage"},"thumbnailUrl":"https:\/\/media.mopinion.com\/wp-content\/uploads\/2016\/07\/28083403\/interpolis-testimonial-bg.png","datePublished":"2016-07-11T10:36:28+00:00","dateModified":"2023-03-30T08:24:58+00:00","description":"Interpolis trabaja con Mopinion para recopilar comentarios de clientes espec\u00edficos y orientados a objetivos, obtener informaci\u00f3n valiosa sobre los clientes y aumentar la satisfacci\u00f3n del cliente.","breadcrumb":{"@id":"https:\/\/mopinion.com\/es\/video-testimonial-interpolis\/#breadcrumb"},"inLanguage":"es","potentialAction":[{"@type":"ReadAction","target":["https:\/\/mopinion.com\/es\/video-testimonial-interpolis\/"]}]},{"@type":"ImageObject","inLanguage":"es","@id":"https:\/\/mopinion.com\/es\/video-testimonial-interpolis\/#primaryimage","url":"https:\/\/media.mopinion.com\/wp-content\/uploads\/2016\/07\/28083403\/interpolis-testimonial-bg.png","contentUrl":"https:\/\/media.mopinion.com\/wp-content\/uploads\/2016\/07\/28083403\/interpolis-testimonial-bg.png","width":1920,"height":1080},{"@type":"BreadcrumbList","@id":"https:\/\/mopinion.com\/es\/video-testimonial-interpolis\/#breadcrumb","itemListElement":[{"@type":"ListItem","position":1,"name":"Home","item":"https:\/\/mopinion.com\/es\/"},{"@type":"ListItem","position":2,"name":"Video testimonial: Interpolis"}]},{"@type":"WebSite","@id":"https:\/\/mopinion.com\/es\/#website","url":"https:\/\/mopinion.com\/es\/","name":"Mopinion","description":"Customer Feedback Intelligence For Digital Enterprises","publisher":{"@id":"https:\/\/mopinion.com\/es\/#organization"},"potentialAction":[{"@type":"SearchAction","target":{"@type":"EntryPoint","urlTemplate":"https:\/\/mopinion.com\/es\/?s={search_term_string}"},"query-input":{"@type":"PropertyValueSpecification","valueRequired":true,"valueName":"search_term_string"}}],"inLanguage":"es"},{"@type":"Organization","@id":"https:\/\/mopinion.com\/es\/#organization","name":"Mopinion","url":"https:\/\/mopinion.com\/es\/","logo":{"@type":"ImageObject","inLanguage":"es","@id":"https:\/\/mopinion.com\/es\/#\/schema\/logo\/image\/","url":"https:\/\/media.mopinion.com\/wp-content\/uploads\/2015\/12\/28084926\/m_icon.png","contentUrl":"https:\/\/media.mopinion.com\/wp-content\/uploads\/2015\/12\/28084926\/m_icon.png","width":140,"height":140,"caption":"Mopinion"},"image":{"@id":"https:\/\/mopinion.com\/es\/#\/schema\/logo\/image\/"}}]}},"rttpg_featured_image_url":{"full":["https:\/\/media.mopinion.com\/wp-content\/uploads\/2016\/07\/28083403\/interpolis-testimonial-bg.png",1920,1080,false],"landscape":["https:\/\/media.mopinion.com\/wp-content\/uploads\/2016\/07\/28083403\/interpolis-testimonial-bg.png",1920,1080,false],"portraits":["https:\/\/media.mopinion.com\/wp-content\/uploads\/2016\/07\/28083403\/interpolis-testimonial-bg.png",1920,1080,false],"thumbnail":["https:\/\/media.mopinion.com\/wp-content\/uploads\/2016\/07\/28083403\/interpolis-testimonial-bg-150x150.png",150,150,true],"medium":["https:\/\/media.mopinion.com\/wp-content\/uploads\/2016\/07\/28083403\/interpolis-testimonial-bg-300x169.png",300,169,true],"large":["https:\/\/media.mopinion.com\/wp-content\/uploads\/2016\/07\/28083403\/interpolis-testimonial-bg-1024x576.png",1024,576,true],"1536x1536":["https:\/\/media.mopinion.com\/wp-content\/uploads\/2016\/07\/28083403\/interpolis-testimonial-bg.png",1536,864,false],"2048x2048":["https:\/\/media.mopinion.com\/wp-content\/uploads\/2016\/07\/28083403\/interpolis-testimonial-bg.png",1920,1080,false]},"rttpg_author":{"display_name":"Mopinion","author_link":"https:\/\/mopinion.com\/es\/author\/mopinion\/"},"rttpg_comment":0,"rttpg_category":" <a href=\"https:\/\/mopinion.com\/category\/blog\/\" rel=\"tag\">Default Blog<\/a>","rttpg_excerpt":"Por qu\u00e9 Interpolis utiliza los comentarios para mejorar la experiencia del cliente \u00abTiene sentido para nosotros que todos los comentarios de los clientes son \u00fatiles. Anteriormente trabajamos con una empresa, donde nosotros mismos ten\u00edamos que hacer todo de forma manual. Para dar un ejemplo: tuve que abrir Excel yo mismo y hacer los c\u00e1lculos para&hellip;","_links":{"self":[{"href":"https:\/\/mopinion.com\/es\/wp-json\/wp\/v2\/pages\/57678","targetHints":{"allow":["GET"]}}],"collection":[{"href":"https:\/\/mopinion.com\/es\/wp-json\/wp\/v2\/pages"}],"about":[{"href":"https:\/\/mopinion.com\/es\/wp-json\/wp\/v2\/types\/page"}],"author":[{"embeddable":true,"href":"https:\/\/mopinion.com\/es\/wp-json\/wp\/v2\/users\/1"}],"replies":[{"embeddable":true,"href":"https:\/\/mopinion.com\/es\/wp-json\/wp\/v2\/comments?post=57678"}],"version-history":[{"count":3,"href":"https:\/\/mopinion.com\/es\/wp-json\/wp\/v2\/pages\/57678\/revisions"}],"predecessor-version":[{"id":85035,"href":"https:\/\/mopinion.com\/es\/wp-json\/wp\/v2\/pages\/57678\/revisions\/85035"}],"wp:featuredmedia":[{"embeddable":true,"href":"https:\/\/mopinion.com\/es\/wp-json\/wp\/v2\/media\/53200"}],"wp:attachment":[{"href":"https:\/\/mopinion.com\/es\/wp-json\/wp\/v2\/media?parent=57678"}],"wp:term":[{"taxonomy":"category","embeddable":true,"href":"https:\/\/mopinion.com\/es\/wp-json\/wp\/v2\/categories?post=57678"},{"taxonomy":"post_tag","embeddable":true,"href":"https:\/\/mopinion.com\/es\/wp-json\/wp\/v2\/tags?post=57678"}],"curies":[{"name":"wp","href":"https:\/\/api.w.org\/{rel}","templated":true}]}}