{"id":57707,"date":"2016-07-11T11:39:06","date_gmt":"2016-07-11T10:39:06","guid":{"rendered":"https:\/\/beta-site.mopinion.com\/video-testimonial-tomtom\/"},"modified":"2023-03-30T09:35:44","modified_gmt":"2023-03-30T08:35:44","slug":"tomtom","status":"publish","type":"page","link":"https:\/\/mopinion.com\/es\/tomtom\/","title":{"rendered":"Video testimonial: TomTom"},"content":{"rendered":"<section>\n<div class=\"container xs-pt-60 xs-pb-30 xs-mt-30\">\n<div class=\"row\">\n<div class=\"col-sm-10 col-sm-offset-1\">\n<div class=\" text-center\"><img decoding=\"async\" src=\"https:\/\/mopinion.com\/wp-content\/themes\/Mopinionated\/images\/customers\/Customer_logos_175x70\/svg\/logo_tomtom.svg\" alt=\"Tomtom Logo\" width=\"250\"><\/div>\n<\/div>\n<\/div>\n<\/div>\n<\/section>\n<section>\n<div class=\"container xs-pt-30 xs-pb-30\">\n<div class=\"row\">\n<div class=\"col-sm-push-8 order-sm-2 col-sm-4 xs-mb-30 md-mb-0\"><img decoding=\"async\" src=\"https:\/\/mopinion.com\/wp-content\/themes\/Mopinionated\/images\/customers\/tomtom-quote.png\" alt=\"\" \/><\/div>\n<div class=\"col-sm-7 col-sm-pull-4\">\n<h1>Por qu\u00e9 TomTom utiliza los comentarios<\/h1>\n<h2>para mejorar la experiencia del cliente<\/h2>\n<h4 class=\"serif fw-400 \" style=\"line-height: 1.8;\">\u00abSolo recolectar la satisfacci\u00f3n del cliente es demasiado simple. Una de las principales razones por las que elegimos Mopinion es porque es importante recopilar comentarios en el nivel de p\u00e1gina y los componentes espec\u00edficos del sitio web. Una puntuaci\u00f3n general en la recopilaci\u00f3n de un sitio web no es tan importante para m\u00ed, porque esa puntuaci\u00f3n no conduce a la acci\u00f3n. La puntuaci\u00f3n de una p\u00e1gina o grupo de p\u00e1ginas en particular es importante, ya que puede comparar mejor las p\u00e1ginas o las partes y as\u00ed identificar qu\u00e9 partes tienen una puntuaci\u00f3n baja.\u00bb<\/h4>\n<div>\n<h4 class=\"text-muted xs-mb-10\"><strong>Remko Strik<\/strong><\/h4>\n<h5 class=\"fw-400\">Manager Post-Compra y CRM<\/h5>\n<\/div>\n<\/div>\n<\/div>\n<\/div>\n<\/section>\n<p><section class=\"xs-mt-60\" style=\"\"><video id=\"\" class=\"video-js center-block\" controls preload=\"auto\" poster=\"https:\/\/mopinion.s3-eu-west-1.amazonaws.com\/video\/posters\/tomtom_poster.png\" data-setup=\"{}\">\n\t\t\t\t\t\t\t\t\t<source src=\"https:\/\/mopinion.s3-eu-west-1.amazonaws.com\/video\/full\/Mopinion_TomTom.mp4\" type=\"video\/mp4\">\n\t\t\t\t\t\t\t\t\t<source src=\"https:\/\/mopinion.s3-eu-west-1.amazonaws.com\/video\/full\/Mopinion_TomTom.webm\" type=\"video\/webm\">\n\t\t\t\t\t\t\t\t\t<source src=\"https:\/\/mopinion.s3-eu-west-1.amazonaws.com\/video\/full\/Mopinion_TomTom.ogv\" type=\"video\/ogg\">\n\t\t\t\t\t\t\t\t\t<p class=\"vjs-no-js\">\n\t\t\t\t\t\t\t\t\tTo view this video please enable JavaScript, and consider upgrading to a web browser that\n\t\t\t\t\t\t\t\t\t<a href=\"https:\/\/videojs.com\/html5-video-support\/\" target=\"_blank\">supports HTML5 video<\/a>\n\t\t\t\t\t\t\t\t\t<\/p>\n\t\t\t\t\t\t\t\t<\/video><\/section><br \/>\n\n<section class=\"cta-section\">\n\t<div class=\"container cta-content text-inverse\">\n\t\t<div class=\"row\">\n\t\t\t<div class=\"col-sm-12\">\n\t\t\t\t<h2 class=\"xs-mb-20 text-center\">Pru\u00e9balo ahora!<\/h2>\n\t\t\t<\/div>\n\t\t<\/div>\n\t\t<div class=\"row text-center cta-btn-container\">\n\t\t\t<div class=\"col-12\">\n\t\t\t\t<a href=\"https:\/\/app.mopinion.com\/account\/sign-up?track=tomtom-vid-es\">\n\t\t\t\t\t<button id=\"button-CTA-trial-footer\" class=\"btn btn-primary btn-lg\">Inscribirse<\/button>\n\t\t\t\t<\/a>\n\t\t\t<\/div>\n\t\t<\/div>\n\t\t<div class=\" row cta-section-bulletpoints\">\n\t\t\t<div class=\"col-md-12\">\n\t\t\t\t<ul class=\"stagger bulletlist dark-trial-form\" style=\"opacity: 1; transform: matrix(1, 0, 0, 1, 0, 0);\">\n\t\t\t\t\t<li style=\"padding-left:0px;\">Gratis para siempre<\/li>\n\t\t\t\t\t<li><i class=\"fa fa-circle fontawesome\"><\/i><\/li>\n\t\t\t\t\t<li>R\u00e1pido de instalar<\/li>\n\t\t\t\t\t<li><i class=\"fa fa-circle fontawesome\"><\/i><\/li>\n\t\t\t\t\t<li>F\u00e1cil de cancelar<\/li>\n\t\t\t\t<\/ul>\n\t\t\t<\/div>\n\t\t<\/div>\n\t<\/div> \n<\/section>\n <\/p>\n","protected":false},"excerpt":{"rendered":"<p>Por qu\u00e9 TomTom utiliza los comentarios para mejorar la experiencia del cliente \u00abSolo recolectar la satisfacci\u00f3n del cliente es demasiado simple. Una de las principales razones por las que elegimos Mopinion es porque es importante recopilar comentarios en el nivel de p\u00e1gina y los componentes espec\u00edficos del sitio web. Una puntuaci\u00f3n general en la recopilaci\u00f3n [&hellip;]<\/p>\n","protected":false},"author":1,"featured_media":53204,"parent":0,"menu_order":0,"comment_status":"closed","ping_status":"closed","template":"","meta":{"_acf_changed":false,"footnotes":""},"categories":[1510],"tags":[],"class_list":["post-57707","page","type-page","status-publish","has-post-thumbnail","hentry","category-sin-categorizar"],"acf":[],"yoast_head":"<!-- This site is optimized with the Yoast SEO plugin v24.9 - https:\/\/yoast.com\/wordpress\/plugins\/seo\/ -->\n<title>Video testimonial: TomTom - Mopinion<\/title>\n<meta name=\"description\" content=\"Por qu\u00e9 TomTom utiliza los comentarios para mejorar la experiencia del cliente \u00abSolo recolectar la satisfacci\u00f3n del cliente es demasiado simple.\" \/>\n<meta name=\"robots\" content=\"index, follow, max-snippet:-1, max-image-preview:large, max-video-preview:-1\" \/>\n<link rel=\"canonical\" href=\"https:\/\/mopinion.com\/es\/tomtom\/\" \/>\n<meta property=\"og:locale\" content=\"es_ES\" \/>\n<meta property=\"og:type\" content=\"article\" \/>\n<meta property=\"og:title\" content=\"Video testimonial: TomTom - Mopinion\" \/>\n<meta property=\"og:description\" content=\"Por qu\u00e9 TomTom utiliza los comentarios para mejorar la experiencia del cliente \u00abSolo recolectar la satisfacci\u00f3n del cliente es demasiado simple.\" \/>\n<meta property=\"og:url\" content=\"https:\/\/mopinion.com\/es\/tomtom\/\" \/>\n<meta property=\"og:site_name\" content=\"Mopinion\" \/>\n<meta property=\"article:modified_time\" content=\"2023-03-30T08:35:44+00:00\" \/>\n<meta property=\"og:image\" content=\"https:\/\/mopinion.com\/wp-content\/uploads\/2016\/07\/tomtom-testimonial-bg.jpg\" \/>\n\t<meta property=\"og:image:width\" content=\"1600\" \/>\n\t<meta property=\"og:image:height\" content=\"800\" \/>\n\t<meta property=\"og:image:type\" content=\"image\/jpeg\" \/>\n<meta name=\"twitter:card\" content=\"summary_large_image\" \/>\n<meta name=\"twitter:label1\" content=\"Est. reading time\" \/>\n\t<meta name=\"twitter:data1\" content=\"1 minuto\" \/>\n<script type=\"application\/ld+json\" class=\"yoast-schema-graph\">{\"@context\":\"https:\/\/schema.org\",\"@graph\":[{\"@type\":\"WebPage\",\"@id\":\"https:\/\/mopinion.com\/es\/tomtom\/\",\"url\":\"https:\/\/mopinion.com\/es\/tomtom\/\",\"name\":\"Video testimonial: TomTom - Mopinion\",\"isPartOf\":{\"@id\":\"https:\/\/mopinion.com\/es\/#website\"},\"primaryImageOfPage\":{\"@id\":\"https:\/\/mopinion.com\/es\/tomtom\/#primaryimage\"},\"image\":{\"@id\":\"https:\/\/mopinion.com\/es\/tomtom\/#primaryimage\"},\"thumbnailUrl\":\"https:\/\/media.mopinion.com\/wp-content\/uploads\/2016\/07\/28124118\/tomtom-testimonial-bg.jpg\",\"datePublished\":\"2016-07-11T10:39:06+00:00\",\"dateModified\":\"2023-03-30T08:35:44+00:00\",\"description\":\"Por qu\u00e9 TomTom utiliza los comentarios para mejorar la experiencia del cliente \u00abSolo recolectar la satisfacci\u00f3n del cliente es demasiado simple.\",\"breadcrumb\":{\"@id\":\"https:\/\/mopinion.com\/es\/tomtom\/#breadcrumb\"},\"inLanguage\":\"es\",\"potentialAction\":[{\"@type\":\"ReadAction\",\"target\":[\"https:\/\/mopinion.com\/es\/tomtom\/\"]}]},{\"@type\":\"ImageObject\",\"inLanguage\":\"es\",\"@id\":\"https:\/\/mopinion.com\/es\/tomtom\/#primaryimage\",\"url\":\"https:\/\/media.mopinion.com\/wp-content\/uploads\/2016\/07\/28124118\/tomtom-testimonial-bg.jpg\",\"contentUrl\":\"https:\/\/media.mopinion.com\/wp-content\/uploads\/2016\/07\/28124118\/tomtom-testimonial-bg.jpg\",\"width\":1600,\"height\":800},{\"@type\":\"BreadcrumbList\",\"@id\":\"https:\/\/mopinion.com\/es\/tomtom\/#breadcrumb\",\"itemListElement\":[{\"@type\":\"ListItem\",\"position\":1,\"name\":\"Home\",\"item\":\"https:\/\/mopinion.com\/es\/\"},{\"@type\":\"ListItem\",\"position\":2,\"name\":\"Video testimonial: TomTom\"}]},{\"@type\":\"WebSite\",\"@id\":\"https:\/\/mopinion.com\/es\/#website\",\"url\":\"https:\/\/mopinion.com\/es\/\",\"name\":\"Mopinion\",\"description\":\"Customer Feedback Intelligence For Digital Enterprises\",\"publisher\":{\"@id\":\"https:\/\/mopinion.com\/es\/#organization\"},\"potentialAction\":[{\"@type\":\"SearchAction\",\"target\":{\"@type\":\"EntryPoint\",\"urlTemplate\":\"https:\/\/mopinion.com\/es\/?s={search_term_string}\"},\"query-input\":{\"@type\":\"PropertyValueSpecification\",\"valueRequired\":true,\"valueName\":\"search_term_string\"}}],\"inLanguage\":\"es\"},{\"@type\":\"Organization\",\"@id\":\"https:\/\/mopinion.com\/es\/#organization\",\"name\":\"Mopinion\",\"url\":\"https:\/\/mopinion.com\/es\/\",\"logo\":{\"@type\":\"ImageObject\",\"inLanguage\":\"es\",\"@id\":\"https:\/\/mopinion.com\/es\/#\/schema\/logo\/image\/\",\"url\":\"https:\/\/media.mopinion.com\/wp-content\/uploads\/2015\/12\/28084926\/m_icon.png\",\"contentUrl\":\"https:\/\/media.mopinion.com\/wp-content\/uploads\/2015\/12\/28084926\/m_icon.png\",\"width\":140,\"height\":140,\"caption\":\"Mopinion\"},\"image\":{\"@id\":\"https:\/\/mopinion.com\/es\/#\/schema\/logo\/image\/\"}}]}<\/script>\n<!-- \/ Yoast SEO plugin. -->","yoast_head_json":{"title":"Video testimonial: TomTom - Mopinion","description":"Por qu\u00e9 TomTom utiliza los comentarios para mejorar la experiencia del cliente \u00abSolo recolectar la satisfacci\u00f3n del cliente es demasiado simple.","robots":{"index":"index","follow":"follow","max-snippet":"max-snippet:-1","max-image-preview":"max-image-preview:large","max-video-preview":"max-video-preview:-1"},"canonical":"https:\/\/mopinion.com\/es\/tomtom\/","og_locale":"es_ES","og_type":"article","og_title":"Video testimonial: TomTom - Mopinion","og_description":"Por qu\u00e9 TomTom utiliza los comentarios para mejorar la experiencia del cliente \u00abSolo recolectar la satisfacci\u00f3n del cliente es demasiado simple.","og_url":"https:\/\/mopinion.com\/es\/tomtom\/","og_site_name":"Mopinion","article_modified_time":"2023-03-30T08:35:44+00:00","og_image":[{"width":1600,"height":800,"url":"https:\/\/mopinion.com\/wp-content\/uploads\/2016\/07\/tomtom-testimonial-bg.jpg","type":"image\/jpeg"}],"twitter_card":"summary_large_image","twitter_misc":{"Est. reading time":"1 minuto"},"schema":{"@context":"https:\/\/schema.org","@graph":[{"@type":"WebPage","@id":"https:\/\/mopinion.com\/es\/tomtom\/","url":"https:\/\/mopinion.com\/es\/tomtom\/","name":"Video testimonial: TomTom - Mopinion","isPartOf":{"@id":"https:\/\/mopinion.com\/es\/#website"},"primaryImageOfPage":{"@id":"https:\/\/mopinion.com\/es\/tomtom\/#primaryimage"},"image":{"@id":"https:\/\/mopinion.com\/es\/tomtom\/#primaryimage"},"thumbnailUrl":"https:\/\/media.mopinion.com\/wp-content\/uploads\/2016\/07\/28124118\/tomtom-testimonial-bg.jpg","datePublished":"2016-07-11T10:39:06+00:00","dateModified":"2023-03-30T08:35:44+00:00","description":"Por qu\u00e9 TomTom utiliza los comentarios para mejorar la experiencia del cliente \u00abSolo recolectar la satisfacci\u00f3n del cliente es demasiado simple.","breadcrumb":{"@id":"https:\/\/mopinion.com\/es\/tomtom\/#breadcrumb"},"inLanguage":"es","potentialAction":[{"@type":"ReadAction","target":["https:\/\/mopinion.com\/es\/tomtom\/"]}]},{"@type":"ImageObject","inLanguage":"es","@id":"https:\/\/mopinion.com\/es\/tomtom\/#primaryimage","url":"https:\/\/media.mopinion.com\/wp-content\/uploads\/2016\/07\/28124118\/tomtom-testimonial-bg.jpg","contentUrl":"https:\/\/media.mopinion.com\/wp-content\/uploads\/2016\/07\/28124118\/tomtom-testimonial-bg.jpg","width":1600,"height":800},{"@type":"BreadcrumbList","@id":"https:\/\/mopinion.com\/es\/tomtom\/#breadcrumb","itemListElement":[{"@type":"ListItem","position":1,"name":"Home","item":"https:\/\/mopinion.com\/es\/"},{"@type":"ListItem","position":2,"name":"Video testimonial: TomTom"}]},{"@type":"WebSite","@id":"https:\/\/mopinion.com\/es\/#website","url":"https:\/\/mopinion.com\/es\/","name":"Mopinion","description":"Customer Feedback Intelligence For Digital Enterprises","publisher":{"@id":"https:\/\/mopinion.com\/es\/#organization"},"potentialAction":[{"@type":"SearchAction","target":{"@type":"EntryPoint","urlTemplate":"https:\/\/mopinion.com\/es\/?s={search_term_string}"},"query-input":{"@type":"PropertyValueSpecification","valueRequired":true,"valueName":"search_term_string"}}],"inLanguage":"es"},{"@type":"Organization","@id":"https:\/\/mopinion.com\/es\/#organization","name":"Mopinion","url":"https:\/\/mopinion.com\/es\/","logo":{"@type":"ImageObject","inLanguage":"es","@id":"https:\/\/mopinion.com\/es\/#\/schema\/logo\/image\/","url":"https:\/\/media.mopinion.com\/wp-content\/uploads\/2015\/12\/28084926\/m_icon.png","contentUrl":"https:\/\/media.mopinion.com\/wp-content\/uploads\/2015\/12\/28084926\/m_icon.png","width":140,"height":140,"caption":"Mopinion"},"image":{"@id":"https:\/\/mopinion.com\/es\/#\/schema\/logo\/image\/"}}]}},"rttpg_featured_image_url":{"full":["https:\/\/media.mopinion.com\/wp-content\/uploads\/2016\/07\/28124118\/tomtom-testimonial-bg.jpg",1600,800,false],"landscape":["https:\/\/media.mopinion.com\/wp-content\/uploads\/2016\/07\/28124118\/tomtom-testimonial-bg.jpg",1600,800,false],"portraits":["https:\/\/media.mopinion.com\/wp-content\/uploads\/2016\/07\/28124118\/tomtom-testimonial-bg.jpg",1600,800,false],"thumbnail":["https:\/\/media.mopinion.com\/wp-content\/uploads\/2016\/07\/28124118\/tomtom-testimonial-bg-150x150.jpg",150,150,true],"medium":["https:\/\/media.mopinion.com\/wp-content\/uploads\/2016\/07\/28124118\/tomtom-testimonial-bg-300x150.jpg",300,150,true],"large":["https:\/\/media.mopinion.com\/wp-content\/uploads\/2016\/07\/28124118\/tomtom-testimonial-bg-1024x512.jpg",1024,512,true],"1536x1536":["https:\/\/media.mopinion.com\/wp-content\/uploads\/2016\/07\/28124118\/tomtom-testimonial-bg.jpg",1536,768,false],"2048x2048":["https:\/\/media.mopinion.com\/wp-content\/uploads\/2016\/07\/28124118\/tomtom-testimonial-bg.jpg",1600,800,false]},"rttpg_author":{"display_name":"Mopinion","author_link":"https:\/\/mopinion.com\/es\/author\/mopinion\/"},"rttpg_comment":0,"rttpg_category":" <a href=\"https:\/\/mopinion.com\/es\/category\/sin-categorizar\/\" rel=\"tag\">Sin categorizar<\/a>","rttpg_excerpt":"Por qu\u00e9 TomTom utiliza los comentarios para mejorar la experiencia del cliente \u00abSolo recolectar la satisfacci\u00f3n del cliente es demasiado simple. Una de las principales razones por las que elegimos Mopinion es porque es importante recopilar comentarios en el nivel de p\u00e1gina y los componentes espec\u00edficos del sitio web. Una puntuaci\u00f3n general en la recopilaci\u00f3n&hellip;","_links":{"self":[{"href":"https:\/\/mopinion.com\/es\/wp-json\/wp\/v2\/pages\/57707","targetHints":{"allow":["GET"]}}],"collection":[{"href":"https:\/\/mopinion.com\/es\/wp-json\/wp\/v2\/pages"}],"about":[{"href":"https:\/\/mopinion.com\/es\/wp-json\/wp\/v2\/types\/page"}],"author":[{"embeddable":true,"href":"https:\/\/mopinion.com\/es\/wp-json\/wp\/v2\/users\/1"}],"replies":[{"embeddable":true,"href":"https:\/\/mopinion.com\/es\/wp-json\/wp\/v2\/comments?post=57707"}],"version-history":[{"count":3,"href":"https:\/\/mopinion.com\/es\/wp-json\/wp\/v2\/pages\/57707\/revisions"}],"predecessor-version":[{"id":85039,"href":"https:\/\/mopinion.com\/es\/wp-json\/wp\/v2\/pages\/57707\/revisions\/85039"}],"wp:featuredmedia":[{"embeddable":true,"href":"https:\/\/mopinion.com\/es\/wp-json\/wp\/v2\/media\/53204"}],"wp:attachment":[{"href":"https:\/\/mopinion.com\/es\/wp-json\/wp\/v2\/media?parent=57707"}],"wp:term":[{"taxonomy":"category","embeddable":true,"href":"https:\/\/mopinion.com\/es\/wp-json\/wp\/v2\/categories?post=57707"},{"taxonomy":"post_tag","embeddable":true,"href":"https:\/\/mopinion.com\/es\/wp-json\/wp\/v2\/tags?post=57707"}],"curies":[{"name":"wp","href":"https:\/\/api.w.org\/{rel}","templated":true}]}}