{"id":59438,"date":"2020-07-29T10:00:05","date_gmt":"2020-07-29T09:00:05","guid":{"rendered":"https:\/\/beta-site.mopinion.com\/whitepapers\/"},"modified":"2023-02-03T12:53:54","modified_gmt":"2023-02-03T11:53:54","slug":"whitepapers","status":"publish","type":"page","link":"https:\/\/mopinion.com\/es\/whitepapers\/","title":{"rendered":"Whitepapers"},"content":{"rendered":"<h2 class=\"xs-mt-40\">Whitepapers<\/h2>\n<style type='text\/css' media='all'>#rt-tpg-container-3132094613 .rt-holder .rt-woo-info .price{color:#0367bf;}body .rt-tpg-container .rt-tpg-isotope-buttons .selected,\n\t\t\t\t\t#rt-tpg-container-3132094613 .layout12 .rt-holder:hover .rt-detail,\n\t\t\t\t\t#rt-tpg-container-3132094613 .isotope8 .rt-holder:hover .rt-detail,\n\t\t\t\t\t#rt-tpg-container-3132094613 .carousel8 .rt-holder:hover .rt-detail,\n\t\t\t\t\t#rt-tpg-container-3132094613 .layout13 .rt-holder .overlay .post-info,\n\t\t\t\t\t#rt-tpg-container-3132094613 .isotope9 .rt-holder .overlay .post-info,\n\t\t\t\t\t#rt-tpg-container-3132094613.rt-tpg-container .layout4 .rt-holder .rt-detail,\n\t\t\t\t\t.rt-modal-3132094613 .md-content,\n\t\t\t\t\t.rt-modal-3132094613 .md-content > .rt-md-content-holder .rt-md-content,\n\t\t\t\t\t.rt-popup-wrap-3132094613.rt-popup-wrap .rt-popup-navigation-wrap,\n\t\t\t\t\t#rt-tpg-container-3132094613 .carousel9 .rt-holder .overlay .post-info{background-color:#0367bf;}#rt-tpg-container-3132094613 .layout5 .rt-holder .overlay, #rt-tpg-container-3132094613 .isotope2 .rt-holder .overlay, #rt-tpg-container-3132094613 .carousel2 .rt-holder .overlay,#rt-tpg-container-3132094613 .layout15 .rt-holder h3, #rt-tpg-container-3132094613 .isotope11 .rt-holder h3, #rt-tpg-container-3132094613 .carousel11 .rt-holder h3, #rt-tpg-container-3132094613 .layout16 .rt-holder h3,\n\t\t\t\t\t#rt-tpg-container-3132094613 .isotope12 .rt-holder h3, #rt-tpg-container-3132094613 .carousel12 .rt-holder h3 {background-color:rgba(3,103,191,0.8);}#rt-tpg-container-3132094613 .read-more a{border-radius:px;}#rt-tpg-container-3132094613 .rt-img-holder img.rt-img-responsive,#rt-tpg-container-3132094613 .rt-img-holder,\n\t\t\t\t\t#rt-tpg-container-3132094613 .rt-post-overlay .post-img,\n\t\t\t\t\t#rt-tpg-container-3132094613 .post-sm .post-img,\n\t\t\t\t\t#rt-tpg-container-3132094613 .rt-post-grid .post-img,\n\t\t\t\t\t#rt-tpg-container-3132094613 .post-img img {border-radius:px;}#rt-tpg-container-3132094613 .layout1 .rt-holder h2.entry-title,\n\t\t\t\t\t#rt-tpg-container-3132094613 .layout1 .rt-holder h3.entry-title,\n\t\t\t\t\t#rt-tpg-container-3132094613 .layout1 .rt-holder h4.entry-title,\n\t\t\t\t\t#rt-tpg-container-3132094613 .layout1 .rt-holder h2.entry-title a,\n\t\t\t\t\t#rt-tpg-container-3132094613 .layout1 .rt-holder h3.entry-title a,\n\t\t\t\t\t#rt-tpg-container-3132094613 .layout1 .rt-holder h4.entry-title a,\n\t\t\t\t\t#rt-tpg-container-3132094613 .rt-holder .rt-woo-info h2 a,\n\t\t\t\t\t#rt-tpg-container-3132094613 .rt-holder .rt-woo-info h3 a,\n\t\t\t\t\t#rt-tpg-container-3132094613 .rt-holder .rt-woo-info h4 a,\n\t\t\t\t\t#rt-tpg-container-3132094613 .post-content .post-title,\n\t\t\t\t\t#rt-tpg-container-3132094613 .rt-post-grid .post-title,\n\t\t\t\t\t#rt-tpg-container-3132094613 .rt-post-grid .post-title a,\n\t\t\t\t\t#rt-tpg-container-3132094613 .post-content .post-title a,\n\t\t\t\t\t#rt-tpg-container-3132094613 .rt-holder .rt-woo-info h2,\n\t\t\t\t\t#rt-tpg-container-3132094613 .rt-holder .rt-woo-info h3,\n\t\t\t\t\t#rt-tpg-container-3132094613 .rt-holder .rt-woo-info h4{font-size:16px;line-height:26px;}#rt-tpg-container-3132094613 .post-grid-lg-style-1 .post-title,\n\t\t\t\t\t\t#rt-tpg-container-3132094613 .post-grid-lg-style-1 .post-title a,\n\t\t\t\t\t\t#rt-tpg-container-3132094613 .big-layout .post-title,\n\t\t\t\t\t\t#rt-tpg-container-3132094613 .big-layout .post-title a,\n\t\t\t\t\t\t#rt-tpg-container-3132094613 .post-grid-lg-style-1 .post-title,\n\t\t\t\t\t\t#rt-tpg-container-3132094613 .post-grid-lg-style-1 .post-title a {font-size:24px;line-height:34px;}<\/style><div class='rt-container-fluid rt-tpg-container tpg-shortcode-main-wrapper  loading' id='rt-tpg-container-3132094613'   data-layout='layout1' data-grid-style='even' data-desktop-col='3'  data-tab-col='2'  data-mobile-col='1' data-sc-id='77640'><div id=\"bottom-script-loader\" class=\"bottom-script-loader\"><div class=\"rt-ball-clip-rotate\"><div><\/div><\/div><\/div><div data-title='Loading ...' class='rt-row rt-content-loader   layout1 tpg-even '><div class=\"rt-col-md-4 rt-col-sm-6 rt-col-xs-12 even-grid-item rt-grid-item\" data-id=\"58190\"><div class=\"rt-holder\"><div class=\"rt-img-holder\"><a data-id=\"58190\" class=\"\" href=\"https:\/\/mopinion.com\/es\/resources\/white-paper-a-digital-feedback-fueled-approach-to-personalisation-2018\/\"><img loading=\"lazy\" decoding=\"async\" width=\"1800\" height=\"650\" src=\"https:\/\/media.mopinion.com\/wp-content\/uploads\/2025\/10\/30123053\/whitepaper-personalisation.jpg\" class=\"rt-img-responsive \" alt=\"\" \/><\/a><\/div><div class='rt-detail'><h3 class=\"entry-title\"><a data-id=\"58190\" class=\"\" href=\"https:\/\/mopinion.com\/es\/resources\/white-paper-a-digital-feedback-fueled-approach-to-personalisation-2018\/\">Un enfoque de personalizaci\u00f3n impulsado por la retroalimentaci\u00f3n digital<\/a><\/h3><\/div><\/div><\/div><div class=\"rt-col-md-4 rt-col-sm-6 rt-col-xs-12 even-grid-item rt-grid-item\" data-id=\"59997\"><div class=\"rt-holder\"><div class=\"rt-img-holder\"><a data-id=\"59997\" class=\"\" href=\"https:\/\/mopinion.com\/es\/resources\/digital-customer-experience-trends-in-2021\/\"><img loading=\"lazy\" decoding=\"async\" width=\"1800\" height=\"650\" src=\"https:\/\/media.mopinion.com\/wp-content\/uploads\/2025\/10\/30120131\/whitepaper-cx.jpg\" class=\"rt-img-responsive \" alt=\"\" \/><\/a><\/div><div class='rt-detail'><h3 class=\"entry-title\"><a data-id=\"59997\" class=\"\" href=\"https:\/\/mopinion.com\/es\/resources\/digital-customer-experience-trends-in-2021\/\">Tendencias de la experiencia digital del cliente (CX) en 2021<\/a><\/h3><\/div><\/div><\/div><div class=\"rt-col-md-4 rt-col-sm-6 rt-col-xs-12 even-grid-item rt-grid-item\" data-id=\"58539\"><div class=\"rt-holder\"><div class=\"rt-img-holder\"><a data-id=\"58539\" class=\"\" href=\"https:\/\/mopinion.com\/es\/resources\/white-paper-digital-feedback-and-the-finance-industry\/\"><img loading=\"lazy\" decoding=\"async\" width=\"1800\" height=\"650\" src=\"https:\/\/media.mopinion.com\/wp-content\/uploads\/2025\/10\/30122834\/whitepaper-finance.jpg\" class=\"rt-img-responsive \" alt=\"\" \/><\/a><\/div><div class='rt-detail'><h3 class=\"entry-title\"><a data-id=\"58539\" class=\"\" href=\"https:\/\/mopinion.com\/es\/resources\/white-paper-digital-feedback-and-the-finance-industry\/\">Retroalimentaci\u00f3n digital y la industria financiera<\/a><\/h3><\/div><\/div><\/div><div class=\"rt-col-md-4 rt-col-sm-6 rt-col-xs-12 even-grid-item rt-grid-item\" data-id=\"58058\"><div class=\"rt-holder\"><div class=\"rt-img-holder\"><a data-id=\"58058\" class=\"\" href=\"https:\/\/mopinion.com\/es\/resources\/white-paper-optimising-the-mobile-experience-with-in-app-feedback-2018\/\"><img loading=\"lazy\" decoding=\"async\" width=\"1800\" height=\"650\" src=\"https:\/\/media.mopinion.com\/wp-content\/uploads\/2025\/11\/13140934\/whitepaper-mobile-exp.jpg\" class=\"rt-img-responsive \" alt=\"\" \/><\/a><\/div><div class='rt-detail'><h3 class=\"entry-title\"><a data-id=\"58058\" class=\"\" href=\"https:\/\/mopinion.com\/es\/resources\/white-paper-optimising-the-mobile-experience-with-in-app-feedback-2018\/\">Optimizaci\u00f3n de la experiencia m\u00f3vil con retroalimentaci\u00f3n en la aplicaci\u00f3n<\/a><\/h3><\/div><\/div><\/div><div class=\"rt-col-md-4 rt-col-sm-6 rt-col-xs-12 even-grid-item rt-grid-item\" data-id=\"57884\"><div class=\"rt-holder\"><div class=\"rt-img-holder\"><a data-id=\"57884\" class=\"\" href=\"https:\/\/mopinion.com\/es\/resources\/white-paper-improving-travel-websites-and-apps-with-user-feedback-2017\/\"><img loading=\"lazy\" decoding=\"async\" width=\"1800\" height=\"650\" src=\"https:\/\/media.mopinion.com\/wp-content\/uploads\/2025\/11\/13145745\/whitepaper-travel.jpg\" class=\"rt-img-responsive \" alt=\"\" \/><\/a><\/div><div class='rt-detail'><h3 class=\"entry-title\"><a data-id=\"57884\" class=\"\" href=\"https:\/\/mopinion.com\/es\/resources\/white-paper-improving-travel-websites-and-apps-with-user-feedback-2017\/\">Mejora los sitios web y aplicaciones de viajes con retroalimentaci\u00f3n de los usuarios<\/a><\/h3><\/div><\/div><\/div><\/div><\/div>\n","protected":false},"excerpt":{"rendered":"<p>Whitepapers<\/p>\n","protected":false},"author":39,"featured_media":0,"parent":0,"menu_order":0,"comment_status":"closed","ping_status":"closed","template":"new_resourcespage.php","meta":{"_acf_changed":false,"footnotes":""},"categories":[],"tags":[],"class_list":["post-59438","page","type-page","status-publish","hentry"],"acf":[],"yoast_head":"<!-- This site is optimized with the Yoast SEO plugin v24.9 - https:\/\/yoast.com\/wordpress\/plugins\/seo\/ -->\n<title>Whitepapers - Mopinion<\/title>\n<meta name=\"description\" content=\"Descargue nuestros libros blancos.\" \/>\n<meta name=\"robots\" content=\"index, follow, max-snippet:-1, max-image-preview:large, max-video-preview:-1\" \/>\n<link rel=\"canonical\" href=\"https:\/\/mopinion.com\/es\/whitepapers\/\" \/>\n<meta property=\"og:locale\" content=\"es_ES\" \/>\n<meta property=\"og:type\" content=\"article\" \/>\n<meta property=\"og:title\" content=\"Whitepapers - Mopinion\" \/>\n<meta property=\"og:description\" content=\"Descargue nuestros libros blancos.\" \/>\n<meta property=\"og:url\" content=\"https:\/\/mopinion.com\/es\/whitepapers\/\" \/>\n<meta property=\"og:site_name\" content=\"Mopinion\" \/>\n<meta property=\"article:modified_time\" content=\"2023-02-03T11:53:54+00:00\" \/>\n<meta name=\"twitter:card\" content=\"summary_large_image\" \/>\n<meta name=\"twitter:label1\" content=\"Est. reading time\" \/>\n\t<meta name=\"twitter:data1\" content=\"1 minuto\" \/>\n<script type=\"application\/ld+json\" class=\"yoast-schema-graph\">{\"@context\":\"https:\/\/schema.org\",\"@graph\":[{\"@type\":\"WebPage\",\"@id\":\"https:\/\/mopinion.com\/es\/whitepapers\/\",\"url\":\"https:\/\/mopinion.com\/es\/whitepapers\/\",\"name\":\"Whitepapers - Mopinion\",\"isPartOf\":{\"@id\":\"https:\/\/mopinion.com\/es\/#website\"},\"datePublished\":\"2020-07-29T09:00:05+00:00\",\"dateModified\":\"2023-02-03T11:53:54+00:00\",\"description\":\"Descargue nuestros libros blancos.\",\"breadcrumb\":{\"@id\":\"https:\/\/mopinion.com\/es\/whitepapers\/#breadcrumb\"},\"inLanguage\":\"es\",\"potentialAction\":[{\"@type\":\"ReadAction\",\"target\":[\"https:\/\/mopinion.com\/es\/whitepapers\/\"]}]},{\"@type\":\"BreadcrumbList\",\"@id\":\"https:\/\/mopinion.com\/es\/whitepapers\/#breadcrumb\",\"itemListElement\":[{\"@type\":\"ListItem\",\"position\":1,\"name\":\"Home\",\"item\":\"https:\/\/mopinion.com\/es\/\"},{\"@type\":\"ListItem\",\"position\":2,\"name\":\"Whitepapers\"}]},{\"@type\":\"WebSite\",\"@id\":\"https:\/\/mopinion.com\/es\/#website\",\"url\":\"https:\/\/mopinion.com\/es\/\",\"name\":\"Mopinion\",\"description\":\"Customer Feedback Intelligence For Digital Enterprises\",\"publisher\":{\"@id\":\"https:\/\/mopinion.com\/es\/#organization\"},\"potentialAction\":[{\"@type\":\"SearchAction\",\"target\":{\"@type\":\"EntryPoint\",\"urlTemplate\":\"https:\/\/mopinion.com\/es\/?s={search_term_string}\"},\"query-input\":{\"@type\":\"PropertyValueSpecification\",\"valueRequired\":true,\"valueName\":\"search_term_string\"}}],\"inLanguage\":\"es\"},{\"@type\":\"Organization\",\"@id\":\"https:\/\/mopinion.com\/es\/#organization\",\"name\":\"Mopinion\",\"url\":\"https:\/\/mopinion.com\/es\/\",\"logo\":{\"@type\":\"ImageObject\",\"inLanguage\":\"es\",\"@id\":\"https:\/\/mopinion.com\/es\/#\/schema\/logo\/image\/\",\"url\":\"https:\/\/media.mopinion.com\/wp-content\/uploads\/2015\/12\/28084926\/m_icon.png\",\"contentUrl\":\"https:\/\/media.mopinion.com\/wp-content\/uploads\/2015\/12\/28084926\/m_icon.png\",\"width\":140,\"height\":140,\"caption\":\"Mopinion\"},\"image\":{\"@id\":\"https:\/\/mopinion.com\/es\/#\/schema\/logo\/image\/\"}}]}<\/script>\n<!-- \/ Yoast SEO plugin. -->","yoast_head_json":{"title":"Whitepapers - Mopinion","description":"Descargue nuestros libros blancos.","robots":{"index":"index","follow":"follow","max-snippet":"max-snippet:-1","max-image-preview":"max-image-preview:large","max-video-preview":"max-video-preview:-1"},"canonical":"https:\/\/mopinion.com\/es\/whitepapers\/","og_locale":"es_ES","og_type":"article","og_title":"Whitepapers - Mopinion","og_description":"Descargue nuestros libros blancos.","og_url":"https:\/\/mopinion.com\/es\/whitepapers\/","og_site_name":"Mopinion","article_modified_time":"2023-02-03T11:53:54+00:00","twitter_card":"summary_large_image","twitter_misc":{"Est. reading time":"1 minuto"},"schema":{"@context":"https:\/\/schema.org","@graph":[{"@type":"WebPage","@id":"https:\/\/mopinion.com\/es\/whitepapers\/","url":"https:\/\/mopinion.com\/es\/whitepapers\/","name":"Whitepapers - Mopinion","isPartOf":{"@id":"https:\/\/mopinion.com\/es\/#website"},"datePublished":"2020-07-29T09:00:05+00:00","dateModified":"2023-02-03T11:53:54+00:00","description":"Descargue nuestros libros blancos.","breadcrumb":{"@id":"https:\/\/mopinion.com\/es\/whitepapers\/#breadcrumb"},"inLanguage":"es","potentialAction":[{"@type":"ReadAction","target":["https:\/\/mopinion.com\/es\/whitepapers\/"]}]},{"@type":"BreadcrumbList","@id":"https:\/\/mopinion.com\/es\/whitepapers\/#breadcrumb","itemListElement":[{"@type":"ListItem","position":1,"name":"Home","item":"https:\/\/mopinion.com\/es\/"},{"@type":"ListItem","position":2,"name":"Whitepapers"}]},{"@type":"WebSite","@id":"https:\/\/mopinion.com\/es\/#website","url":"https:\/\/mopinion.com\/es\/","name":"Mopinion","description":"Customer Feedback Intelligence For Digital Enterprises","publisher":{"@id":"https:\/\/mopinion.com\/es\/#organization"},"potentialAction":[{"@type":"SearchAction","target":{"@type":"EntryPoint","urlTemplate":"https:\/\/mopinion.com\/es\/?s={search_term_string}"},"query-input":{"@type":"PropertyValueSpecification","valueRequired":true,"valueName":"search_term_string"}}],"inLanguage":"es"},{"@type":"Organization","@id":"https:\/\/mopinion.com\/es\/#organization","name":"Mopinion","url":"https:\/\/mopinion.com\/es\/","logo":{"@type":"ImageObject","inLanguage":"es","@id":"https:\/\/mopinion.com\/es\/#\/schema\/logo\/image\/","url":"https:\/\/media.mopinion.com\/wp-content\/uploads\/2015\/12\/28084926\/m_icon.png","contentUrl":"https:\/\/media.mopinion.com\/wp-content\/uploads\/2015\/12\/28084926\/m_icon.png","width":140,"height":140,"caption":"Mopinion"},"image":{"@id":"https:\/\/mopinion.com\/es\/#\/schema\/logo\/image\/"}}]}},"rttpg_featured_image_url":null,"rttpg_author":{"display_name":"Yannick Post","author_link":"https:\/\/mopinion.com\/es\/author\/yannick-post\/"},"rttpg_comment":0,"rttpg_category":false,"rttpg_excerpt":"Whitepapers","_links":{"self":[{"href":"https:\/\/mopinion.com\/es\/wp-json\/wp\/v2\/pages\/59438","targetHints":{"allow":["GET"]}}],"collection":[{"href":"https:\/\/mopinion.com\/es\/wp-json\/wp\/v2\/pages"}],"about":[{"href":"https:\/\/mopinion.com\/es\/wp-json\/wp\/v2\/types\/page"}],"author":[{"embeddable":true,"href":"https:\/\/mopinion.com\/es\/wp-json\/wp\/v2\/users\/39"}],"replies":[{"embeddable":true,"href":"https:\/\/mopinion.com\/es\/wp-json\/wp\/v2\/comments?post=59438"}],"version-history":[{"count":2,"href":"https:\/\/mopinion.com\/es\/wp-json\/wp\/v2\/pages\/59438\/revisions"}],"predecessor-version":[{"id":82959,"href":"https:\/\/mopinion.com\/es\/wp-json\/wp\/v2\/pages\/59438\/revisions\/82959"}],"wp:attachment":[{"href":"https:\/\/mopinion.com\/es\/wp-json\/wp\/v2\/media?parent=59438"}],"wp:term":[{"taxonomy":"category","embeddable":true,"href":"https:\/\/mopinion.com\/es\/wp-json\/wp\/v2\/categories?post=59438"},{"taxonomy":"post_tag","embeddable":true,"href":"https:\/\/mopinion.com\/es\/wp-json\/wp\/v2\/tags?post=59438"}],"curies":[{"name":"wp","href":"https:\/\/api.w.org\/{rel}","templated":true}]}}