{"id":59465,"date":"2020-08-18T10:12:34","date_gmt":"2020-08-18T09:12:34","guid":{"rendered":"https:\/\/beta-site.mopinion.com\/gracias-2\/"},"modified":"2023-03-21T15:07:35","modified_gmt":"2023-03-21T14:07:35","slug":"gracias-2","status":"publish","type":"page","link":"https:\/\/mopinion.com\/es\/resources\/gracias-2\/","title":{"rendered":"Gracias!"},"content":{"rendered":"<p><script>var editor = true; \/\/ set to \"true\" to turn off redirect protection. Set \"false\" to redirect traffic to homepage<\/script><\/p>\n<div class=\"content-wrap seeitlive-content-wrap\" id=\"language_NL\">\n<section id=\"download\" class=\"xs-mt-0 xs-mb-10\">\n<div class=\"container xs-pt-0 xs-pb-30\">\n<div class=\"row\">\n<div class=\"col-sm-10 col-sm-offset-1 lg-mb-30 xs-mb-15 xs-mt-15\">\n\t      \t\t<a href=\"https:\/\/mopinion.com\" target=\"_self\" rel=\"noopener\"><br \/>\n\t\t\t\t\t<img decoding=\"async\" src=\"https:\/\/mopinion.com\/wp-content\/themes\/Mopinionated\/images\/mopinion-logo.svg\" width=\"200\" alt=\"Mopinion Logo\"><br \/>\n\t\t\t\t<\/a>\n        \t\t<\/div>\n<div class=\"col-sm-10 col-sm-offset-1 lg-mb-30 lg-mt-15 text-center\">\n<h1 class=\"xs-mt-30 thank-text\">Gracias por inscribirse<\/h1>\n<\/p><\/div>\n<div class=\"col-sm-10 col-sm-offset-1 text-center grey-block\">\n<p style=\"font-size:20px; color:#333;\">Vea su seminario web a continuaci\u00f3n<\/p>\n<p><iframe loading=\"lazy\" id=\"webinar-frame\" width=\"840\" height=\"472.5\" src=\"\" frameborder=\"0\" allow=\"accelerometer; autoplay; encrypted-media; gyroscope; picture-in-picture\" allowfullscreen><\/iframe><\/p>\n<p style=\"font-size:14px;\">\u00bfPreparado para una prueba de conducci\u00f3n? <a target=\"_blank\" href=\"https:\/\/app.mopinion.com\/account\/sign-up\" rel=\"noopener\">Pruebe nuestro software de comentarios <\/a><\/p>\n<\/p><\/div>\n<\/p><\/div>\n<\/p><\/div>\n<\/section>\n<section id=\"social\" class=\"xs-mt-0 xs-mb-10\">\n<div class=\"container xs-pt-0 xs-pb-30\">\n<div class=\"row\">\n<div class=\"col-sm-10 col-sm-offset-1 text-center\">\n<h4 class=\"xs-mt-30\">Por favor, s\u00edgannos:<\/h4>\n<ul style=\"margin:auto;\">\n<li class=\"inline-block\">\n\t\t\t\t\t\t\t<a href=\"https:\/\/www.facebook.com\/MopinionLabs\" class=\"social-links inverse xs-mr-20\"><i class=\"fab fa-facebook-f\"><\/i><\/a>\n\t\t\t\t\t\t<\/li>\n<li class=\"inline-block\">\n\t\t\t\t\t\t\t<a href=\"https:\/\/twitter.com\/managefeedback\" class=\"social-links inverse xs-mr-20\"><i class=\"fab fa-twitter\"><\/i><\/a>\n\t\t\t\t\t\t<\/li>\n<li class=\"inline-block\">\n\t\t\t\t\t\t\t<a href=\"https:\/\/www.linkedin.com\/company\/mopinion\" class=\"social-links inverse xs-mr-20\"><i class=\"fab fa-linkedin-in\"><\/i><\/a>\n\t\t\t\t\t\t<\/li>\n<\/ul><\/div>\n<\/p><\/div>\n<\/p><\/div>\n<\/section>\n<\/div>\n<section id=\"success-more\" class=\"xs-mt-0 xs-mb-10 xs-pt-60 xs-pb-60 light-bg customer-stories-section\">\n<div class=\"container xs-pt-0 xs-pb-30\">\n<div class=\"row\">\n<div class=\"col-sm-12 text-center\">\n<h2 class=\"xs-mt-40\">Ver m\u00e1s seminarios web<\/h2>\n<div class=\"col-md-4 col-sm-6 col-xs-6 card-container\">\n\t\t\t\t\t\t\t<a class=\"switch-src\" data-value=\"webinar1\"><\/p>\n<div class=\"card\">\n\t\t\t\t\t\t\t\t\t<span class=\"btn btn-primary cust-story-btn\">Ver v\u00eddeo<\/span><br \/>\n\t\t\t\t\t\t\t\t\t<img decoding=\"async\" class=\"card-img-top\" src=\"https:\/\/media.mopinion.com\/wp-content\/uploads\/2019\/10\/28110813\/webinar_inpage.jpg\" alt=\"Beach\"><\/p>\n<div class=\"card-body\">\n<div class=\"card-text-container\">\n<p class=\"card-text\">C\u00f3mo las instituciones financieras utilizan el software de comentarios en l\u00ednea para mejorar la experiencia en l\u00ednea<\/p>\n<p class=\"card-link bold\"><a href=\"https:\/\/mopinion.com\/our-customers\/tomtom\/\">Ver v\u00eddeo <i class=\"fa fa-arrow-right\"><\/i><\/a><\/p>\n<\/p><\/div>\n<\/p><\/div>\n<\/p><\/div>\n<p>\t\t\t\t\t\t\t<\/a>\n\t\t\t\t\t\t<\/div>\n<div class=\"col-md-4 col-sm-6 col-xs-6 card-container\">\n\t\t\t\t\t\t\t<a class=\"switch-src\" data-value=\"webinar2\"><\/p>\n<div class=\"card\">\n\t\t\t\t\t\t\t\t\t<span class=\"btn btn-primary cust-story-btn\">Ver v\u00eddeo<\/span><br \/>\n\t\t\t\t\t\t\t\t\t<img decoding=\"async\" class=\"card-img-top\" src=\"https:\/\/media.mopinion.com\/wp-content\/uploads\/2020\/08\/28110812\/webinar_inpage_tui.jpg\" alt=\"Tui\"><\/p>\n<div class=\"card-body\">\n<div class=\"card-text-container\">\n<p class=\"card-text\">C\u00f3mo aprovecha la gran organizaci\u00f3n de viajes TUI las opiniones de los clientes en l\u00ednea<\/p>\n<p class=\"card-link bold\"><a href=\"https:\/\/mopinion.com\/our-customers\/tomtom\/\">Ver v\u00eddeo <i class=\"fa fa-arrow-right\"><\/i><\/a><\/p>\n<\/p><\/div>\n<\/p><\/div>\n<\/p><\/div>\n<p>\t\t\t\t\t\t\t<\/a>\n\t\t\t\t\t\t<\/div>\n<div class=\"col-md-4 col-sm-6 col-xs-6 card-container\">\n\t\t\t\t\t\t\t<a class=\"switch-src\" data-value=\"webinar3\"><\/p>\n<div class=\"card\">\n\t\t\t\t\t\t\t\t\t<span class=\"btn btn-primary cust-story-btn\">Ver v\u00eddeo<\/span><br \/>\n\t\t\t\t\t\t\t\t\t<img decoding=\"async\" class=\"card-img-top\" src=\"https:\/\/media.mopinion.com\/wp-content\/uploads\/2020\/08\/28110758\/webinar_inpage_bijenkorf.jpg\" alt=\"Beach\"><\/p>\n<div class=\"card-body\">\n<div class=\"card-text-container\">\n<p class=\"card-text\">C\u00f3mo aprovecha Bijenkorf el poder de las opiniones de los clientes en l\u00ednea<\/p>\n<p class=\"card-link bold\"><a href=\"https:\/\/mopinion.com\/our-customers\/tomtom\/\">Ver v\u00eddeo <i class=\"fa fa-arrow-right\"><\/i><\/a><\/p>\n<\/p><\/div>\n<\/p><\/div>\n<\/p><\/div>\n<p>\t\t\t\t\t\t\t<\/a>\n\t\t\t\t\t\t<\/div>\n<\/p><\/div>\n<\/p><\/div>\n<\/p><\/div>\n<\/section>\n<p>\t<script>jQuery(function(){var baseUrl = 'https:\/\/www.youtube.com\/embed\/';jQuery('.switch-src').on('click', function (e) {var url1 = baseUrl + 'To2cJiEAnxg';var url2 = baseUrl + 'xYm9JFK68WM';var url3 = baseUrl + 'IMzCxOD0aw4';if (jQuery(this).data(\"value\") == 'webinar1') {setSource(url1);}else if (jQuery(this).data(\"value\") == 'webinar2'){setSource(url2);}else if (jQuery(this).data(\"value\") == 'webinar3'){setSource(url3);}});function setSource (source) {jQuery('#webinar-frame').attr('src', source);jQuery([document.documentElement, document.body]).animate({scrollTop: jQuery(\".thank-text\").offset().top}, 2000);}});<\/script><\/p>\n","protected":false},"excerpt":{"rendered":"<p>Gracias por inscribirse Vea su seminario web a continuaci\u00f3n \u00bfPreparado para una prueba de conducci\u00f3n? Pruebe nuestro software de comentarios Por favor, s\u00edgannos: Ver m\u00e1s seminarios web Ver v\u00eddeo C\u00f3mo las instituciones financieras utilizan el software de comentarios en l\u00ednea para mejorar la experiencia en l\u00ednea Ver v\u00eddeo Ver v\u00eddeo C\u00f3mo aprovecha la gran organizaci\u00f3n [&hellip;]<\/p>\n","protected":false},"author":39,"featured_media":0,"parent":79392,"menu_order":0,"comment_status":"closed","ping_status":"closed","template":"landingpage_pardot.php","meta":{"_acf_changed":false,"footnotes":""},"categories":[],"tags":[],"class_list":["post-59465","page","type-page","status-publish","hentry"],"acf":[],"yoast_head":"<!-- This site is optimized with the Yoast SEO plugin v24.9 - https:\/\/yoast.com\/wordpress\/plugins\/seo\/ -->\n<title>Gracias! - Mopinion<\/title>\n<meta name=\"robots\" content=\"index, follow, max-snippet:-1, max-image-preview:large, max-video-preview:-1\" \/>\n<link rel=\"canonical\" href=\"https:\/\/mopinion.com\/es\/resources\/gracias-2\/\" \/>\n<meta property=\"og:locale\" content=\"es_ES\" \/>\n<meta property=\"og:type\" content=\"article\" \/>\n<meta property=\"og:title\" content=\"Gracias! - Mopinion\" \/>\n<meta property=\"og:description\" content=\"Gracias por inscribirse Vea su seminario web a continuaci\u00f3n \u00bfPreparado para una prueba de conducci\u00f3n? Pruebe nuestro software de comentarios Por favor, s\u00edgannos: Ver m\u00e1s seminarios web Ver v\u00eddeo C\u00f3mo las instituciones financieras utilizan el software de comentarios en l\u00ednea para mejorar la experiencia en l\u00ednea Ver v\u00eddeo Ver v\u00eddeo C\u00f3mo aprovecha la gran organizaci\u00f3n [&hellip;]\" \/>\n<meta property=\"og:url\" content=\"https:\/\/mopinion.com\/es\/resources\/gracias-2\/\" \/>\n<meta property=\"og:site_name\" content=\"Mopinion\" \/>\n<meta property=\"article:modified_time\" content=\"2023-03-21T14:07:35+00:00\" \/>\n<meta property=\"og:image\" content=\"https:\/\/mopinion.com\/wp-content\/themes\/Mopinionated\/images\/mopinion-logo.svg\" \/>\n<meta name=\"twitter:card\" content=\"summary_large_image\" \/>\n<meta name=\"twitter:label1\" content=\"Est. reading time\" \/>\n\t<meta name=\"twitter:data1\" content=\"2 minutos\" \/>\n<script type=\"application\/ld+json\" class=\"yoast-schema-graph\">{\"@context\":\"https:\/\/schema.org\",\"@graph\":[{\"@type\":\"WebPage\",\"@id\":\"https:\/\/mopinion.com\/es\/resources\/gracias-2\/\",\"url\":\"https:\/\/mopinion.com\/es\/resources\/gracias-2\/\",\"name\":\"Gracias! - Mopinion\",\"isPartOf\":{\"@id\":\"https:\/\/mopinion.com\/es\/#website\"},\"primaryImageOfPage\":{\"@id\":\"https:\/\/mopinion.com\/es\/resources\/gracias-2\/#primaryimage\"},\"image\":{\"@id\":\"https:\/\/mopinion.com\/es\/resources\/gracias-2\/#primaryimage\"},\"thumbnailUrl\":\"https:\/\/mopinion.com\/wp-content\/themes\/Mopinionated\/images\/mopinion-logo.svg\",\"datePublished\":\"2020-08-18T09:12:34+00:00\",\"dateModified\":\"2023-03-21T14:07:35+00:00\",\"breadcrumb\":{\"@id\":\"https:\/\/mopinion.com\/es\/resources\/gracias-2\/#breadcrumb\"},\"inLanguage\":\"es\",\"potentialAction\":[{\"@type\":\"ReadAction\",\"target\":[\"https:\/\/mopinion.com\/es\/resources\/gracias-2\/\"]}]},{\"@type\":\"ImageObject\",\"inLanguage\":\"es\",\"@id\":\"https:\/\/mopinion.com\/es\/resources\/gracias-2\/#primaryimage\",\"url\":\"https:\/\/mopinion.com\/wp-content\/themes\/Mopinionated\/images\/mopinion-logo.svg\",\"contentUrl\":\"https:\/\/mopinion.com\/wp-content\/themes\/Mopinionated\/images\/mopinion-logo.svg\"},{\"@type\":\"BreadcrumbList\",\"@id\":\"https:\/\/mopinion.com\/es\/resources\/gracias-2\/#breadcrumb\",\"itemListElement\":[{\"@type\":\"ListItem\",\"position\":1,\"name\":\"Home\",\"item\":\"https:\/\/mopinion.com\/es\/\"},{\"@type\":\"ListItem\",\"position\":2,\"name\":\"Gracias!\"}]},{\"@type\":\"WebSite\",\"@id\":\"https:\/\/mopinion.com\/es\/#website\",\"url\":\"https:\/\/mopinion.com\/es\/\",\"name\":\"Mopinion\",\"description\":\"Customer Feedback Intelligence For Digital Enterprises\",\"publisher\":{\"@id\":\"https:\/\/mopinion.com\/es\/#organization\"},\"potentialAction\":[{\"@type\":\"SearchAction\",\"target\":{\"@type\":\"EntryPoint\",\"urlTemplate\":\"https:\/\/mopinion.com\/es\/?s={search_term_string}\"},\"query-input\":{\"@type\":\"PropertyValueSpecification\",\"valueRequired\":true,\"valueName\":\"search_term_string\"}}],\"inLanguage\":\"es\"},{\"@type\":\"Organization\",\"@id\":\"https:\/\/mopinion.com\/es\/#organization\",\"name\":\"Mopinion\",\"url\":\"https:\/\/mopinion.com\/es\/\",\"logo\":{\"@type\":\"ImageObject\",\"inLanguage\":\"es\",\"@id\":\"https:\/\/mopinion.com\/es\/#\/schema\/logo\/image\/\",\"url\":\"https:\/\/media.mopinion.com\/wp-content\/uploads\/2015\/12\/28084926\/m_icon.png\",\"contentUrl\":\"https:\/\/media.mopinion.com\/wp-content\/uploads\/2015\/12\/28084926\/m_icon.png\",\"width\":140,\"height\":140,\"caption\":\"Mopinion\"},\"image\":{\"@id\":\"https:\/\/mopinion.com\/es\/#\/schema\/logo\/image\/\"}}]}<\/script>\n<!-- \/ Yoast SEO plugin. -->","yoast_head_json":{"title":"Gracias! - Mopinion","robots":{"index":"index","follow":"follow","max-snippet":"max-snippet:-1","max-image-preview":"max-image-preview:large","max-video-preview":"max-video-preview:-1"},"canonical":"https:\/\/mopinion.com\/es\/resources\/gracias-2\/","og_locale":"es_ES","og_type":"article","og_title":"Gracias! - Mopinion","og_description":"Gracias por inscribirse Vea su seminario web a continuaci\u00f3n \u00bfPreparado para una prueba de conducci\u00f3n? Pruebe nuestro software de comentarios Por favor, s\u00edgannos: Ver m\u00e1s seminarios web Ver v\u00eddeo C\u00f3mo las instituciones financieras utilizan el software de comentarios en l\u00ednea para mejorar la experiencia en l\u00ednea Ver v\u00eddeo Ver v\u00eddeo C\u00f3mo aprovecha la gran organizaci\u00f3n [&hellip;]","og_url":"https:\/\/mopinion.com\/es\/resources\/gracias-2\/","og_site_name":"Mopinion","article_modified_time":"2023-03-21T14:07:35+00:00","og_image":[{"url":"https:\/\/mopinion.com\/wp-content\/themes\/Mopinionated\/images\/mopinion-logo.svg","type":"","width":"","height":""}],"twitter_card":"summary_large_image","twitter_misc":{"Est. reading time":"2 minutos"},"schema":{"@context":"https:\/\/schema.org","@graph":[{"@type":"WebPage","@id":"https:\/\/mopinion.com\/es\/resources\/gracias-2\/","url":"https:\/\/mopinion.com\/es\/resources\/gracias-2\/","name":"Gracias! - Mopinion","isPartOf":{"@id":"https:\/\/mopinion.com\/es\/#website"},"primaryImageOfPage":{"@id":"https:\/\/mopinion.com\/es\/resources\/gracias-2\/#primaryimage"},"image":{"@id":"https:\/\/mopinion.com\/es\/resources\/gracias-2\/#primaryimage"},"thumbnailUrl":"https:\/\/mopinion.com\/wp-content\/themes\/Mopinionated\/images\/mopinion-logo.svg","datePublished":"2020-08-18T09:12:34+00:00","dateModified":"2023-03-21T14:07:35+00:00","breadcrumb":{"@id":"https:\/\/mopinion.com\/es\/resources\/gracias-2\/#breadcrumb"},"inLanguage":"es","potentialAction":[{"@type":"ReadAction","target":["https:\/\/mopinion.com\/es\/resources\/gracias-2\/"]}]},{"@type":"ImageObject","inLanguage":"es","@id":"https:\/\/mopinion.com\/es\/resources\/gracias-2\/#primaryimage","url":"https:\/\/mopinion.com\/wp-content\/themes\/Mopinionated\/images\/mopinion-logo.svg","contentUrl":"https:\/\/mopinion.com\/wp-content\/themes\/Mopinionated\/images\/mopinion-logo.svg"},{"@type":"BreadcrumbList","@id":"https:\/\/mopinion.com\/es\/resources\/gracias-2\/#breadcrumb","itemListElement":[{"@type":"ListItem","position":1,"name":"Home","item":"https:\/\/mopinion.com\/es\/"},{"@type":"ListItem","position":2,"name":"Gracias!"}]},{"@type":"WebSite","@id":"https:\/\/mopinion.com\/es\/#website","url":"https:\/\/mopinion.com\/es\/","name":"Mopinion","description":"Customer Feedback Intelligence For Digital Enterprises","publisher":{"@id":"https:\/\/mopinion.com\/es\/#organization"},"potentialAction":[{"@type":"SearchAction","target":{"@type":"EntryPoint","urlTemplate":"https:\/\/mopinion.com\/es\/?s={search_term_string}"},"query-input":{"@type":"PropertyValueSpecification","valueRequired":true,"valueName":"search_term_string"}}],"inLanguage":"es"},{"@type":"Organization","@id":"https:\/\/mopinion.com\/es\/#organization","name":"Mopinion","url":"https:\/\/mopinion.com\/es\/","logo":{"@type":"ImageObject","inLanguage":"es","@id":"https:\/\/mopinion.com\/es\/#\/schema\/logo\/image\/","url":"https:\/\/media.mopinion.com\/wp-content\/uploads\/2015\/12\/28084926\/m_icon.png","contentUrl":"https:\/\/media.mopinion.com\/wp-content\/uploads\/2015\/12\/28084926\/m_icon.png","width":140,"height":140,"caption":"Mopinion"},"image":{"@id":"https:\/\/mopinion.com\/es\/#\/schema\/logo\/image\/"}}]}},"rttpg_featured_image_url":null,"rttpg_author":{"display_name":"Yannick Post","author_link":"https:\/\/mopinion.com\/es\/author\/yannick-post\/"},"rttpg_comment":0,"rttpg_category":false,"rttpg_excerpt":"Gracias por inscribirse Vea su seminario web a continuaci\u00f3n \u00bfPreparado para una prueba de conducci\u00f3n? Pruebe nuestro software de comentarios Por favor, s\u00edgannos: Ver m\u00e1s seminarios web Ver v\u00eddeo C\u00f3mo las instituciones financieras utilizan el software de comentarios en l\u00ednea para mejorar la experiencia en l\u00ednea Ver v\u00eddeo Ver v\u00eddeo C\u00f3mo aprovecha la gran organizaci\u00f3n&hellip;","_links":{"self":[{"href":"https:\/\/mopinion.com\/es\/wp-json\/wp\/v2\/pages\/59465","targetHints":{"allow":["GET"]}}],"collection":[{"href":"https:\/\/mopinion.com\/es\/wp-json\/wp\/v2\/pages"}],"about":[{"href":"https:\/\/mopinion.com\/es\/wp-json\/wp\/v2\/types\/page"}],"author":[{"embeddable":true,"href":"https:\/\/mopinion.com\/es\/wp-json\/wp\/v2\/users\/39"}],"replies":[{"embeddable":true,"href":"https:\/\/mopinion.com\/es\/wp-json\/wp\/v2\/comments?post=59465"}],"version-history":[{"count":4,"href":"https:\/\/mopinion.com\/es\/wp-json\/wp\/v2\/pages\/59465\/revisions"}],"predecessor-version":[{"id":84644,"href":"https:\/\/mopinion.com\/es\/wp-json\/wp\/v2\/pages\/59465\/revisions\/84644"}],"up":[{"embeddable":true,"href":"https:\/\/mopinion.com\/es\/wp-json\/wp\/v2\/pages\/79392"}],"wp:attachment":[{"href":"https:\/\/mopinion.com\/es\/wp-json\/wp\/v2\/media?parent=59465"}],"wp:term":[{"taxonomy":"category","embeddable":true,"href":"https:\/\/mopinion.com\/es\/wp-json\/wp\/v2\/categories?post=59465"},{"taxonomy":"post_tag","embeddable":true,"href":"https:\/\/mopinion.com\/es\/wp-json\/wp\/v2\/tags?post=59465"}],"curies":[{"name":"wp","href":"https:\/\/api.w.org\/{rel}","templated":true}]}}