{"id":87932,"date":"2021-05-20T12:18:56","date_gmt":"2021-05-20T11:18:56","guid":{"rendered":"https:\/\/mopinion.com\/?page_id=87932"},"modified":"2023-12-04T11:54:51","modified_gmt":"2023-12-04T10:54:51","slug":"form-referral-landing","status":"publish","type":"page","link":"https:\/\/mopinion.com\/es\/form-referral-landing\/","title":{"rendered":"Form Referral Landing"},"content":{"rendered":"<section class=\"header-top__new\">\n<div class=\"container\">\n<div class=\"row align-items-center\">\n<div class=\"col-xs-12 col-md-6 col-lg-6 xs-mb-40 header-text-container-top__new\">\n<div class=\"header-text-content-top__new\">\n<h1 class=\"text-inverse\">Hola<\/h1>\n<h3 class=\"text-inverse\">Parece que ha encontrado uno de nuestros formularios de opini\u00f3n<\/h3>\n<p class=\"text-inverse xs-mb-30\">Las empresas utilizan nuestro software \u00abtodo en uno\u00bb de comentarios de usuarios para mejorar su experiencia en l\u00ednea. Si no era su intenci\u00f3n obtener m\u00e1s informaci\u00f3n sobre nuestro producto, contin\u00fae su viaje en el sitio web de nuestros clientes. \u00bfSiente curiosidad? Entonces qu\u00e9dese con nosotros y descubra lo que podemos hacer por su empresa.<\/p>\n<div class=\"header-cta\">\n<div class=\"row\">\n<div class=\"col\">\n<div class=\"header-btn-wrapper__new\">\n\t\t\t\t\t\t\t\t\t<a href=\"javascript:window.history.length===1?window.close():window.history.back();\" id=\"demo-header-cta\" class=\"btn btn-request btn-md btn-primary-inverse left-btn\"><br \/>\n\t\t\t\t\t\t\t\t\t\t<i class=\"fa fa-arrow-left\"><\/i> VOLVER AL SITIO WEB<br \/>\n\t\t\t\t\t\t\t\t\t<\/a><br \/>\n\t\t\t\t\t\t\t\t\t<a href=\"https:\/\/mopinion.com\/es\/form-referral-product\/\" id=\"get-started-header-cta\" class=\"btn btn-request btn-md btn-secondary\"><br \/>\n\t\t\t\t\t\t\t\t\t\tSABER M\u00c1S <i class=\"fa fa-arrow-right\"><\/i><br \/>\n\t\t\t\t\t\t\t\t\t<\/a>\n\t\t\t\t\t\t\t\t<\/div>\n<\/p><\/div>\n<\/p><\/div>\n<\/p><\/div>\n<\/p><\/div>\n<\/p><\/div>\n<div class=\"col-xs-12 col-md-6 col-lg-6\">\n<div class=\"header-top-image-container__new\">\n\t\t\t\t\t<img decoding=\"async\" src=\"https:\/\/media.mopinion.com\/wp-content\/uploads\/2021\/04\/28082828\/home-iso-img-sm-3.png\" class=\"header-fg-top__new\" alt=\"Mopinion for Websites, Apps and Email\">\n\t\t\t\t<\/div>\n<\/p><\/div>\n<\/p><\/div>\n<\/p><\/div>\n<\/section>\n<section class=\"xs-mt-60\" id=\"\">\n<div class=\"container xs-pt-30 xs-pb-30\">\n<div class=\"row\">\n<div class=\"col-sm-10 col-sm-offset-1\">\n<p class=\"lead text-center\">\n\t\t\t\t\tMuchas compa\u00f1\u00edas eligen Mopinion porque quieren algo m\u00e1s que la simple recopilaci\u00f3n de comentarios: realmente quieren conocer la experiencia del usuario en l\u00ednea con el software de comentarios de los clientes m\u00e1s innovador y flexible del mercado.\n\t\t\t\t<\/p>\n<ul class=\"client-logos\">\n\t\t\t<li><img decoding=\"async\" class=\"client-logo greyscale\" alt=\"Pon Logo\" src=\"https:\/\/media.mopinion.com\/wp-content\/themes\/Mopinionated\/images\/customers\/Customer_logos_175x70\/logo_pon.png\"><\/li>\n\t\t\t<li><img decoding=\"async\" class=\"client-logo greyscale\" alt=\"Gazelle Logo\" src=\"https:\/\/media.mopinion.com\/wp-content\/themes\/Mopinionated\/images\/customers\/Customer_logos_175x70\/logo_gazelle.png\"><\/li>\n\t\t\t<li><img decoding=\"async\" class=\"client-logo greyscale\" alt=\"DPG Logo\" src=\"https:\/\/media.mopinion.com\/wp-content\/themes\/Mopinionated\/images\/customers\/Customer_logos_175x70\/logo_dpg.png\"><\/li>\n\t\n\t\t\t<li><img decoding=\"async\" class=\"client-logo greyscale\" alt=\"KLM Logo\" src=\"https:\/\/media.mopinion.com\/wp-content\/themes\/Mopinionated\/images\/customers\/Customer_logos_175x70\/logo_klm.png\"><\/li>\n\t\t\t<li><img decoding=\"async\" class=\"client-logo greyscale\" alt=\"Decathlon Logo\" src=\"https:\/\/media.mopinion.com\/wp-content\/themes\/Mopinionated\/images\/customers\/Customer_logos_175x70\/logo_decathlon.png\"><\/li>\n\t\t\t<li><img decoding=\"async\" class=\"client-logo greyscale\" alt=\"OKCupid Logo\" src=\"https:\/\/media.mopinion.com\/wp-content\/themes\/Mopinionated\/images\/customers\/Customer_logos_175x70\/logo_okcupid.png\"><\/li>\n\t\t<\/ul>\n\t\t\n\t\t<ul class=\"client-logos\">\n\t\t\t<li><img decoding=\"async\" class=\"client-logo greyscale\" alt=\"iRobot Logo\" src=\"https:\/\/media.mopinion.com\/wp-content\/themes\/Mopinionated\/images\/customers\/Customer_logos_175x70\/logo_irobot.png\"><\/li>\n\t\t\t<li><img decoding=\"async\" class=\"client-logo greyscale\" alt=\"Hunkemoller Logo\" src=\"https:\/\/media.mopinion.com\/wp-content\/themes\/Mopinionated\/images\/customers\/Customer_logos_175x70\/logo_hunkemoller.png\"><\/li>\n\t\t\t<li><img decoding=\"async\" class=\"client-logo greyscale\" alt=\"Zuora Logo\" src=\"https:\/\/media.mopinion.com\/wp-content\/themes\/Mopinionated\/images\/customers\/Customer_logos_175x70\/logo_zuora.png\"><\/li>\n\t\n\t\t\t<li><img decoding=\"async\" class=\"client-logo greyscale\" alt=\"Vodafone Logo\" src=\"https:\/\/media.mopinion.com\/wp-content\/themes\/Mopinionated\/images\/customers\/Customer_logos_175x70\/logo_vodafone.png\"><\/li>\n\t\t\t<li><img decoding=\"async\" class=\"client-logo greyscale\" alt=\"Adeo Logo\" src=\"https:\/\/media.mopinion.com\/wp-content\/themes\/Mopinionated\/images\/customers\/Customer_logos_175x70\/logo_adeo.png\"><\/li>\n\t\t\t<li><img decoding=\"async\" class=\"client-logo greyscale\" alt=\"Grohe Logo\" src=\"https:\/\/media.mopinion.com\/wp-content\/themes\/Mopinionated\/images\/customers\/Customer_logos_175x70\/logo_grohe.png\"><\/li>\n\t\t<\/ul>\n\t\t\n\t\t<ul class=\"client-logos\">\n\t\t\t<li><img decoding=\"async\" class=\"client-logo greyscale\" alt=\"DHL Logo\" src=\"https:\/\/media.mopinion.com\/wp-content\/themes\/Mopinionated\/images\/customers\/Customer_logos_175x70\/logo_dhl.png\"><\/li>\n\t\t\t<li><img decoding=\"async\" class=\"client-logo greyscale\" alt=\"Tommy Hilfiger Logo\" src=\"https:\/\/media.mopinion.com\/wp-content\/themes\/Mopinionated\/images\/customers\/Customer_logos_175x70\/logo_tommyhilfiger.png\"><\/li>\n\t\t\t<li><img decoding=\"async\" class=\"client-logo greyscale\" alt=\"Colgate Logo\" src=\"https:\/\/media.mopinion.com\/wp-content\/themes\/Mopinionated\/images\/customers\/Customer_logos_175x70\/logo_colgate.png\"><\/li>\n\t\n\t\t\t<li><img decoding=\"async\" class=\"client-logo greyscale\" alt=\"Toyota Logo\" src=\"https:\/\/media.mopinion.com\/wp-content\/themes\/Mopinionated\/images\/customers\/Customer_logos_175x70\/logo_toyota.png\"><\/li>\n\t\t\t<li><img decoding=\"async\" class=\"client-logo greyscale\" alt=\"Hema Logo\" src=\"https:\/\/media.mopinion.com\/wp-content\/themes\/Mopinionated\/images\/customers\/Customer_logos_175x70\/logo_hema.png\"><\/li>\n\t\t\t<li><img decoding=\"async\" class=\"client-logo greyscale\" alt=\"Conrad Logo\" src=\"https:\/\/media.mopinion.com\/wp-content\/themes\/Mopinionated\/images\/customers\/Customer_logos_175x70\/logo_conrad.png\"><\/li>\n\t\t<\/ul>\n\t\t\n\t\t<ul class=\"client-logos\">\n\t\t\t<li><img decoding=\"async\" class=\"client-logo greyscale\" alt=\"TomTom Logo\" src=\"https:\/\/media.mopinion.com\/wp-content\/themes\/Mopinionated\/images\/customers\/Customer_logos_175x70\/logo_tomtom.png\"><\/li>\n\t\t\t<li><img decoding=\"async\" class=\"client-logo greyscale\" alt=\"T-Mobile Logo\" src=\"https:\/\/media.mopinion.com\/wp-content\/themes\/Mopinionated\/images\/customers\/Customer_logos_175x70\/logo_odido.png\"><\/li>\n\t\t\t<li><img decoding=\"async\" class=\"client-logo greyscale\" alt=\"Randstad Logo\" src=\"https:\/\/media.mopinion.com\/wp-content\/themes\/Mopinionated\/images\/customers\/Customer_logos_175x70\/logo_randstad.png\"><\/li>\n\t\n\t\t\t<li><img decoding=\"async\" class=\"client-logo greyscale\" alt=\"KPN Logo\" src=\"https:\/\/media.mopinion.com\/wp-content\/themes\/Mopinionated\/images\/customers\/Customer_logos_175x70\/logo_kpn.png\"><\/li>\n\t\t\t<li><img decoding=\"async\" class=\"client-logo greyscale\" alt=\"Bijenkorf Logo\" src=\"https:\/\/media.mopinion.com\/wp-content\/themes\/Mopinionated\/images\/customers\/Customer_logos_175x70\/logo_bijenkorf.png\"><\/li>\n\t\t\t<li><img decoding=\"async\" class=\"client-logo greyscale\" alt=\"De Lijn Logo\" src=\"https:\/\/media.mopinion.com\/wp-content\/themes\/Mopinionated\/images\/customers\/Customer_logos_175x70\/logo_delijn.png\"><\/li>\n\t\t<\/ul>\n\t\t\n\t\t<ul class=\"client-logos\">\n\t\t\t<li><img decoding=\"async\" class=\"client-logo greyscale\" alt=\"Accor Logo\" src=\"https:\/\/media.mopinion.com\/wp-content\/themes\/Mopinionated\/images\/customers\/Customer_logos_175x70\/logo_accor.png\"><\/li>\n\t\t\t<li><img decoding=\"async\" class=\"client-logo greyscale\" alt=\"Jimdo Logo\" src=\"https:\/\/media.mopinion.com\/wp-content\/themes\/Mopinionated\/images\/customers\/Customer_logos_175x70\/logo_jimdo.png\"><\/li>\n\t\t\t<li><img decoding=\"async\" class=\"client-logo greyscale\" alt=\"CSS Logo\" src=\"https:\/\/media.mopinion.com\/wp-content\/themes\/Mopinionated\/images\/customers\/Customer_logos_175x70\/logo_css.png\"><\/li>\n\t\n\t\t\t<li><img decoding=\"async\" class=\"client-logo greyscale\" alt=\"Campina Logo\" src=\"https:\/\/media.mopinion.com\/wp-content\/themes\/Mopinionated\/images\/customers\/Customer_logos_175x70\/logo_campina.png\"><\/li>\n\t\t\t<li><img decoding=\"async\" class=\"client-logo greyscale\" alt=\"Action Logo\" src=\"https:\/\/media.mopinion.com\/wp-content\/themes\/Mopinionated\/images\/customers\/Customer_logos_175x70\/logo_action.png\"><\/li>\n\t\t\t<li><img decoding=\"async\" class=\"client-logo greyscale\" alt=\"Del Haize Logo\" src=\"https:\/\/media.mopinion.com\/wp-content\/themes\/Mopinionated\/images\/customers\/Customer_logos_175x70\/logo_delhaize.png\"><\/li>\n\t\t<\/ul>\n\t\t\n\t\t<ul class=\"client-logos\">\n\t\t\t<li><img decoding=\"async\" class=\"client-logo greyscale\" alt=\"Ahold Logo\" src=\"https:\/\/media.mopinion.com\/wp-content\/themes\/Mopinionated\/images\/customers\/Customer_logos_175x70\/logo_ahold.png\"><\/li>\n\t\t\t<li><img decoding=\"async\" class=\"client-logo greyscale\" alt=\"TNO Logo\" src=\"https:\/\/media.mopinion.com\/wp-content\/themes\/Mopinionated\/images\/customers\/Customer_logos_175x70\/logo_tno.png\"><\/li>\n\t\t\t<li><img decoding=\"async\" class=\"client-logo greyscale\" alt=\"Scania Logo\" src=\"https:\/\/media.mopinion.com\/wp-content\/themes\/Mopinionated\/images\/customers\/Customer_logos_175x70\/logo_scania.png\"><\/li>\n\t\n\t\t\t<li><img decoding=\"async\" class=\"client-logo greyscale\" alt=\"Zeeman Logo\" src=\"https:\/\/media.mopinion.com\/wp-content\/themes\/Mopinionated\/images\/customers\/Customer_logos_175x70\/logo_zeeman.png\"><\/li>\n\t\t\t<li><img decoding=\"async\" class=\"client-logo greyscale\" alt=\"Efteling Logo\" src=\"https:\/\/media.mopinion.com\/wp-content\/themes\/Mopinionated\/images\/customers\/Customer_logos_175x70\/logo_efteling.png\"><\/li>\n\t\t\t<li><img decoding=\"async\" class=\"client-logo greyscale\" alt=\"Bridgestone Logo\" src=\"https:\/\/media.mopinion.com\/wp-content\/themes\/Mopinionated\/images\/customers\/Customer_logos_175x70\/logo_bridgestone.png\"><\/li>\n\t\t<\/ul>\n\t\t<\/div>\n<\/p><\/div>\n<\/p><\/div>\n<\/section>\n","protected":false},"excerpt":{"rendered":"<p>Hola Parece que ha encontrado uno de nuestros formularios de opini\u00f3n Las empresas utilizan nuestro software \u00abtodo en uno\u00bb de comentarios de usuarios para mejorar su experiencia en l\u00ednea. Si no era su intenci\u00f3n obtener m\u00e1s informaci\u00f3n sobre nuestro producto, contin\u00fae su viaje en el sitio web de nuestros clientes. \u00bfSiente curiosidad? Entonces qu\u00e9dese con [&hellip;]<\/p>\n","protected":false},"author":39,"featured_media":0,"parent":0,"menu_order":0,"comment_status":"closed","ping_status":"closed","template":"","meta":{"_acf_changed":false,"footnotes":""},"categories":[],"tags":[],"class_list":["post-87932","page","type-page","status-publish","hentry"],"acf":[],"yoast_head":"<!-- This site is optimized with the Yoast SEO plugin v24.9 - https:\/\/yoast.com\/wordpress\/plugins\/seo\/ -->\n<title>Form Referral Landing - Mopinion<\/title>\n<meta name=\"robots\" content=\"index, follow, max-snippet:-1, max-image-preview:large, max-video-preview:-1\" \/>\n<link rel=\"canonical\" href=\"https:\/\/mopinion.com\/es\/form-referral-landing\/\" \/>\n<meta property=\"og:locale\" content=\"es_ES\" \/>\n<meta property=\"og:type\" content=\"article\" \/>\n<meta property=\"og:title\" content=\"Form Referral Landing - Mopinion\" \/>\n<meta property=\"og:description\" content=\"Hola Parece que ha encontrado uno de nuestros formularios de opini\u00f3n Las empresas utilizan nuestro software \u00abtodo en uno\u00bb de comentarios de usuarios para mejorar su experiencia en l\u00ednea. Si no era su intenci\u00f3n obtener m\u00e1s informaci\u00f3n sobre nuestro producto, contin\u00fae su viaje en el sitio web de nuestros clientes. \u00bfSiente curiosidad? Entonces qu\u00e9dese con [&hellip;]\" \/>\n<meta property=\"og:url\" content=\"https:\/\/mopinion.com\/es\/form-referral-landing\/\" \/>\n<meta property=\"og:site_name\" content=\"Mopinion\" \/>\n<meta property=\"article:modified_time\" content=\"2023-12-04T10:54:51+00:00\" \/>\n<meta property=\"og:image\" content=\"https:\/\/mopinion.com\/wp-content\/uploads\/2021\/04\/home-iso-img-sm-3.png\" \/>\n<meta name=\"twitter:card\" content=\"summary_large_image\" \/>\n<script type=\"application\/ld+json\" class=\"yoast-schema-graph\">{\"@context\":\"https:\/\/schema.org\",\"@graph\":[{\"@type\":\"WebPage\",\"@id\":\"https:\/\/mopinion.com\/es\/form-referral-landing\/\",\"url\":\"https:\/\/mopinion.com\/es\/form-referral-landing\/\",\"name\":\"Form Referral Landing - Mopinion\",\"isPartOf\":{\"@id\":\"https:\/\/mopinion.com\/es\/#website\"},\"primaryImageOfPage\":{\"@id\":\"https:\/\/mopinion.com\/es\/form-referral-landing\/#primaryimage\"},\"image\":{\"@id\":\"https:\/\/mopinion.com\/es\/form-referral-landing\/#primaryimage\"},\"thumbnailUrl\":\"https:\/\/mopinion.com\/wp-content\/uploads\/2021\/04\/home-iso-img-sm-3.png\",\"datePublished\":\"2021-05-20T11:18:56+00:00\",\"dateModified\":\"2023-12-04T10:54:51+00:00\",\"breadcrumb\":{\"@id\":\"https:\/\/mopinion.com\/es\/form-referral-landing\/#breadcrumb\"},\"inLanguage\":\"es\",\"potentialAction\":[{\"@type\":\"ReadAction\",\"target\":[\"https:\/\/mopinion.com\/es\/form-referral-landing\/\"]}]},{\"@type\":\"ImageObject\",\"inLanguage\":\"es\",\"@id\":\"https:\/\/mopinion.com\/es\/form-referral-landing\/#primaryimage\",\"url\":\"https:\/\/mopinion.com\/wp-content\/uploads\/2021\/04\/home-iso-img-sm-3.png\",\"contentUrl\":\"https:\/\/mopinion.com\/wp-content\/uploads\/2021\/04\/home-iso-img-sm-3.png\"},{\"@type\":\"BreadcrumbList\",\"@id\":\"https:\/\/mopinion.com\/es\/form-referral-landing\/#breadcrumb\",\"itemListElement\":[{\"@type\":\"ListItem\",\"position\":1,\"name\":\"Home\",\"item\":\"https:\/\/mopinion.com\/es\/\"},{\"@type\":\"ListItem\",\"position\":2,\"name\":\"Form Referral Landing\"}]},{\"@type\":\"WebSite\",\"@id\":\"https:\/\/mopinion.com\/es\/#website\",\"url\":\"https:\/\/mopinion.com\/es\/\",\"name\":\"Mopinion\",\"description\":\"Customer Feedback Intelligence For Digital Enterprises\",\"publisher\":{\"@id\":\"https:\/\/mopinion.com\/es\/#organization\"},\"potentialAction\":[{\"@type\":\"SearchAction\",\"target\":{\"@type\":\"EntryPoint\",\"urlTemplate\":\"https:\/\/mopinion.com\/es\/?s={search_term_string}\"},\"query-input\":{\"@type\":\"PropertyValueSpecification\",\"valueRequired\":true,\"valueName\":\"search_term_string\"}}],\"inLanguage\":\"es\"},{\"@type\":\"Organization\",\"@id\":\"https:\/\/mopinion.com\/es\/#organization\",\"name\":\"Mopinion\",\"url\":\"https:\/\/mopinion.com\/es\/\",\"logo\":{\"@type\":\"ImageObject\",\"inLanguage\":\"es\",\"@id\":\"https:\/\/mopinion.com\/es\/#\/schema\/logo\/image\/\",\"url\":\"https:\/\/media.mopinion.com\/wp-content\/uploads\/2015\/12\/28084926\/m_icon.png\",\"contentUrl\":\"https:\/\/media.mopinion.com\/wp-content\/uploads\/2015\/12\/28084926\/m_icon.png\",\"width\":140,\"height\":140,\"caption\":\"Mopinion\"},\"image\":{\"@id\":\"https:\/\/mopinion.com\/es\/#\/schema\/logo\/image\/\"}}]}<\/script>\n<!-- \/ Yoast SEO plugin. -->","yoast_head_json":{"title":"Form Referral Landing - Mopinion","robots":{"index":"index","follow":"follow","max-snippet":"max-snippet:-1","max-image-preview":"max-image-preview:large","max-video-preview":"max-video-preview:-1"},"canonical":"https:\/\/mopinion.com\/es\/form-referral-landing\/","og_locale":"es_ES","og_type":"article","og_title":"Form Referral Landing - Mopinion","og_description":"Hola Parece que ha encontrado uno de nuestros formularios de opini\u00f3n Las empresas utilizan nuestro software \u00abtodo en uno\u00bb de comentarios de usuarios para mejorar su experiencia en l\u00ednea. Si no era su intenci\u00f3n obtener m\u00e1s informaci\u00f3n sobre nuestro producto, contin\u00fae su viaje en el sitio web de nuestros clientes. \u00bfSiente curiosidad? Entonces qu\u00e9dese con [&hellip;]","og_url":"https:\/\/mopinion.com\/es\/form-referral-landing\/","og_site_name":"Mopinion","article_modified_time":"2023-12-04T10:54:51+00:00","og_image":[{"url":"https:\/\/mopinion.com\/wp-content\/uploads\/2021\/04\/home-iso-img-sm-3.png","type":"","width":"","height":""}],"twitter_card":"summary_large_image","schema":{"@context":"https:\/\/schema.org","@graph":[{"@type":"WebPage","@id":"https:\/\/mopinion.com\/es\/form-referral-landing\/","url":"https:\/\/mopinion.com\/es\/form-referral-landing\/","name":"Form Referral Landing - Mopinion","isPartOf":{"@id":"https:\/\/mopinion.com\/es\/#website"},"primaryImageOfPage":{"@id":"https:\/\/mopinion.com\/es\/form-referral-landing\/#primaryimage"},"image":{"@id":"https:\/\/mopinion.com\/es\/form-referral-landing\/#primaryimage"},"thumbnailUrl":"https:\/\/mopinion.com\/wp-content\/uploads\/2021\/04\/home-iso-img-sm-3.png","datePublished":"2021-05-20T11:18:56+00:00","dateModified":"2023-12-04T10:54:51+00:00","breadcrumb":{"@id":"https:\/\/mopinion.com\/es\/form-referral-landing\/#breadcrumb"},"inLanguage":"es","potentialAction":[{"@type":"ReadAction","target":["https:\/\/mopinion.com\/es\/form-referral-landing\/"]}]},{"@type":"ImageObject","inLanguage":"es","@id":"https:\/\/mopinion.com\/es\/form-referral-landing\/#primaryimage","url":"https:\/\/mopinion.com\/wp-content\/uploads\/2021\/04\/home-iso-img-sm-3.png","contentUrl":"https:\/\/mopinion.com\/wp-content\/uploads\/2021\/04\/home-iso-img-sm-3.png"},{"@type":"BreadcrumbList","@id":"https:\/\/mopinion.com\/es\/form-referral-landing\/#breadcrumb","itemListElement":[{"@type":"ListItem","position":1,"name":"Home","item":"https:\/\/mopinion.com\/es\/"},{"@type":"ListItem","position":2,"name":"Form Referral Landing"}]},{"@type":"WebSite","@id":"https:\/\/mopinion.com\/es\/#website","url":"https:\/\/mopinion.com\/es\/","name":"Mopinion","description":"Customer Feedback Intelligence For Digital Enterprises","publisher":{"@id":"https:\/\/mopinion.com\/es\/#organization"},"potentialAction":[{"@type":"SearchAction","target":{"@type":"EntryPoint","urlTemplate":"https:\/\/mopinion.com\/es\/?s={search_term_string}"},"query-input":{"@type":"PropertyValueSpecification","valueRequired":true,"valueName":"search_term_string"}}],"inLanguage":"es"},{"@type":"Organization","@id":"https:\/\/mopinion.com\/es\/#organization","name":"Mopinion","url":"https:\/\/mopinion.com\/es\/","logo":{"@type":"ImageObject","inLanguage":"es","@id":"https:\/\/mopinion.com\/es\/#\/schema\/logo\/image\/","url":"https:\/\/media.mopinion.com\/wp-content\/uploads\/2015\/12\/28084926\/m_icon.png","contentUrl":"https:\/\/media.mopinion.com\/wp-content\/uploads\/2015\/12\/28084926\/m_icon.png","width":140,"height":140,"caption":"Mopinion"},"image":{"@id":"https:\/\/mopinion.com\/es\/#\/schema\/logo\/image\/"}}]}},"rttpg_featured_image_url":null,"rttpg_author":{"display_name":"Yannick Post","author_link":"https:\/\/mopinion.com\/es\/author\/yannick-post\/"},"rttpg_comment":0,"rttpg_category":false,"rttpg_excerpt":"Hola Parece que ha encontrado uno de nuestros formularios de opini\u00f3n Las empresas utilizan nuestro software \u00abtodo en uno\u00bb de comentarios de usuarios para mejorar su experiencia en l\u00ednea. Si no era su intenci\u00f3n obtener m\u00e1s informaci\u00f3n sobre nuestro producto, contin\u00fae su viaje en el sitio web de nuestros clientes. \u00bfSiente curiosidad? Entonces qu\u00e9dese con&hellip;","_links":{"self":[{"href":"https:\/\/mopinion.com\/es\/wp-json\/wp\/v2\/pages\/87932","targetHints":{"allow":["GET"]}}],"collection":[{"href":"https:\/\/mopinion.com\/es\/wp-json\/wp\/v2\/pages"}],"about":[{"href":"https:\/\/mopinion.com\/es\/wp-json\/wp\/v2\/types\/page"}],"author":[{"embeddable":true,"href":"https:\/\/mopinion.com\/es\/wp-json\/wp\/v2\/users\/39"}],"replies":[{"embeddable":true,"href":"https:\/\/mopinion.com\/es\/wp-json\/wp\/v2\/comments?post=87932"}],"version-history":[{"count":1,"href":"https:\/\/mopinion.com\/es\/wp-json\/wp\/v2\/pages\/87932\/revisions"}],"predecessor-version":[{"id":87933,"href":"https:\/\/mopinion.com\/es\/wp-json\/wp\/v2\/pages\/87932\/revisions\/87933"}],"wp:attachment":[{"href":"https:\/\/mopinion.com\/es\/wp-json\/wp\/v2\/media?parent=87932"}],"wp:term":[{"taxonomy":"category","embeddable":true,"href":"https:\/\/mopinion.com\/es\/wp-json\/wp\/v2\/categories?post=87932"},{"taxonomy":"post_tag","embeddable":true,"href":"https:\/\/mopinion.com\/es\/wp-json\/wp\/v2\/tags?post=87932"}],"curies":[{"name":"wp","href":"https:\/\/api.w.org\/{rel}","templated":true}]}}