{"id":57437,"date":"2015-12-02T09:11:09","date_gmt":"2015-12-02T08:11:09","guid":{"rendered":"https:\/\/beta-site.mopinion.com\/la-gestion\/"},"modified":"2026-04-07T09:45:43","modified_gmt":"2026-04-07T08:45:43","slug":"gestion","status":"publish","type":"page","link":"https:\/\/mopinion.com\/fr\/gestion\/","title":{"rendered":"La gestion"},"content":{"rendered":"<section class=\"header-light\">\n<div class=\"container-lg\">\n<div class=\"row align-items-center\">\n<div class=\"col-10 mx-auto col-md-5 col-lg-6 xs-mb-40 header-text-container-top__new\">\n<div class=\"header-text-content-top__new text-center text-md-start\">\n<h1>La gestion<\/h1>\n<h3 class=\"xs-mb-30\">Nous n\u2019avons pas de mascotte d\u2019entreprise. Ce que si nous avons, c\u2019est une passion pour la science des donn\u00e9es<\/h3>\n<div class=\"header-cta\"> \n    <div class=\"row\">\n        <div class=\"col-12\">\n            <div class=\"header-btn-wrapper justify-content-center justify-content-md-start header-cta cta-light gap-3 px-0\">\n                <a href=\"https:\/\/app.mopinion.com\/account\/sign-up\/\" id=\"get-started-header-cta\" class=\"btn btn-request btn-md btn-outline-primary uppercase\">Inscription<\/a>\n                \n                <a id=\"demo-header-cta\" class=\"btn btn-request btn-md btn-primary uppercase\" href=\"https:\/\/mopinion.com\/fr\/demandez-une-demo-personnalisee\/\">Demandez une demo<\/a>\n            <\/div>\n        <\/div>\n    <\/div>\n<\/div><\/div>\n<\/p><\/div>\n<div class=\"col-12 col-md-7 col-lg-6\">\n\t\t\t\t<img decoding=\"async\" src=\"https:\/\/media.mopinion.com\/wp-content\/uploads\/2021\/04\/28084107\/management-580x550.png\" alt=\"Mopinion Management\">\n            <\/div>\n<\/p><\/div>\n<\/p><\/div>\n<\/section>\n<section id=\"\" class=\"xs-mt-60\">\n<div class=\"container xs-pt-30 xs-pb-30\">\n<div class=\"row\">\n<div class=\"col-sm-10 col-sm-offset-1\">\n<h2 class=\"text-center\">Comit\u00e9 Executif<\/h2>\n<p class=\"lead text-center\">Surtout quand il s\u2019agit de grandes quantit\u00e9s de donn\u00e9es de r\u00e9troaction. Notre \u00e9quipe est compos\u00e9e de plus de 30 sp\u00e9cialistes. L\u2019\u00e9quipe de direction est compos\u00e9e des quatre membres suivants, chacun ayant son propre domaine d\u2019expertise:<\/p>\n<\/p><\/div>\n<\/p><\/div>\n<\/p><\/div>\n<div class=\"container xs-pt-30 xs-pb-30\">\n<div class=\"row\">\n<div class=\"col-md-4 col-xs-12 text-center xs-mb-30 feat-management\">\n<div class=\"inter-wrapper inter-wrapper-1\">\n\t\t\t\t\t<img decoding=\"async\" class=\"img-circle\" style=\"max-width: 140px;\" src=\"https:\/\/media.mopinion.com\/wp-content\/uploads\/2024\/04\/18114836\/udesh.jpg\" alt=\"Udesh Jadnanansing - Revenue &amp; Growth\" \/><\/p>\n<div class=\"title xs-mt-15 xs-mb-15\">\n<h4 class=\"xs-mb-0\">Udesh Jadnanansing<\/h4>\n<p>\t\t\t\t\t\t<span class=\"fw-400\">Chiffre d\u2019affaires et Croissance<\/span>\n\t\t\t\t\t<\/div>\n<p class=\"fw-400\">Udesh a obtenu son titre de \u00abSciences du Marketing et de la Communication\u00bb \u00e0 l\u2019Universit\u00e9 d\u2019Amsterdam. Imm\u00e9diatement apr\u00e8s sa p\u00e9riode d\u2019\u00e9tudiant, il a fond\u00e9 sa premi\u00e8re entreprise. Il a \u00e9galement travaill\u00e9 dans l\u2019industrie de la publicit\u00e9 et en tant que sp\u00e9cialiste du marketing en ligne. Il aime les inventions et des oldtimers.<\/p>\n<\/p><\/div>\n<\/p><\/div>\n<div class=\"col-md-4 col-xs-12 text-center md-mb-0 xs-mb-30 feat-management\">\n<div class=\"inter-wrapper inter-wrapper-1\">\n\t\t\t\t\t<img decoding=\"async\" class=\"img-circle\" style=\"max-width: 140px;\" src=\"https:\/\/media.mopinion.com\/wp-content\/uploads\/2024\/04\/18114818\/flo.jpg\" alt=\"Floris Snuif - Data science and development\" \/><\/p>\n<div class=\"title xs-mt-15 xs-mb-15\">\n<h4 class=\"xs-mb-0\">Floris Snuif<\/h4>\n<p>\t\t\t\t\t\t<span class=\"fw-400\">Science des donn\u00e9es et le d\u00e9veloppement<\/span>\n\t\t\t\t\t<\/div>\n<p class=\"fw-400\">Floris a une exp\u00e9rience dans le d\u00e9veloppement web et d\u2019applications. Il a travaill\u00e9 pour plusieurs start-up de technologie et agences web. Il aime ses chiens du Mexique (Chihuahuas), mais il aime aussi ses voitures et ses meubles de la Su\u00e8de.<\/p>\n<\/p><\/div>\n<\/p><\/div>\n<div class=\"col-md-4 text-center col-xs-12 md-mb-0 xs-mb-30 feat-management\">\n<div class=\"inter-wrapper inter-wrapper-1\">\n\t\t\t\t\t<img decoding=\"async\" class=\"img-circle\" style=\"max-width: 140px;\" src=\"https:\/\/media.mopinion.com\/wp-content\/uploads\/2024\/04\/18114823\/kees.jpg\" alt=\"Kees Wolters - Product and marketing\" \/><\/p>\n<div class=\"title xs-mt-15 xs-mb-15\">\n<h4 class=\"xs-mb-0\">Kees Wolters<\/h4>\n<p>\t\t\t\t\t\t<span class=\"fw-400\">Produit et Marketing<\/span>\n\t\t\t\t\t<\/div>\n<p class=\"fw-400\">Kees vient de la conception de sites Web et UX. Apr\u00e8s avoir travaill\u00e9 pour un certain nombre d\u2019agences web, il a occup\u00e9 des postes de marketing num\u00e9rique chez, entre autres, Philips et USG Marketing. Ses comp\u00e9tences \u00e0 la guitare ne sont pas si mauvaises, mais sont moins utiles maintenant.<\/p>\n<\/p><\/div>\n<\/p><\/div>\n<div class=\"col-md-4 col-xs-12 text-center xs-mt-40 md-mb-0 xs-mb-30 feat-management\">\n<div class=\"inter-wrapper inter-wrapper-3\">\n\t\t\t\t\t<img decoding=\"async\" class=\"img-circle\" style=\"max-width: 140px;\" src=\"https:\/\/media.mopinion.com\/wp-content\/uploads\/2024\/04\/18114831\/rachid.jpg\" alt=\"Rachid Saddrati - Chief Financial Officer\" \/><\/p>\n<div class=\"title xs-mt-15 xs-mb-15\">\n<h4 class=\"xs-mb-0\">Rachid Saddrati<\/h4>\n<p>\t\t\t\t\t\t<span class=\"fw-400\">Chief Financial Officer<\/span>\n\t\t\t\t\t<\/div>\n<p class=\"fw-400\">Rachid a une formation en finance et en \u00e9conomie. Il a travaill\u00e9 pour plusieurs agences de marketing et de cr\u00e9ation diff\u00e9rentes au fil des ans. Cet Amstellodamois passe son temps libre avec sa famille ou ses amis, \u00e0 regarder une \u00e9mission ou deux sur Netflix ou \u00e0 suivre des sports comme le kickboxing, le tennis et le football de premi\u00e8re division.<\/p>\n<\/p><\/div>\n<\/p><\/div>\n<\/p><\/div>\n<\/p><\/div>\n<\/section>\n<section id=\"\" class=\"xs-mt-60\">\n<div class=\"container xs-pt-30 xs-pb-30\">\n<div class=\"row\">\n<div class=\"col-sm-10 col-sm-offset-1\">\n<h2 class=\"text-center\">Management<\/h2>\n<\/p><\/div>\n<\/p><\/div>\n<\/p><\/div>\n<div class=\"container xs-pt-30 xs-pb-30\">\n<div class=\"row\">\n<div class=\"col-md-4 col-xs-12 text-center md-mb-0 xs-mb-30 feat-management\">\n<div class=\"inter-wrapper inter-wrapper-3\">\n\t\t\t\t\t<img decoding=\"async\" class=\"img-circle\" style=\"max-width: 140px;\" src=\"https:\/\/media.mopinion.com\/wp-content\/uploads\/2024\/04\/18114825\/luke.jpg\" alt=\"Luke Price - Head of Sales\" \/><\/p>\n<div class=\"title xs-mt-15 xs-mb-15\">\n<h4 class=\"xs-mb-0\">Luke Price<\/h4>\n<p>\t\t\t\t\t\t<span class=\"fw-400\">Chef des Ventes<\/span>\n\t\t\t\t\t<\/div>\n<p class=\"fw-400\">Luke a une formation dans la vente et le conseil. Apr\u00e8s avoir \u00e9migr\u00e9 aux Pays-Bas, Luke s&rsquo;est forg\u00e9 une carri\u00e8re dans le domaine du conseil en mati\u00e8re d&rsquo;espace SaaS aupr\u00e8s de nombreuses entreprises internationales telles que SAP, Microsoft, Samsung et bien d&rsquo;autres. Il est chez Mopinion depuis 2016, adore manger du chocolat et est passionn\u00e9 par les montres.<\/p>\n<\/p><\/div>\n<\/p><\/div>\n<div class=\"col-md-4 col-xs-12 text-center md-mb-0 xs-mb-30 feat-management\">\n<div class=\"inter-wrapper inter-wrapper-3\">\n\t\t\t\t\t<img decoding=\"async\" class=\"img-circle\" style=\"max-width: 140px;\" src=\"https:\/\/media.mopinion.com\/wp-content\/uploads\/2024\/04\/18114833\/rudo.jpg\" alt=\"Rudo de Graaf - Head of Customer Success\" \/><\/p>\n<div class=\"title xs-mt-15 xs-mb-15\">\n<h4 class=\"xs-mb-0\">Rudo de Graaf<\/h4>\n<p>\t\t\t\t\t\t<span class=\"fw-400\">Head of Customer Success<\/span>\n\t\t\t\t\t<\/div>\n<p class=\"fw-400\">Rudo a travaill\u00e9 dans des r\u00f4les centr\u00e9s sur le client et les ventes dans diverses industries internationales. Il a envie d&rsquo;apporter de la joie et de la satisfaction \u00e0 tous nos clients. Pendant son temps libre, vous le trouverez en train de cuisiner, de boire, ou de voyager.<\/p>\n<\/p><\/div>\n<\/p><\/div>\n<div class=\"col-md-4 text-center col-xs-12 md-mb-0 xs-mb-30 feat-management\">\n<div class=\"inter-wrapper inter-wrapper-3\">\n\t\t\t\t\t<img decoding=\"async\" class=\"img-circle\" style=\"max-width: 140px;\" src=\"https:\/\/media.mopinion.com\/wp-content\/uploads\/2024\/07\/15135403\/pieter-1.jpg\" alt=\"Pieter Hotke - Head of Customer Support\" \/><\/p>\n<div class=\"title xs-mt-15 xs-mb-15\">\n<h4 class=\"xs-mb-0\">Pieter Hotke<\/h4>\n<p>\t\t\t\t\t\t<span class=\"fw-400\">Responsable du Service Client<\/span>\n\t\t\t\t\t<\/div>\n<p class=\"fw-400\">Apr\u00e8s avoir obtenu une licence en gestion d&rsquo;entreprise et travaill\u00e9 bri\u00e8vement dans le secteur financier, Pieter a rejoint Mopinion. Pendant son temps libre, il est sur le terrain de hockey, \u00e0 la fois comme joueur et comme supporter de ses deux filles. Il est \u00e9galement le propri\u00e9taire de Bobby, la mascotte bien-aim\u00e9e de Mopinion et le chien de bureau.<\/p>\n<\/p><\/div>\n<\/p><\/div>\n<div class=\"col-md-4 col-xs-12 text-center md-mb-0 xs-mt-40 xs-mb-30 feat-management\">\n<div class=\"inter-wrapper inter-wrapper-3\">\n\t\t\t\t\t<img decoding=\"async\" class=\"img-circle\" style=\"max-width: 140px;\" src=\"https:\/\/media.mopinion.com\/wp-content\/uploads\/2024\/04\/22123009\/anwar.jpg\" alt=\"Anwar Jebali - Head of Development\" \/><\/p>\n<div class=\"title xs-mt-15 xs-mb-15\">\n<h4 class=\"xs-mb-0\">Anwar Jebali<\/h4>\n<p>\t\t\t\t\t\t<span class=\"fw-400\">Responsable du D\u00e9veloppement<\/span>\n\t\t\t\t\t<\/div>\n<p class=\"fw-400\">Anwar a une formation en conception d&rsquo;exp\u00e9rience utilisateur et en d\u00e9veloppement de front-end. Il s&rsquo;est lanc\u00e9 dans le d\u00e9veloppement de piles compl\u00e8tes pendant son passage chez Mopinion et a rejoint la soci\u00e9t\u00e9 juste apr\u00e8s sa cr\u00e9ation. Il est passionn\u00e9 par tout ce qui est technique.<\/p>\n<\/p><\/div>\n<\/p><\/div>\n<div class=\"col-md-4 col-xs-12 text-center xs-mt-40 md-mb-0 xs-mb-30 feat-management\">\n<div class=\"inter-wrapper inter-wrapper-3\">\n\t\t\t\t\t<img decoding=\"async\" class=\"img-circle\" style=\"max-width: 140px;\" src=\"https:\/\/media.mopinion.com\/wp-content\/uploads\/2024\/04\/18114820\/jos.jpg\" alt=\"Jos van der Kooij - Head of Product\" \/><\/p>\n<div class=\"title xs-mt-15 xs-mb-15\">\n<h4 class=\"xs-mb-0\">Jos van der Kooij<\/h4>\n<p>\t\t\t\t\t\t<span class=\"fw-400\">Responsable du Produit<\/span>\n\t\t\t\t\t<\/div>\n<p class=\"fw-400\">Jos est titulaire d&rsquo;une ma\u00eetrise en droit, mais il a rapidement craqu\u00e9 pour le contenu et les produits num\u00e9riques. Il a occup\u00e9 diff\u00e9rents postes commerciaux dans des environnements SaaS de type start-up et scale-up, en se concentrant toujours sur le produit. Jos est le plus grand d\u00e9fenseur des GIFs que vous pouvez trouver chez Mopinion et adore les parcs \u00e0 th\u00e8me.<\/p>\n<\/p><\/div>\n<\/p><\/div>\n<\/p><\/div>\n<\/p><\/div>\n<\/section>\n<section id=\"\" class=\"clearfix join-mopinion xs-mt-60 oflow-hid light-bg rel-pos\">\n<p>\t<!--\n\n<div class=\"parallax-img\" data-src=\"img\/desk.jpg\"><\/div>\n\n--><\/p>\n<div class=\"container xs-pt-60 xs-pb-60\">\n<div class=\"row\">\n<div class=\"col-sm-6 xs-mt-60\">\n<h2 class=\"serif\">Int\u00e9ress\u00e9 par les commentaires des clients en ligne?<\/h2>\n<p class=\"fw-400\">Voulez-vous construire quelque chose d\u2019utile? Avez-vous de solides comp\u00e9tences? Sens de l\u2019humour? Aimez-vous les d\u00e9licieuses collations et les rencontres conviviales? Si vous voulez savoir ce que c\u2019est de travailler pour une entreprise de logiciels en pleine croissance, s\u2019il vous pla\u00eet contactez-nous. Nous serons ravis de l\u2019entendre.<\/p>\n<p>\t\t\t\t<a role=\"button\" href=\"https:\/\/jobs.mopinion.com\/\" class=\"btn btn-primary xs-mt-30 xs-mb-20\">Contactez-nous<\/a>\n\t\t\t<\/div>\n<div class=\"col-sm-6\">\n<div class=\"owl-carousel\" id=\"quote-slider-product\">\n<div class=\"item\"><img decoding=\"async\" src=\"https:\/\/mopinion.com\/wp-content\/themes\/Mopinionated\/images\/about\/teamphoto5.jpg\" alt=\"Mopinion Team\"><\/div>\n<div class=\"item\"><img decoding=\"async\" src=\"https:\/\/mopinion.com\/wp-content\/themes\/Mopinionated\/images\/about\/teamphoto6.jpg\" alt=\"Mopinion Team\"><\/div>\n<div class=\"item\"><img decoding=\"async\" src=\"https:\/\/mopinion.com\/wp-content\/themes\/Mopinionated\/images\/about\/teamphoto4.jpg\" alt=\"Mopinion Team\"><\/div>\n<\/p><\/div>\n<\/p><\/div>\n<\/p><\/div>\n<\/p><\/div>\n<\/section>\n<section id=\"\" class=\"cta-section\">\n<div class=\"container xs-pt-30 xs-pb-30\">\n<div class=\"row\">\n<div class=\"col-sm-10 col-sm-offset-1 text-center\">\n<h2 class=\"xs-mt-30 xs-mb-30 text-center text-inverse\">N\u2019h\u00e9sitez pas \u00e0 nous contacter<\/h2>\n<p class=\"lead text-inverse\">Vous voulez en savoir plus sur ce qui nous motive? Rencontrons-nous rapidement! Nous aimerions entendre votre histoire.<\/p>\n<p>\t\t\t\t<a id=\"\" class=\"btn btn-primary-inverse btn-lg xs-mt-20 xs-mb-50\" href=\"https:\/\/mopinion.com\/fr\/compagnie\/contactez-nous\/\">Contactez-nous<\/a><\/p><\/div>\n<\/p><\/div>\n<\/p><\/div>\n<\/section>\n","protected":false},"excerpt":{"rendered":"<p>La gestion Nous n\u2019avons pas de mascotte d\u2019entreprise. Ce que si nous avons, c\u2019est une passion pour la science des donn\u00e9es Comit\u00e9 Executif Surtout quand il s\u2019agit de grandes quantit\u00e9s de donn\u00e9es de r\u00e9troaction. Notre \u00e9quipe est compos\u00e9e de plus de 30 sp\u00e9cialistes. L\u2019\u00e9quipe de direction est compos\u00e9e des quatre membres suivants, chacun ayant son [&hellip;]<\/p>\n","protected":false},"author":1,"featured_media":0,"parent":0,"menu_order":0,"comment_status":"closed","ping_status":"closed","template":"","meta":{"_acf_changed":false,"footnotes":""},"categories":[],"tags":[],"class_list":["post-57437","page","type-page","status-publish","hentry"],"acf":[],"yoast_head":"<!-- This site is optimized with the Yoast SEO plugin v24.9 - https:\/\/yoast.com\/wordpress\/plugins\/seo\/ -->\n<title>La gestion - Mopinion<\/title>\n<meta name=\"description\" content=\"Nous n&#039;avons pas de mascotte d&#039;entreprise. Ce que nous avons, c&#039;est une passion pour la science des donn\u00e9es. En savoir plus sur notre \u00e9quipe.\" \/>\n<meta name=\"robots\" content=\"index, follow, max-snippet:-1, max-image-preview:large, max-video-preview:-1\" \/>\n<link rel=\"canonical\" href=\"https:\/\/mopinion.com\/fr\/gestion\/\" \/>\n<meta property=\"og:locale\" content=\"fr_FR\" \/>\n<meta property=\"og:type\" content=\"article\" \/>\n<meta property=\"og:title\" content=\"La gestion - Mopinion\" \/>\n<meta property=\"og:description\" content=\"Nous n&#039;avons pas de mascotte d&#039;entreprise. Ce que nous avons, c&#039;est une passion pour la science des donn\u00e9es. En savoir plus sur notre \u00e9quipe.\" \/>\n<meta property=\"og:url\" content=\"https:\/\/mopinion.com\/fr\/gestion\/\" \/>\n<meta property=\"og:site_name\" content=\"Mopinion\" \/>\n<meta property=\"article:modified_time\" content=\"2026-04-07T08:45:43+00:00\" \/>\n<meta property=\"og:image\" content=\"https:\/\/mopinion.com\/wp-content\/uploads\/2021\/04\/management-580x550.png\" \/>\n<meta name=\"twitter:card\" content=\"summary_large_image\" \/>\n<meta name=\"twitter:label1\" content=\"Est. reading time\" \/>\n\t<meta name=\"twitter:data1\" content=\"6 minutes\" \/>\n<script type=\"application\/ld+json\" class=\"yoast-schema-graph\">{\"@context\":\"https:\/\/schema.org\",\"@graph\":[{\"@type\":\"WebPage\",\"@id\":\"https:\/\/mopinion.com\/fr\/gestion\/\",\"url\":\"https:\/\/mopinion.com\/fr\/gestion\/\",\"name\":\"La gestion - Mopinion\",\"isPartOf\":{\"@id\":\"https:\/\/mopinion.com\/fr\/#website\"},\"primaryImageOfPage\":{\"@id\":\"https:\/\/mopinion.com\/fr\/gestion\/#primaryimage\"},\"image\":{\"@id\":\"https:\/\/mopinion.com\/fr\/gestion\/#primaryimage\"},\"thumbnailUrl\":\"https:\/\/mopinion.com\/wp-content\/uploads\/2021\/04\/management-580x550.png\",\"datePublished\":\"2015-12-02T08:11:09+00:00\",\"dateModified\":\"2026-04-07T08:45:43+00:00\",\"description\":\"Nous n'avons pas de mascotte d'entreprise. Ce que nous avons, c'est une passion pour la science des donn\u00e9es. En savoir plus sur notre \u00e9quipe.\",\"breadcrumb\":{\"@id\":\"https:\/\/mopinion.com\/fr\/gestion\/#breadcrumb\"},\"inLanguage\":\"fr-FR\",\"potentialAction\":[{\"@type\":\"ReadAction\",\"target\":[\"https:\/\/mopinion.com\/fr\/gestion\/\"]}]},{\"@type\":\"ImageObject\",\"inLanguage\":\"fr-FR\",\"@id\":\"https:\/\/mopinion.com\/fr\/gestion\/#primaryimage\",\"url\":\"https:\/\/mopinion.com\/wp-content\/uploads\/2021\/04\/management-580x550.png\",\"contentUrl\":\"https:\/\/mopinion.com\/wp-content\/uploads\/2021\/04\/management-580x550.png\"},{\"@type\":\"BreadcrumbList\",\"@id\":\"https:\/\/mopinion.com\/fr\/gestion\/#breadcrumb\",\"itemListElement\":[{\"@type\":\"ListItem\",\"position\":1,\"name\":\"Home\",\"item\":\"https:\/\/mopinion.com\/fr\/\"},{\"@type\":\"ListItem\",\"position\":2,\"name\":\"La gestion\"}]},{\"@type\":\"WebSite\",\"@id\":\"https:\/\/mopinion.com\/fr\/#website\",\"url\":\"https:\/\/mopinion.com\/fr\/\",\"name\":\"Mopinion\",\"description\":\"Customer Feedback Intelligence For Digital Enterprises\",\"publisher\":{\"@id\":\"https:\/\/mopinion.com\/fr\/#organization\"},\"potentialAction\":[{\"@type\":\"SearchAction\",\"target\":{\"@type\":\"EntryPoint\",\"urlTemplate\":\"https:\/\/mopinion.com\/fr\/?s={search_term_string}\"},\"query-input\":{\"@type\":\"PropertyValueSpecification\",\"valueRequired\":true,\"valueName\":\"search_term_string\"}}],\"inLanguage\":\"fr-FR\"},{\"@type\":\"Organization\",\"@id\":\"https:\/\/mopinion.com\/fr\/#organization\",\"name\":\"Mopinion\",\"url\":\"https:\/\/mopinion.com\/fr\/\",\"logo\":{\"@type\":\"ImageObject\",\"inLanguage\":\"fr-FR\",\"@id\":\"https:\/\/mopinion.com\/fr\/#\/schema\/logo\/image\/\",\"url\":\"https:\/\/media.mopinion.com\/wp-content\/uploads\/2015\/12\/28084926\/m_icon.png\",\"contentUrl\":\"https:\/\/media.mopinion.com\/wp-content\/uploads\/2015\/12\/28084926\/m_icon.png\",\"width\":140,\"height\":140,\"caption\":\"Mopinion\"},\"image\":{\"@id\":\"https:\/\/mopinion.com\/fr\/#\/schema\/logo\/image\/\"}}]}<\/script>\n<!-- \/ Yoast SEO plugin. -->","yoast_head_json":{"title":"La gestion - Mopinion","description":"Nous n'avons pas de mascotte d'entreprise. Ce que nous avons, c'est une passion pour la science des donn\u00e9es. En savoir plus sur notre \u00e9quipe.","robots":{"index":"index","follow":"follow","max-snippet":"max-snippet:-1","max-image-preview":"max-image-preview:large","max-video-preview":"max-video-preview:-1"},"canonical":"https:\/\/mopinion.com\/fr\/gestion\/","og_locale":"fr_FR","og_type":"article","og_title":"La gestion - Mopinion","og_description":"Nous n'avons pas de mascotte d'entreprise. Ce que nous avons, c'est une passion pour la science des donn\u00e9es. En savoir plus sur notre \u00e9quipe.","og_url":"https:\/\/mopinion.com\/fr\/gestion\/","og_site_name":"Mopinion","article_modified_time":"2026-04-07T08:45:43+00:00","og_image":[{"url":"https:\/\/mopinion.com\/wp-content\/uploads\/2021\/04\/management-580x550.png","type":"","width":"","height":""}],"twitter_card":"summary_large_image","twitter_misc":{"Est. reading time":"6 minutes"},"schema":{"@context":"https:\/\/schema.org","@graph":[{"@type":"WebPage","@id":"https:\/\/mopinion.com\/fr\/gestion\/","url":"https:\/\/mopinion.com\/fr\/gestion\/","name":"La gestion - Mopinion","isPartOf":{"@id":"https:\/\/mopinion.com\/fr\/#website"},"primaryImageOfPage":{"@id":"https:\/\/mopinion.com\/fr\/gestion\/#primaryimage"},"image":{"@id":"https:\/\/mopinion.com\/fr\/gestion\/#primaryimage"},"thumbnailUrl":"https:\/\/mopinion.com\/wp-content\/uploads\/2021\/04\/management-580x550.png","datePublished":"2015-12-02T08:11:09+00:00","dateModified":"2026-04-07T08:45:43+00:00","description":"Nous n'avons pas de mascotte d'entreprise. Ce que nous avons, c'est une passion pour la science des donn\u00e9es. En savoir plus sur notre \u00e9quipe.","breadcrumb":{"@id":"https:\/\/mopinion.com\/fr\/gestion\/#breadcrumb"},"inLanguage":"fr-FR","potentialAction":[{"@type":"ReadAction","target":["https:\/\/mopinion.com\/fr\/gestion\/"]}]},{"@type":"ImageObject","inLanguage":"fr-FR","@id":"https:\/\/mopinion.com\/fr\/gestion\/#primaryimage","url":"https:\/\/mopinion.com\/wp-content\/uploads\/2021\/04\/management-580x550.png","contentUrl":"https:\/\/mopinion.com\/wp-content\/uploads\/2021\/04\/management-580x550.png"},{"@type":"BreadcrumbList","@id":"https:\/\/mopinion.com\/fr\/gestion\/#breadcrumb","itemListElement":[{"@type":"ListItem","position":1,"name":"Home","item":"https:\/\/mopinion.com\/fr\/"},{"@type":"ListItem","position":2,"name":"La gestion"}]},{"@type":"WebSite","@id":"https:\/\/mopinion.com\/fr\/#website","url":"https:\/\/mopinion.com\/fr\/","name":"Mopinion","description":"Customer Feedback Intelligence For Digital Enterprises","publisher":{"@id":"https:\/\/mopinion.com\/fr\/#organization"},"potentialAction":[{"@type":"SearchAction","target":{"@type":"EntryPoint","urlTemplate":"https:\/\/mopinion.com\/fr\/?s={search_term_string}"},"query-input":{"@type":"PropertyValueSpecification","valueRequired":true,"valueName":"search_term_string"}}],"inLanguage":"fr-FR"},{"@type":"Organization","@id":"https:\/\/mopinion.com\/fr\/#organization","name":"Mopinion","url":"https:\/\/mopinion.com\/fr\/","logo":{"@type":"ImageObject","inLanguage":"fr-FR","@id":"https:\/\/mopinion.com\/fr\/#\/schema\/logo\/image\/","url":"https:\/\/media.mopinion.com\/wp-content\/uploads\/2015\/12\/28084926\/m_icon.png","contentUrl":"https:\/\/media.mopinion.com\/wp-content\/uploads\/2015\/12\/28084926\/m_icon.png","width":140,"height":140,"caption":"Mopinion"},"image":{"@id":"https:\/\/mopinion.com\/fr\/#\/schema\/logo\/image\/"}}]}},"rttpg_featured_image_url":null,"rttpg_author":{"display_name":"Mopinion","author_link":"https:\/\/mopinion.com\/fr\/author\/mopinion\/"},"rttpg_comment":0,"rttpg_category":false,"rttpg_excerpt":"La gestion Nous n\u2019avons pas de mascotte d\u2019entreprise. Ce que si nous avons, c\u2019est une passion pour la science des donn\u00e9es Comit\u00e9 Executif Surtout quand il s\u2019agit de grandes quantit\u00e9s de donn\u00e9es de r\u00e9troaction. Notre \u00e9quipe est compos\u00e9e de plus de 30 sp\u00e9cialistes. L\u2019\u00e9quipe de direction est compos\u00e9e des quatre membres suivants, chacun ayant son\u2026","_links":{"self":[{"href":"https:\/\/mopinion.com\/fr\/wp-json\/wp\/v2\/pages\/57437","targetHints":{"allow":["GET"]}}],"collection":[{"href":"https:\/\/mopinion.com\/fr\/wp-json\/wp\/v2\/pages"}],"about":[{"href":"https:\/\/mopinion.com\/fr\/wp-json\/wp\/v2\/types\/page"}],"author":[{"embeddable":true,"href":"https:\/\/mopinion.com\/fr\/wp-json\/wp\/v2\/users\/1"}],"replies":[{"embeddable":true,"href":"https:\/\/mopinion.com\/fr\/wp-json\/wp\/v2\/comments?post=57437"}],"version-history":[{"count":15,"href":"https:\/\/mopinion.com\/fr\/wp-json\/wp\/v2\/pages\/57437\/revisions"}],"predecessor-version":[{"id":102281,"href":"https:\/\/mopinion.com\/fr\/wp-json\/wp\/v2\/pages\/57437\/revisions\/102281"}],"wp:attachment":[{"href":"https:\/\/mopinion.com\/fr\/wp-json\/wp\/v2\/media?parent=57437"}],"wp:term":[{"taxonomy":"category","embeddable":true,"href":"https:\/\/mopinion.com\/fr\/wp-json\/wp\/v2\/categories?post=57437"},{"taxonomy":"post_tag","embeddable":true,"href":"https:\/\/mopinion.com\/fr\/wp-json\/wp\/v2\/tags?post=57437"}],"curies":[{"name":"wp","href":"https:\/\/api.w.org\/{rel}","templated":true}]}}