{"id":57699,"date":"2016-07-11T11:39:06","date_gmt":"2016-07-11T10:39:06","guid":{"rendered":"https:\/\/beta-site.mopinion.com\/video-testimonial-tomtom\/"},"modified":"2023-03-30T09:34:58","modified_gmt":"2023-03-30T08:34:58","slug":"tomtom","status":"publish","type":"page","link":"https:\/\/mopinion.com\/fr\/tomtom\/","title":{"rendered":"Video testimonial: TomTom"},"content":{"rendered":"<section>\n<div class=\"container xs-pt-60 xs-pb-30 xs-mt-30\">\n<div class=\"row\">\n<div class=\"col-sm-10 col-sm-offset-1\">\n<div class=\" text-center\"><img decoding=\"async\" src=\"https:\/\/mopinion.com\/wp-content\/themes\/Mopinionated\/images\/customers\/Customer_logos_175x70\/svg\/logo_tomtom.svg\" alt=\"Tomtom Logo\" width=\"250\"><\/div>\n<\/div>\n<\/div>\n<\/div>\n<\/section>\n<section>\n<div class=\"container xs-pt-30 xs-pb-30\">\n<div class=\"row\">\n<div class=\"col-sm-push-8 order-sm-2 col-sm-4 xs-mb-30 md-mb-0\"><img decoding=\"async\" src=\"https:\/\/mopinion.com\/wp-content\/themes\/Mopinionated\/images\/customers\/tomtom-quote.png\" alt=\"\" \/><\/div>\n<div class=\"col-sm-7 col-sm-pull-4\">\n<h1>Pourquoi TomTom utilise le feedback<\/h1>\n<h2>pour am\u00e9liorer l&rsquo;exp\u00e9rience client<\/h2>\n<h4 class=\"serif fw-400 \" style=\"line-height: 1.8;\">\u00ab\u00a0Seule la collecte de la satisfaction du client est trop simple. L&rsquo;une des principales raisons pour lesquelles nous avons choisi Mopinion est qu&rsquo;il est important de recueillir des commentaires sur le niveau de la page et les composants sp\u00e9cifiques du site Web. Un score g\u00e9n\u00e9ral sur la collecte d&rsquo;un site Web n&rsquo;est pas si important pour moi, parce que ce score ne m\u00e8ne pas \u00e0 l&rsquo;action. Le score d&rsquo;une certaine page ou d&rsquo;un groupe de pages est important, car vous pouvez mieux comparer les pages ou les parties et ainsi identifier les parties qui obtiennent de mauvais r\u00e9sultats.\u00a0\u00bb<\/h4>\n<div>\n<h4 class=\"text-muted xs-mb-10\"><strong>Remko Strik<\/strong><\/h4>\n<h5 class=\"fw-400\">Gestionnaire post-achat et CRM<\/h5>\n<\/div>\n<\/div>\n<\/div>\n<\/div>\n<\/section>\n<p><section class=\"xs-mt-60\" style=\"\"><video id=\"\" class=\"video-js center-block\" controls preload=\"auto\" poster=\"https:\/\/mopinion.s3-eu-west-1.amazonaws.com\/video\/posters\/tomtom_poster.png\" data-setup=\"{}\">\n\t\t\t\t\t\t\t\t\t<source src=\"https:\/\/mopinion.s3-eu-west-1.amazonaws.com\/video\/full\/Mopinion_TomTom.mp4\" type=\"video\/mp4\">\n\t\t\t\t\t\t\t\t\t<source src=\"https:\/\/mopinion.s3-eu-west-1.amazonaws.com\/video\/full\/Mopinion_TomTom.webm\" type=\"video\/webm\">\n\t\t\t\t\t\t\t\t\t<source src=\"https:\/\/mopinion.s3-eu-west-1.amazonaws.com\/video\/full\/Mopinion_TomTom.ogv\" type=\"video\/ogg\">\n\t\t\t\t\t\t\t\t\t<p class=\"vjs-no-js\">\n\t\t\t\t\t\t\t\t\tTo view this video please enable JavaScript, and consider upgrading to a web browser that\n\t\t\t\t\t\t\t\t\t<a href=\"https:\/\/videojs.com\/html5-video-support\/\" target=\"_blank\">supports HTML5 video<\/a>\n\t\t\t\t\t\t\t\t\t<\/p>\n\t\t\t\t\t\t\t\t<\/video><\/section><br \/>\n\n<section class=\"cta-section\">\n\t<div class=\"container cta-content text-inverse\">\n\t\t<div class=\"row\">\n\t\t\t<div class=\"col-sm-12\">\n\t\t\t\t<h2 class=\"xs-mb-20 text-center\">Essayez maintenant!<\/h2>\n\t\t\t<\/div>\n\t\t<\/div>\n\t\t<div class=\"row text-center cta-btn-container\">\n\t\t\t<div class=\"col-12\">\n\t\t\t\t<a href=\"https:\/\/app.mopinion.com\/account\/sign-up?track=tomtom-vid-fr\">\n\t\t\t\t\t<button id=\"button-CTA-trial-footer\" class=\"btn btn-primary btn-lg\">Inscription<\/button>\n\t\t\t\t<\/a>\n\t\t\t<\/div>\n\t\t<\/div>\n\t\t<div class=\" row cta-section-bulletpoints\">\n\t\t\t<div class=\"col-md-12\">\n\t\t\t\t<ul class=\"stagger bulletlist dark-trial-form\" style=\"opacity: 1; transform: matrix(1, 0, 0, 1, 0, 0);\">\n\t\t\t\t\t<li style=\"padding-left:0px;\">Gratuit pour toujours<\/li>\n\t\t\t\t\t<li><i class=\"fa fa-circle fontawesome\"><\/i><\/li>\n\t\t\t\t\t<li>Rapide \u00e0 installer<\/li>\n\t\t\t\t\t<li><i class=\"fa fa-circle fontawesome\"><\/i><\/li>\n\t\t\t\t\t<li>Facile \u00e0 annuler<\/li>\n\t\t\t\t<\/ul>\n\t\t\t<\/div>\n\t\t<\/div>\n\t<\/div> \n<\/section>\n <\/p>\n","protected":false},"excerpt":{"rendered":"<p>Pourquoi TomTom utilise le feedback pour am\u00e9liorer l&rsquo;exp\u00e9rience client \u00ab\u00a0Seule la collecte de la satisfaction du client est trop simple. L&rsquo;une des principales raisons pour lesquelles nous avons choisi Mopinion est qu&rsquo;il est important de recueillir des commentaires sur le niveau de la page et les composants sp\u00e9cifiques du site Web. Un score g\u00e9n\u00e9ral sur [&hellip;]<\/p>\n","protected":false},"author":1,"featured_media":53202,"parent":0,"menu_order":0,"comment_status":"closed","ping_status":"closed","template":"","meta":{"_acf_changed":false,"footnotes":""},"categories":[1511],"tags":[],"class_list":["post-57699","page","type-page","status-publish","has-post-thumbnail","hentry","category-non-classifiee"],"acf":[],"yoast_head":"<!-- This site is optimized with the Yoast SEO plugin v24.9 - https:\/\/yoast.com\/wordpress\/plugins\/seo\/ -->\n<title>Video testimonial: TomTom - Mopinion<\/title>\n<meta name=\"description\" content=\"Pourquoi TomTom utilise le feedback pour am\u00e9liorer l\u2019exp\u00e9rience client \u00ab Seule la collecte de la satisfaction du client est trop simple. L\u2019une des principales raisons pour lesquelles nous avons choisi Mopinion est qu\u2019il est important de recueillir des commentaires sur le niveau de la page et les composants sp\u00e9cifiques du site Web.\" \/>\n<meta name=\"robots\" content=\"index, follow, max-snippet:-1, max-image-preview:large, max-video-preview:-1\" \/>\n<link rel=\"canonical\" href=\"https:\/\/mopinion.com\/fr\/tomtom\/\" \/>\n<meta property=\"og:locale\" content=\"fr_FR\" \/>\n<meta property=\"og:type\" content=\"article\" \/>\n<meta property=\"og:title\" content=\"Video testimonial: TomTom - Mopinion\" \/>\n<meta property=\"og:description\" content=\"Pourquoi TomTom utilise le feedback pour am\u00e9liorer l\u2019exp\u00e9rience client \u00ab Seule la collecte de la satisfaction du client est trop simple. L\u2019une des principales raisons pour lesquelles nous avons choisi Mopinion est qu\u2019il est important de recueillir des commentaires sur le niveau de la page et les composants sp\u00e9cifiques du site Web.\" \/>\n<meta property=\"og:url\" content=\"https:\/\/mopinion.com\/fr\/tomtom\/\" \/>\n<meta property=\"og:site_name\" content=\"Mopinion\" \/>\n<meta property=\"article:modified_time\" content=\"2023-03-30T08:34:58+00:00\" \/>\n<meta property=\"og:image\" content=\"https:\/\/mopinion.com\/wp-content\/uploads\/2016\/07\/tomtom-testimonial-bg.jpg\" \/>\n\t<meta property=\"og:image:width\" content=\"1600\" \/>\n\t<meta property=\"og:image:height\" content=\"800\" \/>\n\t<meta property=\"og:image:type\" content=\"image\/jpeg\" \/>\n<meta name=\"twitter:card\" content=\"summary_large_image\" \/>\n<meta name=\"twitter:label1\" content=\"Est. reading time\" \/>\n\t<meta name=\"twitter:data1\" content=\"1 minute\" \/>\n<script type=\"application\/ld+json\" class=\"yoast-schema-graph\">{\"@context\":\"https:\/\/schema.org\",\"@graph\":[{\"@type\":\"WebPage\",\"@id\":\"https:\/\/mopinion.com\/fr\/tomtom\/\",\"url\":\"https:\/\/mopinion.com\/fr\/tomtom\/\",\"name\":\"Video testimonial: TomTom - Mopinion\",\"isPartOf\":{\"@id\":\"https:\/\/mopinion.com\/fr\/#website\"},\"primaryImageOfPage\":{\"@id\":\"https:\/\/mopinion.com\/fr\/tomtom\/#primaryimage\"},\"image\":{\"@id\":\"https:\/\/mopinion.com\/fr\/tomtom\/#primaryimage\"},\"thumbnailUrl\":\"https:\/\/media.mopinion.com\/wp-content\/uploads\/2016\/07\/28124118\/tomtom-testimonial-bg.jpg\",\"datePublished\":\"2016-07-11T10:39:06+00:00\",\"dateModified\":\"2023-03-30T08:34:58+00:00\",\"description\":\"Pourquoi TomTom utilise le feedback pour am\u00e9liorer l\u2019exp\u00e9rience client \u00ab Seule la collecte de la satisfaction du client est trop simple. L\u2019une des principales raisons pour lesquelles nous avons choisi Mopinion est qu\u2019il est important de recueillir des commentaires sur le niveau de la page et les composants sp\u00e9cifiques du site Web.\",\"breadcrumb\":{\"@id\":\"https:\/\/mopinion.com\/fr\/tomtom\/#breadcrumb\"},\"inLanguage\":\"fr-FR\",\"potentialAction\":[{\"@type\":\"ReadAction\",\"target\":[\"https:\/\/mopinion.com\/fr\/tomtom\/\"]}]},{\"@type\":\"ImageObject\",\"inLanguage\":\"fr-FR\",\"@id\":\"https:\/\/mopinion.com\/fr\/tomtom\/#primaryimage\",\"url\":\"https:\/\/media.mopinion.com\/wp-content\/uploads\/2016\/07\/28124118\/tomtom-testimonial-bg.jpg\",\"contentUrl\":\"https:\/\/media.mopinion.com\/wp-content\/uploads\/2016\/07\/28124118\/tomtom-testimonial-bg.jpg\",\"width\":1600,\"height\":800},{\"@type\":\"BreadcrumbList\",\"@id\":\"https:\/\/mopinion.com\/fr\/tomtom\/#breadcrumb\",\"itemListElement\":[{\"@type\":\"ListItem\",\"position\":1,\"name\":\"Home\",\"item\":\"https:\/\/mopinion.com\/fr\/\"},{\"@type\":\"ListItem\",\"position\":2,\"name\":\"Video testimonial: TomTom\"}]},{\"@type\":\"WebSite\",\"@id\":\"https:\/\/mopinion.com\/fr\/#website\",\"url\":\"https:\/\/mopinion.com\/fr\/\",\"name\":\"Mopinion\",\"description\":\"Customer Feedback Intelligence For Digital Enterprises\",\"publisher\":{\"@id\":\"https:\/\/mopinion.com\/fr\/#organization\"},\"potentialAction\":[{\"@type\":\"SearchAction\",\"target\":{\"@type\":\"EntryPoint\",\"urlTemplate\":\"https:\/\/mopinion.com\/fr\/?s={search_term_string}\"},\"query-input\":{\"@type\":\"PropertyValueSpecification\",\"valueRequired\":true,\"valueName\":\"search_term_string\"}}],\"inLanguage\":\"fr-FR\"},{\"@type\":\"Organization\",\"@id\":\"https:\/\/mopinion.com\/fr\/#organization\",\"name\":\"Mopinion\",\"url\":\"https:\/\/mopinion.com\/fr\/\",\"logo\":{\"@type\":\"ImageObject\",\"inLanguage\":\"fr-FR\",\"@id\":\"https:\/\/mopinion.com\/fr\/#\/schema\/logo\/image\/\",\"url\":\"https:\/\/media.mopinion.com\/wp-content\/uploads\/2015\/12\/28084926\/m_icon.png\",\"contentUrl\":\"https:\/\/media.mopinion.com\/wp-content\/uploads\/2015\/12\/28084926\/m_icon.png\",\"width\":140,\"height\":140,\"caption\":\"Mopinion\"},\"image\":{\"@id\":\"https:\/\/mopinion.com\/fr\/#\/schema\/logo\/image\/\"}}]}<\/script>\n<!-- \/ Yoast SEO plugin. -->","yoast_head_json":{"title":"Video testimonial: TomTom - Mopinion","description":"Pourquoi TomTom utilise le feedback pour am\u00e9liorer l\u2019exp\u00e9rience client \u00ab Seule la collecte de la satisfaction du client est trop simple. L\u2019une des principales raisons pour lesquelles nous avons choisi Mopinion est qu\u2019il est important de recueillir des commentaires sur le niveau de la page et les composants sp\u00e9cifiques du site Web.","robots":{"index":"index","follow":"follow","max-snippet":"max-snippet:-1","max-image-preview":"max-image-preview:large","max-video-preview":"max-video-preview:-1"},"canonical":"https:\/\/mopinion.com\/fr\/tomtom\/","og_locale":"fr_FR","og_type":"article","og_title":"Video testimonial: TomTom - Mopinion","og_description":"Pourquoi TomTom utilise le feedback pour am\u00e9liorer l\u2019exp\u00e9rience client \u00ab Seule la collecte de la satisfaction du client est trop simple. L\u2019une des principales raisons pour lesquelles nous avons choisi Mopinion est qu\u2019il est important de recueillir des commentaires sur le niveau de la page et les composants sp\u00e9cifiques du site Web.","og_url":"https:\/\/mopinion.com\/fr\/tomtom\/","og_site_name":"Mopinion","article_modified_time":"2023-03-30T08:34:58+00:00","og_image":[{"width":1600,"height":800,"url":"https:\/\/mopinion.com\/wp-content\/uploads\/2016\/07\/tomtom-testimonial-bg.jpg","type":"image\/jpeg"}],"twitter_card":"summary_large_image","twitter_misc":{"Est. reading time":"1 minute"},"schema":{"@context":"https:\/\/schema.org","@graph":[{"@type":"WebPage","@id":"https:\/\/mopinion.com\/fr\/tomtom\/","url":"https:\/\/mopinion.com\/fr\/tomtom\/","name":"Video testimonial: TomTom - Mopinion","isPartOf":{"@id":"https:\/\/mopinion.com\/fr\/#website"},"primaryImageOfPage":{"@id":"https:\/\/mopinion.com\/fr\/tomtom\/#primaryimage"},"image":{"@id":"https:\/\/mopinion.com\/fr\/tomtom\/#primaryimage"},"thumbnailUrl":"https:\/\/media.mopinion.com\/wp-content\/uploads\/2016\/07\/28124118\/tomtom-testimonial-bg.jpg","datePublished":"2016-07-11T10:39:06+00:00","dateModified":"2023-03-30T08:34:58+00:00","description":"Pourquoi TomTom utilise le feedback pour am\u00e9liorer l\u2019exp\u00e9rience client \u00ab Seule la collecte de la satisfaction du client est trop simple. L\u2019une des principales raisons pour lesquelles nous avons choisi Mopinion est qu\u2019il est important de recueillir des commentaires sur le niveau de la page et les composants sp\u00e9cifiques du site Web.","breadcrumb":{"@id":"https:\/\/mopinion.com\/fr\/tomtom\/#breadcrumb"},"inLanguage":"fr-FR","potentialAction":[{"@type":"ReadAction","target":["https:\/\/mopinion.com\/fr\/tomtom\/"]}]},{"@type":"ImageObject","inLanguage":"fr-FR","@id":"https:\/\/mopinion.com\/fr\/tomtom\/#primaryimage","url":"https:\/\/media.mopinion.com\/wp-content\/uploads\/2016\/07\/28124118\/tomtom-testimonial-bg.jpg","contentUrl":"https:\/\/media.mopinion.com\/wp-content\/uploads\/2016\/07\/28124118\/tomtom-testimonial-bg.jpg","width":1600,"height":800},{"@type":"BreadcrumbList","@id":"https:\/\/mopinion.com\/fr\/tomtom\/#breadcrumb","itemListElement":[{"@type":"ListItem","position":1,"name":"Home","item":"https:\/\/mopinion.com\/fr\/"},{"@type":"ListItem","position":2,"name":"Video testimonial: TomTom"}]},{"@type":"WebSite","@id":"https:\/\/mopinion.com\/fr\/#website","url":"https:\/\/mopinion.com\/fr\/","name":"Mopinion","description":"Customer Feedback Intelligence For Digital Enterprises","publisher":{"@id":"https:\/\/mopinion.com\/fr\/#organization"},"potentialAction":[{"@type":"SearchAction","target":{"@type":"EntryPoint","urlTemplate":"https:\/\/mopinion.com\/fr\/?s={search_term_string}"},"query-input":{"@type":"PropertyValueSpecification","valueRequired":true,"valueName":"search_term_string"}}],"inLanguage":"fr-FR"},{"@type":"Organization","@id":"https:\/\/mopinion.com\/fr\/#organization","name":"Mopinion","url":"https:\/\/mopinion.com\/fr\/","logo":{"@type":"ImageObject","inLanguage":"fr-FR","@id":"https:\/\/mopinion.com\/fr\/#\/schema\/logo\/image\/","url":"https:\/\/media.mopinion.com\/wp-content\/uploads\/2015\/12\/28084926\/m_icon.png","contentUrl":"https:\/\/media.mopinion.com\/wp-content\/uploads\/2015\/12\/28084926\/m_icon.png","width":140,"height":140,"caption":"Mopinion"},"image":{"@id":"https:\/\/mopinion.com\/fr\/#\/schema\/logo\/image\/"}}]}},"rttpg_featured_image_url":{"full":["https:\/\/media.mopinion.com\/wp-content\/uploads\/2016\/07\/28124118\/tomtom-testimonial-bg.jpg",1600,800,false],"landscape":["https:\/\/media.mopinion.com\/wp-content\/uploads\/2016\/07\/28124118\/tomtom-testimonial-bg.jpg",1600,800,false],"portraits":["https:\/\/media.mopinion.com\/wp-content\/uploads\/2016\/07\/28124118\/tomtom-testimonial-bg.jpg",1600,800,false],"thumbnail":["https:\/\/media.mopinion.com\/wp-content\/uploads\/2016\/07\/28124118\/tomtom-testimonial-bg-150x150.jpg",150,150,true],"medium":["https:\/\/media.mopinion.com\/wp-content\/uploads\/2016\/07\/28124118\/tomtom-testimonial-bg-300x150.jpg",300,150,true],"large":["https:\/\/media.mopinion.com\/wp-content\/uploads\/2016\/07\/28124118\/tomtom-testimonial-bg-1024x512.jpg",1024,512,true],"1536x1536":["https:\/\/media.mopinion.com\/wp-content\/uploads\/2016\/07\/28124118\/tomtom-testimonial-bg.jpg",1536,768,false],"2048x2048":["https:\/\/media.mopinion.com\/wp-content\/uploads\/2016\/07\/28124118\/tomtom-testimonial-bg.jpg",1600,800,false]},"rttpg_author":{"display_name":"Mopinion","author_link":"https:\/\/mopinion.com\/fr\/author\/mopinion\/"},"rttpg_comment":0,"rttpg_category":" <a href=\"https:\/\/mopinion.com\/fr\/category\/non-classifiee\/\" rel=\"tag\">Non classifi\u00e9(e)<\/a>","rttpg_excerpt":"Pourquoi TomTom utilise le feedback pour am\u00e9liorer l&rsquo;exp\u00e9rience client \u00ab\u00a0Seule la collecte de la satisfaction du client est trop simple. L&rsquo;une des principales raisons pour lesquelles nous avons choisi Mopinion est qu&rsquo;il est important de recueillir des commentaires sur le niveau de la page et les composants sp\u00e9cifiques du site Web. Un score g\u00e9n\u00e9ral sur\u2026","_links":{"self":[{"href":"https:\/\/mopinion.com\/fr\/wp-json\/wp\/v2\/pages\/57699","targetHints":{"allow":["GET"]}}],"collection":[{"href":"https:\/\/mopinion.com\/fr\/wp-json\/wp\/v2\/pages"}],"about":[{"href":"https:\/\/mopinion.com\/fr\/wp-json\/wp\/v2\/types\/page"}],"author":[{"embeddable":true,"href":"https:\/\/mopinion.com\/fr\/wp-json\/wp\/v2\/users\/1"}],"replies":[{"embeddable":true,"href":"https:\/\/mopinion.com\/fr\/wp-json\/wp\/v2\/comments?post=57699"}],"version-history":[{"count":3,"href":"https:\/\/mopinion.com\/fr\/wp-json\/wp\/v2\/pages\/57699\/revisions"}],"predecessor-version":[{"id":85038,"href":"https:\/\/mopinion.com\/fr\/wp-json\/wp\/v2\/pages\/57699\/revisions\/85038"}],"wp:featuredmedia":[{"embeddable":true,"href":"https:\/\/mopinion.com\/fr\/wp-json\/wp\/v2\/media\/53202"}],"wp:attachment":[{"href":"https:\/\/mopinion.com\/fr\/wp-json\/wp\/v2\/media?parent=57699"}],"wp:term":[{"taxonomy":"category","embeddable":true,"href":"https:\/\/mopinion.com\/fr\/wp-json\/wp\/v2\/categories?post=57699"},{"taxonomy":"post_tag","embeddable":true,"href":"https:\/\/mopinion.com\/fr\/wp-json\/wp\/v2\/tags?post=57699"}],"curies":[{"name":"wp","href":"https:\/\/api.w.org\/{rel}","templated":true}]}}