{"id":59459,"date":"2020-08-18T10:12:34","date_gmt":"2020-08-18T09:12:34","guid":{"rendered":"https:\/\/beta-site.mopinion.com\/merci-2\/"},"modified":"2023-03-21T15:08:32","modified_gmt":"2023-03-21T14:08:32","slug":"merci-2","status":"publish","type":"page","link":"https:\/\/mopinion.com\/fr\/resources\/merci-2\/","title":{"rendered":"Merci!"},"content":{"rendered":"<p><script>var editor = true; \/\/ set to \"true\" to turn off redirect protection. Set \"false\" to redirect traffic to homepage<\/script><\/p>\n<div class=\"content-wrap seeitlive-content-wrap\" id=\"language_NL\">\n<section id=\"download\" class=\"xs-mt-0 xs-mb-10\">\n<div class=\"container xs-pt-0 xs-pb-30\">\n<div class=\"row\">\n<div class=\"col-sm-10 col-sm-offset-1 lg-mb-30 xs-mb-15 xs-mt-15\">\n\t      \t\t<a href=\"https:\/\/mopinion.com\" target=\"_self\" rel=\"noopener\"><br \/>\n\t\t\t\t\t<img decoding=\"async\" src=\"https:\/\/mopinion.com\/wp-content\/themes\/Mopinionated\/images\/mopinion-logo.svg\" width=\"200\" alt=\"Mopinion Logo\"><br \/>\n\t\t\t\t<\/a>\n        \t\t<\/div>\n<div class=\"col-sm-10 col-sm-offset-1 lg-mb-30 lg-mt-15 text-center\">\n<h1 class=\"xs-mt-30 thank-text\">Merci de vous \u00eatre inscrit!<\/h1>\n<\/p><\/div>\n<div class=\"col-sm-10 col-sm-offset-1 text-center grey-block\">\n<p style=\"font-size:20px; color:#333;\">Regardez votre webinaire ci-dessous<\/p>\n<p><iframe loading=\"lazy\" id=\"webinar-frame\" width=\"840\" height=\"472.5\" src=\"\" frameborder=\"0\" allow=\"accelerometer; autoplay; encrypted-media; gyroscope; picture-in-picture\" allowfullscreen><\/iframe><\/p>\n<p style=\"font-size:14px;\">Pr\u00eat pour un essai de conduite ? <a target=\"_blank\" href=\"https:\/\/app.mopinion.com\/account\/sign-up\" rel=\"noopener\">Faites un tour avec notre logiciel de feedback ! <\/a> <\/p>\n<\/p><\/div>\n<\/p><\/div>\n<\/p><\/div>\n<\/section>\n<section id=\"social\" class=\"xs-mt-0 xs-mb-10\">\n<div class=\"container xs-pt-0 xs-pb-30\">\n<div class=\"row\">\n<div class=\"col-sm-10 col-sm-offset-1 text-center\">\n<h4 class=\"xs-mt-30\">Veuillez nous suivre:<\/h4>\n<ul style=\"margin:auto;\">\n<li class=\"inline-block\">\n\t\t\t\t\t\t\t<a href=\"https:\/\/www.facebook.com\/MopinionLabs\" class=\"social-links inverse xs-mr-20\"><i class=\"fab fa-facebook-f\"><\/i><\/a>\n\t\t\t\t\t\t<\/li>\n<li class=\"inline-block\">\n\t\t\t\t\t\t\t<a href=\"https:\/\/twitter.com\/managefeedback\" class=\"social-links inverse xs-mr-20\"><i class=\"fab fa-twitter\"><\/i><\/a>\n\t\t\t\t\t\t<\/li>\n<li class=\"inline-block\">\n\t\t\t\t\t\t\t<a href=\"https:\/\/www.linkedin.com\/company\/mopinion\" class=\"social-links inverse xs-mr-20\"><i class=\"fab fa-linkedin-in\"><\/i><\/a>\n\t\t\t\t\t\t<\/li>\n<\/ul><\/div>\n<\/p><\/div>\n<\/p><\/div>\n<\/section>\n<\/div>\n<section id=\"success-more\" class=\"xs-mt-0 xs-mb-10 xs-pt-60 xs-pb-60 light-bg customer-stories-section\">\n<div class=\"container xs-pt-0 xs-pb-30\">\n<div class=\"row\">\n<div class=\"col-sm-12 text-center\">\n<h2 class=\"xs-mt-40\">Voir plus de webinaires<\/h2>\n<div class=\"col-md-4 col-sm-6 col-xs-6 card-container\">\n\t\t\t\t\t\t\t<a class=\"switch-src\" data-value=\"webinar1\"><\/p>\n<div class=\"card\">\n\t\t\t\t\t\t\t\t\t<span class=\"btn btn-primary cust-story-btn\">Voir la vid\u00e9o<\/span><br \/>\n\t\t\t\t\t\t\t\t\t<img decoding=\"async\" class=\"card-img-top\" src=\"https:\/\/media.mopinion.com\/wp-content\/uploads\/2019\/10\/28110813\/webinar_inpage.jpg\" alt=\"Beach\"><\/p>\n<div class=\"card-body\">\n<div class=\"card-text-container\">\n<p class=\"card-text\">Comment les institutions financi\u00e8res utilisent le logiciel de retour d&rsquo;information en ligne pour am\u00e9liorer l&rsquo;exp\u00e9rience en ligne<\/p>\n<p class=\"card-link bold\"><a href=\"https:\/\/mopinion.com\/our-customers\/tomtom\/\">Voir la vid\u00e9o <i class=\"fa fa-arrow-right\"><\/i><\/a><\/p>\n<\/p><\/div>\n<\/p><\/div>\n<\/p><\/div>\n<p>\t\t\t\t\t\t\t<\/a>\n\t\t\t\t\t\t<\/div>\n<div class=\"col-md-4 col-sm-6 col-xs-6 card-container\">\n\t\t\t\t\t\t\t<a class=\"switch-src\" data-value=\"webinar2\"><\/p>\n<div class=\"card\">\n\t\t\t\t\t\t\t\t\t<span class=\"btn btn-primary cust-story-btn\">Voir la vid\u00e9o<\/span><br \/>\n\t\t\t\t\t\t\t\t\t<img decoding=\"async\" class=\"card-img-top\" src=\"https:\/\/media.mopinion.com\/wp-content\/uploads\/2020\/08\/28110812\/webinar_inpage_tui.jpg\" alt=\"Tui\"><\/p>\n<div class=\"card-body\">\n<div class=\"card-text-container\">\n<p class=\"card-text\">Comment la grande organisation de voyages TUI tire parti du retour d&rsquo;information en ligne de ses clients<\/p>\n<p class=\"card-link bold\"><a href=\"https:\/\/mopinion.com\/our-customers\/tomtom\/\">Voir la vid\u00e9o <i class=\"fa fa-arrow-right\"><\/i><\/a><\/p>\n<\/p><\/div>\n<\/p><\/div>\n<\/p><\/div>\n<p>\t\t\t\t\t\t\t<\/a>\n\t\t\t\t\t\t<\/div>\n<div class=\"col-md-4 col-sm-6 col-xs-6 card-container\">\n\t\t\t\t\t\t\t<a class=\"switch-src\" data-value=\"webinar3\"><\/p>\n<div class=\"card\">\n\t\t\t\t\t\t\t\t\t<span class=\"btn btn-primary cust-story-btn\">Voir la vid\u00e9o<\/span><br \/>\n\t\t\t\t\t\t\t\t\t<img decoding=\"async\" class=\"card-img-top\" src=\"https:\/\/media.mopinion.com\/wp-content\/uploads\/2020\/08\/28110758\/webinar_inpage_bijenkorf.jpg\" alt=\"Beach\"><\/p>\n<div class=\"card-body\">\n<div class=\"card-text-container\">\n<p class=\"card-text\">Comment de Bijenkorf utilise la puissance du retour d&rsquo;information des clients en ligne<\/p>\n<p class=\"card-link bold\"><a href=\"https:\/\/mopinion.com\/our-customers\/tomtom\/\">Voir la vid\u00e9o <i class=\"fa fa-arrow-right\"><\/i><\/a><\/p>\n<\/p><\/div>\n<\/p><\/div>\n<\/p><\/div>\n<p>\t\t\t\t\t\t\t<\/a>\n\t\t\t\t\t\t<\/div>\n<\/p><\/div>\n<\/p><\/div>\n<\/p><\/div>\n<\/section>\n<p>\t<script>jQuery(function(){var baseUrl = 'https:\/\/www.youtube.com\/embed\/';jQuery('.switch-src').on('click', function (e) {var url1 = baseUrl + 'To2cJiEAnxg';var url2 = baseUrl + 'xYm9JFK68WM';var url3 = baseUrl + 'IMzCxOD0aw4';if (jQuery(this).data(\"value\") == 'webinar1') {setSource(url1);}else if (jQuery(this).data(\"value\") == 'webinar2'){setSource(url2);}else if (jQuery(this).data(\"value\") == 'webinar3'){setSource(url3);}});function setSource (source) {jQuery('#webinar-frame').attr('src', source);jQuery([document.documentElement, document.body]).animate({scrollTop: jQuery(\".thank-text\").offset().top}, 2000);}});<\/script><\/p>\n","protected":false},"excerpt":{"rendered":"<p>Merci de vous \u00eatre inscrit! Regardez votre webinaire ci-dessous Pr\u00eat pour un essai de conduite ? Faites un tour avec notre logiciel de feedback ! Veuillez nous suivre: Voir plus de webinaires Voir la vid\u00e9o Comment les institutions financi\u00e8res utilisent le logiciel de retour d&rsquo;information en ligne pour am\u00e9liorer l&rsquo;exp\u00e9rience en ligne Voir la vid\u00e9o [&hellip;]<\/p>\n","protected":false},"author":39,"featured_media":0,"parent":79380,"menu_order":0,"comment_status":"closed","ping_status":"closed","template":"landingpage_pardot.php","meta":{"_acf_changed":false,"footnotes":""},"categories":[],"tags":[],"class_list":["post-59459","page","type-page","status-publish","hentry"],"acf":[],"yoast_head":"<!-- This site is optimized with the Yoast SEO plugin v24.9 - https:\/\/yoast.com\/wordpress\/plugins\/seo\/ -->\n<title>Merci! - Mopinion<\/title>\n<meta name=\"robots\" content=\"index, follow, max-snippet:-1, max-image-preview:large, max-video-preview:-1\" \/>\n<link rel=\"canonical\" href=\"https:\/\/mopinion.com\/fr\/resources\/merci-2\/\" \/>\n<meta property=\"og:locale\" content=\"fr_FR\" \/>\n<meta property=\"og:type\" content=\"article\" \/>\n<meta property=\"og:title\" content=\"Merci! - Mopinion\" \/>\n<meta property=\"og:description\" content=\"Merci de vous \u00eatre inscrit! Regardez votre webinaire ci-dessous Pr\u00eat pour un essai de conduite ? Faites un tour avec notre logiciel de feedback ! Veuillez nous suivre: Voir plus de webinaires Voir la vid\u00e9o Comment les institutions financi\u00e8res utilisent le logiciel de retour d&rsquo;information en ligne pour am\u00e9liorer l&rsquo;exp\u00e9rience en ligne Voir la vid\u00e9o [&hellip;]\" \/>\n<meta property=\"og:url\" content=\"https:\/\/mopinion.com\/fr\/resources\/merci-2\/\" \/>\n<meta property=\"og:site_name\" content=\"Mopinion\" \/>\n<meta property=\"article:modified_time\" content=\"2023-03-21T14:08:32+00:00\" \/>\n<meta property=\"og:image\" content=\"https:\/\/mopinion.com\/wp-content\/themes\/Mopinionated\/images\/mopinion-logo.svg\" \/>\n<meta name=\"twitter:card\" content=\"summary_large_image\" \/>\n<meta name=\"twitter:label1\" content=\"Est. reading time\" \/>\n\t<meta name=\"twitter:data1\" content=\"2 minutes\" \/>\n<script type=\"application\/ld+json\" class=\"yoast-schema-graph\">{\"@context\":\"https:\/\/schema.org\",\"@graph\":[{\"@type\":\"WebPage\",\"@id\":\"https:\/\/mopinion.com\/fr\/resources\/merci-2\/\",\"url\":\"https:\/\/mopinion.com\/fr\/resources\/merci-2\/\",\"name\":\"Merci! - Mopinion\",\"isPartOf\":{\"@id\":\"https:\/\/mopinion.com\/fr\/#website\"},\"primaryImageOfPage\":{\"@id\":\"https:\/\/mopinion.com\/fr\/resources\/merci-2\/#primaryimage\"},\"image\":{\"@id\":\"https:\/\/mopinion.com\/fr\/resources\/merci-2\/#primaryimage\"},\"thumbnailUrl\":\"https:\/\/mopinion.com\/wp-content\/themes\/Mopinionated\/images\/mopinion-logo.svg\",\"datePublished\":\"2020-08-18T09:12:34+00:00\",\"dateModified\":\"2023-03-21T14:08:32+00:00\",\"breadcrumb\":{\"@id\":\"https:\/\/mopinion.com\/fr\/resources\/merci-2\/#breadcrumb\"},\"inLanguage\":\"fr-FR\",\"potentialAction\":[{\"@type\":\"ReadAction\",\"target\":[\"https:\/\/mopinion.com\/fr\/resources\/merci-2\/\"]}]},{\"@type\":\"ImageObject\",\"inLanguage\":\"fr-FR\",\"@id\":\"https:\/\/mopinion.com\/fr\/resources\/merci-2\/#primaryimage\",\"url\":\"https:\/\/mopinion.com\/wp-content\/themes\/Mopinionated\/images\/mopinion-logo.svg\",\"contentUrl\":\"https:\/\/mopinion.com\/wp-content\/themes\/Mopinionated\/images\/mopinion-logo.svg\"},{\"@type\":\"BreadcrumbList\",\"@id\":\"https:\/\/mopinion.com\/fr\/resources\/merci-2\/#breadcrumb\",\"itemListElement\":[{\"@type\":\"ListItem\",\"position\":1,\"name\":\"Home\",\"item\":\"https:\/\/mopinion.com\/fr\/\"},{\"@type\":\"ListItem\",\"position\":2,\"name\":\"Merci!\"}]},{\"@type\":\"WebSite\",\"@id\":\"https:\/\/mopinion.com\/fr\/#website\",\"url\":\"https:\/\/mopinion.com\/fr\/\",\"name\":\"Mopinion\",\"description\":\"Customer Feedback Intelligence For Digital Enterprises\",\"publisher\":{\"@id\":\"https:\/\/mopinion.com\/fr\/#organization\"},\"potentialAction\":[{\"@type\":\"SearchAction\",\"target\":{\"@type\":\"EntryPoint\",\"urlTemplate\":\"https:\/\/mopinion.com\/fr\/?s={search_term_string}\"},\"query-input\":{\"@type\":\"PropertyValueSpecification\",\"valueRequired\":true,\"valueName\":\"search_term_string\"}}],\"inLanguage\":\"fr-FR\"},{\"@type\":\"Organization\",\"@id\":\"https:\/\/mopinion.com\/fr\/#organization\",\"name\":\"Mopinion\",\"url\":\"https:\/\/mopinion.com\/fr\/\",\"logo\":{\"@type\":\"ImageObject\",\"inLanguage\":\"fr-FR\",\"@id\":\"https:\/\/mopinion.com\/fr\/#\/schema\/logo\/image\/\",\"url\":\"https:\/\/media.mopinion.com\/wp-content\/uploads\/2015\/12\/28084926\/m_icon.png\",\"contentUrl\":\"https:\/\/media.mopinion.com\/wp-content\/uploads\/2015\/12\/28084926\/m_icon.png\",\"width\":140,\"height\":140,\"caption\":\"Mopinion\"},\"image\":{\"@id\":\"https:\/\/mopinion.com\/fr\/#\/schema\/logo\/image\/\"}}]}<\/script>\n<!-- \/ Yoast SEO plugin. -->","yoast_head_json":{"title":"Merci! - Mopinion","robots":{"index":"index","follow":"follow","max-snippet":"max-snippet:-1","max-image-preview":"max-image-preview:large","max-video-preview":"max-video-preview:-1"},"canonical":"https:\/\/mopinion.com\/fr\/resources\/merci-2\/","og_locale":"fr_FR","og_type":"article","og_title":"Merci! - Mopinion","og_description":"Merci de vous \u00eatre inscrit! Regardez votre webinaire ci-dessous Pr\u00eat pour un essai de conduite ? Faites un tour avec notre logiciel de feedback ! Veuillez nous suivre: Voir plus de webinaires Voir la vid\u00e9o Comment les institutions financi\u00e8res utilisent le logiciel de retour d&rsquo;information en ligne pour am\u00e9liorer l&rsquo;exp\u00e9rience en ligne Voir la vid\u00e9o [&hellip;]","og_url":"https:\/\/mopinion.com\/fr\/resources\/merci-2\/","og_site_name":"Mopinion","article_modified_time":"2023-03-21T14:08:32+00:00","og_image":[{"url":"https:\/\/mopinion.com\/wp-content\/themes\/Mopinionated\/images\/mopinion-logo.svg","type":"","width":"","height":""}],"twitter_card":"summary_large_image","twitter_misc":{"Est. reading time":"2 minutes"},"schema":{"@context":"https:\/\/schema.org","@graph":[{"@type":"WebPage","@id":"https:\/\/mopinion.com\/fr\/resources\/merci-2\/","url":"https:\/\/mopinion.com\/fr\/resources\/merci-2\/","name":"Merci! - Mopinion","isPartOf":{"@id":"https:\/\/mopinion.com\/fr\/#website"},"primaryImageOfPage":{"@id":"https:\/\/mopinion.com\/fr\/resources\/merci-2\/#primaryimage"},"image":{"@id":"https:\/\/mopinion.com\/fr\/resources\/merci-2\/#primaryimage"},"thumbnailUrl":"https:\/\/mopinion.com\/wp-content\/themes\/Mopinionated\/images\/mopinion-logo.svg","datePublished":"2020-08-18T09:12:34+00:00","dateModified":"2023-03-21T14:08:32+00:00","breadcrumb":{"@id":"https:\/\/mopinion.com\/fr\/resources\/merci-2\/#breadcrumb"},"inLanguage":"fr-FR","potentialAction":[{"@type":"ReadAction","target":["https:\/\/mopinion.com\/fr\/resources\/merci-2\/"]}]},{"@type":"ImageObject","inLanguage":"fr-FR","@id":"https:\/\/mopinion.com\/fr\/resources\/merci-2\/#primaryimage","url":"https:\/\/mopinion.com\/wp-content\/themes\/Mopinionated\/images\/mopinion-logo.svg","contentUrl":"https:\/\/mopinion.com\/wp-content\/themes\/Mopinionated\/images\/mopinion-logo.svg"},{"@type":"BreadcrumbList","@id":"https:\/\/mopinion.com\/fr\/resources\/merci-2\/#breadcrumb","itemListElement":[{"@type":"ListItem","position":1,"name":"Home","item":"https:\/\/mopinion.com\/fr\/"},{"@type":"ListItem","position":2,"name":"Merci!"}]},{"@type":"WebSite","@id":"https:\/\/mopinion.com\/fr\/#website","url":"https:\/\/mopinion.com\/fr\/","name":"Mopinion","description":"Customer Feedback Intelligence For Digital Enterprises","publisher":{"@id":"https:\/\/mopinion.com\/fr\/#organization"},"potentialAction":[{"@type":"SearchAction","target":{"@type":"EntryPoint","urlTemplate":"https:\/\/mopinion.com\/fr\/?s={search_term_string}"},"query-input":{"@type":"PropertyValueSpecification","valueRequired":true,"valueName":"search_term_string"}}],"inLanguage":"fr-FR"},{"@type":"Organization","@id":"https:\/\/mopinion.com\/fr\/#organization","name":"Mopinion","url":"https:\/\/mopinion.com\/fr\/","logo":{"@type":"ImageObject","inLanguage":"fr-FR","@id":"https:\/\/mopinion.com\/fr\/#\/schema\/logo\/image\/","url":"https:\/\/media.mopinion.com\/wp-content\/uploads\/2015\/12\/28084926\/m_icon.png","contentUrl":"https:\/\/media.mopinion.com\/wp-content\/uploads\/2015\/12\/28084926\/m_icon.png","width":140,"height":140,"caption":"Mopinion"},"image":{"@id":"https:\/\/mopinion.com\/fr\/#\/schema\/logo\/image\/"}}]}},"rttpg_featured_image_url":null,"rttpg_author":{"display_name":"Yannick Post","author_link":"https:\/\/mopinion.com\/fr\/author\/yannick-post\/"},"rttpg_comment":0,"rttpg_category":false,"rttpg_excerpt":"Merci de vous \u00eatre inscrit! Regardez votre webinaire ci-dessous Pr\u00eat pour un essai de conduite ? Faites un tour avec notre logiciel de feedback ! Veuillez nous suivre: Voir plus de webinaires Voir la vid\u00e9o Comment les institutions financi\u00e8res utilisent le logiciel de retour d&rsquo;information en ligne pour am\u00e9liorer l&rsquo;exp\u00e9rience en ligne Voir la vid\u00e9o\u2026","_links":{"self":[{"href":"https:\/\/mopinion.com\/fr\/wp-json\/wp\/v2\/pages\/59459","targetHints":{"allow":["GET"]}}],"collection":[{"href":"https:\/\/mopinion.com\/fr\/wp-json\/wp\/v2\/pages"}],"about":[{"href":"https:\/\/mopinion.com\/fr\/wp-json\/wp\/v2\/types\/page"}],"author":[{"embeddable":true,"href":"https:\/\/mopinion.com\/fr\/wp-json\/wp\/v2\/users\/39"}],"replies":[{"embeddable":true,"href":"https:\/\/mopinion.com\/fr\/wp-json\/wp\/v2\/comments?post=59459"}],"version-history":[{"count":4,"href":"https:\/\/mopinion.com\/fr\/wp-json\/wp\/v2\/pages\/59459\/revisions"}],"predecessor-version":[{"id":84645,"href":"https:\/\/mopinion.com\/fr\/wp-json\/wp\/v2\/pages\/59459\/revisions\/84645"}],"up":[{"embeddable":true,"href":"https:\/\/mopinion.com\/fr\/wp-json\/wp\/v2\/pages\/79380"}],"wp:attachment":[{"href":"https:\/\/mopinion.com\/fr\/wp-json\/wp\/v2\/media?parent=59459"}],"wp:term":[{"taxonomy":"category","embeddable":true,"href":"https:\/\/mopinion.com\/fr\/wp-json\/wp\/v2\/categories?post=59459"},{"taxonomy":"post_tag","embeddable":true,"href":"https:\/\/mopinion.com\/fr\/wp-json\/wp\/v2\/tags?post=59459"}],"curies":[{"name":"wp","href":"https:\/\/api.w.org\/{rel}","templated":true}]}}