{"id":60216,"date":"2021-07-26T11:37:59","date_gmt":"2021-07-26T10:37:59","guid":{"rendered":"https:\/\/beta-site.mopinion.com\/demandez-une-demo-personnalisee-2\/"},"modified":"2024-10-21T14:14:02","modified_gmt":"2024-10-21T13:14:02","slug":"demandez-une-demo-personnalisee","status":"publish","type":"page","link":"https:\/\/mopinion.com\/fr\/demandez-une-demo-personnalisee\/","title":{"rendered":"Demandez une demo personnalis\u00e9e"},"content":{"rendered":"<p><script>function getTrackCookie() {let name = 'MOP_TRACK' + '=';let ca = document.cookie.split(';');for(let i = 0; i < ca.length; i++) {let c = ca[i];while (c.charAt(0) == ' ') {c = c.substring(1);}if (c.indexOf(name) == 0) {return c.substring(name.length, c.length);}}return \"\";}function setPardotUrl() {console.log('set pardot url');let trackSource = getTrackCookie();if (trackSource == \"\") {trackSource = 'Other'}let pardotField = 'Extra_Info';let params = '?'+pardotField+'='+trackSource;let form = 'https:\/\/go.mopinion.com\/l\/287092\/2023-09-12\/37b3z8';let thisScript = document.scripts[document.scripts.length - 1];let iframe = document.createElement('iframe');iframe.setAttribute('src', form + params);iframe.setAttribute('width', '100%');iframe.setAttribute('height', 510);iframe.setAttribute('type', 'text\/html');iframe.setAttribute('frameborder', 0);iframe.setAttribute('allowTransparency', 'true');iframe.style.border = '0';thisScript.parentElement.replaceChild(iframe, thisScript);}<\/script><\/p>\n<style>\n.header-light {\n    padding-top: 5rem;\n\tmargin-bottom: 120px;\n}<\/p>\n<p>.demo-page__new .form-wrap {\n\tmax-width:600px;\n\t}<\/p>\n<p>.list-general i {\n    vertical-align: middle;\n\tpadding-right: 15px;\n\t}<\/p>\n<p>.list-general {\n\tpadding:50px 30px 50px;\n}<\/p>\n<p>.list-general li {\n\tmargin: 10px 0;\n}<\/p>\n<p>.demo-page__new .form-wrap {\t \n\tmargin: auto;\n}<\/p>\n<p>.header-textblock {\t \n\tmargin-top: 50px;\n    margin-bottom: 50px;\n}<\/p>\n<p>\/*\n.header-text-content-top__new {\n    display: flex;\n    flex-direction: column;\n    justify-content: space-between;\n}\n*\/<\/p>\n<p>.list-general li:not(:last-child) {\n    margin: 0;\n    margin-bottom: 1.2rem;\n}<\/p>\n<\/style>\n<section class=\"header-light\">\n<div class=\"container-lg\">\n<div class=\"row\">\n<div class=\"col-10 mx-auto col-md-5 col-lg-6 xs-mb-40 header-text-container-top__new d-flex\">\n<div class=\"header-text-content-top__new text-center text-md-start\">\n\t\t\t\t\t<img decoding=\"async\" class=\"align-self-center align-self-md-start mb-4 mb-md-0\" src=\"https:\/\/media.mopinion.com\/wp-content\/themes\/Mopinionated\/images\/mopinion-logo.svg\" width=\"200\" \/><\/p>\n<div class=\"header-textblock\">\n<p class=\"mb-0 h3\">R\u00e9servez une d\u00e9mo personnalis\u00e9e<\/p>\n<h1 id=\"header-text\" class=\"header-heading mb-0\">D\u00e9couvrez ce que Mopinion peut faire pour vous.<\/h1>\n<\/p><\/div>\n<p class=\"h3 mb-0 xs-mt-20\">Parlez-nous un peu de vous et nous vous mettrons en contact avec un expert Mopinion qui pourra vous en dire plus sur le produit et r\u00e9pondre \u00e0 toutes vos questions.<\/p>\n<ul class=\"list-general my-4 my-md-0\">\n<li><i class=\"fa-solid fa-check\"><\/i> D\u00e9couvrez les informations manquantes pour optimiser les exp\u00e9riences num\u00e9riques.<\/li>\n<li><i class=\"fa-solid fa-check\"><\/i> Vous savez ce que font les utilisateurs, d\u00e9couvrez maintenant pourquoi.<\/li>\n<li><i class=\"fa-solid fa-check\"><\/i> Optimisez vos canaux num\u00e9riques pour vos publics cibles.<\/li>\n<\/ul>\n<h3 class=\"xs-mb-20\"><strong>Le meilleur logiciel de feedback client pour Web, App et Email<\/strong><\/h3>\n<\/p><\/div>\n<\/p><\/div>\n<div class=\"col-12 col-md-7 col-lg-6\">\n<div class=\"demo-page__new\">\n<div class=\"form-parent\" >\n<div class=\"form-wrap\">\n<div class=\"\">\n<h3 class=\"bold\">R\u00e9servez votre d\u00e9mo<\/h3>\n<\/p><\/div>\n<p>\t\t\t\t\t\t\t<noscript><br \/>\n\t\t\t\t\t\t\t\t<iframe loading=\"lazy\" src=\"https:\/\/go.mopinion.com\/l\/287092\/2023-09-12\/37b3z8\" width=\"100%\" height=\"510\" type=\"text\/html\" frameborder=\"0\" allowTransparency=\"true\" style=\"border: 0\"><\/iframe><br \/>\n\t\t\t\t\t\t\t<\/noscript><br \/>\n\t\t\t\t\t\t\t<iframe loading=\"lazy\" src=\"https:\/\/go.mopinion.com\/l\/287092\/2023-09-12\/37b3z8?Extra_Info=google.com\" width=\"100%\" height=\"510\" type=\"text\/html\" frameborder=\"0\" allowtransparency=\"true\" style=\"border: 0px; height: 315px;\" data-dashlane-frameid=\"4021\"><\/iframe>\n\t\t\t\t\t\t<\/div>\n<\/p><\/div>\n<\/p><\/div>\n<\/p><\/div>\n<\/p><\/div>\n<\/p><\/div>\n<\/section>\n<section class=\"customer-quote xs-mt-60\">\n<div class=\"container-lg\">\n<div class=\"row justify-content-md-center\">\n<div class=\"col-sm-8\">\n<div class=\"quote-wrap\">\n<p class=\"text-center\" style=\"font-size:20px;font-style:italic;margin-bottom:0px;\">\"En utilisant Mopinion, nous avons r\u00e9solu le probl\u00e8me et, en cons\u00e9quence, la conversion est pass\u00e9e de 0,48 % \u00e0 3,50 %, ce qui s'est traduit par plus de 900 000 \u20ac de chiffre d'affaires suppl\u00e9mentaire en primes. Cela montre que les retours clients peuvent vous faire \u00e9conomiser beaucoup d'argent.\"<\/p>\n<div class=\"d-flex flex-column ms-auto\">\n<div class=\"d-flex justify-content-end\">\n\t\t\t\t\t\t<img decoding=\"async\" src=\"https:\/\/media.mopinion.com\/wp-content\/themes\/Mopinionated\/images\/customers\/Customer_logos_175x70\/svg\/logo_allianz.svg\" width=\"100\" alt=\"logo\" class=\"\" style=\" transform: translateX(-0.75rem);\">\n\t\t\t\t\t<\/div>\n<p class=\"text-end mb-0 fw-600\"><strong>Stefan van Ballegooie<\/strong><\/p>\n<p class=\"text-end fw-400 lh-1\">Conversion Specialist<\/p>\n<\/p><\/div>\n<\/p><\/div>\n<\/p><\/div>\n<\/p><\/div>\n<\/p><\/div>\n<\/section>\n<section class=\"xs-mt-40\">\n<div class=\"container xs-pt-30 xs-pb-30\">\n<div class=\"row\">\n<div class=\"col-sm-10 col-sm-offset-1\">\n<h2 class=\"text-center\">\n<\/h2>\n<ul class=\"client-logos\">\n\t\t\t<li><img decoding=\"async\" class=\"client-logo greyscale\" alt=\"Pon Logo\" src=\"https:\/\/media.mopinion.com\/wp-content\/themes\/Mopinionated\/images\/customers\/Customer_logos_175x70\/logo_pon.png\"><\/li>\n\t\t\t<li><img decoding=\"async\" class=\"client-logo greyscale\" alt=\"Gazelle Logo\" src=\"https:\/\/media.mopinion.com\/wp-content\/themes\/Mopinionated\/images\/customers\/Customer_logos_175x70\/logo_gazelle.png\"><\/li>\n\t\t\t<li><img decoding=\"async\" class=\"client-logo greyscale\" alt=\"DPG Logo\" src=\"https:\/\/media.mopinion.com\/wp-content\/themes\/Mopinionated\/images\/customers\/Customer_logos_175x70\/logo_dpg.png\"><\/li>\n\t\n\t\t\t<li><img decoding=\"async\" class=\"client-logo greyscale\" alt=\"KLM Logo\" src=\"https:\/\/media.mopinion.com\/wp-content\/themes\/Mopinionated\/images\/customers\/Customer_logos_175x70\/logo_klm.png\"><\/li>\n\t\t\t<li><img decoding=\"async\" class=\"client-logo greyscale\" alt=\"Decathlon Logo\" src=\"https:\/\/media.mopinion.com\/wp-content\/themes\/Mopinionated\/images\/customers\/Customer_logos_175x70\/logo_decathlon.png\"><\/li>\n\t\t\t<li><img decoding=\"async\" class=\"client-logo greyscale\" alt=\"OKCupid Logo\" src=\"https:\/\/media.mopinion.com\/wp-content\/themes\/Mopinionated\/images\/customers\/Customer_logos_175x70\/logo_okcupid.png\"><\/li>\n\t\t<\/ul>\n\t\t\n\t\t<ul class=\"client-logos\">\n\t\t\t<li><img decoding=\"async\" class=\"client-logo greyscale\" alt=\"iRobot Logo\" src=\"https:\/\/media.mopinion.com\/wp-content\/themes\/Mopinionated\/images\/customers\/Customer_logos_175x70\/logo_irobot.png\"><\/li>\n\t\t\t<li><img decoding=\"async\" class=\"client-logo greyscale\" alt=\"Hunkemoller Logo\" src=\"https:\/\/media.mopinion.com\/wp-content\/themes\/Mopinionated\/images\/customers\/Customer_logos_175x70\/logo_hunkemoller.png\"><\/li>\n\t\t\t<li><img decoding=\"async\" class=\"client-logo greyscale\" alt=\"Zuora Logo\" src=\"https:\/\/media.mopinion.com\/wp-content\/themes\/Mopinionated\/images\/customers\/Customer_logos_175x70\/logo_zuora.png\"><\/li>\n\t\n\t\t\t<li><img decoding=\"async\" class=\"client-logo greyscale\" alt=\"Vodafone Logo\" src=\"https:\/\/media.mopinion.com\/wp-content\/themes\/Mopinionated\/images\/customers\/Customer_logos_175x70\/logo_vodafone.png\"><\/li>\n\t\t\t<li><img decoding=\"async\" class=\"client-logo greyscale\" alt=\"Adeo Logo\" src=\"https:\/\/media.mopinion.com\/wp-content\/themes\/Mopinionated\/images\/customers\/Customer_logos_175x70\/logo_adeo.png\"><\/li>\n\t\t\t<li><img decoding=\"async\" class=\"client-logo greyscale\" alt=\"Grohe Logo\" src=\"https:\/\/media.mopinion.com\/wp-content\/themes\/Mopinionated\/images\/customers\/Customer_logos_175x70\/logo_grohe.png\"><\/li>\n\t\t<\/ul>\n\t\t\n\t\t<ul class=\"client-logos\">\n\t\t\t<li><img decoding=\"async\" class=\"client-logo greyscale\" alt=\"DHL Logo\" src=\"https:\/\/media.mopinion.com\/wp-content\/themes\/Mopinionated\/images\/customers\/Customer_logos_175x70\/logo_dhl.png\"><\/li>\n\t\t\t<li><img decoding=\"async\" class=\"client-logo greyscale\" alt=\"Tommy Hilfiger Logo\" src=\"https:\/\/media.mopinion.com\/wp-content\/themes\/Mopinionated\/images\/customers\/Customer_logos_175x70\/logo_tommyhilfiger.png\"><\/li>\n\t\t\t<li><img decoding=\"async\" class=\"client-logo greyscale\" alt=\"Colgate Logo\" src=\"https:\/\/media.mopinion.com\/wp-content\/themes\/Mopinionated\/images\/customers\/Customer_logos_175x70\/logo_colgate.png\"><\/li>\n\t\n\t\t\t<li><img decoding=\"async\" class=\"client-logo greyscale\" alt=\"Toyota Logo\" src=\"https:\/\/media.mopinion.com\/wp-content\/themes\/Mopinionated\/images\/customers\/Customer_logos_175x70\/logo_toyota.png\"><\/li>\n\t\t\t<li><img decoding=\"async\" class=\"client-logo greyscale\" alt=\"Hema Logo\" src=\"https:\/\/media.mopinion.com\/wp-content\/themes\/Mopinionated\/images\/customers\/Customer_logos_175x70\/logo_hema.png\"><\/li>\n\t\t\t<li><img decoding=\"async\" class=\"client-logo greyscale\" alt=\"Conrad Logo\" src=\"https:\/\/media.mopinion.com\/wp-content\/themes\/Mopinionated\/images\/customers\/Customer_logos_175x70\/logo_conrad.png\"><\/li>\n\t\t<\/ul>\n\t\t\n\t\t<ul class=\"client-logos\">\n\t\t\t<li><img decoding=\"async\" class=\"client-logo greyscale\" alt=\"TomTom Logo\" src=\"https:\/\/media.mopinion.com\/wp-content\/themes\/Mopinionated\/images\/customers\/Customer_logos_175x70\/logo_tomtom.png\"><\/li>\n\t\t\t<li><img decoding=\"async\" class=\"client-logo greyscale\" alt=\"T-Mobile Logo\" src=\"https:\/\/media.mopinion.com\/wp-content\/themes\/Mopinionated\/images\/customers\/Customer_logos_175x70\/logo_odido.png\"><\/li>\n\t\t\t<li><img decoding=\"async\" class=\"client-logo greyscale\" alt=\"Randstad Logo\" src=\"https:\/\/media.mopinion.com\/wp-content\/themes\/Mopinionated\/images\/customers\/Customer_logos_175x70\/logo_randstad.png\"><\/li>\n\t\n\t\t\t<li><img decoding=\"async\" class=\"client-logo greyscale\" alt=\"KPN Logo\" src=\"https:\/\/media.mopinion.com\/wp-content\/themes\/Mopinionated\/images\/customers\/Customer_logos_175x70\/logo_kpn.png\"><\/li>\n\t\t\t<li><img decoding=\"async\" class=\"client-logo greyscale\" alt=\"Bijenkorf Logo\" src=\"https:\/\/media.mopinion.com\/wp-content\/themes\/Mopinionated\/images\/customers\/Customer_logos_175x70\/logo_bijenkorf.png\"><\/li>\n\t\t\t<li><img decoding=\"async\" class=\"client-logo greyscale\" alt=\"De Lijn Logo\" src=\"https:\/\/media.mopinion.com\/wp-content\/themes\/Mopinionated\/images\/customers\/Customer_logos_175x70\/logo_delijn.png\"><\/li>\n\t\t<\/ul>\n\t\t\n\t\t<ul class=\"client-logos\">\n\t\t\t<li><img decoding=\"async\" class=\"client-logo greyscale\" alt=\"Accor Logo\" src=\"https:\/\/media.mopinion.com\/wp-content\/themes\/Mopinionated\/images\/customers\/Customer_logos_175x70\/logo_accor.png\"><\/li>\n\t\t\t<li><img decoding=\"async\" class=\"client-logo greyscale\" alt=\"Jimdo Logo\" src=\"https:\/\/media.mopinion.com\/wp-content\/themes\/Mopinionated\/images\/customers\/Customer_logos_175x70\/logo_jimdo.png\"><\/li>\n\t\t\t<li><img decoding=\"async\" class=\"client-logo greyscale\" alt=\"CSS Logo\" src=\"https:\/\/media.mopinion.com\/wp-content\/themes\/Mopinionated\/images\/customers\/Customer_logos_175x70\/logo_css.png\"><\/li>\n\t\n\t\t\t<li><img decoding=\"async\" class=\"client-logo greyscale\" alt=\"Campina Logo\" src=\"https:\/\/media.mopinion.com\/wp-content\/themes\/Mopinionated\/images\/customers\/Customer_logos_175x70\/logo_campina.png\"><\/li>\n\t\t\t<li><img decoding=\"async\" class=\"client-logo greyscale\" alt=\"Action Logo\" src=\"https:\/\/media.mopinion.com\/wp-content\/themes\/Mopinionated\/images\/customers\/Customer_logos_175x70\/logo_action.png\"><\/li>\n\t\t\t<li><img decoding=\"async\" class=\"client-logo greyscale\" alt=\"Del Haize Logo\" src=\"https:\/\/media.mopinion.com\/wp-content\/themes\/Mopinionated\/images\/customers\/Customer_logos_175x70\/logo_delhaize.png\"><\/li>\n\t\t<\/ul>\n\t\t\n\t\t<ul class=\"client-logos\">\n\t\t\t<li><img decoding=\"async\" class=\"client-logo greyscale\" alt=\"Ahold Logo\" src=\"https:\/\/media.mopinion.com\/wp-content\/themes\/Mopinionated\/images\/customers\/Customer_logos_175x70\/logo_ahold.png\"><\/li>\n\t\t\t<li><img decoding=\"async\" class=\"client-logo greyscale\" alt=\"TNO Logo\" src=\"https:\/\/media.mopinion.com\/wp-content\/themes\/Mopinionated\/images\/customers\/Customer_logos_175x70\/logo_tno.png\"><\/li>\n\t\t\t<li><img decoding=\"async\" class=\"client-logo greyscale\" alt=\"Scania Logo\" src=\"https:\/\/media.mopinion.com\/wp-content\/themes\/Mopinionated\/images\/customers\/Customer_logos_175x70\/logo_scania.png\"><\/li>\n\t\n\t\t\t<li><img decoding=\"async\" class=\"client-logo greyscale\" alt=\"Zeeman Logo\" src=\"https:\/\/media.mopinion.com\/wp-content\/themes\/Mopinionated\/images\/customers\/Customer_logos_175x70\/logo_zeeman.png\"><\/li>\n\t\t\t<li><img decoding=\"async\" class=\"client-logo greyscale\" alt=\"Efteling Logo\" src=\"https:\/\/media.mopinion.com\/wp-content\/themes\/Mopinionated\/images\/customers\/Customer_logos_175x70\/logo_efteling.png\"><\/li>\n\t\t\t<li><img decoding=\"async\" class=\"client-logo greyscale\" alt=\"Bridgestone Logo\" src=\"https:\/\/media.mopinion.com\/wp-content\/themes\/Mopinionated\/images\/customers\/Customer_logos_175x70\/logo_bridgestone.png\"><\/li>\n\t\t<\/ul>\n\t\t<\/div>\n<\/p><\/div>\n<\/p><\/div>\n<\/section>\n<section class=\"clean-cta-container py-5\">\n<div class=\"container\">\n<div class=\"row\">\n<div class=\"col-12 col-xl-10 mx-auto\">\n<div class=\"clean-cta cta-light rounded px-2\">\n<h2 class=\"text-center fw-600\">Qu'est-ce que vous attendez?<\/h2>\n<div class=\"btn-wrapper\">\n\t\t\t\t\t\t<a href=\"javascript:;\" id=\"back-to-top\" class=\"btn btn-lg btn-primary text-uppercase\">R\u00e9servez votre d\u00e9mo<\/a>\n\t\t\t\t\t<\/div>\n<\/p><\/div>\n<\/p><\/div>\n<\/p><\/div>\n<\/p><\/div>\n<\/section>\n<p><script data-name=\"chilipiper\" data-src=\"https:\/\/js.na.chilipiper.com\/marketing.js\" type=\"text\/javascript\" async><\/script><br \/>\n<script>window.addEventListener(\"message\", receiveMessage, false);function receiveMessage(event) {let iframe = document.querySelector('.form-wrap iframe');if (event.data.message === \"PARDOT_FORM_RESIZE\") {console.log(event.data.data);iframe.style.height = `${event.data.data}px`}}\/\/ Move code to MOPI, just here for testing purposes<\/script><\/p>\n","protected":false},"excerpt":{"rendered":"<p>R\u00e9servez une d\u00e9mo personnalis\u00e9e D\u00e9couvrez ce que Mopinion peut faire pour vous. Parlez-nous un peu de vous et nous vous mettrons en contact avec un expert Mopinion qui pourra vous en dire plus sur le produit et r\u00e9pondre \u00e0 toutes vos questions. D\u00e9couvrez les informations manquantes pour optimiser les exp\u00e9riences num\u00e9riques. Vous savez ce que [&hellip;]<\/p>\n","protected":false},"author":39,"featured_media":72550,"parent":0,"menu_order":0,"comment_status":"closed","ping_status":"closed","template":"landingpage_pardot.php","meta":{"_acf_changed":false,"footnotes":""},"categories":[],"tags":[],"class_list":["post-60216","page","type-page","status-publish","has-post-thumbnail","hentry"],"acf":[],"yoast_head":"<!-- This site is optimized with the Yoast SEO plugin v24.9 - https:\/\/yoast.com\/wordpress\/plugins\/seo\/ -->\n<title>Demandez une demo personnalis\u00e9e - Mopinion<\/title>\n<meta name=\"robots\" content=\"index, follow, max-snippet:-1, max-image-preview:large, max-video-preview:-1\" \/>\n<link rel=\"canonical\" href=\"https:\/\/mopinion.com\/fr\/demandez-une-demo-personnalisee\/\" \/>\n<meta property=\"og:locale\" content=\"fr_FR\" \/>\n<meta property=\"og:type\" content=\"article\" \/>\n<meta property=\"og:title\" content=\"Demandez une demo personnalis\u00e9e - Mopinion\" \/>\n<meta property=\"og:description\" content=\"R\u00e9servez une d\u00e9mo personnalis\u00e9e D\u00e9couvrez ce que Mopinion peut faire pour vous. Parlez-nous un peu de vous et nous vous mettrons en contact avec un expert Mopinion qui pourra vous en dire plus sur le produit et r\u00e9pondre \u00e0 toutes vos questions. D\u00e9couvrez les informations manquantes pour optimiser les exp\u00e9riences num\u00e9riques. Vous savez ce que [&hellip;]\" \/>\n<meta property=\"og:url\" content=\"https:\/\/mopinion.com\/fr\/demandez-une-demo-personnalisee\/\" \/>\n<meta property=\"og:site_name\" content=\"Mopinion\" \/>\n<meta property=\"article:modified_time\" content=\"2024-10-21T13:14:02+00:00\" \/>\n<meta property=\"og:image\" content=\"https:\/\/media.mopinion.com\/wp-content\/uploads\/2021\/04\/28084107\/management-580x550.png\" \/>\n\t<meta property=\"og:image:width\" content=\"685\" \/>\n\t<meta property=\"og:image:height\" content=\"556\" \/>\n\t<meta property=\"og:image:type\" content=\"image\/png\" \/>\n<meta name=\"twitter:card\" content=\"summary_large_image\" \/>\n<meta name=\"twitter:label1\" content=\"Est. reading time\" \/>\n\t<meta name=\"twitter:data1\" content=\"2 minutes\" \/>\n<script type=\"application\/ld+json\" class=\"yoast-schema-graph\">{\"@context\":\"https:\/\/schema.org\",\"@graph\":[{\"@type\":\"WebPage\",\"@id\":\"https:\/\/mopinion.com\/fr\/demandez-une-demo-personnalisee\/\",\"url\":\"https:\/\/mopinion.com\/fr\/demandez-une-demo-personnalisee\/\",\"name\":\"Demandez une demo personnalis\u00e9e - Mopinion\",\"isPartOf\":{\"@id\":\"https:\/\/mopinion.com\/fr\/#website\"},\"primaryImageOfPage\":{\"@id\":\"https:\/\/mopinion.com\/fr\/demandez-une-demo-personnalisee\/#primaryimage\"},\"image\":{\"@id\":\"https:\/\/mopinion.com\/fr\/demandez-une-demo-personnalisee\/#primaryimage\"},\"thumbnailUrl\":\"https:\/\/media.mopinion.com\/wp-content\/uploads\/2021\/04\/28084107\/management-580x550.png\",\"datePublished\":\"2021-07-26T10:37:59+00:00\",\"dateModified\":\"2024-10-21T13:14:02+00:00\",\"breadcrumb\":{\"@id\":\"https:\/\/mopinion.com\/fr\/demandez-une-demo-personnalisee\/#breadcrumb\"},\"inLanguage\":\"fr-FR\",\"potentialAction\":[{\"@type\":\"ReadAction\",\"target\":[\"https:\/\/mopinion.com\/fr\/demandez-une-demo-personnalisee\/\"]}]},{\"@type\":\"ImageObject\",\"inLanguage\":\"fr-FR\",\"@id\":\"https:\/\/mopinion.com\/fr\/demandez-une-demo-personnalisee\/#primaryimage\",\"url\":\"https:\/\/media.mopinion.com\/wp-content\/uploads\/2021\/04\/28084107\/management-580x550.png\",\"contentUrl\":\"https:\/\/media.mopinion.com\/wp-content\/uploads\/2021\/04\/28084107\/management-580x550.png\",\"width\":685,\"height\":556},{\"@type\":\"BreadcrumbList\",\"@id\":\"https:\/\/mopinion.com\/fr\/demandez-une-demo-personnalisee\/#breadcrumb\",\"itemListElement\":[{\"@type\":\"ListItem\",\"position\":1,\"name\":\"Home\",\"item\":\"https:\/\/mopinion.com\/fr\/\"},{\"@type\":\"ListItem\",\"position\":2,\"name\":\"Demandez une demo personnalis\u00e9e\"}]},{\"@type\":\"WebSite\",\"@id\":\"https:\/\/mopinion.com\/fr\/#website\",\"url\":\"https:\/\/mopinion.com\/fr\/\",\"name\":\"Mopinion\",\"description\":\"Customer Feedback Intelligence For Digital Enterprises\",\"publisher\":{\"@id\":\"https:\/\/mopinion.com\/fr\/#organization\"},\"potentialAction\":[{\"@type\":\"SearchAction\",\"target\":{\"@type\":\"EntryPoint\",\"urlTemplate\":\"https:\/\/mopinion.com\/fr\/?s={search_term_string}\"},\"query-input\":{\"@type\":\"PropertyValueSpecification\",\"valueRequired\":true,\"valueName\":\"search_term_string\"}}],\"inLanguage\":\"fr-FR\"},{\"@type\":\"Organization\",\"@id\":\"https:\/\/mopinion.com\/fr\/#organization\",\"name\":\"Mopinion\",\"url\":\"https:\/\/mopinion.com\/fr\/\",\"logo\":{\"@type\":\"ImageObject\",\"inLanguage\":\"fr-FR\",\"@id\":\"https:\/\/mopinion.com\/fr\/#\/schema\/logo\/image\/\",\"url\":\"https:\/\/media.mopinion.com\/wp-content\/uploads\/2015\/12\/28084926\/m_icon.png\",\"contentUrl\":\"https:\/\/media.mopinion.com\/wp-content\/uploads\/2015\/12\/28084926\/m_icon.png\",\"width\":140,\"height\":140,\"caption\":\"Mopinion\"},\"image\":{\"@id\":\"https:\/\/mopinion.com\/fr\/#\/schema\/logo\/image\/\"}}]}<\/script>\n<!-- \/ Yoast SEO plugin. -->","yoast_head_json":{"title":"Demandez une demo personnalis\u00e9e - Mopinion","robots":{"index":"index","follow":"follow","max-snippet":"max-snippet:-1","max-image-preview":"max-image-preview:large","max-video-preview":"max-video-preview:-1"},"canonical":"https:\/\/mopinion.com\/fr\/demandez-une-demo-personnalisee\/","og_locale":"fr_FR","og_type":"article","og_title":"Demandez une demo personnalis\u00e9e - Mopinion","og_description":"R\u00e9servez une d\u00e9mo personnalis\u00e9e D\u00e9couvrez ce que Mopinion peut faire pour vous. Parlez-nous un peu de vous et nous vous mettrons en contact avec un expert Mopinion qui pourra vous en dire plus sur le produit et r\u00e9pondre \u00e0 toutes vos questions. D\u00e9couvrez les informations manquantes pour optimiser les exp\u00e9riences num\u00e9riques. Vous savez ce que [&hellip;]","og_url":"https:\/\/mopinion.com\/fr\/demandez-une-demo-personnalisee\/","og_site_name":"Mopinion","article_modified_time":"2024-10-21T13:14:02+00:00","og_image":[{"width":685,"height":556,"url":"https:\/\/media.mopinion.com\/wp-content\/uploads\/2021\/04\/28084107\/management-580x550.png","type":"image\/png"}],"twitter_card":"summary_large_image","twitter_misc":{"Est. reading time":"2 minutes"},"schema":{"@context":"https:\/\/schema.org","@graph":[{"@type":"WebPage","@id":"https:\/\/mopinion.com\/fr\/demandez-une-demo-personnalisee\/","url":"https:\/\/mopinion.com\/fr\/demandez-une-demo-personnalisee\/","name":"Demandez une demo personnalis\u00e9e - Mopinion","isPartOf":{"@id":"https:\/\/mopinion.com\/fr\/#website"},"primaryImageOfPage":{"@id":"https:\/\/mopinion.com\/fr\/demandez-une-demo-personnalisee\/#primaryimage"},"image":{"@id":"https:\/\/mopinion.com\/fr\/demandez-une-demo-personnalisee\/#primaryimage"},"thumbnailUrl":"https:\/\/media.mopinion.com\/wp-content\/uploads\/2021\/04\/28084107\/management-580x550.png","datePublished":"2021-07-26T10:37:59+00:00","dateModified":"2024-10-21T13:14:02+00:00","breadcrumb":{"@id":"https:\/\/mopinion.com\/fr\/demandez-une-demo-personnalisee\/#breadcrumb"},"inLanguage":"fr-FR","potentialAction":[{"@type":"ReadAction","target":["https:\/\/mopinion.com\/fr\/demandez-une-demo-personnalisee\/"]}]},{"@type":"ImageObject","inLanguage":"fr-FR","@id":"https:\/\/mopinion.com\/fr\/demandez-une-demo-personnalisee\/#primaryimage","url":"https:\/\/media.mopinion.com\/wp-content\/uploads\/2021\/04\/28084107\/management-580x550.png","contentUrl":"https:\/\/media.mopinion.com\/wp-content\/uploads\/2021\/04\/28084107\/management-580x550.png","width":685,"height":556},{"@type":"BreadcrumbList","@id":"https:\/\/mopinion.com\/fr\/demandez-une-demo-personnalisee\/#breadcrumb","itemListElement":[{"@type":"ListItem","position":1,"name":"Home","item":"https:\/\/mopinion.com\/fr\/"},{"@type":"ListItem","position":2,"name":"Demandez une demo personnalis\u00e9e"}]},{"@type":"WebSite","@id":"https:\/\/mopinion.com\/fr\/#website","url":"https:\/\/mopinion.com\/fr\/","name":"Mopinion","description":"Customer Feedback Intelligence For Digital Enterprises","publisher":{"@id":"https:\/\/mopinion.com\/fr\/#organization"},"potentialAction":[{"@type":"SearchAction","target":{"@type":"EntryPoint","urlTemplate":"https:\/\/mopinion.com\/fr\/?s={search_term_string}"},"query-input":{"@type":"PropertyValueSpecification","valueRequired":true,"valueName":"search_term_string"}}],"inLanguage":"fr-FR"},{"@type":"Organization","@id":"https:\/\/mopinion.com\/fr\/#organization","name":"Mopinion","url":"https:\/\/mopinion.com\/fr\/","logo":{"@type":"ImageObject","inLanguage":"fr-FR","@id":"https:\/\/mopinion.com\/fr\/#\/schema\/logo\/image\/","url":"https:\/\/media.mopinion.com\/wp-content\/uploads\/2015\/12\/28084926\/m_icon.png","contentUrl":"https:\/\/media.mopinion.com\/wp-content\/uploads\/2015\/12\/28084926\/m_icon.png","width":140,"height":140,"caption":"Mopinion"},"image":{"@id":"https:\/\/mopinion.com\/fr\/#\/schema\/logo\/image\/"}}]}},"rttpg_featured_image_url":{"full":["https:\/\/media.mopinion.com\/wp-content\/uploads\/2021\/04\/28084107\/management-580x550.png",685,556,false],"landscape":["https:\/\/media.mopinion.com\/wp-content\/uploads\/2021\/04\/28084107\/management-580x550.png",685,556,false],"portraits":["https:\/\/media.mopinion.com\/wp-content\/uploads\/2021\/04\/28084107\/management-580x550.png",685,556,false],"thumbnail":["https:\/\/media.mopinion.com\/wp-content\/uploads\/2021\/04\/28084107\/management-580x550-150x150.png",150,150,true],"medium":["https:\/\/media.mopinion.com\/wp-content\/uploads\/2021\/04\/28084107\/management-580x550-300x244.png",300,244,true],"large":["https:\/\/media.mopinion.com\/wp-content\/uploads\/2021\/04\/28084107\/management-580x550.png",685,556,false],"1536x1536":["https:\/\/media.mopinion.com\/wp-content\/uploads\/2021\/04\/28084107\/management-580x550.png",685,556,false],"2048x2048":["https:\/\/media.mopinion.com\/wp-content\/uploads\/2021\/04\/28084107\/management-580x550.png",685,556,false]},"rttpg_author":{"display_name":"Yannick Post","author_link":"https:\/\/mopinion.com\/fr\/author\/yannick-post\/"},"rttpg_comment":0,"rttpg_category":false,"rttpg_excerpt":"R\u00e9servez une d\u00e9mo personnalis\u00e9e D\u00e9couvrez ce que Mopinion peut faire pour vous. Parlez-nous un peu de vous et nous vous mettrons en contact avec un expert Mopinion qui pourra vous en dire plus sur le produit et r\u00e9pondre \u00e0 toutes vos questions. D\u00e9couvrez les informations manquantes pour optimiser les exp\u00e9riences num\u00e9riques. Vous savez ce que\u2026","_links":{"self":[{"href":"https:\/\/mopinion.com\/fr\/wp-json\/wp\/v2\/pages\/60216","targetHints":{"allow":["GET"]}}],"collection":[{"href":"https:\/\/mopinion.com\/fr\/wp-json\/wp\/v2\/pages"}],"about":[{"href":"https:\/\/mopinion.com\/fr\/wp-json\/wp\/v2\/types\/page"}],"author":[{"embeddable":true,"href":"https:\/\/mopinion.com\/fr\/wp-json\/wp\/v2\/users\/39"}],"replies":[{"embeddable":true,"href":"https:\/\/mopinion.com\/fr\/wp-json\/wp\/v2\/comments?post=60216"}],"version-history":[{"count":22,"href":"https:\/\/mopinion.com\/fr\/wp-json\/wp\/v2\/pages\/60216\/revisions"}],"predecessor-version":[{"id":85816,"href":"https:\/\/mopinion.com\/fr\/wp-json\/wp\/v2\/pages\/60216\/revisions\/85816"}],"wp:featuredmedia":[{"embeddable":true,"href":"https:\/\/mopinion.com\/fr\/wp-json\/wp\/v2\/media\/72550"}],"wp:attachment":[{"href":"https:\/\/mopinion.com\/fr\/wp-json\/wp\/v2\/media?parent=60216"}],"wp:term":[{"taxonomy":"category","embeddable":true,"href":"https:\/\/mopinion.com\/fr\/wp-json\/wp\/v2\/categories?post=60216"},{"taxonomy":"post_tag","embeddable":true,"href":"https:\/\/mopinion.com\/fr\/wp-json\/wp\/v2\/tags?post=60216"}],"curies":[{"name":"wp","href":"https:\/\/api.w.org\/{rel}","templated":true}]}}